{"id":39991,"date":"2020-04-24T13:00:36","date_gmt":"2020-04-24T13:00:36","guid":{"rendered":"https:\/\/www.urlaubcornwall.de\/blog\/?page_id=39991"},"modified":"2024-05-30T15:46:13","modified_gmt":"2024-05-30T15:46:13","slug":"was-sie-in-porthleven-tun-koennen","status":"publish","type":"page","link":"https:\/\/www.urlaubcornwall.de\/blog\/was-sie-in-porthleven-tun-koennen\/","title":{"rendered":"Was Sie in Porthleven tun k\u00f6nnen?"},"content":{"rendered":"<p><img loading=\"lazy\" class=\"aligncenter size-full wp-image-39992\" src=\"https:\/\/www.urlaubcornwall.de\/blog\/wp-content\/uploads\/2020\/04\/porthleven-urlaub2.jpg\" alt=\"porthleven-urlaub2\" width=\"750\" height=\"500\"\/><\/p>\n<p><a href=\"https:\/\/www.urlaubcornwall.de\/ferienhaeuser-fewos\/porthleven.html\">Porthleven<\/a> ist ein Paradies f\u00fcr Speiseliebhaber. Von noblen Einrichtungen mit angesehenen K\u00f6chen bis hin zu gem\u00fctlichen Caf\u00e9s entlang des Hafens, gibt es alles, ob Sie nun ein Drei-G\u00e4nge-Wein- und Speiseerlebnis genie\u00dfen oder lediglich Zeit haben f\u00fcr einen Kaffee, so ist Porthleven der Ort, an dem Sie sein sollten, wenn Sie gut speisen wollen.<\/p>\n<p>Gepaart mit dem herrlichen Strand und entspannten Lebensrhythmus der Einheimischen, ist das Dorf ein idealer Ort, um Ihre Familie auf <a href=\"https:\/\/www.urlaubcornwall.de\/blog\/beste-reisezeit-fuer-cornwall\/\">einen langen Sommerurlaub<\/a> hierher zu bringen und nie wirklich das Auto zu brauchen. Alles, was Sie begehren, befindet sich vor der Haust\u00fcre. Au\u00dferhalb der Schulferien zieht Porthleven Paare an, die ein gemeinsames <a href=\"https:\/\/www.urlaubcornwall.de\/blog\/die-romantischsten-orte-in-cornwall\/\">romantisches Wochenende suchen<\/a>. Spazieren Sie der dramatischen cornischen K\u00fcste entlang, surfen oder schwimmen Sie im Meer oder bleiben Sie zuhause und schauen sich den Sturm vom Komfort Ihres eigenen Sofas aus an.<\/p>\n<p><strong>Bildsch\u00f6ne Lage<\/strong><\/p>\n<p>H\u00fcbscher geht es nicht \u2013 urige cornishe H\u00e4user mit Blick zum Meer um einen Hafen herum gelegen. Nehmen Sie Ihren Fotoapparat mit, um Rettungsboote, Seefahrzeuge und professionelle Fischer, sowie Einheimische einzufangen, die das meiste aus ihrer \u00f6rtlichen Lage machen. Seien Sie also nicht \u00fcberrascht, wenn Sie Kinder in Neoprenanz\u00fcgen von den Hafenmauern springen sehen.<\/p>\n<p>Im Winter ist es ein bekanntes Fleckchen f\u00fcr ber\u00fchmte Sturmfotos, und viele Amateure fangen gewaltige Wellen ein, die gegen die Hafenmauer knallen und \u00fcber die H\u00e4user hinweg, die bis zu drei Stra\u00dfen zur\u00fcckliegen, wei\u00dfe Gischt aufspr\u00fchen.<\/p>\n<p><strong>Gem\u00fctliche Caf\u00e9s und traditionelle Kneipen<\/strong><\/p>\n<p><img loading=\"lazy\" class=\"aligncenter size-full wp-image-39993\" src=\"https:\/\/www.urlaubcornwall.de\/blog\/wp-content\/uploads\/2020\/04\/Porthleven3.jpg\" alt=\"\" width=\"750\" height=\"493\" srcset=\"https:\/\/www.urlaubcornwall.de\/blog\/wp-content\/uploads\/2020\/04\/Porthleven3.jpg 750w, https:\/\/www.urlaubcornwall.de\/blog\/wp-content\/uploads\/2020\/04\/Porthleven3-300x197.jpg 300w\" sizes=\"(max-width: 750px) 100vw, 750px\" \/><\/p>\n<p>Sie werden in Porthleven einige gem\u00fctliche Fleckchen finden, um sich an kalten Wintertagen zu verstecken oder vor dem warmen Sommersonnenschein zu sch\u00fctzen. Ein gem\u00fctliches Caf\u00e9 und Eisdiele, <a href=\"http:\/\/www.nautibutice.co.uk\/\">Nauti but Ice<\/a><u>,<\/u> ist das ganze Jahr \u00fcber ein unschlagbarer Ort, um hier mit der Familie einzukehren. Sie haben den ganzen Tag lang Kuchen, Kaffee, Fr\u00fchst\u00fcck und Mittagessen im Angebot. Sie sind zudem hundefreundlich und verkaufen Hundeeis, so dass auch Ihr vierbeiniger Freund teilhaben kann. Nebenan befindet sich Nauti Go, eine fantastische Pizzeria, um dort zu essen oder auch die Pizza mitzunehmen.<\/p>\n<p>Schnappen Sie sich doch an einem sonnigen Tag ein Bier in einer der Kneipen am Hafen. W\u00e4hlen Sie zwischen dem <a href=\"https:\/\/www.harbourinnporthleven.co.uk\/\">Harbour Inn<\/a> oder dem <a href=\"http:\/\/theshipinnporthleven.co.uk\/\">Ship Inn<\/a>. Beide servieren klassische Kneipenspeisen und Getr\u00e4nke. Im Sommer finden Sie einheimische Blaskapellen vor dem Harbour Inn spielen, was ihrem Biergarten am Hafen eine herrliche Atmosph\u00e4re verleiht.<\/p>\n<p>Falls Sie nach etwas Schickerem suchen, so gibt es jede Menge Restaurants, von den entspannten Klassikern im Square, bis hin zu Rick Steins schicken \u201aFish and Chips\u2018 und dem orientalischen Einfluss von Kota und Kota Kai \u2013 einheimische Meeresspeisen mit einem Hauch Asian-cum-New-Zealand Twist (Koch Jude ist halb Maori, halb Chinesisch-Malaysisch).<\/p>\n<p><strong>Hobbies am Hafen<\/strong><\/p>\n<p>Der Hafen ist das Hauptgebiet Porthlevens. Die meisten \u00d6rtlichkeiten zum Essen, Trinken und Einkaufen befinden sich entlang des Hafens. Es ist auch ein fantastisches Fleckchen f\u00fcr Vergn\u00fcgungen am Meer. Jeden Sommer sehen Sie jede Menge Menschen, die vom Rand aus Krabben fangen, nach der gr\u00f6\u00dften Krabbe des Tages Ausschau halten. Erstehen Sie einen Eimer und eine Krabbenangel von einem nahe gelegenen Gesch\u00e4ft, um mitzumachen.<\/p>\n<p>Ein Aufenthalt in Porthleven w\u00e4re nicht komplett ohne einen Ausflug zum Strand. Dies ist ein herrlich heiterer Ort zum Surfen und Bodyboarding. Sie k\u00f6nnen auch Paddleboarding (SUP) betreiben, mit dem Kajak fahren oder von der K\u00fcste aus hier schwimmen, abh\u00e4ngig vom Wellengang.<\/p>\n<p>Vom Hafen aus k\u00f6nnen Sie zu einigen unglaublichen cornischen \u00d6rtlichkeiten spazieren. Mit dem S\u00fcdwestk\u00fcstenpfad vor der Haust\u00fcre, wandern Sie zu Sehensw\u00fcrdigkeiten vor Ort, oder <a href=\"https:\/\/www.urlaubcornwall.de\/wanderurlaub\/cornwall.php\">Sie planen Tageswanderungen<\/a> hinunter zur Lizard Peninsula. Direkt um die Ecke herum befindet sich das Gut Penrose und Loe Pool, die Sie erkunden k\u00f6nnen.<\/p>\n<p><strong>Porthlevens Nachbarn<\/strong><\/p>\n<p>Das <a href=\"https:\/\/www.nationaltrust.org.uk\/penrose\">National Trust Gut Penrose&nbsp; <\/a>befindet sich direkt um die Ecke von Porthleven aus. <a href=\"https:\/\/www.urlaubcornwall.de\/radurlaub\/cornwall.php\">Radfahren<\/a>, Laufen, Hundespazierg\u00e4nge; das sind allesamt ideale Aktivit\u00e4ten in diesem wundersch\u00f6nen Gebiet. Es gibt einen regelm\u00e4\u00dfigen \u201eParkrun Event\u201c Samstagmorgens, falls Sie Ihren Lauf kostenfrei zeitmessen lassen und dabei ein paar Einheimische treffen m\u00f6chten.<\/p>\n<p>Loe Bar und Loe Pool sind unglaubliche Naturph\u00e4nomene mit jeder Menge, die es zu entdecken gibt. Viele Einheimische f\u00fchren ihre Hunde hier spazieren; Porthleven ist der perfekte Ort f\u00fcr einen <a href=\"https:\/\/www.urlaubcornwall.de\/ferienhaeuser-fewos\/cornwall-hundefreundlich.html\">hundefreundlichen Urlaub<\/a>.<\/p>\n<p>In weniger als zehn Minuten Autofahrt gelangen Sie von Porthleven nach Helston. Ber\u00fchmt aufgrund der j\u00e4hrlich stattfindenden Flora Day Feierlichkeiten, ist Helston ein cornishes Juwel im Binnenland. Es gibt ein paar Superm\u00e4rkte, h\u00fcbsche einheimische Boutiquen und eine Handvoll guter Restaurants, Caf\u00e9s und Kneipen. Hin und wieder lieben wir einen Burger von Boo Koos.<\/p>\n<p>Schauen Sie sich <a href=\"https:\/\/www.urlaubcornwall.de\/ferienhaeuser\/cornwall.php\">unsere Ferienottages in S\u00fcdwestcornwall<\/a> an und beginnen Sie damit, Ihre Reise zu planen.<\/p>\n","protected":false},"excerpt":{"rendered":"<p>Porthleven ist ein Paradies f\u00fcr Speiseliebhaber. Von noblen Einrichtungen mit angesehenen K\u00f6chen bis hin zu gem\u00fctlichen Caf\u00e9s entlang des Hafens, gibt es alles, ob Sie nun ein Drei-G\u00e4nge-Wein- und Speiseerlebnis genie\u00dfen oder lediglich Zeit haben f\u00fcr einen Kaffee, so ist Porthleven der Ort, an dem Sie sein sollten, wenn Sie gut speisen wollen. Gepaart mit [&hellip;]<\/p>\n","protected":false},"author":1,"featured_media":0,"parent":0,"menu_order":0,"comment_status":"closed","ping_status":"closed","template":"single-four.php","meta":[],"acf":[],"yoast_head":"<!-- This site is optimized with the Yoast SEO plugin v19.4 - https:\/\/yoast.com\/wordpress\/plugins\/seo\/ -->\n<title>Was Sie in Porthleven tun k\u00f6nnen? - Urlaub &amp; Reisen<\/title>\n<meta name=\"description\" content=\"Porthleven ist ein Paradies f\u00fcr Speiseliebhaber. Von noblen Einrichtungen mit angesehenen K\u00f6chen bis hin zu gem\u00fctlichen Caf\u00e9s entlang des Hafens, gibt es alles, ob Sie nun ein Drei-G\u00e4nge-Wein- und Speiseerlebnis genie\u00dfen oder lediglich Zeit haben f\u00fcr einen Kaffee, so ist Porthleven der Ort, an dem Sie sein sollten, wenn Sie gut speisen wollen.\" \/>\n<meta name=\"robots\" content=\"index, follow, max-snippet:-1, max-image-preview:large, max-video-preview:-1\" \/>\n<link rel=\"canonical\" href=\"https:\/\/www.urlaubcornwall.de\/blog\/was-sie-in-porthleven-tun-koennen\/\" \/>\n<meta property=\"og:locale\" content=\"en_US\" \/>\n<meta property=\"og:type\" content=\"article\" \/>\n<meta property=\"og:title\" content=\"Was Sie in Porthleven tun k\u00f6nnen? - Urlaub &amp; Reisen\" \/>\n<meta property=\"og:description\" content=\"Porthleven ist ein Paradies f\u00fcr Speiseliebhaber. Von noblen Einrichtungen mit angesehenen K\u00f6chen bis hin zu gem\u00fctlichen Caf\u00e9s entlang des Hafens, gibt es alles, ob Sie nun ein Drei-G\u00e4nge-Wein- und Speiseerlebnis genie\u00dfen oder lediglich Zeit haben f\u00fcr einen Kaffee, so ist Porthleven der Ort, an dem Sie sein sollten, wenn Sie gut speisen wollen.\" \/>\n<meta property=\"og:url\" content=\"https:\/\/www.urlaubcornwall.de\/blog\/was-sie-in-porthleven-tun-koennen\/\" \/>\n<meta property=\"og:site_name\" content=\"Urlaub &amp; Reisen\" \/>\n<meta property=\"article:modified_time\" content=\"2024-05-30T15:46:13+00:00\" \/>\n<meta property=\"og:image\" content=\"https:\/\/www.urlaubcornwall.de\/blog\/wp-content\/uploads\/2020\/04\/porthleven-urlaub2.jpg\" \/>\n<meta name=\"twitter:card\" content=\"summary\" \/>\n<meta name=\"twitter:label1\" content=\"Est. reading time\" \/>\n\t<meta name=\"twitter:data1\" content=\"4 minutes\" \/>\n<script type=\"application\/ld+json\" class=\"yoast-schema-graph\">{\"@context\":\"https:\/\/schema.org\",\"@graph\":[{\"@type\":\"WebSite\",\"@id\":\"https:\/\/www.urlaubcornwall.de\/blog\/#website\",\"url\":\"https:\/\/www.urlaubcornwall.de\/blog\/\",\"name\":\"Urlaub &amp; Reisen\",\"description\":\"Urlaub, Reisen, Cornwall und S\u00fcdengland: eine perfekte Kombination\",\"potentialAction\":[{\"@type\":\"SearchAction\",\"target\":{\"@type\":\"EntryPoint\",\"urlTemplate\":\"https:\/\/www.urlaubcornwall.de\/blog\/?s={search_term_string}\"},\"query-input\":\"required name=search_term_string\"}],\"inLanguage\":\"en-US\"},{\"@type\":\"WebPage\",\"@id\":\"https:\/\/www.urlaubcornwall.de\/blog\/was-sie-in-porthleven-tun-koennen\/\",\"url\":\"https:\/\/www.urlaubcornwall.de\/blog\/was-sie-in-porthleven-tun-koennen\/\",\"name\":\"Was Sie in Porthleven tun k\u00f6nnen? - Urlaub &amp; Reisen\",\"isPartOf\":{\"@id\":\"https:\/\/www.urlaubcornwall.de\/blog\/#website\"},\"datePublished\":\"2020-04-24T13:00:36+00:00\",\"dateModified\":\"2024-05-30T15:46:13+00:00\",\"description\":\"Porthleven ist ein Paradies f\u00fcr Speiseliebhaber. Von noblen Einrichtungen mit angesehenen K\u00f6chen bis hin zu gem\u00fctlichen Caf\u00e9s entlang des Hafens, gibt es alles, ob Sie nun ein Drei-G\u00e4nge-Wein- und Speiseerlebnis genie\u00dfen oder lediglich Zeit haben f\u00fcr einen Kaffee, so ist Porthleven der Ort, an dem Sie sein sollten, wenn Sie gut speisen wollen.\",\"breadcrumb\":{\"@id\":\"https:\/\/www.urlaubcornwall.de\/blog\/was-sie-in-porthleven-tun-koennen\/#breadcrumb\"},\"inLanguage\":\"en-US\",\"potentialAction\":[{\"@type\":\"ReadAction\",\"target\":[\"https:\/\/www.urlaubcornwall.de\/blog\/was-sie-in-porthleven-tun-koennen\/\"]}]},{\"@type\":\"BreadcrumbList\",\"@id\":\"https:\/\/www.urlaubcornwall.de\/blog\/was-sie-in-porthleven-tun-koennen\/#breadcrumb\",\"itemListElement\":[{\"@type\":\"ListItem\",\"position\":1,\"name\":\"Home\",\"item\":\"https:\/\/www.urlaubcornwall.de\/blog\/\"},{\"@type\":\"ListItem\",\"position\":2,\"name\":\"Was Sie in Porthleven tun k\u00f6nnen?\"}]}]}<\/script>\n<!-- \/ Yoast SEO plugin. -->","yoast_head_json":{"title":"Was Sie in Porthleven tun k\u00f6nnen? - Urlaub &amp; Reisen","description":"Porthleven ist ein Paradies f\u00fcr Speiseliebhaber. Von noblen Einrichtungen mit angesehenen K\u00f6chen bis hin zu gem\u00fctlichen Caf\u00e9s entlang des Hafens, gibt es alles, ob Sie nun ein Drei-G\u00e4nge-Wein- und Speiseerlebnis genie\u00dfen oder lediglich Zeit haben f\u00fcr einen Kaffee, so ist Porthleven der Ort, an dem Sie sein sollten, wenn Sie gut speisen wollen.","robots":{"index":"index","follow":"follow","max-snippet":"max-snippet:-1","max-image-preview":"max-image-preview:large","max-video-preview":"max-video-preview:-1"},"canonical":"https:\/\/www.urlaubcornwall.de\/blog\/was-sie-in-porthleven-tun-koennen\/","og_locale":"en_US","og_type":"article","og_title":"Was Sie in Porthleven tun k\u00f6nnen? - Urlaub &amp; Reisen","og_description":"Porthleven ist ein Paradies f\u00fcr Speiseliebhaber. Von noblen Einrichtungen mit angesehenen K\u00f6chen bis hin zu gem\u00fctlichen Caf\u00e9s entlang des Hafens, gibt es alles, ob Sie nun ein Drei-G\u00e4nge-Wein- und Speiseerlebnis genie\u00dfen oder lediglich Zeit haben f\u00fcr einen Kaffee, so ist Porthleven der Ort, an dem Sie sein sollten, wenn Sie gut speisen wollen.","og_url":"https:\/\/www.urlaubcornwall.de\/blog\/was-sie-in-porthleven-tun-koennen\/","og_site_name":"Urlaub &amp; Reisen","article_modified_time":"2024-05-30T15:46:13+00:00","og_image":[{"url":"https:\/\/www.urlaubcornwall.de\/blog\/wp-content\/uploads\/2020\/04\/porthleven-urlaub2.jpg"}],"twitter_card":"summary","twitter_misc":{"Est. reading time":"4 minutes"},"schema":{"@context":"https:\/\/schema.org","@graph":[{"@type":"WebSite","@id":"https:\/\/www.urlaubcornwall.de\/blog\/#website","url":"https:\/\/www.urlaubcornwall.de\/blog\/","name":"Urlaub &amp; Reisen","description":"Urlaub, Reisen, Cornwall und S\u00fcdengland: eine perfekte Kombination","potentialAction":[{"@type":"SearchAction","target":{"@type":"EntryPoint","urlTemplate":"https:\/\/www.urlaubcornwall.de\/blog\/?s={search_term_string}"},"query-input":"required name=search_term_string"}],"inLanguage":"en-US"},{"@type":"WebPage","@id":"https:\/\/www.urlaubcornwall.de\/blog\/was-sie-in-porthleven-tun-koennen\/","url":"https:\/\/www.urlaubcornwall.de\/blog\/was-sie-in-porthleven-tun-koennen\/","name":"Was Sie in Porthleven tun k\u00f6nnen? - Urlaub &amp; Reisen","isPartOf":{"@id":"https:\/\/www.urlaubcornwall.de\/blog\/#website"},"datePublished":"2020-04-24T13:00:36+00:00","dateModified":"2024-05-30T15:46:13+00:00","description":"Porthleven ist ein Paradies f\u00fcr Speiseliebhaber. Von noblen Einrichtungen mit angesehenen K\u00f6chen bis hin zu gem\u00fctlichen Caf\u00e9s entlang des Hafens, gibt es alles, ob Sie nun ein Drei-G\u00e4nge-Wein- und Speiseerlebnis genie\u00dfen oder lediglich Zeit haben f\u00fcr einen Kaffee, so ist Porthleven der Ort, an dem Sie sein sollten, wenn Sie gut speisen wollen.","breadcrumb":{"@id":"https:\/\/www.urlaubcornwall.de\/blog\/was-sie-in-porthleven-tun-koennen\/#breadcrumb"},"inLanguage":"en-US","potentialAction":[{"@type":"ReadAction","target":["https:\/\/www.urlaubcornwall.de\/blog\/was-sie-in-porthleven-tun-koennen\/"]}]},{"@type":"BreadcrumbList","@id":"https:\/\/www.urlaubcornwall.de\/blog\/was-sie-in-porthleven-tun-koennen\/#breadcrumb","itemListElement":[{"@type":"ListItem","position":1,"name":"Home","item":"https:\/\/www.urlaubcornwall.de\/blog\/"},{"@type":"ListItem","position":2,"name":"Was Sie in Porthleven tun k\u00f6nnen?"}]}]}},"_links":{"self":[{"href":"https:\/\/www.urlaubcornwall.de\/blog\/wp-json\/wp\/v2\/pages\/39991"}],"collection":[{"href":"https:\/\/www.urlaubcornwall.de\/blog\/wp-json\/wp\/v2\/pages"}],"about":[{"href":"https:\/\/www.urlaubcornwall.de\/blog\/wp-json\/wp\/v2\/types\/page"}],"author":[{"embeddable":true,"href":"https:\/\/www.urlaubcornwall.de\/blog\/wp-json\/wp\/v2\/users\/1"}],"replies":[{"embeddable":true,"href":"https:\/\/www.urlaubcornwall.de\/blog\/wp-json\/wp\/v2\/comments?post=39991"}],"version-history":[{"count":5,"href":"https:\/\/www.urlaubcornwall.de\/blog\/wp-json\/wp\/v2\/pages\/39991\/revisions"}],"predecessor-version":[{"id":51164,"href":"https:\/\/www.urlaubcornwall.de\/blog\/wp-json\/wp\/v2\/pages\/39991\/revisions\/51164"}],"wp:attachment":[{"href":"https:\/\/www.urlaubcornwall.de\/blog\/wp-json\/wp\/v2\/media?parent=39991"}],"curies":[{"name":"wp","href":"https:\/\/api.w.org\/{rel}","templated":true}]}}