{"id":39983,"date":"2020-04-24T11:06:13","date_gmt":"2020-04-24T11:06:13","guid":{"rendered":"https:\/\/www.urlaubcornwall.de\/blog\/?page_id=39983"},"modified":"2024-05-30T15:46:31","modified_gmt":"2024-05-30T15:46:31","slug":"was-sie-in-sennen-tun-koennen","status":"publish","type":"page","link":"https:\/\/www.urlaubcornwall.de\/blog\/was-sie-in-sennen-tun-koennen\/","title":{"rendered":"Was Sie in Sennen tun k\u00f6nnen?"},"content":{"rendered":"<p><a href=\"https:\/\/www.urlaubcornwall.de\/blog\/wp-content\/uploads\/2024\/05\/sennen.jpg\"><img loading=\"lazy\" src=\"https:\/\/www.urlaubcornwall.de\/blog\/wp-content\/uploads\/2024\/05\/sennen.jpg\" alt=\"sennen\" width=\"750\" height=\"477\" class=\"alignnone size-full wp-image-50771\" srcset=\"https:\/\/www.urlaubcornwall.de\/blog\/wp-content\/uploads\/2024\/05\/sennen.jpg 750w, https:\/\/www.urlaubcornwall.de\/blog\/wp-content\/uploads\/2024\/05\/sennen-300x191.jpg 300w\" sizes=\"(max-width: 750px) 100vw, 750px\" \/><\/a><\/p>\n<p>Sennen ist ein beliebter Surfstrand und Familienurlaubsort. Dieses Dorf im fernen <a href=\"https:\/\/www.urlaubcornwall.de\/ferienhaeuser-fewos\/west-cornwall.html\">Westen Cornwalls<\/a> ist der perfekte Ort f\u00fcr einen langen Urlaub im Sonnenschein oder auch, um w\u00e4hrend eines Tagesausflugs die dramatische cornishe K\u00fcste zu erkunden. Wenn Sie sich unsere Urlaubscottages in Sennen anschauen m\u00f6chten, <a href=\"https:\/\/www.urlaubcornwall.de\/ferienhaeuser-fewos\/sennen.html\">klicken Sie hier<\/a>.<\/p>\n<p><strong>8 Gr\u00fcnde, Sennen zu besuchen:<\/strong><\/p>\n<p>1. ein hervorragender <a href=\"https:\/\/www.urlaubcornwall.de\/blog\/schoensten-straende-in-cornwall\/\">familienfreundlicher Strand<\/a><\/p>\n<p>2. Hot Spot zum Surfen<\/p>\n<p>3. eine gute Auswahl an \u00d6rtlichkeiten zum Essen und Trinken<\/p>\n<p>4. leichter Zugang zum <a href=\"https:\/\/www.urlaubcornwall.de\/wanderurlaub\/cornwall.php\">S\u00fcdwestk\u00fcstenpfad<\/a><\/p>\n<p>5. nicht weit entfernt von <a href=\"https:\/\/www.urlaubcornwall.de\/ferienhaeuser-fewos\/lands-end.html\">Lands End<\/a><\/p>\n<p>6. in der N\u00e4he einiger der besten Attraktionen Cornwalls, wie zum Beispiel der <a href=\"https:\/\/www.urlaubcornwall.de\/blog\/geevor-zinn-bergwerk\/\">Geevor Tin Mine<\/a> und der Tate <a href=\"https:\/\/www.urlaubcornwall.de\/ferienhaeuser-fewos\/st-ives.html\">St Ives<\/a><\/p>\n<p>7. wundersch\u00f6ne cornishe K\u00fcste<\/p>\n<p>8. perfekte <a href=\"https:\/\/www.urlaubcornwall.de\/blog\/unsere-fuenf-besten-cornischen-straende-um-den-sonnenuntergang-zu-beobachten\/\">Sonnenunterg\u00e4nge<\/a><\/p>\n<p><strong>Was Sie tun k\u00f6nnen<\/strong><\/p>\n<p>Als wahrhaft familienfreundlicher <a href=\"https:\/\/www.urlaubcornwall.de\/blog\/die-schoensten-orte-in-cornwall-unsere-top-10\/\">Urlaubsort in Cornwall<\/a>, ist Sennen ein traditioneller \u201cEimer und Spaten\u201c- Ort mit dem Sennen Cove Strand und Gwenver Strand direkt vor der Haust\u00fcre. Spielen Sie doch den ganzen Tag im Sand und Meer, um das meiste aus einem sonnigen Tag herauszuholen. Der Sand hier eignet sich zum Bauen erstaunlicher Sandburgen, falls Sie die Geduld haben, Ihr Meisterwerk zu modellieren. Aktivere Besucher m\u00f6chten vielleicht eine Surfunterrichtsstunde buchen, in den Felspools auf Entdeckung gehen oder auf einem Spaziergang nach Lands End dem K\u00fcstenpfad folgen.<\/p>\n<p>Wenn Sie genug haben von herrlichen Str\u00e4nden, so befinden sich im Sennen Cove Hafen ein paar Vergn\u00fcgungsfischerboote. Sie k\u00f6nnen am Hafen entlanggehen oder eine Bootsfahrt buchen und sich die cornische K\u00fcste von einem anderen Blickpunkt aus ansehen.<\/p>\n<p><img loading=\"lazy\" class=\"aligncenter size-full wp-image-39986\" src=\"https:\/\/www.urlaubcornwall.de\/blog\/wp-content\/uploads\/2020\/04\/sennen-hafen-1.jpg\" alt=\"sennen hafen\" width=\"749\" height=\"494\" srcset=\"https:\/\/www.urlaubcornwall.de\/blog\/wp-content\/uploads\/2020\/04\/sennen-hafen-1.jpg 749w, https:\/\/www.urlaubcornwall.de\/blog\/wp-content\/uploads\/2020\/04\/sennen-hafen-1-300x198.jpg 300w\" sizes=\"(max-width: 749px) 100vw, 749px\" \/><\/p>\n<p><strong>Speisem\u00f6glichkeiten<\/strong><\/p>\n<p>Es gibt in Sennen eine gro\u00dfartige Mischung an High End und ungezwungenen Speisem\u00f6glichkeiten, besonders um den Strand herum. <a href=\"https:\/\/surfbeachbar.co.uk\/\">Sennen Surf Beach Bar<\/a> bietet die perfekte Mischung an entspannten cornishen Vibes und hervorragender Speisen. Die Bedienungen hier sind freundlich, hilfsbereit und lustig und bringen jede Menge Energie ins Caf\u00e9.&nbsp;<a href=\"https:\/\/surfbeachbar.co.uk\/play\/#surfden\">The surf den<\/a> ist unser Lieblingsort hier; Panoramablick \u00fcber den Strand machen ihn zum ultimativen Urlaubsentspannungsflecken.<\/p>\n<p><a href=\"https:\/\/www.oldsuccess.co.uk\/\">The Old Success Inn<\/a> ist eine eher traditionelle Kneipe, die sich etwas zur\u00fcckgelegen vom Strand befindet. Wiederum perfekt f\u00fcr Familien und in einer idealen Position f\u00fcr einen Verdauungsspaziergang am Meer.<\/p>\n<p>Um eine Kleinigkeit zu essen und eine Tasse Tee zu trinken, besuchen Sie das <a href=\"https:\/\/thelittlebocafe.weebly.com\/\">Little Bo Caf\u00e9<\/a>. Das Fr\u00fchst\u00fcck ist geradezu brillant und eine perfekte Art und Weise, eine Wanderung nach Lands End zu beginnen.<\/p>\n<p>Es gibt auch eine Auswahl an kleinen Gesch\u00e4ften und Caf\u00e9s in Sennen, die w\u00e4hrend der Saison ge\u00f6ffnet sind.<\/p>\n<p><strong>Etwas weiter entfernt<\/strong><\/p>\n<p><img loading=\"lazy\" class=\"aligncenter size-full wp-image-39471\" src=\"https:\/\/www.urlaubcornwall.de\/blog\/wp-content\/uploads\/2020\/02\/cape-cornwall_anreise.jpg\" alt=\"cape cornwall_lands end\" width=\"748\" height=\"499\" srcset=\"https:\/\/www.urlaubcornwall.de\/blog\/wp-content\/uploads\/2020\/02\/cape-cornwall_anreise.jpg 748w, https:\/\/www.urlaubcornwall.de\/blog\/wp-content\/uploads\/2020\/02\/cape-cornwall_anreise-300x200.jpg 300w\" sizes=\"(max-width: 748px) 100vw, 748px\" \/><\/p>\n<p>Sennen liegt in erstklassiger Lage, um einige von Cornwalls besten Attraktionen zu besuchen und Wanderungen entlang der K\u00fcste zu genie\u00dfen. West Cornwall hat einige der wundersch\u00f6nsten K\u00fcstenabschnitte der Welt, so dass Sie sich wahrscheinlich nicht weit weg bewegen m\u00f6chten von diesem atemberaubenden Blick.<\/p>\n<p>F\u00fcr Familien, die mehr zu Cornwalls reichhaltigem Bergbauerbe erfahren m\u00f6chten, bietet die <a href=\"http:\/\/www.geevor.com\/\">Geevor Tin Mine<\/a> einen Tagesausflug. Es gibt jede Menge interaktiver Ausstellungsst\u00fccke, jede Menge Platz zum Spielen im Freien und ein nettes Caf\u00e9 mit Blick \u00fcber das Meer.<\/p>\n<p>Um die echte Cornwall Erfahrung zu machen, m\u00fcssen Sie St Ives besuchen. Ob Sie einkaufen, die <a href=\"https:\/\/www.tate.org.uk\/visit\/tate-st-ives\">&nbsp;Tate<\/a> besuchen oder einen Tag am Strand verbringen m\u00f6chten, St Ives bietet Ihnen all das. Diese familienfreundliche Stadt hei\u00dft jedes Jahr Tausende von Menschen willkommen, die wegen des azurblauen Ozeans und des atemberaubenden Blicks \u00fcber die Bucht hinweg kommen.&nbsp;<\/p>\n<p>Besuchen Sie das <a href=\"https:\/\/www.minack.com\/\">Minack Theatre<\/a> mit Blick \u00fcber den Porthcurno Strand, um eine Kulturerfahrung zu machen, wo Sie zudem die Landschaft bestaunen k\u00f6nnen. Ihre Vorstellung kann eventuell kurz unterbrochen werden von einer Gruppe Delfinen, die vorbeischwimmen. Vorstellungen finden bei Regen und Sonnenschein statt, da es unabh\u00e4ngig vom Wetter immer eine magische Erfahrung ist.<\/p>\n<p><em>F\u00fcr mehr Urlaubsinspirationen, schauen Sie sich unsere <u><a href=\"https:\/\/www.urlaubcornwall.de\/ferienhaeuser\/cornwall.php\">Urlaubscottages in Cornwall<\/a> <\/u>an.<\/em><\/p>\n","protected":false},"excerpt":{"rendered":"<p>Sennen ist ein beliebter Surfstrand und Familienurlaubsort. Dieses Dorf im fernen Westen Cornwalls ist der perfekte Ort f\u00fcr einen langen Urlaub im Sonnenschein oder auch, um w\u00e4hrend eines Tagesausflugs die dramatische cornishe K\u00fcste zu erkunden. Wenn Sie sich unsere Urlaubscottages in Sennen anschauen m\u00f6chten, klicken Sie hier. 8 Gr\u00fcnde, Sennen zu besuchen: 1. ein hervorragender [&hellip;]<\/p>\n","protected":false},"author":1,"featured_media":0,"parent":0,"menu_order":0,"comment_status":"closed","ping_status":"closed","template":"single-four.php","meta":[],"acf":[],"yoast_head":"<!-- This site is optimized with the Yoast SEO plugin v19.4 - https:\/\/yoast.com\/wordpress\/plugins\/seo\/ -->\n<title>Was Sie in Sennen tun k\u00f6nnen? - Urlaub &amp; Reisen<\/title>\n<meta name=\"robots\" content=\"index, follow, max-snippet:-1, max-image-preview:large, max-video-preview:-1\" \/>\n<link rel=\"canonical\" href=\"https:\/\/www.urlaubcornwall.de\/blog\/was-sie-in-sennen-tun-koennen\/\" \/>\n<meta property=\"og:locale\" content=\"en_US\" \/>\n<meta property=\"og:type\" content=\"article\" \/>\n<meta property=\"og:title\" content=\"Was Sie in Sennen tun k\u00f6nnen? - Urlaub &amp; Reisen\" \/>\n<meta property=\"og:description\" content=\"Sennen ist ein beliebter Surfstrand und Familienurlaubsort. Dieses Dorf im fernen Westen Cornwalls ist der perfekte Ort f\u00fcr einen langen Urlaub im Sonnenschein oder auch, um w\u00e4hrend eines Tagesausflugs die dramatische cornishe K\u00fcste zu erkunden. Wenn Sie sich unsere Urlaubscottages in Sennen anschauen m\u00f6chten, klicken Sie hier. 8 Gr\u00fcnde, Sennen zu besuchen: 1. ein hervorragender [&hellip;]\" \/>\n<meta property=\"og:url\" content=\"https:\/\/www.urlaubcornwall.de\/blog\/was-sie-in-sennen-tun-koennen\/\" \/>\n<meta property=\"og:site_name\" content=\"Urlaub &amp; Reisen\" \/>\n<meta property=\"article:modified_time\" content=\"2024-05-30T15:46:31+00:00\" \/>\n<meta property=\"og:image\" content=\"https:\/\/www.urlaubcornwall.de\/blog\/wp-content\/uploads\/2024\/05\/sennen.jpg\" \/>\n<meta name=\"twitter:card\" content=\"summary\" \/>\n<meta name=\"twitter:label1\" content=\"Est. reading time\" \/>\n\t<meta name=\"twitter:data1\" content=\"4 minutes\" \/>\n<script type=\"application\/ld+json\" class=\"yoast-schema-graph\">{\"@context\":\"https:\/\/schema.org\",\"@graph\":[{\"@type\":\"WebSite\",\"@id\":\"https:\/\/www.urlaubcornwall.de\/blog\/#website\",\"url\":\"https:\/\/www.urlaubcornwall.de\/blog\/\",\"name\":\"Urlaub &amp; Reisen\",\"description\":\"Urlaub, Reisen, Cornwall und S\u00fcdengland: eine perfekte Kombination\",\"potentialAction\":[{\"@type\":\"SearchAction\",\"target\":{\"@type\":\"EntryPoint\",\"urlTemplate\":\"https:\/\/www.urlaubcornwall.de\/blog\/?s={search_term_string}\"},\"query-input\":\"required name=search_term_string\"}],\"inLanguage\":\"en-US\"},{\"@type\":\"WebPage\",\"@id\":\"https:\/\/www.urlaubcornwall.de\/blog\/was-sie-in-sennen-tun-koennen\/\",\"url\":\"https:\/\/www.urlaubcornwall.de\/blog\/was-sie-in-sennen-tun-koennen\/\",\"name\":\"Was Sie in Sennen tun k\u00f6nnen? - Urlaub &amp; Reisen\",\"isPartOf\":{\"@id\":\"https:\/\/www.urlaubcornwall.de\/blog\/#website\"},\"datePublished\":\"2020-04-24T11:06:13+00:00\",\"dateModified\":\"2024-05-30T15:46:31+00:00\",\"breadcrumb\":{\"@id\":\"https:\/\/www.urlaubcornwall.de\/blog\/was-sie-in-sennen-tun-koennen\/#breadcrumb\"},\"inLanguage\":\"en-US\",\"potentialAction\":[{\"@type\":\"ReadAction\",\"target\":[\"https:\/\/www.urlaubcornwall.de\/blog\/was-sie-in-sennen-tun-koennen\/\"]}]},{\"@type\":\"BreadcrumbList\",\"@id\":\"https:\/\/www.urlaubcornwall.de\/blog\/was-sie-in-sennen-tun-koennen\/#breadcrumb\",\"itemListElement\":[{\"@type\":\"ListItem\",\"position\":1,\"name\":\"Home\",\"item\":\"https:\/\/www.urlaubcornwall.de\/blog\/\"},{\"@type\":\"ListItem\",\"position\":2,\"name\":\"Was Sie in Sennen tun k\u00f6nnen?\"}]}]}<\/script>\n<!-- \/ Yoast SEO plugin. -->","yoast_head_json":{"title":"Was Sie in Sennen tun k\u00f6nnen? - Urlaub &amp; Reisen","robots":{"index":"index","follow":"follow","max-snippet":"max-snippet:-1","max-image-preview":"max-image-preview:large","max-video-preview":"max-video-preview:-1"},"canonical":"https:\/\/www.urlaubcornwall.de\/blog\/was-sie-in-sennen-tun-koennen\/","og_locale":"en_US","og_type":"article","og_title":"Was Sie in Sennen tun k\u00f6nnen? - Urlaub &amp; Reisen","og_description":"Sennen ist ein beliebter Surfstrand und Familienurlaubsort. Dieses Dorf im fernen Westen Cornwalls ist der perfekte Ort f\u00fcr einen langen Urlaub im Sonnenschein oder auch, um w\u00e4hrend eines Tagesausflugs die dramatische cornishe K\u00fcste zu erkunden. Wenn Sie sich unsere Urlaubscottages in Sennen anschauen m\u00f6chten, klicken Sie hier. 8 Gr\u00fcnde, Sennen zu besuchen: 1. ein hervorragender [&hellip;]","og_url":"https:\/\/www.urlaubcornwall.de\/blog\/was-sie-in-sennen-tun-koennen\/","og_site_name":"Urlaub &amp; Reisen","article_modified_time":"2024-05-30T15:46:31+00:00","og_image":[{"url":"https:\/\/www.urlaubcornwall.de\/blog\/wp-content\/uploads\/2024\/05\/sennen.jpg"}],"twitter_card":"summary","twitter_misc":{"Est. reading time":"4 minutes"},"schema":{"@context":"https:\/\/schema.org","@graph":[{"@type":"WebSite","@id":"https:\/\/www.urlaubcornwall.de\/blog\/#website","url":"https:\/\/www.urlaubcornwall.de\/blog\/","name":"Urlaub &amp; Reisen","description":"Urlaub, Reisen, Cornwall und S\u00fcdengland: eine perfekte Kombination","potentialAction":[{"@type":"SearchAction","target":{"@type":"EntryPoint","urlTemplate":"https:\/\/www.urlaubcornwall.de\/blog\/?s={search_term_string}"},"query-input":"required name=search_term_string"}],"inLanguage":"en-US"},{"@type":"WebPage","@id":"https:\/\/www.urlaubcornwall.de\/blog\/was-sie-in-sennen-tun-koennen\/","url":"https:\/\/www.urlaubcornwall.de\/blog\/was-sie-in-sennen-tun-koennen\/","name":"Was Sie in Sennen tun k\u00f6nnen? - Urlaub &amp; Reisen","isPartOf":{"@id":"https:\/\/www.urlaubcornwall.de\/blog\/#website"},"datePublished":"2020-04-24T11:06:13+00:00","dateModified":"2024-05-30T15:46:31+00:00","breadcrumb":{"@id":"https:\/\/www.urlaubcornwall.de\/blog\/was-sie-in-sennen-tun-koennen\/#breadcrumb"},"inLanguage":"en-US","potentialAction":[{"@type":"ReadAction","target":["https:\/\/www.urlaubcornwall.de\/blog\/was-sie-in-sennen-tun-koennen\/"]}]},{"@type":"BreadcrumbList","@id":"https:\/\/www.urlaubcornwall.de\/blog\/was-sie-in-sennen-tun-koennen\/#breadcrumb","itemListElement":[{"@type":"ListItem","position":1,"name":"Home","item":"https:\/\/www.urlaubcornwall.de\/blog\/"},{"@type":"ListItem","position":2,"name":"Was Sie in Sennen tun k\u00f6nnen?"}]}]}},"_links":{"self":[{"href":"https:\/\/www.urlaubcornwall.de\/blog\/wp-json\/wp\/v2\/pages\/39983"}],"collection":[{"href":"https:\/\/www.urlaubcornwall.de\/blog\/wp-json\/wp\/v2\/pages"}],"about":[{"href":"https:\/\/www.urlaubcornwall.de\/blog\/wp-json\/wp\/v2\/types\/page"}],"author":[{"embeddable":true,"href":"https:\/\/www.urlaubcornwall.de\/blog\/wp-json\/wp\/v2\/users\/1"}],"replies":[{"embeddable":true,"href":"https:\/\/www.urlaubcornwall.de\/blog\/wp-json\/wp\/v2\/comments?post=39983"}],"version-history":[{"count":9,"href":"https:\/\/www.urlaubcornwall.de\/blog\/wp-json\/wp\/v2\/pages\/39983\/revisions"}],"predecessor-version":[{"id":51165,"href":"https:\/\/www.urlaubcornwall.de\/blog\/wp-json\/wp\/v2\/pages\/39983\/revisions\/51165"}],"wp:attachment":[{"href":"https:\/\/www.urlaubcornwall.de\/blog\/wp-json\/wp\/v2\/media?parent=39983"}],"curies":[{"name":"wp","href":"https:\/\/api.w.org\/{rel}","templated":true}]}}