{"id":39973,"date":"2020-04-18T12:32:01","date_gmt":"2020-04-18T12:32:01","guid":{"rendered":"https:\/\/www.urlaubcornwall.de\/blog\/?page_id=39973"},"modified":"2020-04-24T13:10:01","modified_gmt":"2020-04-24T13:10:01","slug":"ferienhaeuser-in-cornwall-besonderen-lagen-mit-dem-wow-faktor-aufzuspueren","status":"publish","type":"page","link":"https:\/\/www.urlaubcornwall.de\/blog\/ferienhaeuser-in-cornwall-besonderen-lagen-mit-dem-wow-faktor-aufzuspueren\/","title":{"rendered":"Ferienh\u00e4user in Cornwall &#8211; besonderen Lagen mit dem \u201eWow-Faktor\u201c aufzusp\u00fcren"},"content":{"rendered":"<p><img loading=\"lazy\" class=\"aligncenter size-full wp-image-38137\" src=\"https:\/\/www.urlaubcornwall.de\/blog\/wp-content\/uploads\/2019\/04\/Charmante-D\u00f6rfer-cornwall.jpg\" alt=\"Charmante Ferienhaus cornwall\" width=\"749\" height=\"498\"\/><\/p>\n<p>Bei uns finden Sie <a href=\"https:\/\/www.urlaubcornwall.de\/ferienhaeuser\/cornwall.php\">Ferienh\u00e4user mit dem \u201eWow-Faktor\u201c<\/a> zum Verlieben; so einfach ist das! <a href=\"https:\/\/www.urlaubcornwall.de\/reiseziel\/cornwall.php\">Cornwall<\/a> bietet mehr K\u00fcstenlinien als alle anderen Grafschaften und hat einige der besten Str\u00e4nde und sch\u00f6nsten K\u00fcstenlandschaften, die man sich nur w\u00fcnschen kann. W\u00e4hlen Sie also ein Ferienhaus mit Selbstverpflegung in Cornwall aus, wo es auch im Landesinneren viel zu entdecken gibt. <\/p>\n<p>Unsere Entscheidung dar\u00fcber, welche Ferienh\u00e4user wir \u00fcbernehmen, ist abh\u00e4ngig von unserem Gef\u00fchl, der Lage und das Engagement der Eigent\u00fcmer, aber dem zugrunde liegt das wirkliche Geheimnis unseres Erfolges: unser Auge f\u00fcrs Detail&#8230;<\/p>\n<p>1. Angebot an Ferienunterk\u00fcnften in Partnerschaft mit preisgekr\u00f6nten Cottage Vermietungsfirmen.<\/p>\n<p>2. Engagierte Geb\u00e4udemanager sorgen daf\u00fcr, dass s\u00e4mtliche Ferienh\u00e4user den h\u00f6chsten Standards entsprechen.<\/p>\n<p>3. Eine breite Vielfalt an hoch qualitativen Unterk\u00fcnften in ganz Gro\u00dfbritannien.<\/p>\n<p>4. S\u00e4mtliche Buchungen werden sicher und zuverl\u00e4ssig von unseren Partnern abgewickelt<\/p>\n<div class=\"snippet\"> <a class=\"featured-item\" href=\"https:\/\/www.urlaubcornwall.de\/ferienhaeuser\/cornwall.php\"> <span class=\"image-holder\" style=\"background-image: url('https:\/\/www.urlaubcornwall.de\/blog\/wp-content\/uploads\/2018\/12\/familienurlaub-corwnall-snippet.jpg');\"><\/span> <span class=\"featured-content\"> \n<h2 class=\"featured-title\">Ferienh\u00e4user in Cornwall am Meer<\/h2>\n<p class=\"featured-body\">Cornwall besitzt mehr K\u00fcstenlinien als jede andere Grafschaft und bietet einige der besten Str\u00e4nde, K\u00fcstenwanderwege und Klippenlandschaften, die man \u00fcberhaupt finden kann&#8230; <\/p><\/span> <span class=\"featured-link-holder\"> <span class=\"featured-extra-info\"> \n<p>F\u00fcr Paare, Familien &#038; Gruppen<\/p>\n<\/span> \n<p class=\"featured-link\">DETAILS<\/p>\n<\/span> <\/a><\/div>\n","protected":false},"excerpt":{"rendered":"<p>Bei uns finden Sie Ferienh\u00e4user mit dem \u201eWow-Faktor\u201c zum Verlieben; so einfach ist das! Cornwall bietet mehr K\u00fcstenlinien als alle anderen Grafschaften und hat einige der besten Str\u00e4nde und sch\u00f6nsten K\u00fcstenlandschaften, die man sich nur w\u00fcnschen kann. W\u00e4hlen Sie also ein Ferienhaus mit Selbstverpflegung in Cornwall aus, wo es auch im Landesinneren viel zu entdecken [&hellip;]<\/p>\n","protected":false},"author":1,"featured_media":0,"parent":0,"menu_order":0,"comment_status":"closed","ping_status":"closed","template":"single-four.php","meta":[],"acf":[],"yoast_head":"<!-- This site is optimized with the Yoast SEO plugin v19.4 - https:\/\/yoast.com\/wordpress\/plugins\/seo\/ -->\n<title>Ferienh\u00e4user in Cornwall - besonderen Lagen mit dem \u201eWow-Faktor\u201c aufzusp\u00fcren - Urlaub &amp; Reisen<\/title>\n<meta name=\"description\" content=\"Cornwall besitzt mehr K\u00fcstenlinien als jede andere Grafschaft und bietet einige der besten Str\u00e4nde, K\u00fcstenwanderwege und Klippenlandschaften, die man \u00fcberhaupt finden kann. Es ist das perfekte Urlaubsziel \u2013 suchen Sie sich also ein Ferienhaus mit Selbstverpflegung in Cornwall aus, wo es auch landeinw\u00e4rts viel zu entdecken gibt. Mit seinem \u00fcberaus milden Klima werden Sie sich fragen, ob Sie sich tats\u00e4chlich in England befinden.\" \/>\n<meta name=\"robots\" content=\"index, follow, max-snippet:-1, max-image-preview:large, max-video-preview:-1\" \/>\n<link rel=\"canonical\" href=\"https:\/\/www.urlaubcornwall.de\/blog\/ferienhaeuser-in-cornwall-besonderen-lagen-mit-dem-wow-faktor-aufzuspueren\/\" \/>\n<meta property=\"og:locale\" content=\"en_US\" \/>\n<meta property=\"og:type\" content=\"article\" \/>\n<meta property=\"og:title\" content=\"Ferienh\u00e4user in Cornwall - besonderen Lagen mit dem \u201eWow-Faktor\u201c aufzusp\u00fcren - Urlaub &amp; Reisen\" \/>\n<meta property=\"og:description\" content=\"Cornwall besitzt mehr K\u00fcstenlinien als jede andere Grafschaft und bietet einige der besten Str\u00e4nde, K\u00fcstenwanderwege und Klippenlandschaften, die man \u00fcberhaupt finden kann. Es ist das perfekte Urlaubsziel \u2013 suchen Sie sich also ein Ferienhaus mit Selbstverpflegung in Cornwall aus, wo es auch landeinw\u00e4rts viel zu entdecken gibt. Mit seinem \u00fcberaus milden Klima werden Sie sich fragen, ob Sie sich tats\u00e4chlich in England befinden.\" \/>\n<meta property=\"og:url\" content=\"https:\/\/www.urlaubcornwall.de\/blog\/ferienhaeuser-in-cornwall-besonderen-lagen-mit-dem-wow-faktor-aufzuspueren\/\" \/>\n<meta property=\"og:site_name\" content=\"Urlaub &amp; Reisen\" \/>\n<meta property=\"article:modified_time\" content=\"2020-04-24T13:10:01+00:00\" \/>\n<meta property=\"og:image\" content=\"https:\/\/www.urlaubcornwall.de\/blog\/wp-content\/uploads\/2019\/04\/Charmante-D\u00f6rfer-cornwall.jpg\" \/>\n<meta name=\"twitter:card\" content=\"summary\" \/>\n<meta name=\"twitter:label1\" content=\"Est. reading time\" \/>\n\t<meta name=\"twitter:data1\" content=\"1 minute\" \/>\n<script type=\"application\/ld+json\" class=\"yoast-schema-graph\">{\"@context\":\"https:\/\/schema.org\",\"@graph\":[{\"@type\":\"WebSite\",\"@id\":\"https:\/\/www.urlaubcornwall.de\/blog\/#website\",\"url\":\"https:\/\/www.urlaubcornwall.de\/blog\/\",\"name\":\"Urlaub &amp; Reisen\",\"description\":\"Urlaub, Reisen, Cornwall und S\u00fcdengland: eine perfekte Kombination\",\"potentialAction\":[{\"@type\":\"SearchAction\",\"target\":{\"@type\":\"EntryPoint\",\"urlTemplate\":\"https:\/\/www.urlaubcornwall.de\/blog\/?s={search_term_string}\"},\"query-input\":\"required name=search_term_string\"}],\"inLanguage\":\"en-US\"},{\"@type\":\"WebPage\",\"@id\":\"https:\/\/www.urlaubcornwall.de\/blog\/ferienhaeuser-in-cornwall-besonderen-lagen-mit-dem-wow-faktor-aufzuspueren\/\",\"url\":\"https:\/\/www.urlaubcornwall.de\/blog\/ferienhaeuser-in-cornwall-besonderen-lagen-mit-dem-wow-faktor-aufzuspueren\/\",\"name\":\"Ferienh\u00e4user in Cornwall - besonderen Lagen mit dem \u201eWow-Faktor\u201c aufzusp\u00fcren - Urlaub &amp; Reisen\",\"isPartOf\":{\"@id\":\"https:\/\/www.urlaubcornwall.de\/blog\/#website\"},\"datePublished\":\"2020-04-18T12:32:01+00:00\",\"dateModified\":\"2020-04-24T13:10:01+00:00\",\"description\":\"Cornwall besitzt mehr K\u00fcstenlinien als jede andere Grafschaft und bietet einige der besten Str\u00e4nde, K\u00fcstenwanderwege und Klippenlandschaften, die man \u00fcberhaupt finden kann. Es ist das perfekte Urlaubsziel \u2013 suchen Sie sich also ein Ferienhaus mit Selbstverpflegung in Cornwall aus, wo es auch landeinw\u00e4rts viel zu entdecken gibt. Mit seinem \u00fcberaus milden Klima werden Sie sich fragen, ob Sie sich tats\u00e4chlich in England befinden.\",\"breadcrumb\":{\"@id\":\"https:\/\/www.urlaubcornwall.de\/blog\/ferienhaeuser-in-cornwall-besonderen-lagen-mit-dem-wow-faktor-aufzuspueren\/#breadcrumb\"},\"inLanguage\":\"en-US\",\"potentialAction\":[{\"@type\":\"ReadAction\",\"target\":[\"https:\/\/www.urlaubcornwall.de\/blog\/ferienhaeuser-in-cornwall-besonderen-lagen-mit-dem-wow-faktor-aufzuspueren\/\"]}]},{\"@type\":\"BreadcrumbList\",\"@id\":\"https:\/\/www.urlaubcornwall.de\/blog\/ferienhaeuser-in-cornwall-besonderen-lagen-mit-dem-wow-faktor-aufzuspueren\/#breadcrumb\",\"itemListElement\":[{\"@type\":\"ListItem\",\"position\":1,\"name\":\"Home\",\"item\":\"https:\/\/www.urlaubcornwall.de\/blog\/\"},{\"@type\":\"ListItem\",\"position\":2,\"name\":\"Ferienh\u00e4user in Cornwall &#8211; besonderen Lagen mit dem \u201eWow-Faktor\u201c aufzusp\u00fcren\"}]}]}<\/script>\n<!-- \/ Yoast SEO plugin. -->","yoast_head_json":{"title":"Ferienh\u00e4user in Cornwall - besonderen Lagen mit dem \u201eWow-Faktor\u201c aufzusp\u00fcren - Urlaub &amp; Reisen","description":"Cornwall besitzt mehr K\u00fcstenlinien als jede andere Grafschaft und bietet einige der besten Str\u00e4nde, K\u00fcstenwanderwege und Klippenlandschaften, die man \u00fcberhaupt finden kann. Es ist das perfekte Urlaubsziel \u2013 suchen Sie sich also ein Ferienhaus mit Selbstverpflegung in Cornwall aus, wo es auch landeinw\u00e4rts viel zu entdecken gibt. Mit seinem \u00fcberaus milden Klima werden Sie sich fragen, ob Sie sich tats\u00e4chlich in England befinden.","robots":{"index":"index","follow":"follow","max-snippet":"max-snippet:-1","max-image-preview":"max-image-preview:large","max-video-preview":"max-video-preview:-1"},"canonical":"https:\/\/www.urlaubcornwall.de\/blog\/ferienhaeuser-in-cornwall-besonderen-lagen-mit-dem-wow-faktor-aufzuspueren\/","og_locale":"en_US","og_type":"article","og_title":"Ferienh\u00e4user in Cornwall - besonderen Lagen mit dem \u201eWow-Faktor\u201c aufzusp\u00fcren - Urlaub &amp; Reisen","og_description":"Cornwall besitzt mehr K\u00fcstenlinien als jede andere Grafschaft und bietet einige der besten Str\u00e4nde, K\u00fcstenwanderwege und Klippenlandschaften, die man \u00fcberhaupt finden kann. Es ist das perfekte Urlaubsziel \u2013 suchen Sie sich also ein Ferienhaus mit Selbstverpflegung in Cornwall aus, wo es auch landeinw\u00e4rts viel zu entdecken gibt. Mit seinem \u00fcberaus milden Klima werden Sie sich fragen, ob Sie sich tats\u00e4chlich in England befinden.","og_url":"https:\/\/www.urlaubcornwall.de\/blog\/ferienhaeuser-in-cornwall-besonderen-lagen-mit-dem-wow-faktor-aufzuspueren\/","og_site_name":"Urlaub &amp; Reisen","article_modified_time":"2020-04-24T13:10:01+00:00","og_image":[{"url":"https:\/\/www.urlaubcornwall.de\/blog\/wp-content\/uploads\/2019\/04\/Charmante-D\u00f6rfer-cornwall.jpg"}],"twitter_card":"summary","twitter_misc":{"Est. reading time":"1 minute"},"schema":{"@context":"https:\/\/schema.org","@graph":[{"@type":"WebSite","@id":"https:\/\/www.urlaubcornwall.de\/blog\/#website","url":"https:\/\/www.urlaubcornwall.de\/blog\/","name":"Urlaub &amp; Reisen","description":"Urlaub, Reisen, Cornwall und S\u00fcdengland: eine perfekte Kombination","potentialAction":[{"@type":"SearchAction","target":{"@type":"EntryPoint","urlTemplate":"https:\/\/www.urlaubcornwall.de\/blog\/?s={search_term_string}"},"query-input":"required name=search_term_string"}],"inLanguage":"en-US"},{"@type":"WebPage","@id":"https:\/\/www.urlaubcornwall.de\/blog\/ferienhaeuser-in-cornwall-besonderen-lagen-mit-dem-wow-faktor-aufzuspueren\/","url":"https:\/\/www.urlaubcornwall.de\/blog\/ferienhaeuser-in-cornwall-besonderen-lagen-mit-dem-wow-faktor-aufzuspueren\/","name":"Ferienh\u00e4user in Cornwall - besonderen Lagen mit dem \u201eWow-Faktor\u201c aufzusp\u00fcren - Urlaub &amp; Reisen","isPartOf":{"@id":"https:\/\/www.urlaubcornwall.de\/blog\/#website"},"datePublished":"2020-04-18T12:32:01+00:00","dateModified":"2020-04-24T13:10:01+00:00","description":"Cornwall besitzt mehr K\u00fcstenlinien als jede andere Grafschaft und bietet einige der besten Str\u00e4nde, K\u00fcstenwanderwege und Klippenlandschaften, die man \u00fcberhaupt finden kann. Es ist das perfekte Urlaubsziel \u2013 suchen Sie sich also ein Ferienhaus mit Selbstverpflegung in Cornwall aus, wo es auch landeinw\u00e4rts viel zu entdecken gibt. Mit seinem \u00fcberaus milden Klima werden Sie sich fragen, ob Sie sich tats\u00e4chlich in England befinden.","breadcrumb":{"@id":"https:\/\/www.urlaubcornwall.de\/blog\/ferienhaeuser-in-cornwall-besonderen-lagen-mit-dem-wow-faktor-aufzuspueren\/#breadcrumb"},"inLanguage":"en-US","potentialAction":[{"@type":"ReadAction","target":["https:\/\/www.urlaubcornwall.de\/blog\/ferienhaeuser-in-cornwall-besonderen-lagen-mit-dem-wow-faktor-aufzuspueren\/"]}]},{"@type":"BreadcrumbList","@id":"https:\/\/www.urlaubcornwall.de\/blog\/ferienhaeuser-in-cornwall-besonderen-lagen-mit-dem-wow-faktor-aufzuspueren\/#breadcrumb","itemListElement":[{"@type":"ListItem","position":1,"name":"Home","item":"https:\/\/www.urlaubcornwall.de\/blog\/"},{"@type":"ListItem","position":2,"name":"Ferienh\u00e4user in Cornwall &#8211; besonderen Lagen mit dem \u201eWow-Faktor\u201c aufzusp\u00fcren"}]}]}},"_links":{"self":[{"href":"https:\/\/www.urlaubcornwall.de\/blog\/wp-json\/wp\/v2\/pages\/39973"}],"collection":[{"href":"https:\/\/www.urlaubcornwall.de\/blog\/wp-json\/wp\/v2\/pages"}],"about":[{"href":"https:\/\/www.urlaubcornwall.de\/blog\/wp-json\/wp\/v2\/types\/page"}],"author":[{"embeddable":true,"href":"https:\/\/www.urlaubcornwall.de\/blog\/wp-json\/wp\/v2\/users\/1"}],"replies":[{"embeddable":true,"href":"https:\/\/www.urlaubcornwall.de\/blog\/wp-json\/wp\/v2\/comments?post=39973"}],"version-history":[{"count":3,"href":"https:\/\/www.urlaubcornwall.de\/blog\/wp-json\/wp\/v2\/pages\/39973\/revisions"}],"predecessor-version":[{"id":39999,"href":"https:\/\/www.urlaubcornwall.de\/blog\/wp-json\/wp\/v2\/pages\/39973\/revisions\/39999"}],"wp:attachment":[{"href":"https:\/\/www.urlaubcornwall.de\/blog\/wp-json\/wp\/v2\/media?parent=39973"}],"curies":[{"name":"wp","href":"https:\/\/api.w.org\/{rel}","templated":true}]}}