{"id":39966,"date":"2020-04-18T10:41:38","date_gmt":"2020-04-18T10:41:38","guid":{"rendered":"https:\/\/www.urlaubcornwall.de\/blog\/?page_id=39966"},"modified":"2020-04-18T12:27:27","modified_gmt":"2020-04-18T12:27:27","slug":"schoene-ferienhaeuser-in-cornwall-eine-spannende-anbieter","status":"publish","type":"page","link":"https:\/\/www.urlaubcornwall.de\/blog\/schoene-ferienhaeuser-in-cornwall-eine-spannende-anbieter\/","title":{"rendered":"Sch\u00f6ne Ferienh\u00e4user in Cornwall \u2013 eine spannende Anbieter!"},"content":{"rendered":"<p><img loading=\"lazy\" class=\"aligncenter size-full wp-image-38137\" src=\"https:\/\/www.urlaubcornwall.de\/blog\/wp-content\/uploads\/2019\/04\/Charmante-D\u00f6rfer-cornwall.jpg\" alt=\"Sch\u00f6ne Ferienh\u00e4user in Cornwall\" width=\"749\" height=\"498\"\/><\/p>\n<p>So buchen Sie Ihr <a href=\"https:\/\/www.urlaubcornwall.de\/ferienhaeuser\/cornwall.php\">Ferienhaus<\/a> in 3 einfachen Schritten:<\/p>\n<p>1. Durchsuchen Sie unser Online-Angebot und w\u00e4hlen Sie Ihr gew\u00fcnschtes Ferienhaus aus.<\/p>\n<p>2. Klicken Sie auf die Schaltfl\u00e4che \u201eAnfrage \/ Buchung\u201c (Jetzt reservieren) auf der rechten Seite der Ferienhausdetails. Damit wird Ihre Reservierung aufgegeben und wir halten das Ferienhaus f\u00fcr Sie bereit, bis wir es best\u00e4tigen. Reservierungen werden 3 Tage lang gehalten; findet Ihr Urlaub innerhalb von 3 Wochen statt, wird die Reservierung bis zu 3 Tage gehalten.<\/p>\n<p>3. Buchung: Wenn wir mit Ihnen in Kontakt treten, um Ihre Reservierung zu best\u00e4tigen, teilen wir Ihnen die Zahlungseinzelheiten mit.<\/p>\n<div class=\"snippet\"> <a class=\"featured-item\" href=\"https:\/\/www.urlaubcornwall.de\/ferienhaeuser\/cornwall.php\"> <span class=\"image-holder\" style=\"background-image: url('https:\/\/www.urlaubcornwall.de\/blog\/wp-content\/uploads\/2018\/12\/familienurlaub-corwnall-snippet.jpg');\"><\/span> <span class=\"featured-content\"> \n<h2 class=\"featured-title\">Ferienh\u00e4user in Cornwall am Meer<\/h2>\n<p class=\"featured-body\">Cornwall besitzt mehr K\u00fcstenlinien als jede andere Grafschaft und bietet einige der besten Str\u00e4nde, K\u00fcstenwanderwege und Klippenlandschaften, die man \u00fcberhaupt finden kann&#8230; <\/p><\/span> <span class=\"featured-link-holder\"> <span class=\"featured-extra-info\"> \n<p>F\u00fcr Paare, Familien &#038; Gruppen<\/p>\n<\/span> \n<p class=\"featured-link\">DETAILS<\/p>\n<\/span> <\/a><\/div>\n<p><em><strong>H\u00e4ufig gestellte Fragen<\/strong><\/em><\/p>\n<p><strong>Anreise- und Abfahrtszeiten<\/strong><\/p>\n<p>Die meisten Mietferienh\u00e4user k\u00f6nnen Sie ab 15:00 Uhr beziehen und m\u00fcssen diese am Abreisetag bis 10:00 Uhr verlassen, soweit es in der Beschreibung des Ferienhauses nicht anders angegeben ist.<\/p>\n<p><strong>Zufahrt und Parkm\u00f6glichkeiten<\/strong><\/p>\n<p>Falls es Beschr\u00e4nkungen gibt, werden diese in den Ferienhausdetails erw\u00e4hnt. Wenn Sie Bedenken haben, teilen Sie uns diese bitte bei der Buchung mit.<\/p>\n<p><strong>Zug\u00e4nglichkeit<\/strong><\/p>\n<p>Bitte teilen Sie uns mit, falls jemand in Ihrer Reisegruppe aufgrund eingeschr\u00e4nkter Mobilit\u00e4t besondere Anforderungen hat.<\/p>\n<p><strong>Bettw\u00e4sche und Handt\u00fccher<\/strong><\/p>\n<p>Alle unsere Ferienh\u00e4user sind mit Bettw\u00e4sche und Handt\u00fcchern ausgestattet. Bei Buchungen von 2 Wochen oder l\u00e4nger werden Bettw\u00e4sche und Handt\u00fccher w\u00f6chentlich gewechselt. Bringen Sie bitte eigene Bettw\u00e4sche f\u00fcr Babybetten mit. Bitte bringen Sie Ihre eigenen Strandhandt\u00fccher mit, da die gestellten Handt\u00fccher nicht aus dem Ferienhaus entfernt werden d\u00fcrfen.<\/p>\n<p><strong>Satellitenfernsehen<\/strong><\/p>\n<p>Einige Ferienh\u00e4user verf\u00fcgen \u00fcber Satellitenfernsehen und die Anzahl der Programme kann variieren.<\/p>\n<p><strong>Handy und Internet<\/strong><\/p>\n<p>Viele Ferienh\u00e4user befinden sich in abgelegenen Gebieten, wo es vielleicht kein Handy-Signal oder eine schnelle Internetverbindung (Breitband) gibt. Falls Ihnen dies wichtig ist, erkundigen Sie sich bitte bei uns vorab dar\u00fcber.<\/p>\n<p><strong>Sch\u00e4den und Verluste<\/strong><\/p>\n<p>Gelegentliche Unf\u00e4lle kommen vor und f\u00fcr alle Sch\u00e4den oder Verluste w\u00e4hrend Ihres Urlaubes m\u00fcssen Sie aufkommen. Alle Ferienh\u00e4user werden vor Ankunft der G\u00e4ste \u00fcberpr\u00fcft. Bitte teilen Sie uns so bald wie m\u00f6glich mit, falls Sie ein Problem entdecken.<\/p>\n<p><strong>Hunde<\/strong><\/p>\n<p>In einigen Ferienh\u00e4usern sind Hunde erlaubt; es gibt eine Geb\u00fchr von \u00a330 pro Hund pro Woche. Hunde d\u00fcrfen nicht auf M\u00f6bel oder in die Schlafzimmer und sollten nicht unbeaufsichtigt gelassen werden. An vielen Str\u00e4nden besteht w\u00e4hrend der Sommermonate ein Hundeverbot.<\/p>\n","protected":false},"excerpt":{"rendered":"<p>So buchen Sie Ihr Ferienhaus in 3 einfachen Schritten: 1. Durchsuchen Sie unser Online-Angebot und w\u00e4hlen Sie Ihr gew\u00fcnschtes Ferienhaus aus. 2. Klicken Sie auf die Schaltfl\u00e4che \u201eAnfrage \/ Buchung\u201c (Jetzt reservieren) auf der rechten Seite der Ferienhausdetails. Damit wird Ihre Reservierung aufgegeben und wir halten das Ferienhaus f\u00fcr Sie bereit, bis wir es best\u00e4tigen. [&hellip;]<\/p>\n","protected":false},"author":1,"featured_media":0,"parent":0,"menu_order":0,"comment_status":"closed","ping_status":"closed","template":"single-four.php","meta":[],"acf":[],"yoast_head":"<!-- This site is optimized with the Yoast SEO plugin v19.4 - https:\/\/yoast.com\/wordpress\/plugins\/seo\/ -->\n<title>Sch\u00f6ne Ferienh\u00e4user in Cornwall \u2013 eine spannende Anbieter! - Urlaub &amp; Reisen<\/title>\n<meta name=\"robots\" content=\"index, follow, max-snippet:-1, max-image-preview:large, max-video-preview:-1\" \/>\n<link rel=\"canonical\" href=\"https:\/\/www.urlaubcornwall.de\/blog\/schoene-ferienhaeuser-in-cornwall-eine-spannende-anbieter\/\" \/>\n<meta property=\"og:locale\" content=\"en_US\" \/>\n<meta property=\"og:type\" content=\"article\" \/>\n<meta property=\"og:title\" content=\"Sch\u00f6ne Ferienh\u00e4user in Cornwall \u2013 eine spannende Anbieter! - Urlaub &amp; Reisen\" \/>\n<meta property=\"og:description\" content=\"So buchen Sie Ihr Ferienhaus in 3 einfachen Schritten: 1. Durchsuchen Sie unser Online-Angebot und w\u00e4hlen Sie Ihr gew\u00fcnschtes Ferienhaus aus. 2. Klicken Sie auf die Schaltfl\u00e4che \u201eAnfrage \/ Buchung\u201c (Jetzt reservieren) auf der rechten Seite der Ferienhausdetails. Damit wird Ihre Reservierung aufgegeben und wir halten das Ferienhaus f\u00fcr Sie bereit, bis wir es best\u00e4tigen. [&hellip;]\" \/>\n<meta property=\"og:url\" content=\"https:\/\/www.urlaubcornwall.de\/blog\/schoene-ferienhaeuser-in-cornwall-eine-spannende-anbieter\/\" \/>\n<meta property=\"og:site_name\" content=\"Urlaub &amp; Reisen\" \/>\n<meta property=\"article:modified_time\" content=\"2020-04-18T12:27:27+00:00\" \/>\n<meta property=\"og:image\" content=\"https:\/\/www.urlaubcornwall.de\/blog\/wp-content\/uploads\/2019\/04\/Charmante-D\u00f6rfer-cornwall.jpg\" \/>\n<meta name=\"twitter:card\" content=\"summary\" \/>\n<meta name=\"twitter:label1\" content=\"Est. reading time\" \/>\n\t<meta name=\"twitter:data1\" content=\"2 minutes\" \/>\n<script type=\"application\/ld+json\" class=\"yoast-schema-graph\">{\"@context\":\"https:\/\/schema.org\",\"@graph\":[{\"@type\":\"WebSite\",\"@id\":\"https:\/\/www.urlaubcornwall.de\/blog\/#website\",\"url\":\"https:\/\/www.urlaubcornwall.de\/blog\/\",\"name\":\"Urlaub &amp; Reisen\",\"description\":\"Urlaub, Reisen, Cornwall und S\u00fcdengland: eine perfekte Kombination\",\"potentialAction\":[{\"@type\":\"SearchAction\",\"target\":{\"@type\":\"EntryPoint\",\"urlTemplate\":\"https:\/\/www.urlaubcornwall.de\/blog\/?s={search_term_string}\"},\"query-input\":\"required name=search_term_string\"}],\"inLanguage\":\"en-US\"},{\"@type\":\"WebPage\",\"@id\":\"https:\/\/www.urlaubcornwall.de\/blog\/schoene-ferienhaeuser-in-cornwall-eine-spannende-anbieter\/\",\"url\":\"https:\/\/www.urlaubcornwall.de\/blog\/schoene-ferienhaeuser-in-cornwall-eine-spannende-anbieter\/\",\"name\":\"Sch\u00f6ne Ferienh\u00e4user in Cornwall \u2013 eine spannende Anbieter! - Urlaub &amp; Reisen\",\"isPartOf\":{\"@id\":\"https:\/\/www.urlaubcornwall.de\/blog\/#website\"},\"datePublished\":\"2020-04-18T10:41:38+00:00\",\"dateModified\":\"2020-04-18T12:27:27+00:00\",\"breadcrumb\":{\"@id\":\"https:\/\/www.urlaubcornwall.de\/blog\/schoene-ferienhaeuser-in-cornwall-eine-spannende-anbieter\/#breadcrumb\"},\"inLanguage\":\"en-US\",\"potentialAction\":[{\"@type\":\"ReadAction\",\"target\":[\"https:\/\/www.urlaubcornwall.de\/blog\/schoene-ferienhaeuser-in-cornwall-eine-spannende-anbieter\/\"]}]},{\"@type\":\"BreadcrumbList\",\"@id\":\"https:\/\/www.urlaubcornwall.de\/blog\/schoene-ferienhaeuser-in-cornwall-eine-spannende-anbieter\/#breadcrumb\",\"itemListElement\":[{\"@type\":\"ListItem\",\"position\":1,\"name\":\"Home\",\"item\":\"https:\/\/www.urlaubcornwall.de\/blog\/\"},{\"@type\":\"ListItem\",\"position\":2,\"name\":\"Sch\u00f6ne Ferienh\u00e4user in Cornwall \u2013 eine spannende Anbieter!\"}]}]}<\/script>\n<!-- \/ Yoast SEO plugin. -->","yoast_head_json":{"title":"Sch\u00f6ne Ferienh\u00e4user in Cornwall \u2013 eine spannende Anbieter! - Urlaub &amp; Reisen","robots":{"index":"index","follow":"follow","max-snippet":"max-snippet:-1","max-image-preview":"max-image-preview:large","max-video-preview":"max-video-preview:-1"},"canonical":"https:\/\/www.urlaubcornwall.de\/blog\/schoene-ferienhaeuser-in-cornwall-eine-spannende-anbieter\/","og_locale":"en_US","og_type":"article","og_title":"Sch\u00f6ne Ferienh\u00e4user in Cornwall \u2013 eine spannende Anbieter! - Urlaub &amp; Reisen","og_description":"So buchen Sie Ihr Ferienhaus in 3 einfachen Schritten: 1. Durchsuchen Sie unser Online-Angebot und w\u00e4hlen Sie Ihr gew\u00fcnschtes Ferienhaus aus. 2. Klicken Sie auf die Schaltfl\u00e4che \u201eAnfrage \/ Buchung\u201c (Jetzt reservieren) auf der rechten Seite der Ferienhausdetails. Damit wird Ihre Reservierung aufgegeben und wir halten das Ferienhaus f\u00fcr Sie bereit, bis wir es best\u00e4tigen. [&hellip;]","og_url":"https:\/\/www.urlaubcornwall.de\/blog\/schoene-ferienhaeuser-in-cornwall-eine-spannende-anbieter\/","og_site_name":"Urlaub &amp; Reisen","article_modified_time":"2020-04-18T12:27:27+00:00","og_image":[{"url":"https:\/\/www.urlaubcornwall.de\/blog\/wp-content\/uploads\/2019\/04\/Charmante-D\u00f6rfer-cornwall.jpg"}],"twitter_card":"summary","twitter_misc":{"Est. reading time":"2 minutes"},"schema":{"@context":"https:\/\/schema.org","@graph":[{"@type":"WebSite","@id":"https:\/\/www.urlaubcornwall.de\/blog\/#website","url":"https:\/\/www.urlaubcornwall.de\/blog\/","name":"Urlaub &amp; Reisen","description":"Urlaub, Reisen, Cornwall und S\u00fcdengland: eine perfekte Kombination","potentialAction":[{"@type":"SearchAction","target":{"@type":"EntryPoint","urlTemplate":"https:\/\/www.urlaubcornwall.de\/blog\/?s={search_term_string}"},"query-input":"required name=search_term_string"}],"inLanguage":"en-US"},{"@type":"WebPage","@id":"https:\/\/www.urlaubcornwall.de\/blog\/schoene-ferienhaeuser-in-cornwall-eine-spannende-anbieter\/","url":"https:\/\/www.urlaubcornwall.de\/blog\/schoene-ferienhaeuser-in-cornwall-eine-spannende-anbieter\/","name":"Sch\u00f6ne Ferienh\u00e4user in Cornwall \u2013 eine spannende Anbieter! - Urlaub &amp; Reisen","isPartOf":{"@id":"https:\/\/www.urlaubcornwall.de\/blog\/#website"},"datePublished":"2020-04-18T10:41:38+00:00","dateModified":"2020-04-18T12:27:27+00:00","breadcrumb":{"@id":"https:\/\/www.urlaubcornwall.de\/blog\/schoene-ferienhaeuser-in-cornwall-eine-spannende-anbieter\/#breadcrumb"},"inLanguage":"en-US","potentialAction":[{"@type":"ReadAction","target":["https:\/\/www.urlaubcornwall.de\/blog\/schoene-ferienhaeuser-in-cornwall-eine-spannende-anbieter\/"]}]},{"@type":"BreadcrumbList","@id":"https:\/\/www.urlaubcornwall.de\/blog\/schoene-ferienhaeuser-in-cornwall-eine-spannende-anbieter\/#breadcrumb","itemListElement":[{"@type":"ListItem","position":1,"name":"Home","item":"https:\/\/www.urlaubcornwall.de\/blog\/"},{"@type":"ListItem","position":2,"name":"Sch\u00f6ne Ferienh\u00e4user in Cornwall \u2013 eine spannende Anbieter!"}]}]}},"_links":{"self":[{"href":"https:\/\/www.urlaubcornwall.de\/blog\/wp-json\/wp\/v2\/pages\/39966"}],"collection":[{"href":"https:\/\/www.urlaubcornwall.de\/blog\/wp-json\/wp\/v2\/pages"}],"about":[{"href":"https:\/\/www.urlaubcornwall.de\/blog\/wp-json\/wp\/v2\/types\/page"}],"author":[{"embeddable":true,"href":"https:\/\/www.urlaubcornwall.de\/blog\/wp-json\/wp\/v2\/users\/1"}],"replies":[{"embeddable":true,"href":"https:\/\/www.urlaubcornwall.de\/blog\/wp-json\/wp\/v2\/comments?post=39966"}],"version-history":[{"count":2,"href":"https:\/\/www.urlaubcornwall.de\/blog\/wp-json\/wp\/v2\/pages\/39966\/revisions"}],"predecessor-version":[{"id":39972,"href":"https:\/\/www.urlaubcornwall.de\/blog\/wp-json\/wp\/v2\/pages\/39966\/revisions\/39972"}],"wp:attachment":[{"href":"https:\/\/www.urlaubcornwall.de\/blog\/wp-json\/wp\/v2\/media?parent=39966"}],"curies":[{"name":"wp","href":"https:\/\/api.w.org\/{rel}","templated":true}]}}