{"id":39964,"date":"2020-04-18T10:34:10","date_gmt":"2020-04-18T10:34:10","guid":{"rendered":"https:\/\/www.urlaubcornwall.de\/blog\/?page_id=39964"},"modified":"2021-07-12T08:57:18","modified_gmt":"2021-07-12T08:57:18","slug":"die-besten-buchungsseite-fuer-euer-ferienhaus-in-cornwall","status":"publish","type":"page","link":"https:\/\/www.urlaubcornwall.de\/blog\/die-besten-buchungsseite-fuer-euer-ferienhaus-in-cornwall\/","title":{"rendered":"Die besten Buchungsseiten f\u00fcr euer Ferienhaus in Cornwall"},"content":{"rendered":"<p><img loading=\"lazy\" class=\"aligncenter size-full wp-image-38137\" src=\"https:\/\/www.urlaubcornwall.de\/blog\/wp-content\/uploads\/2019\/04\/Charmante-D\u00f6rfer-cornwall.jpg\" alt=\"Charmante Ferienhaus cornwall\" width=\"749\" height=\"498\"\/><\/p>\n<p>Wie findet ihr euer Ferienhaus oder Ferienwohnung in Cornwall f\u00fcr euren n\u00e4chsten Urlaub? Hier bei <a href=\"https:\/\/www.urlaubcornwall.de\/ferienhaeuser\/cornwall.php\">UrlaubCornwall.de &#038; unsere Cottage Partners<\/a> engagiert sich die H\u00e4lfte unseres Teams daf\u00fcr, Ferienh\u00e4user in besonderen Lagen mit dem \u201eWow-Faktor\u201c aufzusp\u00fcren und hierbei legen wir mehr als 180.000 Meilen pro Jahr zur\u00fcck. Unsere Entscheidung dar\u00fcber, welche Ferienh\u00e4user wir \u00fcbernehmen, ist abh\u00e4ngig von unserem Gef\u00fchl, der Lage und das Engagement der Eigent\u00fcmer, aber dem zugrunde liegt das wirkliche Geheimnis unseres Erfolges: unser Auge f\u00fcrs Detail.<\/p>\n<p>1. \u2013 Es ist uns wichtig, dass das Geschirr und Besteck zusammenpasst und jedes Jahr \u00fcberpr\u00fcfen wir, ob jedes Ferienhaus die 124 Artikel unseres Mindestwarenbestands bereitstellt\u2013 das allein macht jedes Jahr 72.000 Artikel von gez\u00e4hltem und gepr\u00fcftem Besteck und Geschirr aus!<\/p>\n<p>2. \u2013 Wir beharren darauf, dass jedes Ferienhaus Handt\u00fccher und Bettw\u00e4sche bereitstellt.<\/p>\n<p>3. \u2013 W\u00e4hrend Ihres Urlaubes m\u00fcssen Sie nicht im Wohnzimmer schlafen, zu Hause tun Sie das ja schlie\u00dflich auch nicht. Bei uns gibt es keine Klappbetten oder Schlafsofas. Unsere Ferienh\u00e4user beherbergen nur so viele Leute, wie richtige Betten in einem Schlafzimmer zur Verf\u00fcgung stehen.<\/p>\n<p>4. \u2013 Eine Meinungsumfrage von \u00fcber 2600 Which?-Mitgliedern (Which? ist die respektierteste Verbrauchervereinigung im Vereinigten K\u00f6nigreich), in der \u00fcber 400 verschiedene Agenturen f\u00fcr Selbstversorgerunterk\u00fcnfte im Vereinigten K\u00f6nigreich und im Ausland begutachtet wurden, erteilte uns den Which?-Status \u201eEmpfohlener Dienstleister\u201c. Dabei sind wir eines von nur zwei Unternehmen im Vereinigten K\u00f6nigreich, dem dieser Status zuteilwurde.<\/p>\n<p>5. \u2013 Bevor wir ein Ferienhaus in unser Programm aufnehmen, verbringen wir viel Zeit damit, es auszuwerten und mit den Eigent\u00fcmern zu sprechen. Zudem besuchen wir jedes Ferienhaus mindestens einmal pro Jahr, aber der wichtigste Teil der Durchf\u00fchrung unserer Qualit\u00e4tskontrolle sind die Frageb\u00f6gen, die Sie uns nach Ihrem Urlaub zur\u00fcckschicken. Diese Frageb\u00f6gen sind au\u00dferordentlich wertvoll und helfen uns sehr, damit wir Ihren Erwartungen immer einen Schritt voraus sind. Wir protokollieren jeden erhaltenen Fragebogen und hier sind die gesammelten Ergebnisse der bis zum 2. August 2019 zur\u00fcckgeschickten 10214 Frageb\u00f6gen.<\/p>\n<div class=\"snippet\"> <a class=\"featured-item\" href=\"https:\/\/www.urlaubcornwall.de\/ferienhaeuser\/cornwall.php\"> <span class=\"image-holder\" style=\"background-image: url('https:\/\/www.urlaubcornwall.de\/blog\/wp-content\/uploads\/2018\/12\/familienurlaub-corwnall-snippet.jpg');\"><\/span> <span class=\"featured-content\"> \n<h2 class=\"featured-title\">Ferienh\u00e4user in Cornwall am Meer<\/h2>\n<p class=\"featured-body\">Cornwall besitzt mehr K\u00fcstenlinien als jede andere Grafschaft und bietet einige der besten Str\u00e4nde, K\u00fcstenwanderwege und Klippenlandschaften, die man \u00fcberhaupt finden kann&#8230; <\/p><\/span> <span class=\"featured-link-holder\"> <span class=\"featured-extra-info\"> \n<p>F\u00fcr Paare, Familien &#038; Gruppen<\/p>\n<\/span> \n<p class=\"featured-link\">DETAILS<\/p>\n<\/span> <\/a><\/div>\n","protected":false},"excerpt":{"rendered":"<p>Wie findet ihr euer Ferienhaus oder Ferienwohnung in Cornwall f\u00fcr euren n\u00e4chsten Urlaub? Hier bei UrlaubCornwall.de &#038; unsere Cottage Partners engagiert sich die H\u00e4lfte unseres Teams daf\u00fcr, Ferienh\u00e4user in besonderen Lagen mit dem \u201eWow-Faktor\u201c aufzusp\u00fcren und hierbei legen wir mehr als 180.000 Meilen pro Jahr zur\u00fcck. Unsere Entscheidung dar\u00fcber, welche Ferienh\u00e4user wir \u00fcbernehmen, ist abh\u00e4ngig [&hellip;]<\/p>\n","protected":false},"author":1,"featured_media":0,"parent":0,"menu_order":0,"comment_status":"closed","ping_status":"closed","template":"single-four.php","meta":[],"acf":[],"yoast_head":"<!-- This site is optimized with the Yoast SEO plugin v19.4 - https:\/\/yoast.com\/wordpress\/plugins\/seo\/ -->\n<title>Die besten Buchungsseiten f\u00fcr euer Ferienhaus in Cornwall - Urlaub &amp; Reisen<\/title>\n<meta name=\"description\" content=\"Wie findet ihr euer Ferienhaus in Cornwall f\u00fcr euren n\u00e4chsten Urlaub? Das Qualit\u00e4tsversprechen von UrlaubCornwall.de &amp; Classic Cottages - Hier bei Classic Cottages engagiert sich die H\u00e4lfte unseres Teams daf\u00fcr, Ferienh\u00e4user in besonderen Lagen mit dem \u201eWow-Faktor\u201c aufzusp\u00fcren und hierbei legen wir mehr als 180.000 Meilen pro Jahr zur\u00fcck. Unsere Entscheidung dar\u00fcber, welche Ferienh\u00e4user wir \u00fcbernehmen, ist abh\u00e4ngig von unserem Gef\u00fchl, der Lage und das Engagement der Eigent\u00fcmer, aber dem zugrunde liegt das wirkliche Geheimnis unseres Erfolges: unser Auge f\u00fcrs Detail.\" \/>\n<meta name=\"robots\" content=\"index, follow, max-snippet:-1, max-image-preview:large, max-video-preview:-1\" \/>\n<link rel=\"canonical\" href=\"https:\/\/www.urlaubcornwall.de\/blog\/die-besten-buchungsseite-fuer-euer-ferienhaus-in-cornwall\/\" \/>\n<meta property=\"og:locale\" content=\"en_US\" \/>\n<meta property=\"og:type\" content=\"article\" \/>\n<meta property=\"og:title\" content=\"Die besten Buchungsseiten f\u00fcr euer Ferienhaus in Cornwall - Urlaub &amp; Reisen\" \/>\n<meta property=\"og:description\" content=\"Wie findet ihr euer Ferienhaus in Cornwall f\u00fcr euren n\u00e4chsten Urlaub? Das Qualit\u00e4tsversprechen von UrlaubCornwall.de &amp; Classic Cottages - Hier bei Classic Cottages engagiert sich die H\u00e4lfte unseres Teams daf\u00fcr, Ferienh\u00e4user in besonderen Lagen mit dem \u201eWow-Faktor\u201c aufzusp\u00fcren und hierbei legen wir mehr als 180.000 Meilen pro Jahr zur\u00fcck. Unsere Entscheidung dar\u00fcber, welche Ferienh\u00e4user wir \u00fcbernehmen, ist abh\u00e4ngig von unserem Gef\u00fchl, der Lage und das Engagement der Eigent\u00fcmer, aber dem zugrunde liegt das wirkliche Geheimnis unseres Erfolges: unser Auge f\u00fcrs Detail.\" \/>\n<meta property=\"og:url\" content=\"https:\/\/www.urlaubcornwall.de\/blog\/die-besten-buchungsseite-fuer-euer-ferienhaus-in-cornwall\/\" \/>\n<meta property=\"og:site_name\" content=\"Urlaub &amp; Reisen\" \/>\n<meta property=\"article:modified_time\" content=\"2021-07-12T08:57:18+00:00\" \/>\n<meta property=\"og:image\" content=\"https:\/\/www.urlaubcornwall.de\/blog\/wp-content\/uploads\/2019\/04\/Charmante-D\u00f6rfer-cornwall.jpg\" \/>\n<meta name=\"twitter:card\" content=\"summary\" \/>\n<meta name=\"twitter:label1\" content=\"Est. reading time\" \/>\n\t<meta name=\"twitter:data1\" content=\"2 minutes\" \/>\n<script type=\"application\/ld+json\" class=\"yoast-schema-graph\">{\"@context\":\"https:\/\/schema.org\",\"@graph\":[{\"@type\":\"WebSite\",\"@id\":\"https:\/\/www.urlaubcornwall.de\/blog\/#website\",\"url\":\"https:\/\/www.urlaubcornwall.de\/blog\/\",\"name\":\"Urlaub &amp; Reisen\",\"description\":\"Urlaub, Reisen, Cornwall und S\u00fcdengland: eine perfekte Kombination\",\"potentialAction\":[{\"@type\":\"SearchAction\",\"target\":{\"@type\":\"EntryPoint\",\"urlTemplate\":\"https:\/\/www.urlaubcornwall.de\/blog\/?s={search_term_string}\"},\"query-input\":\"required name=search_term_string\"}],\"inLanguage\":\"en-US\"},{\"@type\":\"WebPage\",\"@id\":\"https:\/\/www.urlaubcornwall.de\/blog\/die-besten-buchungsseite-fuer-euer-ferienhaus-in-cornwall\/\",\"url\":\"https:\/\/www.urlaubcornwall.de\/blog\/die-besten-buchungsseite-fuer-euer-ferienhaus-in-cornwall\/\",\"name\":\"Die besten Buchungsseiten f\u00fcr euer Ferienhaus in Cornwall - Urlaub &amp; Reisen\",\"isPartOf\":{\"@id\":\"https:\/\/www.urlaubcornwall.de\/blog\/#website\"},\"datePublished\":\"2020-04-18T10:34:10+00:00\",\"dateModified\":\"2021-07-12T08:57:18+00:00\",\"description\":\"Wie findet ihr euer Ferienhaus in Cornwall f\u00fcr euren n\u00e4chsten Urlaub? Das Qualit\u00e4tsversprechen von UrlaubCornwall.de & Classic Cottages - Hier bei Classic Cottages engagiert sich die H\u00e4lfte unseres Teams daf\u00fcr, Ferienh\u00e4user in besonderen Lagen mit dem \u201eWow-Faktor\u201c aufzusp\u00fcren und hierbei legen wir mehr als 180.000 Meilen pro Jahr zur\u00fcck. Unsere Entscheidung dar\u00fcber, welche Ferienh\u00e4user wir \u00fcbernehmen, ist abh\u00e4ngig von unserem Gef\u00fchl, der Lage und das Engagement der Eigent\u00fcmer, aber dem zugrunde liegt das wirkliche Geheimnis unseres Erfolges: unser Auge f\u00fcrs Detail.\",\"breadcrumb\":{\"@id\":\"https:\/\/www.urlaubcornwall.de\/blog\/die-besten-buchungsseite-fuer-euer-ferienhaus-in-cornwall\/#breadcrumb\"},\"inLanguage\":\"en-US\",\"potentialAction\":[{\"@type\":\"ReadAction\",\"target\":[\"https:\/\/www.urlaubcornwall.de\/blog\/die-besten-buchungsseite-fuer-euer-ferienhaus-in-cornwall\/\"]}]},{\"@type\":\"BreadcrumbList\",\"@id\":\"https:\/\/www.urlaubcornwall.de\/blog\/die-besten-buchungsseite-fuer-euer-ferienhaus-in-cornwall\/#breadcrumb\",\"itemListElement\":[{\"@type\":\"ListItem\",\"position\":1,\"name\":\"Home\",\"item\":\"https:\/\/www.urlaubcornwall.de\/blog\/\"},{\"@type\":\"ListItem\",\"position\":2,\"name\":\"Die besten Buchungsseiten f\u00fcr euer Ferienhaus in Cornwall\"}]}]}<\/script>\n<!-- \/ Yoast SEO plugin. -->","yoast_head_json":{"title":"Die besten Buchungsseiten f\u00fcr euer Ferienhaus in Cornwall - Urlaub &amp; Reisen","description":"Wie findet ihr euer Ferienhaus in Cornwall f\u00fcr euren n\u00e4chsten Urlaub? Das Qualit\u00e4tsversprechen von UrlaubCornwall.de & Classic Cottages - Hier bei Classic Cottages engagiert sich die H\u00e4lfte unseres Teams daf\u00fcr, Ferienh\u00e4user in besonderen Lagen mit dem \u201eWow-Faktor\u201c aufzusp\u00fcren und hierbei legen wir mehr als 180.000 Meilen pro Jahr zur\u00fcck. Unsere Entscheidung dar\u00fcber, welche Ferienh\u00e4user wir \u00fcbernehmen, ist abh\u00e4ngig von unserem Gef\u00fchl, der Lage und das Engagement der Eigent\u00fcmer, aber dem zugrunde liegt das wirkliche Geheimnis unseres Erfolges: unser Auge f\u00fcrs Detail.","robots":{"index":"index","follow":"follow","max-snippet":"max-snippet:-1","max-image-preview":"max-image-preview:large","max-video-preview":"max-video-preview:-1"},"canonical":"https:\/\/www.urlaubcornwall.de\/blog\/die-besten-buchungsseite-fuer-euer-ferienhaus-in-cornwall\/","og_locale":"en_US","og_type":"article","og_title":"Die besten Buchungsseiten f\u00fcr euer Ferienhaus in Cornwall - Urlaub &amp; Reisen","og_description":"Wie findet ihr euer Ferienhaus in Cornwall f\u00fcr euren n\u00e4chsten Urlaub? Das Qualit\u00e4tsversprechen von UrlaubCornwall.de & Classic Cottages - Hier bei Classic Cottages engagiert sich die H\u00e4lfte unseres Teams daf\u00fcr, Ferienh\u00e4user in besonderen Lagen mit dem \u201eWow-Faktor\u201c aufzusp\u00fcren und hierbei legen wir mehr als 180.000 Meilen pro Jahr zur\u00fcck. Unsere Entscheidung dar\u00fcber, welche Ferienh\u00e4user wir \u00fcbernehmen, ist abh\u00e4ngig von unserem Gef\u00fchl, der Lage und das Engagement der Eigent\u00fcmer, aber dem zugrunde liegt das wirkliche Geheimnis unseres Erfolges: unser Auge f\u00fcrs Detail.","og_url":"https:\/\/www.urlaubcornwall.de\/blog\/die-besten-buchungsseite-fuer-euer-ferienhaus-in-cornwall\/","og_site_name":"Urlaub &amp; Reisen","article_modified_time":"2021-07-12T08:57:18+00:00","og_image":[{"url":"https:\/\/www.urlaubcornwall.de\/blog\/wp-content\/uploads\/2019\/04\/Charmante-D\u00f6rfer-cornwall.jpg"}],"twitter_card":"summary","twitter_misc":{"Est. reading time":"2 minutes"},"schema":{"@context":"https:\/\/schema.org","@graph":[{"@type":"WebSite","@id":"https:\/\/www.urlaubcornwall.de\/blog\/#website","url":"https:\/\/www.urlaubcornwall.de\/blog\/","name":"Urlaub &amp; Reisen","description":"Urlaub, Reisen, Cornwall und S\u00fcdengland: eine perfekte Kombination","potentialAction":[{"@type":"SearchAction","target":{"@type":"EntryPoint","urlTemplate":"https:\/\/www.urlaubcornwall.de\/blog\/?s={search_term_string}"},"query-input":"required name=search_term_string"}],"inLanguage":"en-US"},{"@type":"WebPage","@id":"https:\/\/www.urlaubcornwall.de\/blog\/die-besten-buchungsseite-fuer-euer-ferienhaus-in-cornwall\/","url":"https:\/\/www.urlaubcornwall.de\/blog\/die-besten-buchungsseite-fuer-euer-ferienhaus-in-cornwall\/","name":"Die besten Buchungsseiten f\u00fcr euer Ferienhaus in Cornwall - Urlaub &amp; Reisen","isPartOf":{"@id":"https:\/\/www.urlaubcornwall.de\/blog\/#website"},"datePublished":"2020-04-18T10:34:10+00:00","dateModified":"2021-07-12T08:57:18+00:00","description":"Wie findet ihr euer Ferienhaus in Cornwall f\u00fcr euren n\u00e4chsten Urlaub? Das Qualit\u00e4tsversprechen von UrlaubCornwall.de & Classic Cottages - Hier bei Classic Cottages engagiert sich die H\u00e4lfte unseres Teams daf\u00fcr, Ferienh\u00e4user in besonderen Lagen mit dem \u201eWow-Faktor\u201c aufzusp\u00fcren und hierbei legen wir mehr als 180.000 Meilen pro Jahr zur\u00fcck. Unsere Entscheidung dar\u00fcber, welche Ferienh\u00e4user wir \u00fcbernehmen, ist abh\u00e4ngig von unserem Gef\u00fchl, der Lage und das Engagement der Eigent\u00fcmer, aber dem zugrunde liegt das wirkliche Geheimnis unseres Erfolges: unser Auge f\u00fcrs Detail.","breadcrumb":{"@id":"https:\/\/www.urlaubcornwall.de\/blog\/die-besten-buchungsseite-fuer-euer-ferienhaus-in-cornwall\/#breadcrumb"},"inLanguage":"en-US","potentialAction":[{"@type":"ReadAction","target":["https:\/\/www.urlaubcornwall.de\/blog\/die-besten-buchungsseite-fuer-euer-ferienhaus-in-cornwall\/"]}]},{"@type":"BreadcrumbList","@id":"https:\/\/www.urlaubcornwall.de\/blog\/die-besten-buchungsseite-fuer-euer-ferienhaus-in-cornwall\/#breadcrumb","itemListElement":[{"@type":"ListItem","position":1,"name":"Home","item":"https:\/\/www.urlaubcornwall.de\/blog\/"},{"@type":"ListItem","position":2,"name":"Die besten Buchungsseiten f\u00fcr euer Ferienhaus in Cornwall"}]}]}},"_links":{"self":[{"href":"https:\/\/www.urlaubcornwall.de\/blog\/wp-json\/wp\/v2\/pages\/39964"}],"collection":[{"href":"https:\/\/www.urlaubcornwall.de\/blog\/wp-json\/wp\/v2\/pages"}],"about":[{"href":"https:\/\/www.urlaubcornwall.de\/blog\/wp-json\/wp\/v2\/types\/page"}],"author":[{"embeddable":true,"href":"https:\/\/www.urlaubcornwall.de\/blog\/wp-json\/wp\/v2\/users\/1"}],"replies":[{"embeddable":true,"href":"https:\/\/www.urlaubcornwall.de\/blog\/wp-json\/wp\/v2\/comments?post=39964"}],"version-history":[{"count":5,"href":"https:\/\/www.urlaubcornwall.de\/blog\/wp-json\/wp\/v2\/pages\/39964\/revisions"}],"predecessor-version":[{"id":41817,"href":"https:\/\/www.urlaubcornwall.de\/blog\/wp-json\/wp\/v2\/pages\/39964\/revisions\/41817"}],"wp:attachment":[{"href":"https:\/\/www.urlaubcornwall.de\/blog\/wp-json\/wp\/v2\/media?parent=39964"}],"curies":[{"name":"wp","href":"https:\/\/api.w.org\/{rel}","templated":true}]}}