{"id":39959,"date":"2020-04-15T13:44:22","date_gmt":"2020-04-15T13:44:22","guid":{"rendered":"https:\/\/www.urlaubcornwall.de\/blog\/?page_id=39959"},"modified":"2020-06-16T09:35:41","modified_gmt":"2020-06-16T09:35:41","slug":"cornwalls-trauminseln-die-isles-of-scilly","status":"publish","type":"page","link":"https:\/\/www.urlaubcornwall.de\/blog\/cornwalls-trauminseln-die-isles-of-scilly\/","title":{"rendered":"Trauminseln Cornwalls &#8211; die Isles of Scilly"},"content":{"rendered":"<p><img loading=\"lazy\" class=\"aligncenter size-full wp-image-34153\" src=\"https:\/\/www.urlaubcornwall.de\/blog\/wp-content\/uploads\/2018\/08\/wanderurlaub-scilly-inseln-isles.jpg\" alt=\"urlaub scilly inseln isles\" width=\"749\" height=\"489\" srcset=\"https:\/\/www.urlaubcornwall.de\/blog\/wp-content\/uploads\/2018\/08\/wanderurlaub-scilly-inseln-isles.jpg 749w, https:\/\/www.urlaubcornwall.de\/blog\/wp-content\/uploads\/2018\/08\/wanderurlaub-scilly-inseln-isles-300x196.jpg 300w\" sizes=\"(max-width: 749px) 100vw, 749px\" \/><\/p>\n<p>Urlaubstipps Scilly-Inseln \u2013 Die <a href=\"https:\/\/www.urlaubcornwall.de\/Scilly-Inseln.php\">Scilly-Inseln<\/a> sind Cornwalls bestgeh\u00fctetes Geheimnis; aufgrund ihres milden Klimas, der perfekten Sandstr\u00e4nde und dem t\u00fcrkisblauen Meer werden sie auch die gl\u00fccklichen Inseln (Fortunate Isles) genannt. Sie bestehen aus hunderten kleiner Inseln, von denen nur 5 bewohnt sind; St. Mary\u2019s, St. Martin\u2019s, St. Agnes, Bryher und Tresco.<\/p>\n<p><strong>UrlaubCornwall.de \u2013 der Reiseservice f\u00fcr die Scilly-Inseln<\/strong><\/p>\n<p>Wir sind Experten, was die <a href=\"https:\/\/www.urlaubcornwall.de\/Scilly-Inseln.php\">Scilly Inseln<\/a> und Cornwall- betrifft und Ihnen gerne dabei behilflich, die Scilly Inseln auf einer Rundreise durch Cornwall mit einzubeziehen. Wir sind in Cornwall ans\u00e4ssig und f\u00fchren die informativste Webseite f\u00fcr Urlaub und Reisen in Cornwall. Dank unserer guten Ortskenntnisse k\u00f6nnen wir den perfekten Urlaub auf den Scilly-Inseln f\u00fcr Sie zusammenstellen.<\/p>\n<p style=\"text-align: center;\"><a class=\"tidycta\" href=\"https:\/\/www.urlaubcornwall.de\/Scilly-Inseln\/reiseservice.php\">Mehr Info<\/a><\/p>\n","protected":false},"excerpt":{"rendered":"<p>Urlaubstipps Scilly-Inseln \u2013 Die Scilly-Inseln sind Cornwalls bestgeh\u00fctetes Geheimnis; aufgrund ihres milden Klimas, der perfekten Sandstr\u00e4nde und dem t\u00fcrkisblauen Meer werden sie auch die gl\u00fccklichen Inseln (Fortunate Isles) genannt. Sie bestehen aus hunderten kleiner Inseln, von denen nur 5 bewohnt sind; St. Mary\u2019s, St. Martin\u2019s, St. Agnes, Bryher und Tresco. UrlaubCornwall.de \u2013 der Reiseservice f\u00fcr [&hellip;]<\/p>\n","protected":false},"author":1,"featured_media":0,"parent":0,"menu_order":0,"comment_status":"closed","ping_status":"closed","template":"single-four.php","meta":[],"acf":[],"yoast_head":"<!-- This site is optimized with the Yoast SEO plugin v19.4 - https:\/\/yoast.com\/wordpress\/plugins\/seo\/ -->\n<title>Trauminseln Cornwalls - die Isles of Scilly - Urlaub &amp; Reisen<\/title>\n<meta name=\"description\" content=\"Urlaubstipps Scilly-Inseln \u2013 Die Scilly-Inseln sind Cornwalls bestgeh\u00fctetes Geheimnis; aufgrund ihres milden Klimas, der perfekten Sandstr\u00e4nde und dem t\u00fcrkisblauen Meer werden sie auch die gl\u00fccklichen Inseln (Fortunate Isles) genannt. Sie bestehen aus hunderten kleiner Inseln, von denen nur 5 bewohnt sind; St. Mary\u2019s, St. Martin\u2019s, St. Agnes, Bryher und Tresco.\" \/>\n<meta name=\"robots\" content=\"index, follow, max-snippet:-1, max-image-preview:large, max-video-preview:-1\" \/>\n<link rel=\"canonical\" href=\"https:\/\/www.urlaubcornwall.de\/blog\/cornwalls-trauminseln-die-isles-of-scilly\/\" \/>\n<meta property=\"og:locale\" content=\"en_US\" \/>\n<meta property=\"og:type\" content=\"article\" \/>\n<meta property=\"og:title\" content=\"Trauminseln Cornwalls - die Isles of Scilly - Urlaub &amp; Reisen\" \/>\n<meta property=\"og:description\" content=\"Urlaubstipps Scilly-Inseln \u2013 Die Scilly-Inseln sind Cornwalls bestgeh\u00fctetes Geheimnis; aufgrund ihres milden Klimas, der perfekten Sandstr\u00e4nde und dem t\u00fcrkisblauen Meer werden sie auch die gl\u00fccklichen Inseln (Fortunate Isles) genannt. Sie bestehen aus hunderten kleiner Inseln, von denen nur 5 bewohnt sind; St. Mary\u2019s, St. Martin\u2019s, St. Agnes, Bryher und Tresco.\" \/>\n<meta property=\"og:url\" content=\"https:\/\/www.urlaubcornwall.de\/blog\/cornwalls-trauminseln-die-isles-of-scilly\/\" \/>\n<meta property=\"og:site_name\" content=\"Urlaub &amp; Reisen\" \/>\n<meta property=\"article:modified_time\" content=\"2020-06-16T09:35:41+00:00\" \/>\n<meta property=\"og:image\" content=\"https:\/\/www.urlaubcornwall.de\/blog\/wp-content\/uploads\/2018\/08\/wanderurlaub-scilly-inseln-isles.jpg\" \/>\n<meta name=\"twitter:card\" content=\"summary\" \/>\n<meta name=\"twitter:label1\" content=\"Est. reading time\" \/>\n\t<meta name=\"twitter:data1\" content=\"1 minute\" \/>\n<script type=\"application\/ld+json\" class=\"yoast-schema-graph\">{\"@context\":\"https:\/\/schema.org\",\"@graph\":[{\"@type\":\"WebSite\",\"@id\":\"https:\/\/www.urlaubcornwall.de\/blog\/#website\",\"url\":\"https:\/\/www.urlaubcornwall.de\/blog\/\",\"name\":\"Urlaub &amp; Reisen\",\"description\":\"Urlaub, Reisen, Cornwall und S\u00fcdengland: eine perfekte Kombination\",\"potentialAction\":[{\"@type\":\"SearchAction\",\"target\":{\"@type\":\"EntryPoint\",\"urlTemplate\":\"https:\/\/www.urlaubcornwall.de\/blog\/?s={search_term_string}\"},\"query-input\":\"required name=search_term_string\"}],\"inLanguage\":\"en-US\"},{\"@type\":\"WebPage\",\"@id\":\"https:\/\/www.urlaubcornwall.de\/blog\/cornwalls-trauminseln-die-isles-of-scilly\/\",\"url\":\"https:\/\/www.urlaubcornwall.de\/blog\/cornwalls-trauminseln-die-isles-of-scilly\/\",\"name\":\"Trauminseln Cornwalls - die Isles of Scilly - Urlaub &amp; Reisen\",\"isPartOf\":{\"@id\":\"https:\/\/www.urlaubcornwall.de\/blog\/#website\"},\"datePublished\":\"2020-04-15T13:44:22+00:00\",\"dateModified\":\"2020-06-16T09:35:41+00:00\",\"description\":\"Urlaubstipps Scilly-Inseln \u2013 Die Scilly-Inseln sind Cornwalls bestgeh\u00fctetes Geheimnis; aufgrund ihres milden Klimas, der perfekten Sandstr\u00e4nde und dem t\u00fcrkisblauen Meer werden sie auch die gl\u00fccklichen Inseln (Fortunate Isles) genannt. Sie bestehen aus hunderten kleiner Inseln, von denen nur 5 bewohnt sind; St. Mary\u2019s, St. Martin\u2019s, St. Agnes, Bryher und Tresco.\",\"breadcrumb\":{\"@id\":\"https:\/\/www.urlaubcornwall.de\/blog\/cornwalls-trauminseln-die-isles-of-scilly\/#breadcrumb\"},\"inLanguage\":\"en-US\",\"potentialAction\":[{\"@type\":\"ReadAction\",\"target\":[\"https:\/\/www.urlaubcornwall.de\/blog\/cornwalls-trauminseln-die-isles-of-scilly\/\"]}]},{\"@type\":\"BreadcrumbList\",\"@id\":\"https:\/\/www.urlaubcornwall.de\/blog\/cornwalls-trauminseln-die-isles-of-scilly\/#breadcrumb\",\"itemListElement\":[{\"@type\":\"ListItem\",\"position\":1,\"name\":\"Home\",\"item\":\"https:\/\/www.urlaubcornwall.de\/blog\/\"},{\"@type\":\"ListItem\",\"position\":2,\"name\":\"Trauminseln Cornwalls &#8211; die Isles of Scilly\"}]}]}<\/script>\n<!-- \/ Yoast SEO plugin. -->","yoast_head_json":{"title":"Trauminseln Cornwalls - die Isles of Scilly - Urlaub &amp; Reisen","description":"Urlaubstipps Scilly-Inseln \u2013 Die Scilly-Inseln sind Cornwalls bestgeh\u00fctetes Geheimnis; aufgrund ihres milden Klimas, der perfekten Sandstr\u00e4nde und dem t\u00fcrkisblauen Meer werden sie auch die gl\u00fccklichen Inseln (Fortunate Isles) genannt. Sie bestehen aus hunderten kleiner Inseln, von denen nur 5 bewohnt sind; St. Mary\u2019s, St. Martin\u2019s, St. Agnes, Bryher und Tresco.","robots":{"index":"index","follow":"follow","max-snippet":"max-snippet:-1","max-image-preview":"max-image-preview:large","max-video-preview":"max-video-preview:-1"},"canonical":"https:\/\/www.urlaubcornwall.de\/blog\/cornwalls-trauminseln-die-isles-of-scilly\/","og_locale":"en_US","og_type":"article","og_title":"Trauminseln Cornwalls - die Isles of Scilly - Urlaub &amp; Reisen","og_description":"Urlaubstipps Scilly-Inseln \u2013 Die Scilly-Inseln sind Cornwalls bestgeh\u00fctetes Geheimnis; aufgrund ihres milden Klimas, der perfekten Sandstr\u00e4nde und dem t\u00fcrkisblauen Meer werden sie auch die gl\u00fccklichen Inseln (Fortunate Isles) genannt. Sie bestehen aus hunderten kleiner Inseln, von denen nur 5 bewohnt sind; St. Mary\u2019s, St. Martin\u2019s, St. Agnes, Bryher und Tresco.","og_url":"https:\/\/www.urlaubcornwall.de\/blog\/cornwalls-trauminseln-die-isles-of-scilly\/","og_site_name":"Urlaub &amp; Reisen","article_modified_time":"2020-06-16T09:35:41+00:00","og_image":[{"url":"https:\/\/www.urlaubcornwall.de\/blog\/wp-content\/uploads\/2018\/08\/wanderurlaub-scilly-inseln-isles.jpg"}],"twitter_card":"summary","twitter_misc":{"Est. reading time":"1 minute"},"schema":{"@context":"https:\/\/schema.org","@graph":[{"@type":"WebSite","@id":"https:\/\/www.urlaubcornwall.de\/blog\/#website","url":"https:\/\/www.urlaubcornwall.de\/blog\/","name":"Urlaub &amp; Reisen","description":"Urlaub, Reisen, Cornwall und S\u00fcdengland: eine perfekte Kombination","potentialAction":[{"@type":"SearchAction","target":{"@type":"EntryPoint","urlTemplate":"https:\/\/www.urlaubcornwall.de\/blog\/?s={search_term_string}"},"query-input":"required name=search_term_string"}],"inLanguage":"en-US"},{"@type":"WebPage","@id":"https:\/\/www.urlaubcornwall.de\/blog\/cornwalls-trauminseln-die-isles-of-scilly\/","url":"https:\/\/www.urlaubcornwall.de\/blog\/cornwalls-trauminseln-die-isles-of-scilly\/","name":"Trauminseln Cornwalls - die Isles of Scilly - Urlaub &amp; Reisen","isPartOf":{"@id":"https:\/\/www.urlaubcornwall.de\/blog\/#website"},"datePublished":"2020-04-15T13:44:22+00:00","dateModified":"2020-06-16T09:35:41+00:00","description":"Urlaubstipps Scilly-Inseln \u2013 Die Scilly-Inseln sind Cornwalls bestgeh\u00fctetes Geheimnis; aufgrund ihres milden Klimas, der perfekten Sandstr\u00e4nde und dem t\u00fcrkisblauen Meer werden sie auch die gl\u00fccklichen Inseln (Fortunate Isles) genannt. Sie bestehen aus hunderten kleiner Inseln, von denen nur 5 bewohnt sind; St. Mary\u2019s, St. Martin\u2019s, St. Agnes, Bryher und Tresco.","breadcrumb":{"@id":"https:\/\/www.urlaubcornwall.de\/blog\/cornwalls-trauminseln-die-isles-of-scilly\/#breadcrumb"},"inLanguage":"en-US","potentialAction":[{"@type":"ReadAction","target":["https:\/\/www.urlaubcornwall.de\/blog\/cornwalls-trauminseln-die-isles-of-scilly\/"]}]},{"@type":"BreadcrumbList","@id":"https:\/\/www.urlaubcornwall.de\/blog\/cornwalls-trauminseln-die-isles-of-scilly\/#breadcrumb","itemListElement":[{"@type":"ListItem","position":1,"name":"Home","item":"https:\/\/www.urlaubcornwall.de\/blog\/"},{"@type":"ListItem","position":2,"name":"Trauminseln Cornwalls &#8211; die Isles of Scilly"}]}]}},"_links":{"self":[{"href":"https:\/\/www.urlaubcornwall.de\/blog\/wp-json\/wp\/v2\/pages\/39959"}],"collection":[{"href":"https:\/\/www.urlaubcornwall.de\/blog\/wp-json\/wp\/v2\/pages"}],"about":[{"href":"https:\/\/www.urlaubcornwall.de\/blog\/wp-json\/wp\/v2\/types\/page"}],"author":[{"embeddable":true,"href":"https:\/\/www.urlaubcornwall.de\/blog\/wp-json\/wp\/v2\/users\/1"}],"replies":[{"embeddable":true,"href":"https:\/\/www.urlaubcornwall.de\/blog\/wp-json\/wp\/v2\/comments?post=39959"}],"version-history":[{"count":3,"href":"https:\/\/www.urlaubcornwall.de\/blog\/wp-json\/wp\/v2\/pages\/39959\/revisions"}],"predecessor-version":[{"id":40307,"href":"https:\/\/www.urlaubcornwall.de\/blog\/wp-json\/wp\/v2\/pages\/39959\/revisions\/40307"}],"wp:attachment":[{"href":"https:\/\/www.urlaubcornwall.de\/blog\/wp-json\/wp\/v2\/media?parent=39959"}],"curies":[{"name":"wp","href":"https:\/\/api.w.org\/{rel}","templated":true}]}}