{"id":39946,"date":"2020-04-09T14:07:41","date_gmt":"2020-04-09T14:07:41","guid":{"rendered":"https:\/\/www.urlaubcornwall.de\/blog\/?page_id=39946"},"modified":"2020-04-09T14:07:41","modified_gmt":"2020-04-09T14:07:41","slug":"wellington-urlaub-in-somerset-und-suedengland","status":"publish","type":"page","link":"https:\/\/www.urlaubcornwall.de\/blog\/wellington-urlaub-in-somerset-und-suedengland\/","title":{"rendered":"Wellington \u2013 Urlaub in Somerset und S\u00fcdengland"},"content":{"rendered":"<p><img loading=\"lazy\" class=\"aligncenter size-full wp-image-39933\" src=\"https:\/\/www.urlaubcornwall.de\/blog\/wp-content\/uploads\/2020\/04\/whachet_urlaub_somerset-1.jpg\" alt=\"Wellington_urlaub_somerset\" width=\"750\" height=\"500\" srcset=\"https:\/\/www.urlaubcornwall.de\/blog\/wp-content\/uploads\/2020\/04\/whachet_urlaub_somerset-1.jpg 750w, https:\/\/www.urlaubcornwall.de\/blog\/wp-content\/uploads\/2020\/04\/whachet_urlaub_somerset-1-300x200.jpg 300w\" sizes=\"(max-width: 750px) 100vw, 750px\" \/><\/p>\n<p>In der N\u00e4he der Blackdown H\u00fcgel gelegen, ist Wellington eine kleine Marktstadt <a href=\"https:\/\/www.urlaubcornwall.de\/ferienhaeuser-fewos\/eng\/somerset\/somerset.html\">Somersets<\/a>, wo gute Speisen fast zur Besessenheit wurden. Superm\u00e4rkte scheinen hier den Kampf verloren zu haben. Dagegen finden sich \u00fcberall lokal angebaute Produkte, die in traditionellen L\u00e4den verkauft werden, wie dem Fischgesch\u00e4ft und dem Metzger. Der monatliche Bauernmarkt ist ein Paradies f\u00fcr Speiseliebhaber; fantastische \u00f6rtlich hergestellte K\u00e4sesorten, Fleisch von nahegelegenen Bauernh\u00f6fen und echter Apfelpunsch erm\u00f6glichen Ihnen ein gro\u00dfartiges Geschmackserlebnis Somersets.<\/p>\n<p style=\"text-align: center;\"><a class=\"tidycta\" href=\"https:\/\/www.urlaubcornwall.de\/ferienhaeuser-fewos\/eng\/somerset\/porlock.html\">Ferienh\u00e4user in Porlock<\/a><\/p>\n<p>Bei uns finden Sie Ferienh\u00e4user zum Verlieben &#8211; so einfach ist das! W\u00e4hlen Sie aus \u00fcber 1000 pers\u00f6nlich inspizierten Ferienh\u00e4usern, Cottages &#038; Ferienwohnungen in <a href=\"https:\/\/www.urlaubcornwall.de\/ferienhaeuser\/suedengland.php\">S\u00fcdengland<\/a>.<\/p>\n","protected":false},"excerpt":{"rendered":"<p>In der N\u00e4he der Blackdown H\u00fcgel gelegen, ist Wellington eine kleine Marktstadt Somersets, wo gute Speisen fast zur Besessenheit wurden. Superm\u00e4rkte scheinen hier den Kampf verloren zu haben. Dagegen finden sich \u00fcberall lokal angebaute Produkte, die in traditionellen L\u00e4den verkauft werden, wie dem Fischgesch\u00e4ft und dem Metzger. Der monatliche Bauernmarkt ist ein Paradies f\u00fcr Speiseliebhaber; [&hellip;]<\/p>\n","protected":false},"author":1,"featured_media":0,"parent":0,"menu_order":0,"comment_status":"closed","ping_status":"closed","template":"single-four.php","meta":[],"acf":[],"yoast_head":"<!-- This site is optimized with the Yoast SEO plugin v19.4 - https:\/\/yoast.com\/wordpress\/plugins\/seo\/ -->\n<title>Wellington \u2013 Urlaub in Somerset und S\u00fcdengland - Urlaub &amp; Reisen<\/title>\n<meta name=\"description\" content=\"In der N\u00e4he der Blackdown H\u00fcgel gelegen, ist Wellington eine kleine Marktstadt Somersets, wo gute Speisen fast zur Besessenheit wurden. Superm\u00e4rkte scheinen hier den Kampf verloren zu haben. Dagegen finden sich \u00fcberall lokal angebaute Produkte, die in traditionellen L\u00e4den verkauft werden, wie dem Fischgesch\u00e4ft und dem Metzger. Der monatliche Bauernmarkt ist ein Paradies f\u00fcr Speiseliebhaber; fantastische \u00f6rtlich hergestellte K\u00e4sesorten\" \/>\n<meta name=\"robots\" content=\"index, follow, max-snippet:-1, max-image-preview:large, max-video-preview:-1\" \/>\n<link rel=\"canonical\" href=\"https:\/\/www.urlaubcornwall.de\/blog\/wellington-urlaub-in-somerset-und-suedengland\/\" \/>\n<meta property=\"og:locale\" content=\"en_US\" \/>\n<meta property=\"og:type\" content=\"article\" \/>\n<meta property=\"og:title\" content=\"Wellington \u2013 Urlaub in Somerset und S\u00fcdengland - Urlaub &amp; Reisen\" \/>\n<meta property=\"og:description\" content=\"In der N\u00e4he der Blackdown H\u00fcgel gelegen, ist Wellington eine kleine Marktstadt Somersets, wo gute Speisen fast zur Besessenheit wurden. Superm\u00e4rkte scheinen hier den Kampf verloren zu haben. Dagegen finden sich \u00fcberall lokal angebaute Produkte, die in traditionellen L\u00e4den verkauft werden, wie dem Fischgesch\u00e4ft und dem Metzger. Der monatliche Bauernmarkt ist ein Paradies f\u00fcr Speiseliebhaber; fantastische \u00f6rtlich hergestellte K\u00e4sesorten\" \/>\n<meta property=\"og:url\" content=\"https:\/\/www.urlaubcornwall.de\/blog\/wellington-urlaub-in-somerset-und-suedengland\/\" \/>\n<meta property=\"og:site_name\" content=\"Urlaub &amp; Reisen\" \/>\n<meta property=\"og:image\" content=\"https:\/\/www.urlaubcornwall.de\/blog\/wp-content\/uploads\/2020\/04\/whachet_urlaub_somerset-1.jpg\" \/>\n<meta name=\"twitter:card\" content=\"summary\" \/>\n<meta name=\"twitter:label1\" content=\"Est. reading time\" \/>\n\t<meta name=\"twitter:data1\" content=\"1 minute\" \/>\n<script type=\"application\/ld+json\" class=\"yoast-schema-graph\">{\"@context\":\"https:\/\/schema.org\",\"@graph\":[{\"@type\":\"WebSite\",\"@id\":\"https:\/\/www.urlaubcornwall.de\/blog\/#website\",\"url\":\"https:\/\/www.urlaubcornwall.de\/blog\/\",\"name\":\"Urlaub &amp; Reisen\",\"description\":\"Urlaub, Reisen, Cornwall und S\u00fcdengland: eine perfekte Kombination\",\"potentialAction\":[{\"@type\":\"SearchAction\",\"target\":{\"@type\":\"EntryPoint\",\"urlTemplate\":\"https:\/\/www.urlaubcornwall.de\/blog\/?s={search_term_string}\"},\"query-input\":\"required name=search_term_string\"}],\"inLanguage\":\"en-US\"},{\"@type\":\"WebPage\",\"@id\":\"https:\/\/www.urlaubcornwall.de\/blog\/wellington-urlaub-in-somerset-und-suedengland\/\",\"url\":\"https:\/\/www.urlaubcornwall.de\/blog\/wellington-urlaub-in-somerset-und-suedengland\/\",\"name\":\"Wellington \u2013 Urlaub in Somerset und S\u00fcdengland - Urlaub &amp; Reisen\",\"isPartOf\":{\"@id\":\"https:\/\/www.urlaubcornwall.de\/blog\/#website\"},\"datePublished\":\"2020-04-09T14:07:41+00:00\",\"dateModified\":\"2020-04-09T14:07:41+00:00\",\"description\":\"In der N\u00e4he der Blackdown H\u00fcgel gelegen, ist Wellington eine kleine Marktstadt Somersets, wo gute Speisen fast zur Besessenheit wurden. Superm\u00e4rkte scheinen hier den Kampf verloren zu haben. Dagegen finden sich \u00fcberall lokal angebaute Produkte, die in traditionellen L\u00e4den verkauft werden, wie dem Fischgesch\u00e4ft und dem Metzger. Der monatliche Bauernmarkt ist ein Paradies f\u00fcr Speiseliebhaber; fantastische \u00f6rtlich hergestellte K\u00e4sesorten\",\"breadcrumb\":{\"@id\":\"https:\/\/www.urlaubcornwall.de\/blog\/wellington-urlaub-in-somerset-und-suedengland\/#breadcrumb\"},\"inLanguage\":\"en-US\",\"potentialAction\":[{\"@type\":\"ReadAction\",\"target\":[\"https:\/\/www.urlaubcornwall.de\/blog\/wellington-urlaub-in-somerset-und-suedengland\/\"]}]},{\"@type\":\"BreadcrumbList\",\"@id\":\"https:\/\/www.urlaubcornwall.de\/blog\/wellington-urlaub-in-somerset-und-suedengland\/#breadcrumb\",\"itemListElement\":[{\"@type\":\"ListItem\",\"position\":1,\"name\":\"Home\",\"item\":\"https:\/\/www.urlaubcornwall.de\/blog\/\"},{\"@type\":\"ListItem\",\"position\":2,\"name\":\"Wellington \u2013 Urlaub in Somerset und S\u00fcdengland\"}]}]}<\/script>\n<!-- \/ Yoast SEO plugin. -->","yoast_head_json":{"title":"Wellington \u2013 Urlaub in Somerset und S\u00fcdengland - Urlaub &amp; Reisen","description":"In der N\u00e4he der Blackdown H\u00fcgel gelegen, ist Wellington eine kleine Marktstadt Somersets, wo gute Speisen fast zur Besessenheit wurden. Superm\u00e4rkte scheinen hier den Kampf verloren zu haben. Dagegen finden sich \u00fcberall lokal angebaute Produkte, die in traditionellen L\u00e4den verkauft werden, wie dem Fischgesch\u00e4ft und dem Metzger. Der monatliche Bauernmarkt ist ein Paradies f\u00fcr Speiseliebhaber; fantastische \u00f6rtlich hergestellte K\u00e4sesorten","robots":{"index":"index","follow":"follow","max-snippet":"max-snippet:-1","max-image-preview":"max-image-preview:large","max-video-preview":"max-video-preview:-1"},"canonical":"https:\/\/www.urlaubcornwall.de\/blog\/wellington-urlaub-in-somerset-und-suedengland\/","og_locale":"en_US","og_type":"article","og_title":"Wellington \u2013 Urlaub in Somerset und S\u00fcdengland - Urlaub &amp; Reisen","og_description":"In der N\u00e4he der Blackdown H\u00fcgel gelegen, ist Wellington eine kleine Marktstadt Somersets, wo gute Speisen fast zur Besessenheit wurden. Superm\u00e4rkte scheinen hier den Kampf verloren zu haben. Dagegen finden sich \u00fcberall lokal angebaute Produkte, die in traditionellen L\u00e4den verkauft werden, wie dem Fischgesch\u00e4ft und dem Metzger. Der monatliche Bauernmarkt ist ein Paradies f\u00fcr Speiseliebhaber; fantastische \u00f6rtlich hergestellte K\u00e4sesorten","og_url":"https:\/\/www.urlaubcornwall.de\/blog\/wellington-urlaub-in-somerset-und-suedengland\/","og_site_name":"Urlaub &amp; Reisen","og_image":[{"url":"https:\/\/www.urlaubcornwall.de\/blog\/wp-content\/uploads\/2020\/04\/whachet_urlaub_somerset-1.jpg"}],"twitter_card":"summary","twitter_misc":{"Est. reading time":"1 minute"},"schema":{"@context":"https:\/\/schema.org","@graph":[{"@type":"WebSite","@id":"https:\/\/www.urlaubcornwall.de\/blog\/#website","url":"https:\/\/www.urlaubcornwall.de\/blog\/","name":"Urlaub &amp; Reisen","description":"Urlaub, Reisen, Cornwall und S\u00fcdengland: eine perfekte Kombination","potentialAction":[{"@type":"SearchAction","target":{"@type":"EntryPoint","urlTemplate":"https:\/\/www.urlaubcornwall.de\/blog\/?s={search_term_string}"},"query-input":"required name=search_term_string"}],"inLanguage":"en-US"},{"@type":"WebPage","@id":"https:\/\/www.urlaubcornwall.de\/blog\/wellington-urlaub-in-somerset-und-suedengland\/","url":"https:\/\/www.urlaubcornwall.de\/blog\/wellington-urlaub-in-somerset-und-suedengland\/","name":"Wellington \u2013 Urlaub in Somerset und S\u00fcdengland - Urlaub &amp; Reisen","isPartOf":{"@id":"https:\/\/www.urlaubcornwall.de\/blog\/#website"},"datePublished":"2020-04-09T14:07:41+00:00","dateModified":"2020-04-09T14:07:41+00:00","description":"In der N\u00e4he der Blackdown H\u00fcgel gelegen, ist Wellington eine kleine Marktstadt Somersets, wo gute Speisen fast zur Besessenheit wurden. Superm\u00e4rkte scheinen hier den Kampf verloren zu haben. Dagegen finden sich \u00fcberall lokal angebaute Produkte, die in traditionellen L\u00e4den verkauft werden, wie dem Fischgesch\u00e4ft und dem Metzger. Der monatliche Bauernmarkt ist ein Paradies f\u00fcr Speiseliebhaber; fantastische \u00f6rtlich hergestellte K\u00e4sesorten","breadcrumb":{"@id":"https:\/\/www.urlaubcornwall.de\/blog\/wellington-urlaub-in-somerset-und-suedengland\/#breadcrumb"},"inLanguage":"en-US","potentialAction":[{"@type":"ReadAction","target":["https:\/\/www.urlaubcornwall.de\/blog\/wellington-urlaub-in-somerset-und-suedengland\/"]}]},{"@type":"BreadcrumbList","@id":"https:\/\/www.urlaubcornwall.de\/blog\/wellington-urlaub-in-somerset-und-suedengland\/#breadcrumb","itemListElement":[{"@type":"ListItem","position":1,"name":"Home","item":"https:\/\/www.urlaubcornwall.de\/blog\/"},{"@type":"ListItem","position":2,"name":"Wellington \u2013 Urlaub in Somerset und S\u00fcdengland"}]}]}},"_links":{"self":[{"href":"https:\/\/www.urlaubcornwall.de\/blog\/wp-json\/wp\/v2\/pages\/39946"}],"collection":[{"href":"https:\/\/www.urlaubcornwall.de\/blog\/wp-json\/wp\/v2\/pages"}],"about":[{"href":"https:\/\/www.urlaubcornwall.de\/blog\/wp-json\/wp\/v2\/types\/page"}],"author":[{"embeddable":true,"href":"https:\/\/www.urlaubcornwall.de\/blog\/wp-json\/wp\/v2\/users\/1"}],"replies":[{"embeddable":true,"href":"https:\/\/www.urlaubcornwall.de\/blog\/wp-json\/wp\/v2\/comments?post=39946"}],"version-history":[{"count":1,"href":"https:\/\/www.urlaubcornwall.de\/blog\/wp-json\/wp\/v2\/pages\/39946\/revisions"}],"predecessor-version":[{"id":39947,"href":"https:\/\/www.urlaubcornwall.de\/blog\/wp-json\/wp\/v2\/pages\/39946\/revisions\/39947"}],"wp:attachment":[{"href":"https:\/\/www.urlaubcornwall.de\/blog\/wp-json\/wp\/v2\/media?parent=39946"}],"curies":[{"name":"wp","href":"https:\/\/api.w.org\/{rel}","templated":true}]}}