{"id":39941,"date":"2020-04-09T14:00:13","date_gmt":"2020-04-09T14:00:13","guid":{"rendered":"https:\/\/www.urlaubcornwall.de\/blog\/?page_id=39941"},"modified":"2024-05-30T09:29:21","modified_gmt":"2024-05-30T09:29:21","slug":"withypool-urlaub-in-exmoor-und-suedengland","status":"publish","type":"page","link":"https:\/\/www.urlaubcornwall.de\/blog\/withypool-urlaub-in-exmoor-und-suedengland\/","title":{"rendered":"Withypool \u2013 Urlaub in Exmoor und S\u00fcdengland"},"content":{"rendered":"<p><a href=\"https:\/\/www.urlaubcornwall.de\/blog\/wp-content\/uploads\/2023\/06\/exmoor_nationalpark.jpg\"><img loading=\"lazy\" src=\"https:\/\/www.urlaubcornwall.de\/blog\/wp-content\/uploads\/2023\/06\/exmoor_nationalpark.jpg\" alt=\"exmoor_nationalpark\" width=\"750\" height=\"453\" class=\"alignnone size-full wp-image-46670\" srcset=\"https:\/\/www.urlaubcornwall.de\/blog\/wp-content\/uploads\/2023\/06\/exmoor_nationalpark.jpg 750w, https:\/\/www.urlaubcornwall.de\/blog\/wp-content\/uploads\/2023\/06\/exmoor_nationalpark-300x181.jpg 300w\" sizes=\"(max-width: 750px) 100vw, 750px\" \/><\/a><\/p>\n<p>Mitten in sich dahin schwingendem Moorland ist Withypool ein klassisches Exmoor Dorf unber\u00fchrter Architektur. Es hat eine h\u00fcbsche Br\u00fccke mit sechs B\u00f6gen \u00fcber den Fluss Barle.<\/p>\n<p style=\"text-align: center;\"><a class=\"tidycta\" href=\"https:\/\/www.urlaubcornwall.de\/ferienhaeuser-fewos\/eng\/nord-devon\/exmoor-national-park.html\">Ferienh\u00e4user in Withypool &#038; Exmoor<\/a><\/p>\n<p>Bei uns finden Sie Ferienh\u00e4user zum Verlieben &#8211; so einfach ist das! W\u00e4hlen Sie aus \u00fcber 1000 pers\u00f6nlich inspizierten Ferienh\u00e4usern, Cottages &#038; Ferienwohnungen in <a href=\"https:\/\/www.urlaubcornwall.de\/ferienhaeuser\/suedengland.php\">S\u00fcdengland<\/a>.<\/p>\n","protected":false},"excerpt":{"rendered":"<p>Mitten in sich dahin schwingendem Moorland ist Withypool ein klassisches Exmoor Dorf unber\u00fchrter Architektur. Es hat eine h\u00fcbsche Br\u00fccke mit sechs B\u00f6gen \u00fcber den Fluss Barle. Ferienh\u00e4user in Withypool &#038; Exmoor Bei uns finden Sie Ferienh\u00e4user zum Verlieben &#8211; so einfach ist das! W\u00e4hlen Sie aus \u00fcber 1000 pers\u00f6nlich inspizierten Ferienh\u00e4usern, Cottages &#038; Ferienwohnungen in [&hellip;]<\/p>\n","protected":false},"author":1,"featured_media":0,"parent":0,"menu_order":0,"comment_status":"closed","ping_status":"closed","template":"single-four.php","meta":[],"acf":[],"yoast_head":"<!-- This site is optimized with the Yoast SEO plugin v19.4 - https:\/\/yoast.com\/wordpress\/plugins\/seo\/ -->\n<title>Withypool \u2013 Urlaub in Exmoor und S\u00fcdengland - Urlaub &amp; Reisen<\/title>\n<meta name=\"description\" content=\"Mitten in sich dahin schwingendem Moorland ist Withypool ein klassisches Exmoor Dorf unber\u00fchrter Architektur. Es hat eine h\u00fcbsche Br\u00fccke mit sechs B\u00f6gen \u00fcber den Fluss Barle.\" \/>\n<meta name=\"robots\" content=\"index, follow, max-snippet:-1, max-image-preview:large, max-video-preview:-1\" \/>\n<link rel=\"canonical\" href=\"https:\/\/www.urlaubcornwall.de\/blog\/withypool-urlaub-in-exmoor-und-suedengland\/\" \/>\n<meta property=\"og:locale\" content=\"en_US\" \/>\n<meta property=\"og:type\" content=\"article\" \/>\n<meta property=\"og:title\" content=\"Withypool \u2013 Urlaub in Exmoor und S\u00fcdengland - Urlaub &amp; Reisen\" \/>\n<meta property=\"og:description\" content=\"Mitten in sich dahin schwingendem Moorland ist Withypool ein klassisches Exmoor Dorf unber\u00fchrter Architektur. Es hat eine h\u00fcbsche Br\u00fccke mit sechs B\u00f6gen \u00fcber den Fluss Barle.\" \/>\n<meta property=\"og:url\" content=\"https:\/\/www.urlaubcornwall.de\/blog\/withypool-urlaub-in-exmoor-und-suedengland\/\" \/>\n<meta property=\"og:site_name\" content=\"Urlaub &amp; Reisen\" \/>\n<meta property=\"article:modified_time\" content=\"2024-05-30T09:29:21+00:00\" \/>\n<meta property=\"og:image\" content=\"https:\/\/www.urlaubcornwall.de\/blog\/wp-content\/uploads\/2023\/06\/exmoor_nationalpark.jpg\" \/>\n<meta name=\"twitter:card\" content=\"summary\" \/>\n<meta name=\"twitter:label1\" content=\"Est. reading time\" \/>\n\t<meta name=\"twitter:data1\" content=\"1 minute\" \/>\n<script type=\"application\/ld+json\" class=\"yoast-schema-graph\">{\"@context\":\"https:\/\/schema.org\",\"@graph\":[{\"@type\":\"WebSite\",\"@id\":\"https:\/\/www.urlaubcornwall.de\/blog\/#website\",\"url\":\"https:\/\/www.urlaubcornwall.de\/blog\/\",\"name\":\"Urlaub &amp; Reisen\",\"description\":\"Urlaub, Reisen, Cornwall und S\u00fcdengland: eine perfekte Kombination\",\"potentialAction\":[{\"@type\":\"SearchAction\",\"target\":{\"@type\":\"EntryPoint\",\"urlTemplate\":\"https:\/\/www.urlaubcornwall.de\/blog\/?s={search_term_string}\"},\"query-input\":\"required name=search_term_string\"}],\"inLanguage\":\"en-US\"},{\"@type\":\"WebPage\",\"@id\":\"https:\/\/www.urlaubcornwall.de\/blog\/withypool-urlaub-in-exmoor-und-suedengland\/\",\"url\":\"https:\/\/www.urlaubcornwall.de\/blog\/withypool-urlaub-in-exmoor-und-suedengland\/\",\"name\":\"Withypool \u2013 Urlaub in Exmoor und S\u00fcdengland - Urlaub &amp; Reisen\",\"isPartOf\":{\"@id\":\"https:\/\/www.urlaubcornwall.de\/blog\/#website\"},\"datePublished\":\"2020-04-09T14:00:13+00:00\",\"dateModified\":\"2024-05-30T09:29:21+00:00\",\"description\":\"Mitten in sich dahin schwingendem Moorland ist Withypool ein klassisches Exmoor Dorf unber\u00fchrter Architektur. Es hat eine h\u00fcbsche Br\u00fccke mit sechs B\u00f6gen \u00fcber den Fluss Barle.\",\"breadcrumb\":{\"@id\":\"https:\/\/www.urlaubcornwall.de\/blog\/withypool-urlaub-in-exmoor-und-suedengland\/#breadcrumb\"},\"inLanguage\":\"en-US\",\"potentialAction\":[{\"@type\":\"ReadAction\",\"target\":[\"https:\/\/www.urlaubcornwall.de\/blog\/withypool-urlaub-in-exmoor-und-suedengland\/\"]}]},{\"@type\":\"BreadcrumbList\",\"@id\":\"https:\/\/www.urlaubcornwall.de\/blog\/withypool-urlaub-in-exmoor-und-suedengland\/#breadcrumb\",\"itemListElement\":[{\"@type\":\"ListItem\",\"position\":1,\"name\":\"Home\",\"item\":\"https:\/\/www.urlaubcornwall.de\/blog\/\"},{\"@type\":\"ListItem\",\"position\":2,\"name\":\"Withypool \u2013 Urlaub in Exmoor und S\u00fcdengland\"}]}]}<\/script>\n<!-- \/ Yoast SEO plugin. -->","yoast_head_json":{"title":"Withypool \u2013 Urlaub in Exmoor und S\u00fcdengland - Urlaub &amp; Reisen","description":"Mitten in sich dahin schwingendem Moorland ist Withypool ein klassisches Exmoor Dorf unber\u00fchrter Architektur. Es hat eine h\u00fcbsche Br\u00fccke mit sechs B\u00f6gen \u00fcber den Fluss Barle.","robots":{"index":"index","follow":"follow","max-snippet":"max-snippet:-1","max-image-preview":"max-image-preview:large","max-video-preview":"max-video-preview:-1"},"canonical":"https:\/\/www.urlaubcornwall.de\/blog\/withypool-urlaub-in-exmoor-und-suedengland\/","og_locale":"en_US","og_type":"article","og_title":"Withypool \u2013 Urlaub in Exmoor und S\u00fcdengland - Urlaub &amp; Reisen","og_description":"Mitten in sich dahin schwingendem Moorland ist Withypool ein klassisches Exmoor Dorf unber\u00fchrter Architektur. Es hat eine h\u00fcbsche Br\u00fccke mit sechs B\u00f6gen \u00fcber den Fluss Barle.","og_url":"https:\/\/www.urlaubcornwall.de\/blog\/withypool-urlaub-in-exmoor-und-suedengland\/","og_site_name":"Urlaub &amp; Reisen","article_modified_time":"2024-05-30T09:29:21+00:00","og_image":[{"url":"https:\/\/www.urlaubcornwall.de\/blog\/wp-content\/uploads\/2023\/06\/exmoor_nationalpark.jpg"}],"twitter_card":"summary","twitter_misc":{"Est. reading time":"1 minute"},"schema":{"@context":"https:\/\/schema.org","@graph":[{"@type":"WebSite","@id":"https:\/\/www.urlaubcornwall.de\/blog\/#website","url":"https:\/\/www.urlaubcornwall.de\/blog\/","name":"Urlaub &amp; Reisen","description":"Urlaub, Reisen, Cornwall und S\u00fcdengland: eine perfekte Kombination","potentialAction":[{"@type":"SearchAction","target":{"@type":"EntryPoint","urlTemplate":"https:\/\/www.urlaubcornwall.de\/blog\/?s={search_term_string}"},"query-input":"required name=search_term_string"}],"inLanguage":"en-US"},{"@type":"WebPage","@id":"https:\/\/www.urlaubcornwall.de\/blog\/withypool-urlaub-in-exmoor-und-suedengland\/","url":"https:\/\/www.urlaubcornwall.de\/blog\/withypool-urlaub-in-exmoor-und-suedengland\/","name":"Withypool \u2013 Urlaub in Exmoor und S\u00fcdengland - Urlaub &amp; Reisen","isPartOf":{"@id":"https:\/\/www.urlaubcornwall.de\/blog\/#website"},"datePublished":"2020-04-09T14:00:13+00:00","dateModified":"2024-05-30T09:29:21+00:00","description":"Mitten in sich dahin schwingendem Moorland ist Withypool ein klassisches Exmoor Dorf unber\u00fchrter Architektur. Es hat eine h\u00fcbsche Br\u00fccke mit sechs B\u00f6gen \u00fcber den Fluss Barle.","breadcrumb":{"@id":"https:\/\/www.urlaubcornwall.de\/blog\/withypool-urlaub-in-exmoor-und-suedengland\/#breadcrumb"},"inLanguage":"en-US","potentialAction":[{"@type":"ReadAction","target":["https:\/\/www.urlaubcornwall.de\/blog\/withypool-urlaub-in-exmoor-und-suedengland\/"]}]},{"@type":"BreadcrumbList","@id":"https:\/\/www.urlaubcornwall.de\/blog\/withypool-urlaub-in-exmoor-und-suedengland\/#breadcrumb","itemListElement":[{"@type":"ListItem","position":1,"name":"Home","item":"https:\/\/www.urlaubcornwall.de\/blog\/"},{"@type":"ListItem","position":2,"name":"Withypool \u2013 Urlaub in Exmoor und S\u00fcdengland"}]}]}},"_links":{"self":[{"href":"https:\/\/www.urlaubcornwall.de\/blog\/wp-json\/wp\/v2\/pages\/39941"}],"collection":[{"href":"https:\/\/www.urlaubcornwall.de\/blog\/wp-json\/wp\/v2\/pages"}],"about":[{"href":"https:\/\/www.urlaubcornwall.de\/blog\/wp-json\/wp\/v2\/types\/page"}],"author":[{"embeddable":true,"href":"https:\/\/www.urlaubcornwall.de\/blog\/wp-json\/wp\/v2\/users\/1"}],"replies":[{"embeddable":true,"href":"https:\/\/www.urlaubcornwall.de\/blog\/wp-json\/wp\/v2\/comments?post=39941"}],"version-history":[{"count":3,"href":"https:\/\/www.urlaubcornwall.de\/blog\/wp-json\/wp\/v2\/pages\/39941\/revisions"}],"predecessor-version":[{"id":50881,"href":"https:\/\/www.urlaubcornwall.de\/blog\/wp-json\/wp\/v2\/pages\/39941\/revisions\/50881"}],"wp:attachment":[{"href":"https:\/\/www.urlaubcornwall.de\/blog\/wp-json\/wp\/v2\/media?parent=39941"}],"curies":[{"name":"wp","href":"https:\/\/api.w.org\/{rel}","templated":true}]}}