{"id":39937,"date":"2020-04-09T13:54:41","date_gmt":"2020-04-09T13:54:41","guid":{"rendered":"https:\/\/www.urlaubcornwall.de\/blog\/?page_id=39937"},"modified":"2024-05-30T12:28:07","modified_gmt":"2024-05-30T12:28:07","slug":"weston-super-mare-urlaub-in-somerset-und-suedengland-am-meer","status":"publish","type":"page","link":"https:\/\/www.urlaubcornwall.de\/blog\/weston-super-mare-urlaub-in-somerset-und-suedengland-am-meer\/","title":{"rendered":"Weston Super Mare \u2013 Urlaub in Somerset und S\u00fcdengland am Meer"},"content":{"rendered":"<p><a href=\"https:\/\/www.urlaubcornwall.de\/blog\/wp-content\/uploads\/2024\/05\/weston-super-mare.jpg\"><img loading=\"lazy\" src=\"https:\/\/www.urlaubcornwall.de\/blog\/wp-content\/uploads\/2024\/05\/weston-super-mare.jpg\" alt=\"weston super mare\" width=\"750\" height=\"500\" class=\"alignnone size-full wp-image-51023\" srcset=\"https:\/\/www.urlaubcornwall.de\/blog\/wp-content\/uploads\/2024\/05\/weston-super-mare.jpg 750w, https:\/\/www.urlaubcornwall.de\/blog\/wp-content\/uploads\/2024\/05\/weston-super-mare-300x200.jpg 300w\" sizes=\"(max-width: 750px) 100vw, 750px\" \/><\/a><br \/>\nMeilenweite Sandstr\u00e4nde und eine Promenade mit Blick \u00fcber den \u00c4rmelkanal samt traditioneller Aktivit\u00e4ten, einschlie\u00dflich Eselsritten! Nach dreij\u00e4hriger Restauration der Promenade und des Piers sind diese nun ge\u00f6ffnet und bieten eine Menge zu sehen und zu tun.<\/p>\n<p style=\"text-align: center;\"><a class=\"tidycta\" href=\"https:\/\/www.urlaubcornwall.de\/ferienhaeuser-fewos\/eng\/somerset\/weston-super-mare.html\">Ferienh\u00e4user in Weston-Super-Mare<\/a><\/p>\n<p>Bei uns finden Sie Ferienh\u00e4user zum Verlieben &#8211; so einfach ist das! W\u00e4hlen Sie aus \u00fcber 1000 pers\u00f6nlich inspizierten Ferienh\u00e4usern, Cottages &#038; Ferienwohnungen in <a href=\"https:\/\/www.urlaubcornwall.de\/ferienhaeuser\/suedengland.php\">S\u00fcdengland<\/a>.<\/p>\n","protected":false},"excerpt":{"rendered":"<p>Meilenweite Sandstr\u00e4nde und eine Promenade mit Blick \u00fcber den \u00c4rmelkanal samt traditioneller Aktivit\u00e4ten, einschlie\u00dflich Eselsritten! Nach dreij\u00e4hriger Restauration der Promenade und des Piers sind diese nun ge\u00f6ffnet und bieten eine Menge zu sehen und zu tun. Ferienh\u00e4user in Weston-Super-Mare Bei uns finden Sie Ferienh\u00e4user zum Verlieben &#8211; so einfach ist das! W\u00e4hlen Sie aus \u00fcber [&hellip;]<\/p>\n","protected":false},"author":1,"featured_media":0,"parent":0,"menu_order":0,"comment_status":"closed","ping_status":"closed","template":"single-four.php","meta":[],"acf":[],"yoast_head":"<!-- This site is optimized with the Yoast SEO plugin v19.4 - https:\/\/yoast.com\/wordpress\/plugins\/seo\/ -->\n<title>Weston Super Mare \u2013 Urlaub in Somerset und S\u00fcdengland am Meer - Urlaub &amp; Reisen<\/title>\n<meta name=\"description\" content=\"Meilenweite Sandstr\u00e4nde und eine Promenade mit Blick \u00fcber den \u00c4rmelkanal samt traditioneller Aktivit\u00e4ten, einschlie\u00dflich Eselsritten! Nach dreij\u00e4hriger Restauration der Promenade und des Piers sind diese nun ge\u00f6ffnet und bieten eine Menge zu sehen und zu tun.\" \/>\n<meta name=\"robots\" content=\"index, follow, max-snippet:-1, max-image-preview:large, max-video-preview:-1\" \/>\n<link rel=\"canonical\" href=\"https:\/\/www.urlaubcornwall.de\/blog\/weston-super-mare-urlaub-in-somerset-und-suedengland-am-meer\/\" \/>\n<meta property=\"og:locale\" content=\"en_US\" \/>\n<meta property=\"og:type\" content=\"article\" \/>\n<meta property=\"og:title\" content=\"Weston Super Mare \u2013 Urlaub in Somerset und S\u00fcdengland am Meer - Urlaub &amp; Reisen\" \/>\n<meta property=\"og:description\" content=\"Meilenweite Sandstr\u00e4nde und eine Promenade mit Blick \u00fcber den \u00c4rmelkanal samt traditioneller Aktivit\u00e4ten, einschlie\u00dflich Eselsritten! Nach dreij\u00e4hriger Restauration der Promenade und des Piers sind diese nun ge\u00f6ffnet und bieten eine Menge zu sehen und zu tun.\" \/>\n<meta property=\"og:url\" content=\"https:\/\/www.urlaubcornwall.de\/blog\/weston-super-mare-urlaub-in-somerset-und-suedengland-am-meer\/\" \/>\n<meta property=\"og:site_name\" content=\"Urlaub &amp; Reisen\" \/>\n<meta property=\"article:modified_time\" content=\"2024-05-30T12:28:07+00:00\" \/>\n<meta property=\"og:image\" content=\"https:\/\/www.urlaubcornwall.de\/blog\/wp-content\/uploads\/2024\/05\/weston-super-mare.jpg\" \/>\n<meta name=\"twitter:card\" content=\"summary\" \/>\n<meta name=\"twitter:label1\" content=\"Est. reading time\" \/>\n\t<meta name=\"twitter:data1\" content=\"1 minute\" \/>\n<script type=\"application\/ld+json\" class=\"yoast-schema-graph\">{\"@context\":\"https:\/\/schema.org\",\"@graph\":[{\"@type\":\"WebSite\",\"@id\":\"https:\/\/www.urlaubcornwall.de\/blog\/#website\",\"url\":\"https:\/\/www.urlaubcornwall.de\/blog\/\",\"name\":\"Urlaub &amp; Reisen\",\"description\":\"Urlaub, Reisen, Cornwall und S\u00fcdengland: eine perfekte Kombination\",\"potentialAction\":[{\"@type\":\"SearchAction\",\"target\":{\"@type\":\"EntryPoint\",\"urlTemplate\":\"https:\/\/www.urlaubcornwall.de\/blog\/?s={search_term_string}\"},\"query-input\":\"required name=search_term_string\"}],\"inLanguage\":\"en-US\"},{\"@type\":\"WebPage\",\"@id\":\"https:\/\/www.urlaubcornwall.de\/blog\/weston-super-mare-urlaub-in-somerset-und-suedengland-am-meer\/\",\"url\":\"https:\/\/www.urlaubcornwall.de\/blog\/weston-super-mare-urlaub-in-somerset-und-suedengland-am-meer\/\",\"name\":\"Weston Super Mare \u2013 Urlaub in Somerset und S\u00fcdengland am Meer - Urlaub &amp; Reisen\",\"isPartOf\":{\"@id\":\"https:\/\/www.urlaubcornwall.de\/blog\/#website\"},\"datePublished\":\"2020-04-09T13:54:41+00:00\",\"dateModified\":\"2024-05-30T12:28:07+00:00\",\"description\":\"Meilenweite Sandstr\u00e4nde und eine Promenade mit Blick \u00fcber den \u00c4rmelkanal samt traditioneller Aktivit\u00e4ten, einschlie\u00dflich Eselsritten! Nach dreij\u00e4hriger Restauration der Promenade und des Piers sind diese nun ge\u00f6ffnet und bieten eine Menge zu sehen und zu tun.\",\"breadcrumb\":{\"@id\":\"https:\/\/www.urlaubcornwall.de\/blog\/weston-super-mare-urlaub-in-somerset-und-suedengland-am-meer\/#breadcrumb\"},\"inLanguage\":\"en-US\",\"potentialAction\":[{\"@type\":\"ReadAction\",\"target\":[\"https:\/\/www.urlaubcornwall.de\/blog\/weston-super-mare-urlaub-in-somerset-und-suedengland-am-meer\/\"]}]},{\"@type\":\"BreadcrumbList\",\"@id\":\"https:\/\/www.urlaubcornwall.de\/blog\/weston-super-mare-urlaub-in-somerset-und-suedengland-am-meer\/#breadcrumb\",\"itemListElement\":[{\"@type\":\"ListItem\",\"position\":1,\"name\":\"Home\",\"item\":\"https:\/\/www.urlaubcornwall.de\/blog\/\"},{\"@type\":\"ListItem\",\"position\":2,\"name\":\"Weston Super Mare \u2013 Urlaub in Somerset und S\u00fcdengland am Meer\"}]}]}<\/script>\n<!-- \/ Yoast SEO plugin. -->","yoast_head_json":{"title":"Weston Super Mare \u2013 Urlaub in Somerset und S\u00fcdengland am Meer - Urlaub &amp; Reisen","description":"Meilenweite Sandstr\u00e4nde und eine Promenade mit Blick \u00fcber den \u00c4rmelkanal samt traditioneller Aktivit\u00e4ten, einschlie\u00dflich Eselsritten! Nach dreij\u00e4hriger Restauration der Promenade und des Piers sind diese nun ge\u00f6ffnet und bieten eine Menge zu sehen und zu tun.","robots":{"index":"index","follow":"follow","max-snippet":"max-snippet:-1","max-image-preview":"max-image-preview:large","max-video-preview":"max-video-preview:-1"},"canonical":"https:\/\/www.urlaubcornwall.de\/blog\/weston-super-mare-urlaub-in-somerset-und-suedengland-am-meer\/","og_locale":"en_US","og_type":"article","og_title":"Weston Super Mare \u2013 Urlaub in Somerset und S\u00fcdengland am Meer - Urlaub &amp; Reisen","og_description":"Meilenweite Sandstr\u00e4nde und eine Promenade mit Blick \u00fcber den \u00c4rmelkanal samt traditioneller Aktivit\u00e4ten, einschlie\u00dflich Eselsritten! Nach dreij\u00e4hriger Restauration der Promenade und des Piers sind diese nun ge\u00f6ffnet und bieten eine Menge zu sehen und zu tun.","og_url":"https:\/\/www.urlaubcornwall.de\/blog\/weston-super-mare-urlaub-in-somerset-und-suedengland-am-meer\/","og_site_name":"Urlaub &amp; Reisen","article_modified_time":"2024-05-30T12:28:07+00:00","og_image":[{"url":"https:\/\/www.urlaubcornwall.de\/blog\/wp-content\/uploads\/2024\/05\/weston-super-mare.jpg"}],"twitter_card":"summary","twitter_misc":{"Est. reading time":"1 minute"},"schema":{"@context":"https:\/\/schema.org","@graph":[{"@type":"WebSite","@id":"https:\/\/www.urlaubcornwall.de\/blog\/#website","url":"https:\/\/www.urlaubcornwall.de\/blog\/","name":"Urlaub &amp; Reisen","description":"Urlaub, Reisen, Cornwall und S\u00fcdengland: eine perfekte Kombination","potentialAction":[{"@type":"SearchAction","target":{"@type":"EntryPoint","urlTemplate":"https:\/\/www.urlaubcornwall.de\/blog\/?s={search_term_string}"},"query-input":"required name=search_term_string"}],"inLanguage":"en-US"},{"@type":"WebPage","@id":"https:\/\/www.urlaubcornwall.de\/blog\/weston-super-mare-urlaub-in-somerset-und-suedengland-am-meer\/","url":"https:\/\/www.urlaubcornwall.de\/blog\/weston-super-mare-urlaub-in-somerset-und-suedengland-am-meer\/","name":"Weston Super Mare \u2013 Urlaub in Somerset und S\u00fcdengland am Meer - Urlaub &amp; Reisen","isPartOf":{"@id":"https:\/\/www.urlaubcornwall.de\/blog\/#website"},"datePublished":"2020-04-09T13:54:41+00:00","dateModified":"2024-05-30T12:28:07+00:00","description":"Meilenweite Sandstr\u00e4nde und eine Promenade mit Blick \u00fcber den \u00c4rmelkanal samt traditioneller Aktivit\u00e4ten, einschlie\u00dflich Eselsritten! Nach dreij\u00e4hriger Restauration der Promenade und des Piers sind diese nun ge\u00f6ffnet und bieten eine Menge zu sehen und zu tun.","breadcrumb":{"@id":"https:\/\/www.urlaubcornwall.de\/blog\/weston-super-mare-urlaub-in-somerset-und-suedengland-am-meer\/#breadcrumb"},"inLanguage":"en-US","potentialAction":[{"@type":"ReadAction","target":["https:\/\/www.urlaubcornwall.de\/blog\/weston-super-mare-urlaub-in-somerset-und-suedengland-am-meer\/"]}]},{"@type":"BreadcrumbList","@id":"https:\/\/www.urlaubcornwall.de\/blog\/weston-super-mare-urlaub-in-somerset-und-suedengland-am-meer\/#breadcrumb","itemListElement":[{"@type":"ListItem","position":1,"name":"Home","item":"https:\/\/www.urlaubcornwall.de\/blog\/"},{"@type":"ListItem","position":2,"name":"Weston Super Mare \u2013 Urlaub in Somerset und S\u00fcdengland am Meer"}]}]}},"_links":{"self":[{"href":"https:\/\/www.urlaubcornwall.de\/blog\/wp-json\/wp\/v2\/pages\/39937"}],"collection":[{"href":"https:\/\/www.urlaubcornwall.de\/blog\/wp-json\/wp\/v2\/pages"}],"about":[{"href":"https:\/\/www.urlaubcornwall.de\/blog\/wp-json\/wp\/v2\/types\/page"}],"author":[{"embeddable":true,"href":"https:\/\/www.urlaubcornwall.de\/blog\/wp-json\/wp\/v2\/users\/1"}],"replies":[{"embeddable":true,"href":"https:\/\/www.urlaubcornwall.de\/blog\/wp-json\/wp\/v2\/comments?post=39937"}],"version-history":[{"count":2,"href":"https:\/\/www.urlaubcornwall.de\/blog\/wp-json\/wp\/v2\/pages\/39937\/revisions"}],"predecessor-version":[{"id":51027,"href":"https:\/\/www.urlaubcornwall.de\/blog\/wp-json\/wp\/v2\/pages\/39937\/revisions\/51027"}],"wp:attachment":[{"href":"https:\/\/www.urlaubcornwall.de\/blog\/wp-json\/wp\/v2\/media?parent=39937"}],"curies":[{"name":"wp","href":"https:\/\/api.w.org\/{rel}","templated":true}]}}