{"id":39931,"date":"2020-04-09T13:48:19","date_gmt":"2020-04-09T13:48:19","guid":{"rendered":"https:\/\/www.urlaubcornwall.de\/blog\/?page_id=39931"},"modified":"2020-04-09T13:48:19","modified_gmt":"2020-04-09T13:48:19","slug":"watchet-urlaub-in-somerset-und-suedengland","status":"publish","type":"page","link":"https:\/\/www.urlaubcornwall.de\/blog\/watchet-urlaub-in-somerset-und-suedengland\/","title":{"rendered":"Watchet \u2013 Urlaub in Somerset und S\u00fcdengland"},"content":{"rendered":"<p><img loading=\"lazy\" class=\"aligncenter size-full wp-image-39933\" src=\"https:\/\/www.urlaubcornwall.de\/blog\/wp-content\/uploads\/2020\/04\/whachet_urlaub_somerset-1.jpg\" alt=\"whachet_urlaub_somerset\" width=\"750\" height=\"500\" srcset=\"https:\/\/www.urlaubcornwall.de\/blog\/wp-content\/uploads\/2020\/04\/whachet_urlaub_somerset-1.jpg 750w, https:\/\/www.urlaubcornwall.de\/blog\/wp-content\/uploads\/2020\/04\/whachet_urlaub_somerset-1-300x200.jpg 300w\" sizes=\"(max-width: 750px) 100vw, 750px\" \/><\/p>\n<p>Der K<a href=\"https:\/\/www.urlaubcornwall.de\/ferienhaeuser-fewos\/eng\/somerset\/somerset.html\">\u00fcste Somersets<\/a> entlang von der gr\u00f6\u00dferen und bekannteren Schwesterstadt Minehead aus ist Watchet eine ruhige kleine Hafenstadt mit langer Seefahrtsgeschichte. Die Quantock H\u00fcgel erheben sich hinter Watchet, und Str\u00e4nde umgeben die Stadt im Osten und Westen und bieten jede Menge M\u00f6glichkeiten f\u00fcr Wassersportarten, wie auch zum Radfahren, Wandern und Reiten. Die West- Somerset- Bahnstrecke, die durch Watchet f\u00fchrt, besticht durch ihre Z\u00fcge, die allesamt klassische Dampflokomotiven haben.<\/p>\n<p style=\"text-align: center;\"><a class=\"tidycta\" href=\"https:\/\/www.urlaubcornwall.de\/ferienhaeuser-fewos\/eng\/somerset\/watchet.html\">Ferienh\u00e4user in Watchet <\/a><\/p>\n<p>Bei uns finden Sie Ferienh\u00e4user zum Verlieben &#8211; so einfach ist das! W\u00e4hlen Sie aus \u00fcber 1000 pers\u00f6nlich inspizierten Ferienh\u00e4usern, Cottages &#038; Ferienwohnungen in <a href=\"https:\/\/www.urlaubcornwall.de\/ferienhaeuser\/suedengland.php\">S\u00fcdengland<\/a>.<\/p>\n","protected":false},"excerpt":{"rendered":"<p>Der K\u00fcste Somersets entlang von der gr\u00f6\u00dferen und bekannteren Schwesterstadt Minehead aus ist Watchet eine ruhige kleine Hafenstadt mit langer Seefahrtsgeschichte. Die Quantock H\u00fcgel erheben sich hinter Watchet, und Str\u00e4nde umgeben die Stadt im Osten und Westen und bieten jede Menge M\u00f6glichkeiten f\u00fcr Wassersportarten, wie auch zum Radfahren, Wandern und Reiten. Die West- Somerset- Bahnstrecke, [&hellip;]<\/p>\n","protected":false},"author":1,"featured_media":0,"parent":0,"menu_order":0,"comment_status":"closed","ping_status":"closed","template":"single-four.php","meta":[],"acf":[],"yoast_head":"<!-- This site is optimized with the Yoast SEO plugin v19.4 - https:\/\/yoast.com\/wordpress\/plugins\/seo\/ -->\n<title>Watchet \u2013 Urlaub in Somerset und S\u00fcdengland - Urlaub &amp; Reisen<\/title>\n<meta name=\"description\" content=\"Der K\u00fcste Somersets entlang von der gr\u00f6\u00dferen und bekannteren Schwesterstadt Minehead aus ist Watchet eine ruhige kleine Hafenstadt mit langer Seefahrtsgeschichte. Die Quantock H\u00fcgel erheben sich hinter Watchet, und Str\u00e4nde umgeben die Stadt im Osten und Westen und bieten jede Menge M\u00f6glichkeiten f\u00fcr Wassersportarten, wie auch zum Radfahren\" \/>\n<meta name=\"robots\" content=\"index, follow, max-snippet:-1, max-image-preview:large, max-video-preview:-1\" \/>\n<link rel=\"canonical\" href=\"https:\/\/www.urlaubcornwall.de\/blog\/watchet-urlaub-in-somerset-und-suedengland\/\" \/>\n<meta property=\"og:locale\" content=\"en_US\" \/>\n<meta property=\"og:type\" content=\"article\" \/>\n<meta property=\"og:title\" content=\"Watchet \u2013 Urlaub in Somerset und S\u00fcdengland - Urlaub &amp; Reisen\" \/>\n<meta property=\"og:description\" content=\"Der K\u00fcste Somersets entlang von der gr\u00f6\u00dferen und bekannteren Schwesterstadt Minehead aus ist Watchet eine ruhige kleine Hafenstadt mit langer Seefahrtsgeschichte. Die Quantock H\u00fcgel erheben sich hinter Watchet, und Str\u00e4nde umgeben die Stadt im Osten und Westen und bieten jede Menge M\u00f6glichkeiten f\u00fcr Wassersportarten, wie auch zum Radfahren\" \/>\n<meta property=\"og:url\" content=\"https:\/\/www.urlaubcornwall.de\/blog\/watchet-urlaub-in-somerset-und-suedengland\/\" \/>\n<meta property=\"og:site_name\" content=\"Urlaub &amp; Reisen\" \/>\n<meta property=\"og:image\" content=\"https:\/\/www.urlaubcornwall.de\/blog\/wp-content\/uploads\/2020\/04\/whachet_urlaub_somerset-1.jpg\" \/>\n<meta name=\"twitter:card\" content=\"summary\" \/>\n<meta name=\"twitter:label1\" content=\"Est. reading time\" \/>\n\t<meta name=\"twitter:data1\" content=\"1 minute\" \/>\n<script type=\"application\/ld+json\" class=\"yoast-schema-graph\">{\"@context\":\"https:\/\/schema.org\",\"@graph\":[{\"@type\":\"WebSite\",\"@id\":\"https:\/\/www.urlaubcornwall.de\/blog\/#website\",\"url\":\"https:\/\/www.urlaubcornwall.de\/blog\/\",\"name\":\"Urlaub &amp; Reisen\",\"description\":\"Urlaub, Reisen, Cornwall und S\u00fcdengland: eine perfekte Kombination\",\"potentialAction\":[{\"@type\":\"SearchAction\",\"target\":{\"@type\":\"EntryPoint\",\"urlTemplate\":\"https:\/\/www.urlaubcornwall.de\/blog\/?s={search_term_string}\"},\"query-input\":\"required name=search_term_string\"}],\"inLanguage\":\"en-US\"},{\"@type\":\"WebPage\",\"@id\":\"https:\/\/www.urlaubcornwall.de\/blog\/watchet-urlaub-in-somerset-und-suedengland\/\",\"url\":\"https:\/\/www.urlaubcornwall.de\/blog\/watchet-urlaub-in-somerset-und-suedengland\/\",\"name\":\"Watchet \u2013 Urlaub in Somerset und S\u00fcdengland - Urlaub &amp; Reisen\",\"isPartOf\":{\"@id\":\"https:\/\/www.urlaubcornwall.de\/blog\/#website\"},\"datePublished\":\"2020-04-09T13:48:19+00:00\",\"dateModified\":\"2020-04-09T13:48:19+00:00\",\"description\":\"Der K\u00fcste Somersets entlang von der gr\u00f6\u00dferen und bekannteren Schwesterstadt Minehead aus ist Watchet eine ruhige kleine Hafenstadt mit langer Seefahrtsgeschichte. Die Quantock H\u00fcgel erheben sich hinter Watchet, und Str\u00e4nde umgeben die Stadt im Osten und Westen und bieten jede Menge M\u00f6glichkeiten f\u00fcr Wassersportarten, wie auch zum Radfahren\",\"breadcrumb\":{\"@id\":\"https:\/\/www.urlaubcornwall.de\/blog\/watchet-urlaub-in-somerset-und-suedengland\/#breadcrumb\"},\"inLanguage\":\"en-US\",\"potentialAction\":[{\"@type\":\"ReadAction\",\"target\":[\"https:\/\/www.urlaubcornwall.de\/blog\/watchet-urlaub-in-somerset-und-suedengland\/\"]}]},{\"@type\":\"BreadcrumbList\",\"@id\":\"https:\/\/www.urlaubcornwall.de\/blog\/watchet-urlaub-in-somerset-und-suedengland\/#breadcrumb\",\"itemListElement\":[{\"@type\":\"ListItem\",\"position\":1,\"name\":\"Home\",\"item\":\"https:\/\/www.urlaubcornwall.de\/blog\/\"},{\"@type\":\"ListItem\",\"position\":2,\"name\":\"Watchet \u2013 Urlaub in Somerset und S\u00fcdengland\"}]}]}<\/script>\n<!-- \/ Yoast SEO plugin. -->","yoast_head_json":{"title":"Watchet \u2013 Urlaub in Somerset und S\u00fcdengland - Urlaub &amp; Reisen","description":"Der K\u00fcste Somersets entlang von der gr\u00f6\u00dferen und bekannteren Schwesterstadt Minehead aus ist Watchet eine ruhige kleine Hafenstadt mit langer Seefahrtsgeschichte. Die Quantock H\u00fcgel erheben sich hinter Watchet, und Str\u00e4nde umgeben die Stadt im Osten und Westen und bieten jede Menge M\u00f6glichkeiten f\u00fcr Wassersportarten, wie auch zum Radfahren","robots":{"index":"index","follow":"follow","max-snippet":"max-snippet:-1","max-image-preview":"max-image-preview:large","max-video-preview":"max-video-preview:-1"},"canonical":"https:\/\/www.urlaubcornwall.de\/blog\/watchet-urlaub-in-somerset-und-suedengland\/","og_locale":"en_US","og_type":"article","og_title":"Watchet \u2013 Urlaub in Somerset und S\u00fcdengland - Urlaub &amp; Reisen","og_description":"Der K\u00fcste Somersets entlang von der gr\u00f6\u00dferen und bekannteren Schwesterstadt Minehead aus ist Watchet eine ruhige kleine Hafenstadt mit langer Seefahrtsgeschichte. Die Quantock H\u00fcgel erheben sich hinter Watchet, und Str\u00e4nde umgeben die Stadt im Osten und Westen und bieten jede Menge M\u00f6glichkeiten f\u00fcr Wassersportarten, wie auch zum Radfahren","og_url":"https:\/\/www.urlaubcornwall.de\/blog\/watchet-urlaub-in-somerset-und-suedengland\/","og_site_name":"Urlaub &amp; Reisen","og_image":[{"url":"https:\/\/www.urlaubcornwall.de\/blog\/wp-content\/uploads\/2020\/04\/whachet_urlaub_somerset-1.jpg"}],"twitter_card":"summary","twitter_misc":{"Est. reading time":"1 minute"},"schema":{"@context":"https:\/\/schema.org","@graph":[{"@type":"WebSite","@id":"https:\/\/www.urlaubcornwall.de\/blog\/#website","url":"https:\/\/www.urlaubcornwall.de\/blog\/","name":"Urlaub &amp; Reisen","description":"Urlaub, Reisen, Cornwall und S\u00fcdengland: eine perfekte Kombination","potentialAction":[{"@type":"SearchAction","target":{"@type":"EntryPoint","urlTemplate":"https:\/\/www.urlaubcornwall.de\/blog\/?s={search_term_string}"},"query-input":"required name=search_term_string"}],"inLanguage":"en-US"},{"@type":"WebPage","@id":"https:\/\/www.urlaubcornwall.de\/blog\/watchet-urlaub-in-somerset-und-suedengland\/","url":"https:\/\/www.urlaubcornwall.de\/blog\/watchet-urlaub-in-somerset-und-suedengland\/","name":"Watchet \u2013 Urlaub in Somerset und S\u00fcdengland - Urlaub &amp; Reisen","isPartOf":{"@id":"https:\/\/www.urlaubcornwall.de\/blog\/#website"},"datePublished":"2020-04-09T13:48:19+00:00","dateModified":"2020-04-09T13:48:19+00:00","description":"Der K\u00fcste Somersets entlang von der gr\u00f6\u00dferen und bekannteren Schwesterstadt Minehead aus ist Watchet eine ruhige kleine Hafenstadt mit langer Seefahrtsgeschichte. Die Quantock H\u00fcgel erheben sich hinter Watchet, und Str\u00e4nde umgeben die Stadt im Osten und Westen und bieten jede Menge M\u00f6glichkeiten f\u00fcr Wassersportarten, wie auch zum Radfahren","breadcrumb":{"@id":"https:\/\/www.urlaubcornwall.de\/blog\/watchet-urlaub-in-somerset-und-suedengland\/#breadcrumb"},"inLanguage":"en-US","potentialAction":[{"@type":"ReadAction","target":["https:\/\/www.urlaubcornwall.de\/blog\/watchet-urlaub-in-somerset-und-suedengland\/"]}]},{"@type":"BreadcrumbList","@id":"https:\/\/www.urlaubcornwall.de\/blog\/watchet-urlaub-in-somerset-und-suedengland\/#breadcrumb","itemListElement":[{"@type":"ListItem","position":1,"name":"Home","item":"https:\/\/www.urlaubcornwall.de\/blog\/"},{"@type":"ListItem","position":2,"name":"Watchet \u2013 Urlaub in Somerset und S\u00fcdengland"}]}]}},"_links":{"self":[{"href":"https:\/\/www.urlaubcornwall.de\/blog\/wp-json\/wp\/v2\/pages\/39931"}],"collection":[{"href":"https:\/\/www.urlaubcornwall.de\/blog\/wp-json\/wp\/v2\/pages"}],"about":[{"href":"https:\/\/www.urlaubcornwall.de\/blog\/wp-json\/wp\/v2\/types\/page"}],"author":[{"embeddable":true,"href":"https:\/\/www.urlaubcornwall.de\/blog\/wp-json\/wp\/v2\/users\/1"}],"replies":[{"embeddable":true,"href":"https:\/\/www.urlaubcornwall.de\/blog\/wp-json\/wp\/v2\/comments?post=39931"}],"version-history":[{"count":1,"href":"https:\/\/www.urlaubcornwall.de\/blog\/wp-json\/wp\/v2\/pages\/39931\/revisions"}],"predecessor-version":[{"id":39934,"href":"https:\/\/www.urlaubcornwall.de\/blog\/wp-json\/wp\/v2\/pages\/39931\/revisions\/39934"}],"wp:attachment":[{"href":"https:\/\/www.urlaubcornwall.de\/blog\/wp-json\/wp\/v2\/media?parent=39931"}],"curies":[{"name":"wp","href":"https:\/\/api.w.org\/{rel}","templated":true}]}}