{"id":39928,"date":"2020-04-09T13:43:40","date_gmt":"2020-04-09T13:43:40","guid":{"rendered":"https:\/\/www.urlaubcornwall.de\/blog\/?page_id=39928"},"modified":"2020-04-09T13:43:40","modified_gmt":"2020-04-09T13:43:40","slug":"taunton-urlaub-in-somerset-und-suedengland","status":"publish","type":"page","link":"https:\/\/www.urlaubcornwall.de\/blog\/taunton-urlaub-in-somerset-und-suedengland\/","title":{"rendered":"Taunton \u2013 Urlaub in Somerset und S\u00fcdengland"},"content":{"rendered":"<p><img loading=\"lazy\" class=\"aligncenter size-full wp-image-39929\" src=\"https:\/\/www.urlaubcornwall.de\/blog\/wp-content\/uploads\/2020\/04\/taunton_urlaub.jpg\" alt=\"taunton_urlaub\" width=\"750\" height=\"500\" srcset=\"https:\/\/www.urlaubcornwall.de\/blog\/wp-content\/uploads\/2020\/04\/taunton_urlaub.jpg 750w, https:\/\/www.urlaubcornwall.de\/blog\/wp-content\/uploads\/2020\/04\/taunton_urlaub-300x200.jpg 300w\" sizes=\"(max-width: 750px) 100vw, 750px\" \/><\/p>\n<p>Taunton ist <a href=\"https:\/\/www.urlaubcornwall.de\/ferienhaeuser-fewos\/eng\/somerset\/somerset.html\">Somersets<\/a> Hauptstadt und verf\u00fcgt \u00fcber all die Einkaufs-\/Speise- und Freizeitm\u00f6glichkeiten, die Sie von einem gesch\u00e4ftigen Stadtzentrum erwarten k\u00f6nnen. Spazieren Sie ein St\u00fcckchen weg von der Haupteinkaufsstra\u00dfe, so werden Sie enge G\u00e4sschen finden, die von wundervollen alten Geb\u00e4uden umrahmt werden, viktorianische Font\u00e4nen und h\u00fcbschen Parkanlagen, die Sie durch herrliche schmiedeeiserne Tore betreten. Die Burg jedoch ist der H\u00f6hepunkt \u2013 ein wundersch\u00f6n restauriertes Zeugnis der Sachsenzeit und heute Grafschaftsmuseum Somersets.<\/p>\n<p style=\"text-align: center;\"><a class=\"tidycta\" href=\"https:\/\/www.urlaubcornwall.de\/ferienhaeuser-fewos\/eng\/somerset\/taunton.html\">Ferienh\u00e4user in Taunton<\/a><\/p>\n<p>Bei uns finden Sie Ferienh\u00e4user zum Verlieben &#8211; so einfach ist das! W\u00e4hlen Sie aus \u00fcber 1000 pers\u00f6nlich inspizierten Ferienh\u00e4usern, Cottages &#038; Ferienwohnungen in <a href=\"https:\/\/www.urlaubcornwall.de\/ferienhaeuser\/suedengland.php\">S\u00fcdengland<\/a>.<\/p>\n","protected":false},"excerpt":{"rendered":"<p>Taunton ist Somersets Hauptstadt und verf\u00fcgt \u00fcber all die Einkaufs-\/Speise- und Freizeitm\u00f6glichkeiten, die Sie von einem gesch\u00e4ftigen Stadtzentrum erwarten k\u00f6nnen. Spazieren Sie ein St\u00fcckchen weg von der Haupteinkaufsstra\u00dfe, so werden Sie enge G\u00e4sschen finden, die von wundervollen alten Geb\u00e4uden umrahmt werden, viktorianische Font\u00e4nen und h\u00fcbschen Parkanlagen, die Sie durch herrliche schmiedeeiserne Tore betreten. Die Burg [&hellip;]<\/p>\n","protected":false},"author":1,"featured_media":0,"parent":0,"menu_order":0,"comment_status":"closed","ping_status":"closed","template":"single-four.php","meta":[],"acf":[],"yoast_head":"<!-- This site is optimized with the Yoast SEO plugin v19.4 - https:\/\/yoast.com\/wordpress\/plugins\/seo\/ -->\n<title>Taunton \u2013 Urlaub in Somerset und S\u00fcdengland - Urlaub &amp; Reisen<\/title>\n<meta name=\"description\" content=\"Taunton ist Somersets Hauptstadt und verf\u00fcgt \u00fcber all die Einkaufs-\/Speise- und Freizeitm\u00f6glichkeiten, die Sie von einem gesch\u00e4ftigen Stadtzentrum erwarten k\u00f6nnen. Spazieren Sie ein St\u00fcckchen weg von der Haupteinkaufsstra\u00dfe, so werden Sie enge G\u00e4sschen finden, die von wundervollen alten Geb\u00e4uden umrahmt werden\" \/>\n<meta name=\"robots\" content=\"index, follow, max-snippet:-1, max-image-preview:large, max-video-preview:-1\" \/>\n<link rel=\"canonical\" href=\"https:\/\/www.urlaubcornwall.de\/blog\/taunton-urlaub-in-somerset-und-suedengland\/\" \/>\n<meta property=\"og:locale\" content=\"en_US\" \/>\n<meta property=\"og:type\" content=\"article\" \/>\n<meta property=\"og:title\" content=\"Taunton \u2013 Urlaub in Somerset und S\u00fcdengland - Urlaub &amp; Reisen\" \/>\n<meta property=\"og:description\" content=\"Taunton ist Somersets Hauptstadt und verf\u00fcgt \u00fcber all die Einkaufs-\/Speise- und Freizeitm\u00f6glichkeiten, die Sie von einem gesch\u00e4ftigen Stadtzentrum erwarten k\u00f6nnen. Spazieren Sie ein St\u00fcckchen weg von der Haupteinkaufsstra\u00dfe, so werden Sie enge G\u00e4sschen finden, die von wundervollen alten Geb\u00e4uden umrahmt werden\" \/>\n<meta property=\"og:url\" content=\"https:\/\/www.urlaubcornwall.de\/blog\/taunton-urlaub-in-somerset-und-suedengland\/\" \/>\n<meta property=\"og:site_name\" content=\"Urlaub &amp; Reisen\" \/>\n<meta property=\"og:image\" content=\"https:\/\/www.urlaubcornwall.de\/blog\/wp-content\/uploads\/2020\/04\/taunton_urlaub.jpg\" \/>\n<meta name=\"twitter:card\" content=\"summary\" \/>\n<meta name=\"twitter:label1\" content=\"Est. reading time\" \/>\n\t<meta name=\"twitter:data1\" content=\"1 minute\" \/>\n<script type=\"application\/ld+json\" class=\"yoast-schema-graph\">{\"@context\":\"https:\/\/schema.org\",\"@graph\":[{\"@type\":\"WebSite\",\"@id\":\"https:\/\/www.urlaubcornwall.de\/blog\/#website\",\"url\":\"https:\/\/www.urlaubcornwall.de\/blog\/\",\"name\":\"Urlaub &amp; Reisen\",\"description\":\"Urlaub, Reisen, Cornwall und S\u00fcdengland: eine perfekte Kombination\",\"potentialAction\":[{\"@type\":\"SearchAction\",\"target\":{\"@type\":\"EntryPoint\",\"urlTemplate\":\"https:\/\/www.urlaubcornwall.de\/blog\/?s={search_term_string}\"},\"query-input\":\"required name=search_term_string\"}],\"inLanguage\":\"en-US\"},{\"@type\":\"WebPage\",\"@id\":\"https:\/\/www.urlaubcornwall.de\/blog\/taunton-urlaub-in-somerset-und-suedengland\/\",\"url\":\"https:\/\/www.urlaubcornwall.de\/blog\/taunton-urlaub-in-somerset-und-suedengland\/\",\"name\":\"Taunton \u2013 Urlaub in Somerset und S\u00fcdengland - Urlaub &amp; Reisen\",\"isPartOf\":{\"@id\":\"https:\/\/www.urlaubcornwall.de\/blog\/#website\"},\"datePublished\":\"2020-04-09T13:43:40+00:00\",\"dateModified\":\"2020-04-09T13:43:40+00:00\",\"description\":\"Taunton ist Somersets Hauptstadt und verf\u00fcgt \u00fcber all die Einkaufs-\/Speise- und Freizeitm\u00f6glichkeiten, die Sie von einem gesch\u00e4ftigen Stadtzentrum erwarten k\u00f6nnen. Spazieren Sie ein St\u00fcckchen weg von der Haupteinkaufsstra\u00dfe, so werden Sie enge G\u00e4sschen finden, die von wundervollen alten Geb\u00e4uden umrahmt werden\",\"breadcrumb\":{\"@id\":\"https:\/\/www.urlaubcornwall.de\/blog\/taunton-urlaub-in-somerset-und-suedengland\/#breadcrumb\"},\"inLanguage\":\"en-US\",\"potentialAction\":[{\"@type\":\"ReadAction\",\"target\":[\"https:\/\/www.urlaubcornwall.de\/blog\/taunton-urlaub-in-somerset-und-suedengland\/\"]}]},{\"@type\":\"BreadcrumbList\",\"@id\":\"https:\/\/www.urlaubcornwall.de\/blog\/taunton-urlaub-in-somerset-und-suedengland\/#breadcrumb\",\"itemListElement\":[{\"@type\":\"ListItem\",\"position\":1,\"name\":\"Home\",\"item\":\"https:\/\/www.urlaubcornwall.de\/blog\/\"},{\"@type\":\"ListItem\",\"position\":2,\"name\":\"Taunton \u2013 Urlaub in Somerset und S\u00fcdengland\"}]}]}<\/script>\n<!-- \/ Yoast SEO plugin. -->","yoast_head_json":{"title":"Taunton \u2013 Urlaub in Somerset und S\u00fcdengland - Urlaub &amp; Reisen","description":"Taunton ist Somersets Hauptstadt und verf\u00fcgt \u00fcber all die Einkaufs-\/Speise- und Freizeitm\u00f6glichkeiten, die Sie von einem gesch\u00e4ftigen Stadtzentrum erwarten k\u00f6nnen. Spazieren Sie ein St\u00fcckchen weg von der Haupteinkaufsstra\u00dfe, so werden Sie enge G\u00e4sschen finden, die von wundervollen alten Geb\u00e4uden umrahmt werden","robots":{"index":"index","follow":"follow","max-snippet":"max-snippet:-1","max-image-preview":"max-image-preview:large","max-video-preview":"max-video-preview:-1"},"canonical":"https:\/\/www.urlaubcornwall.de\/blog\/taunton-urlaub-in-somerset-und-suedengland\/","og_locale":"en_US","og_type":"article","og_title":"Taunton \u2013 Urlaub in Somerset und S\u00fcdengland - Urlaub &amp; Reisen","og_description":"Taunton ist Somersets Hauptstadt und verf\u00fcgt \u00fcber all die Einkaufs-\/Speise- und Freizeitm\u00f6glichkeiten, die Sie von einem gesch\u00e4ftigen Stadtzentrum erwarten k\u00f6nnen. Spazieren Sie ein St\u00fcckchen weg von der Haupteinkaufsstra\u00dfe, so werden Sie enge G\u00e4sschen finden, die von wundervollen alten Geb\u00e4uden umrahmt werden","og_url":"https:\/\/www.urlaubcornwall.de\/blog\/taunton-urlaub-in-somerset-und-suedengland\/","og_site_name":"Urlaub &amp; Reisen","og_image":[{"url":"https:\/\/www.urlaubcornwall.de\/blog\/wp-content\/uploads\/2020\/04\/taunton_urlaub.jpg"}],"twitter_card":"summary","twitter_misc":{"Est. reading time":"1 minute"},"schema":{"@context":"https:\/\/schema.org","@graph":[{"@type":"WebSite","@id":"https:\/\/www.urlaubcornwall.de\/blog\/#website","url":"https:\/\/www.urlaubcornwall.de\/blog\/","name":"Urlaub &amp; Reisen","description":"Urlaub, Reisen, Cornwall und S\u00fcdengland: eine perfekte Kombination","potentialAction":[{"@type":"SearchAction","target":{"@type":"EntryPoint","urlTemplate":"https:\/\/www.urlaubcornwall.de\/blog\/?s={search_term_string}"},"query-input":"required name=search_term_string"}],"inLanguage":"en-US"},{"@type":"WebPage","@id":"https:\/\/www.urlaubcornwall.de\/blog\/taunton-urlaub-in-somerset-und-suedengland\/","url":"https:\/\/www.urlaubcornwall.de\/blog\/taunton-urlaub-in-somerset-und-suedengland\/","name":"Taunton \u2013 Urlaub in Somerset und S\u00fcdengland - Urlaub &amp; Reisen","isPartOf":{"@id":"https:\/\/www.urlaubcornwall.de\/blog\/#website"},"datePublished":"2020-04-09T13:43:40+00:00","dateModified":"2020-04-09T13:43:40+00:00","description":"Taunton ist Somersets Hauptstadt und verf\u00fcgt \u00fcber all die Einkaufs-\/Speise- und Freizeitm\u00f6glichkeiten, die Sie von einem gesch\u00e4ftigen Stadtzentrum erwarten k\u00f6nnen. Spazieren Sie ein St\u00fcckchen weg von der Haupteinkaufsstra\u00dfe, so werden Sie enge G\u00e4sschen finden, die von wundervollen alten Geb\u00e4uden umrahmt werden","breadcrumb":{"@id":"https:\/\/www.urlaubcornwall.de\/blog\/taunton-urlaub-in-somerset-und-suedengland\/#breadcrumb"},"inLanguage":"en-US","potentialAction":[{"@type":"ReadAction","target":["https:\/\/www.urlaubcornwall.de\/blog\/taunton-urlaub-in-somerset-und-suedengland\/"]}]},{"@type":"BreadcrumbList","@id":"https:\/\/www.urlaubcornwall.de\/blog\/taunton-urlaub-in-somerset-und-suedengland\/#breadcrumb","itemListElement":[{"@type":"ListItem","position":1,"name":"Home","item":"https:\/\/www.urlaubcornwall.de\/blog\/"},{"@type":"ListItem","position":2,"name":"Taunton \u2013 Urlaub in Somerset und S\u00fcdengland"}]}]}},"_links":{"self":[{"href":"https:\/\/www.urlaubcornwall.de\/blog\/wp-json\/wp\/v2\/pages\/39928"}],"collection":[{"href":"https:\/\/www.urlaubcornwall.de\/blog\/wp-json\/wp\/v2\/pages"}],"about":[{"href":"https:\/\/www.urlaubcornwall.de\/blog\/wp-json\/wp\/v2\/types\/page"}],"author":[{"embeddable":true,"href":"https:\/\/www.urlaubcornwall.de\/blog\/wp-json\/wp\/v2\/users\/1"}],"replies":[{"embeddable":true,"href":"https:\/\/www.urlaubcornwall.de\/blog\/wp-json\/wp\/v2\/comments?post=39928"}],"version-history":[{"count":1,"href":"https:\/\/www.urlaubcornwall.de\/blog\/wp-json\/wp\/v2\/pages\/39928\/revisions"}],"predecessor-version":[{"id":39930,"href":"https:\/\/www.urlaubcornwall.de\/blog\/wp-json\/wp\/v2\/pages\/39928\/revisions\/39930"}],"wp:attachment":[{"href":"https:\/\/www.urlaubcornwall.de\/blog\/wp-json\/wp\/v2\/media?parent=39928"}],"curies":[{"name":"wp","href":"https:\/\/api.w.org\/{rel}","templated":true}]}}