{"id":39922,"date":"2020-04-09T13:32:54","date_gmt":"2020-04-09T13:32:54","guid":{"rendered":"https:\/\/www.urlaubcornwall.de\/blog\/?page_id=39922"},"modified":"2024-04-03T11:47:21","modified_gmt":"2024-04-03T11:47:21","slug":"selworthy-urlaub-in-somerset-und-suedengland","status":"publish","type":"page","link":"https:\/\/www.urlaubcornwall.de\/blog\/selworthy-urlaub-in-somerset-und-suedengland\/","title":{"rendered":"Selworthy \u2013 Urlaub in Somerset und S\u00fcdengland"},"content":{"rendered":"<p><img loading=\"lazy\" class=\"aligncenter size-full wp-image-48156\" src=\"https:\/\/www.urlaubcornwall.de\/blog\/wp-content\/uploads\/2024\/03\/Selworthy_.jpg\" alt=\"Selworthy_\" width=\"750\" height=\"500\" srcset=\"https:\/\/www.urlaubcornwall.de\/blog\/wp-content\/uploads\/2024\/03\/Selworthy_.jpg 750w, https:\/\/www.urlaubcornwall.de\/blog\/wp-content\/uploads\/2024\/03\/Selworthy_-300x200.jpg 300w\" sizes=\"(max-width: 750px) 100vw, 750px\" \/><\/p>\n<p>Ein h\u00fcbsches Dorf voller s\u00fc\u00dfer reetgedeckter Cottages auf dem National Trust Holnicote Estate gelegen. Wundervolle Landschaft umgibt Sie mit Blick \u00fcber das <a href=\"https:\/\/www.urlaubcornwall.de\/blog\/porlock-urlaub-in-somerset-und-suedengland\/\">Porlock Tal<\/a> und Zugang zum Selworthy Beacon.<\/p>\n<p style=\"text-align: center;\"><a class=\"tidycta\" href=\"https:\/\/www.urlaubcornwall.de\/ferienhaeuser-fewos\/eng\/somerset\/somerset.html\">Ferienh\u00e4user in Selworthy &#038; Somerset<\/a><\/p>\n<p>Bei uns finden Sie Ferienh\u00e4user zum Verlieben &#8211; so einfach ist das! W\u00e4hlen Sie aus \u00fcber 1000 pers\u00f6nlich inspizierten Ferienh\u00e4usern, Cottages &#038; Ferienwohnungen in <a href=\"https:\/\/www.urlaubcornwall.de\/ferienhaeuser\/suedengland.php\">S\u00fcdengland<\/a>.<\/p>\n","protected":false},"excerpt":{"rendered":"<p>Ein h\u00fcbsches Dorf voller s\u00fc\u00dfer reetgedeckter Cottages auf dem National Trust Holnicote Estate gelegen. Wundervolle Landschaft umgibt Sie mit Blick \u00fcber das Porlock Tal und Zugang zum Selworthy Beacon. Ferienh\u00e4user in Selworthy &#038; Somerset Bei uns finden Sie Ferienh\u00e4user zum Verlieben &#8211; so einfach ist das! W\u00e4hlen Sie aus \u00fcber 1000 pers\u00f6nlich inspizierten Ferienh\u00e4usern, Cottages [&hellip;]<\/p>\n","protected":false},"author":1,"featured_media":0,"parent":0,"menu_order":0,"comment_status":"closed","ping_status":"closed","template":"single-four.php","meta":[],"acf":[],"yoast_head":"<!-- This site is optimized with the Yoast SEO plugin v19.4 - https:\/\/yoast.com\/wordpress\/plugins\/seo\/ -->\n<title>Selworthy \u2013 Urlaub in Somerset und S\u00fcdengland - Urlaub &amp; Reisen<\/title>\n<meta name=\"description\" content=\"&quot;Ein h\u00fcbsches Dorf voller s\u00fc\u00dfer reetgedeckter Cottages auf dem National Trust Holnicote Estate gelegen. Wundervolle Landschaft umgibt Sie mit Blick \u00fcber das Porlock Tal und Zugang zum Selworthy Beacon.Bei uns finden Sie Ferienh\u00e4user zum Verlieben - so einfach ist das! W\u00e4hlen Sie aus \u00fcber 700 pers\u00f6nlich inspizierten Ferienh\u00e4usern, Cottages &amp; Ferienwohnungen in Somerset und S\u00fcdwestengland.&quot;\" \/>\n<meta name=\"robots\" content=\"index, follow, max-snippet:-1, max-image-preview:large, max-video-preview:-1\" \/>\n<link rel=\"canonical\" href=\"https:\/\/www.urlaubcornwall.de\/blog\/selworthy-urlaub-in-somerset-und-suedengland\/\" \/>\n<meta property=\"og:locale\" content=\"en_US\" \/>\n<meta property=\"og:type\" content=\"article\" \/>\n<meta property=\"og:title\" content=\"Selworthy \u2013 Urlaub in Somerset und S\u00fcdengland - Urlaub &amp; Reisen\" \/>\n<meta property=\"og:description\" content=\"&quot;Ein h\u00fcbsches Dorf voller s\u00fc\u00dfer reetgedeckter Cottages auf dem National Trust Holnicote Estate gelegen. Wundervolle Landschaft umgibt Sie mit Blick \u00fcber das Porlock Tal und Zugang zum Selworthy Beacon.Bei uns finden Sie Ferienh\u00e4user zum Verlieben - so einfach ist das! W\u00e4hlen Sie aus \u00fcber 700 pers\u00f6nlich inspizierten Ferienh\u00e4usern, Cottages &amp; Ferienwohnungen in Somerset und S\u00fcdwestengland.&quot;\" \/>\n<meta property=\"og:url\" content=\"https:\/\/www.urlaubcornwall.de\/blog\/selworthy-urlaub-in-somerset-und-suedengland\/\" \/>\n<meta property=\"og:site_name\" content=\"Urlaub &amp; Reisen\" \/>\n<meta property=\"article:modified_time\" content=\"2024-04-03T11:47:21+00:00\" \/>\n<meta property=\"og:image\" content=\"https:\/\/www.urlaubcornwall.de\/blog\/wp-content\/uploads\/2024\/03\/Selworthy_.jpg\" \/>\n<meta name=\"twitter:card\" content=\"summary\" \/>\n<meta name=\"twitter:label1\" content=\"Est. reading time\" \/>\n\t<meta name=\"twitter:data1\" content=\"1 minute\" \/>\n<script type=\"application\/ld+json\" class=\"yoast-schema-graph\">{\"@context\":\"https:\/\/schema.org\",\"@graph\":[{\"@type\":\"WebSite\",\"@id\":\"https:\/\/www.urlaubcornwall.de\/blog\/#website\",\"url\":\"https:\/\/www.urlaubcornwall.de\/blog\/\",\"name\":\"Urlaub &amp; Reisen\",\"description\":\"Urlaub, Reisen, Cornwall und S\u00fcdengland: eine perfekte Kombination\",\"potentialAction\":[{\"@type\":\"SearchAction\",\"target\":{\"@type\":\"EntryPoint\",\"urlTemplate\":\"https:\/\/www.urlaubcornwall.de\/blog\/?s={search_term_string}\"},\"query-input\":\"required name=search_term_string\"}],\"inLanguage\":\"en-US\"},{\"@type\":\"WebPage\",\"@id\":\"https:\/\/www.urlaubcornwall.de\/blog\/selworthy-urlaub-in-somerset-und-suedengland\/\",\"url\":\"https:\/\/www.urlaubcornwall.de\/blog\/selworthy-urlaub-in-somerset-und-suedengland\/\",\"name\":\"Selworthy \u2013 Urlaub in Somerset und S\u00fcdengland - Urlaub &amp; Reisen\",\"isPartOf\":{\"@id\":\"https:\/\/www.urlaubcornwall.de\/blog\/#website\"},\"datePublished\":\"2020-04-09T13:32:54+00:00\",\"dateModified\":\"2024-04-03T11:47:21+00:00\",\"description\":\"\\\"Ein h\u00fcbsches Dorf voller s\u00fc\u00dfer reetgedeckter Cottages auf dem National Trust Holnicote Estate gelegen. Wundervolle Landschaft umgibt Sie mit Blick \u00fcber das Porlock Tal und Zugang zum Selworthy Beacon.Bei uns finden Sie Ferienh\u00e4user zum Verlieben - so einfach ist das! W\u00e4hlen Sie aus \u00fcber 700 pers\u00f6nlich inspizierten Ferienh\u00e4usern, Cottages & Ferienwohnungen in Somerset und S\u00fcdwestengland.\\\"\",\"breadcrumb\":{\"@id\":\"https:\/\/www.urlaubcornwall.de\/blog\/selworthy-urlaub-in-somerset-und-suedengland\/#breadcrumb\"},\"inLanguage\":\"en-US\",\"potentialAction\":[{\"@type\":\"ReadAction\",\"target\":[\"https:\/\/www.urlaubcornwall.de\/blog\/selworthy-urlaub-in-somerset-und-suedengland\/\"]}]},{\"@type\":\"BreadcrumbList\",\"@id\":\"https:\/\/www.urlaubcornwall.de\/blog\/selworthy-urlaub-in-somerset-und-suedengland\/#breadcrumb\",\"itemListElement\":[{\"@type\":\"ListItem\",\"position\":1,\"name\":\"Home\",\"item\":\"https:\/\/www.urlaubcornwall.de\/blog\/\"},{\"@type\":\"ListItem\",\"position\":2,\"name\":\"Selworthy \u2013 Urlaub in Somerset und S\u00fcdengland\"}]}]}<\/script>\n<!-- \/ Yoast SEO plugin. -->","yoast_head_json":{"title":"Selworthy \u2013 Urlaub in Somerset und S\u00fcdengland - Urlaub &amp; Reisen","description":"\"Ein h\u00fcbsches Dorf voller s\u00fc\u00dfer reetgedeckter Cottages auf dem National Trust Holnicote Estate gelegen. Wundervolle Landschaft umgibt Sie mit Blick \u00fcber das Porlock Tal und Zugang zum Selworthy Beacon.Bei uns finden Sie Ferienh\u00e4user zum Verlieben - so einfach ist das! W\u00e4hlen Sie aus \u00fcber 700 pers\u00f6nlich inspizierten Ferienh\u00e4usern, Cottages & Ferienwohnungen in Somerset und S\u00fcdwestengland.\"","robots":{"index":"index","follow":"follow","max-snippet":"max-snippet:-1","max-image-preview":"max-image-preview:large","max-video-preview":"max-video-preview:-1"},"canonical":"https:\/\/www.urlaubcornwall.de\/blog\/selworthy-urlaub-in-somerset-und-suedengland\/","og_locale":"en_US","og_type":"article","og_title":"Selworthy \u2013 Urlaub in Somerset und S\u00fcdengland - Urlaub &amp; Reisen","og_description":"\"Ein h\u00fcbsches Dorf voller s\u00fc\u00dfer reetgedeckter Cottages auf dem National Trust Holnicote Estate gelegen. Wundervolle Landschaft umgibt Sie mit Blick \u00fcber das Porlock Tal und Zugang zum Selworthy Beacon.Bei uns finden Sie Ferienh\u00e4user zum Verlieben - so einfach ist das! W\u00e4hlen Sie aus \u00fcber 700 pers\u00f6nlich inspizierten Ferienh\u00e4usern, Cottages & Ferienwohnungen in Somerset und S\u00fcdwestengland.\"","og_url":"https:\/\/www.urlaubcornwall.de\/blog\/selworthy-urlaub-in-somerset-und-suedengland\/","og_site_name":"Urlaub &amp; Reisen","article_modified_time":"2024-04-03T11:47:21+00:00","og_image":[{"url":"https:\/\/www.urlaubcornwall.de\/blog\/wp-content\/uploads\/2024\/03\/Selworthy_.jpg"}],"twitter_card":"summary","twitter_misc":{"Est. reading time":"1 minute"},"schema":{"@context":"https:\/\/schema.org","@graph":[{"@type":"WebSite","@id":"https:\/\/www.urlaubcornwall.de\/blog\/#website","url":"https:\/\/www.urlaubcornwall.de\/blog\/","name":"Urlaub &amp; Reisen","description":"Urlaub, Reisen, Cornwall und S\u00fcdengland: eine perfekte Kombination","potentialAction":[{"@type":"SearchAction","target":{"@type":"EntryPoint","urlTemplate":"https:\/\/www.urlaubcornwall.de\/blog\/?s={search_term_string}"},"query-input":"required name=search_term_string"}],"inLanguage":"en-US"},{"@type":"WebPage","@id":"https:\/\/www.urlaubcornwall.de\/blog\/selworthy-urlaub-in-somerset-und-suedengland\/","url":"https:\/\/www.urlaubcornwall.de\/blog\/selworthy-urlaub-in-somerset-und-suedengland\/","name":"Selworthy \u2013 Urlaub in Somerset und S\u00fcdengland - Urlaub &amp; Reisen","isPartOf":{"@id":"https:\/\/www.urlaubcornwall.de\/blog\/#website"},"datePublished":"2020-04-09T13:32:54+00:00","dateModified":"2024-04-03T11:47:21+00:00","description":"\"Ein h\u00fcbsches Dorf voller s\u00fc\u00dfer reetgedeckter Cottages auf dem National Trust Holnicote Estate gelegen. Wundervolle Landschaft umgibt Sie mit Blick \u00fcber das Porlock Tal und Zugang zum Selworthy Beacon.Bei uns finden Sie Ferienh\u00e4user zum Verlieben - so einfach ist das! W\u00e4hlen Sie aus \u00fcber 700 pers\u00f6nlich inspizierten Ferienh\u00e4usern, Cottages & Ferienwohnungen in Somerset und S\u00fcdwestengland.\"","breadcrumb":{"@id":"https:\/\/www.urlaubcornwall.de\/blog\/selworthy-urlaub-in-somerset-und-suedengland\/#breadcrumb"},"inLanguage":"en-US","potentialAction":[{"@type":"ReadAction","target":["https:\/\/www.urlaubcornwall.de\/blog\/selworthy-urlaub-in-somerset-und-suedengland\/"]}]},{"@type":"BreadcrumbList","@id":"https:\/\/www.urlaubcornwall.de\/blog\/selworthy-urlaub-in-somerset-und-suedengland\/#breadcrumb","itemListElement":[{"@type":"ListItem","position":1,"name":"Home","item":"https:\/\/www.urlaubcornwall.de\/blog\/"},{"@type":"ListItem","position":2,"name":"Selworthy \u2013 Urlaub in Somerset und S\u00fcdengland"}]}]}},"_links":{"self":[{"href":"https:\/\/www.urlaubcornwall.de\/blog\/wp-json\/wp\/v2\/pages\/39922"}],"collection":[{"href":"https:\/\/www.urlaubcornwall.de\/blog\/wp-json\/wp\/v2\/pages"}],"about":[{"href":"https:\/\/www.urlaubcornwall.de\/blog\/wp-json\/wp\/v2\/types\/page"}],"author":[{"embeddable":true,"href":"https:\/\/www.urlaubcornwall.de\/blog\/wp-json\/wp\/v2\/users\/1"}],"replies":[{"embeddable":true,"href":"https:\/\/www.urlaubcornwall.de\/blog\/wp-json\/wp\/v2\/comments?post=39922"}],"version-history":[{"count":2,"href":"https:\/\/www.urlaubcornwall.de\/blog\/wp-json\/wp\/v2\/pages\/39922\/revisions"}],"predecessor-version":[{"id":48786,"href":"https:\/\/www.urlaubcornwall.de\/blog\/wp-json\/wp\/v2\/pages\/39922\/revisions\/48786"}],"wp:attachment":[{"href":"https:\/\/www.urlaubcornwall.de\/blog\/wp-json\/wp\/v2\/media?parent=39922"}],"curies":[{"name":"wp","href":"https:\/\/api.w.org\/{rel}","templated":true}]}}