{"id":39914,"date":"2020-04-09T10:18:14","date_gmt":"2020-04-09T10:18:14","guid":{"rendered":"https:\/\/www.urlaubcornwall.de\/blog\/?page_id=39914"},"modified":"2020-04-09T10:18:14","modified_gmt":"2020-04-09T10:18:14","slug":"old-cleeve-urlaub-in-somerset-und-suedengland","status":"publish","type":"page","link":"https:\/\/www.urlaubcornwall.de\/blog\/old-cleeve-urlaub-in-somerset-und-suedengland\/","title":{"rendered":"Old Cleeve \u2013 Urlaub in Somerset und S\u00fcdengland"},"content":{"rendered":"<p><img loading=\"lazy\" class=\"aligncenter size-full wp-image-39915\" src=\"https:\/\/www.urlaubcornwall.de\/blog\/wp-content\/uploads\/2020\/04\/Old-Cleeve_somerset.jpg\" alt=\"Old Cleeve_somerset\" width=\"750\" height=\"500\" srcset=\"https:\/\/www.urlaubcornwall.de\/blog\/wp-content\/uploads\/2020\/04\/Old-Cleeve_somerset.jpg 750w, https:\/\/www.urlaubcornwall.de\/blog\/wp-content\/uploads\/2020\/04\/Old-Cleeve_somerset-300x200.jpg 300w\" sizes=\"(max-width: 750px) 100vw, 750px\" \/><\/p>\n<p>Old Cleeve hat sich seit Generationen wenig ver\u00e4ndert und ist ein kleines Exmoor Dorf im Nordosten des <a href=\"https:\/\/www.urlaubcornwall.de\/ferienhaeuser-fewos\/eng\/nord-devon\/exmoor-national-park.html\">Nationalparks<\/a>. Die Gesamtheit des Exmoors erstreckt sich direkt vor der Haust\u00fcre hier, mit Heide- und Ginster bewachsenen T\u00e4lern, B\u00e4chen, wilden Ponys und absoluter Ruhe.<\/p>\n<p style=\"text-align: center;\"><a class=\"tidycta\" href=\"https:\/\/www.urlaubcornwall.de\/ferienhaeuser-fewos\/eng\/somerset\/frome.html\">Ferienh\u00e4user in Frome<\/a><\/p>\n<p>Bei uns finden Sie Ferienh\u00e4user zum Verlieben &#8211; so einfach ist das! W\u00e4hlen Sie aus \u00fcber 1000 pers\u00f6nlich inspizierten Ferienh\u00e4usern, Cottages &#038; Ferienwohnungen in <a href=\"https:\/\/www.urlaubcornwall.de\/ferienhaeuser\/suedengland.php\">S\u00fcdengland<\/a>.<\/p>\n","protected":false},"excerpt":{"rendered":"<p>Old Cleeve hat sich seit Generationen wenig ver\u00e4ndert und ist ein kleines Exmoor Dorf im Nordosten des Nationalparks. Die Gesamtheit des Exmoors erstreckt sich direkt vor der Haust\u00fcre hier, mit Heide- und Ginster bewachsenen T\u00e4lern, B\u00e4chen, wilden Ponys und absoluter Ruhe. Ferienh\u00e4user in Frome Bei uns finden Sie Ferienh\u00e4user zum Verlieben &#8211; so einfach ist [&hellip;]<\/p>\n","protected":false},"author":1,"featured_media":0,"parent":0,"menu_order":0,"comment_status":"closed","ping_status":"closed","template":"single-four.php","meta":[],"acf":[],"yoast_head":"<!-- This site is optimized with the Yoast SEO plugin v19.4 - https:\/\/yoast.com\/wordpress\/plugins\/seo\/ -->\n<title>Old Cleeve \u2013 Urlaub in Somerset und S\u00fcdengland - Urlaub &amp; Reisen<\/title>\n<meta name=\"description\" content=\"Old Cleeve hat sich seit Generationen wenig ver\u00e4ndert und ist ein kleines Exmoor Dorf im Nordosten des Nationalparks. Die Gesamtheit des Exmoors erstreckt sich direkt vor der Haust\u00fcre hier, mit Heide- und Ginster bewachsenen T\u00e4lern, B\u00e4chen, wilden Ponys und absoluter Ruhe.\" \/>\n<meta name=\"robots\" content=\"index, follow, max-snippet:-1, max-image-preview:large, max-video-preview:-1\" \/>\n<link rel=\"canonical\" href=\"https:\/\/www.urlaubcornwall.de\/blog\/old-cleeve-urlaub-in-somerset-und-suedengland\/\" \/>\n<meta property=\"og:locale\" content=\"en_US\" \/>\n<meta property=\"og:type\" content=\"article\" \/>\n<meta property=\"og:title\" content=\"Old Cleeve \u2013 Urlaub in Somerset und S\u00fcdengland - Urlaub &amp; Reisen\" \/>\n<meta property=\"og:description\" content=\"Old Cleeve hat sich seit Generationen wenig ver\u00e4ndert und ist ein kleines Exmoor Dorf im Nordosten des Nationalparks. Die Gesamtheit des Exmoors erstreckt sich direkt vor der Haust\u00fcre hier, mit Heide- und Ginster bewachsenen T\u00e4lern, B\u00e4chen, wilden Ponys und absoluter Ruhe.\" \/>\n<meta property=\"og:url\" content=\"https:\/\/www.urlaubcornwall.de\/blog\/old-cleeve-urlaub-in-somerset-und-suedengland\/\" \/>\n<meta property=\"og:site_name\" content=\"Urlaub &amp; Reisen\" \/>\n<meta property=\"og:image\" content=\"https:\/\/www.urlaubcornwall.de\/blog\/wp-content\/uploads\/2020\/04\/Old-Cleeve_somerset.jpg\" \/>\n<meta name=\"twitter:card\" content=\"summary\" \/>\n<script type=\"application\/ld+json\" class=\"yoast-schema-graph\">{\"@context\":\"https:\/\/schema.org\",\"@graph\":[{\"@type\":\"WebSite\",\"@id\":\"https:\/\/www.urlaubcornwall.de\/blog\/#website\",\"url\":\"https:\/\/www.urlaubcornwall.de\/blog\/\",\"name\":\"Urlaub &amp; Reisen\",\"description\":\"Urlaub, Reisen, Cornwall und S\u00fcdengland: eine perfekte Kombination\",\"potentialAction\":[{\"@type\":\"SearchAction\",\"target\":{\"@type\":\"EntryPoint\",\"urlTemplate\":\"https:\/\/www.urlaubcornwall.de\/blog\/?s={search_term_string}\"},\"query-input\":\"required name=search_term_string\"}],\"inLanguage\":\"en-US\"},{\"@type\":\"WebPage\",\"@id\":\"https:\/\/www.urlaubcornwall.de\/blog\/old-cleeve-urlaub-in-somerset-und-suedengland\/\",\"url\":\"https:\/\/www.urlaubcornwall.de\/blog\/old-cleeve-urlaub-in-somerset-und-suedengland\/\",\"name\":\"Old Cleeve \u2013 Urlaub in Somerset und S\u00fcdengland - Urlaub &amp; Reisen\",\"isPartOf\":{\"@id\":\"https:\/\/www.urlaubcornwall.de\/blog\/#website\"},\"datePublished\":\"2020-04-09T10:18:14+00:00\",\"dateModified\":\"2020-04-09T10:18:14+00:00\",\"description\":\"Old Cleeve hat sich seit Generationen wenig ver\u00e4ndert und ist ein kleines Exmoor Dorf im Nordosten des Nationalparks. Die Gesamtheit des Exmoors erstreckt sich direkt vor der Haust\u00fcre hier, mit Heide- und Ginster bewachsenen T\u00e4lern, B\u00e4chen, wilden Ponys und absoluter Ruhe.\",\"breadcrumb\":{\"@id\":\"https:\/\/www.urlaubcornwall.de\/blog\/old-cleeve-urlaub-in-somerset-und-suedengland\/#breadcrumb\"},\"inLanguage\":\"en-US\",\"potentialAction\":[{\"@type\":\"ReadAction\",\"target\":[\"https:\/\/www.urlaubcornwall.de\/blog\/old-cleeve-urlaub-in-somerset-und-suedengland\/\"]}]},{\"@type\":\"BreadcrumbList\",\"@id\":\"https:\/\/www.urlaubcornwall.de\/blog\/old-cleeve-urlaub-in-somerset-und-suedengland\/#breadcrumb\",\"itemListElement\":[{\"@type\":\"ListItem\",\"position\":1,\"name\":\"Home\",\"item\":\"https:\/\/www.urlaubcornwall.de\/blog\/\"},{\"@type\":\"ListItem\",\"position\":2,\"name\":\"Old Cleeve \u2013 Urlaub in Somerset und S\u00fcdengland\"}]}]}<\/script>\n<!-- \/ Yoast SEO plugin. -->","yoast_head_json":{"title":"Old Cleeve \u2013 Urlaub in Somerset und S\u00fcdengland - Urlaub &amp; Reisen","description":"Old Cleeve hat sich seit Generationen wenig ver\u00e4ndert und ist ein kleines Exmoor Dorf im Nordosten des Nationalparks. Die Gesamtheit des Exmoors erstreckt sich direkt vor der Haust\u00fcre hier, mit Heide- und Ginster bewachsenen T\u00e4lern, B\u00e4chen, wilden Ponys und absoluter Ruhe.","robots":{"index":"index","follow":"follow","max-snippet":"max-snippet:-1","max-image-preview":"max-image-preview:large","max-video-preview":"max-video-preview:-1"},"canonical":"https:\/\/www.urlaubcornwall.de\/blog\/old-cleeve-urlaub-in-somerset-und-suedengland\/","og_locale":"en_US","og_type":"article","og_title":"Old Cleeve \u2013 Urlaub in Somerset und S\u00fcdengland - Urlaub &amp; Reisen","og_description":"Old Cleeve hat sich seit Generationen wenig ver\u00e4ndert und ist ein kleines Exmoor Dorf im Nordosten des Nationalparks. Die Gesamtheit des Exmoors erstreckt sich direkt vor der Haust\u00fcre hier, mit Heide- und Ginster bewachsenen T\u00e4lern, B\u00e4chen, wilden Ponys und absoluter Ruhe.","og_url":"https:\/\/www.urlaubcornwall.de\/blog\/old-cleeve-urlaub-in-somerset-und-suedengland\/","og_site_name":"Urlaub &amp; Reisen","og_image":[{"url":"https:\/\/www.urlaubcornwall.de\/blog\/wp-content\/uploads\/2020\/04\/Old-Cleeve_somerset.jpg"}],"twitter_card":"summary","schema":{"@context":"https:\/\/schema.org","@graph":[{"@type":"WebSite","@id":"https:\/\/www.urlaubcornwall.de\/blog\/#website","url":"https:\/\/www.urlaubcornwall.de\/blog\/","name":"Urlaub &amp; Reisen","description":"Urlaub, Reisen, Cornwall und S\u00fcdengland: eine perfekte Kombination","potentialAction":[{"@type":"SearchAction","target":{"@type":"EntryPoint","urlTemplate":"https:\/\/www.urlaubcornwall.de\/blog\/?s={search_term_string}"},"query-input":"required name=search_term_string"}],"inLanguage":"en-US"},{"@type":"WebPage","@id":"https:\/\/www.urlaubcornwall.de\/blog\/old-cleeve-urlaub-in-somerset-und-suedengland\/","url":"https:\/\/www.urlaubcornwall.de\/blog\/old-cleeve-urlaub-in-somerset-und-suedengland\/","name":"Old Cleeve \u2013 Urlaub in Somerset und S\u00fcdengland - Urlaub &amp; Reisen","isPartOf":{"@id":"https:\/\/www.urlaubcornwall.de\/blog\/#website"},"datePublished":"2020-04-09T10:18:14+00:00","dateModified":"2020-04-09T10:18:14+00:00","description":"Old Cleeve hat sich seit Generationen wenig ver\u00e4ndert und ist ein kleines Exmoor Dorf im Nordosten des Nationalparks. Die Gesamtheit des Exmoors erstreckt sich direkt vor der Haust\u00fcre hier, mit Heide- und Ginster bewachsenen T\u00e4lern, B\u00e4chen, wilden Ponys und absoluter Ruhe.","breadcrumb":{"@id":"https:\/\/www.urlaubcornwall.de\/blog\/old-cleeve-urlaub-in-somerset-und-suedengland\/#breadcrumb"},"inLanguage":"en-US","potentialAction":[{"@type":"ReadAction","target":["https:\/\/www.urlaubcornwall.de\/blog\/old-cleeve-urlaub-in-somerset-und-suedengland\/"]}]},{"@type":"BreadcrumbList","@id":"https:\/\/www.urlaubcornwall.de\/blog\/old-cleeve-urlaub-in-somerset-und-suedengland\/#breadcrumb","itemListElement":[{"@type":"ListItem","position":1,"name":"Home","item":"https:\/\/www.urlaubcornwall.de\/blog\/"},{"@type":"ListItem","position":2,"name":"Old Cleeve \u2013 Urlaub in Somerset und S\u00fcdengland"}]}]}},"_links":{"self":[{"href":"https:\/\/www.urlaubcornwall.de\/blog\/wp-json\/wp\/v2\/pages\/39914"}],"collection":[{"href":"https:\/\/www.urlaubcornwall.de\/blog\/wp-json\/wp\/v2\/pages"}],"about":[{"href":"https:\/\/www.urlaubcornwall.de\/blog\/wp-json\/wp\/v2\/types\/page"}],"author":[{"embeddable":true,"href":"https:\/\/www.urlaubcornwall.de\/blog\/wp-json\/wp\/v2\/users\/1"}],"replies":[{"embeddable":true,"href":"https:\/\/www.urlaubcornwall.de\/blog\/wp-json\/wp\/v2\/comments?post=39914"}],"version-history":[{"count":1,"href":"https:\/\/www.urlaubcornwall.de\/blog\/wp-json\/wp\/v2\/pages\/39914\/revisions"}],"predecessor-version":[{"id":39916,"href":"https:\/\/www.urlaubcornwall.de\/blog\/wp-json\/wp\/v2\/pages\/39914\/revisions\/39916"}],"wp:attachment":[{"href":"https:\/\/www.urlaubcornwall.de\/blog\/wp-json\/wp\/v2\/media?parent=39914"}],"curies":[{"name":"wp","href":"https:\/\/api.w.org\/{rel}","templated":true}]}}