{"id":39905,"date":"2020-04-09T10:03:44","date_gmt":"2020-04-09T10:03:44","guid":{"rendered":"https:\/\/www.urlaubcornwall.de\/blog\/?page_id=39905"},"modified":"2020-04-09T10:03:44","modified_gmt":"2020-04-09T10:03:44","slug":"glastonbury-urlaub-in-somerset-und-suedengland","status":"publish","type":"page","link":"https:\/\/www.urlaubcornwall.de\/blog\/glastonbury-urlaub-in-somerset-und-suedengland\/","title":{"rendered":"Glastonbury \u2013 Urlaub in Somerset und S\u00fcdengland"},"content":{"rendered":"<p><img loading=\"lazy\" class=\"aligncenter size-full wp-image-19518\" src=\"https:\/\/www.urlaubcornwall.de\/blog\/wp-content\/uploads\/2015\/08\/Glastonbury.jpg\" alt=\"Glastonbury Tor somerset\" width=\"748\" height=\"456\"\/><\/p>\n<p>Abgesehen vom legend\u00e4ren Musikfest ist  auch bekannt als heilige Pilgerst\u00e4tte im Mittelalter und bis zum heutigen Tage werden viele Menschen von der mystischen Atmosph\u00e4re angezogen. Die wichtigsten St\u00e4tten in Glastonbury sind die Abtei, eine herrliche Ruine, von der viele glauben, dass hier K\u00f6nig Artus neben Guinevere bestattet wurde.<\/p>\n<p style=\"text-align: center;\"><a class=\"tidycta\" href=\"https:\/\/www.urlaubcornwall.de\/ferienhaeuser-fewos\/eng\/somerset\/glastonbury.html\">Ferienh\u00e4user in Glastonbury<\/a><\/p>\n<p>Bei uns finden Sie Ferienh\u00e4user zum Verlieben &#8211; so einfach ist das! W\u00e4hlen Sie aus \u00fcber 1000 pers\u00f6nlich inspizierten Ferienh\u00e4usern, Cottages &#038; Ferienwohnungen in <a href=\"https:\/\/www.urlaubcornwall.de\/ferienhaeuser\/suedengland.php\">S\u00fcdengland<\/a>.<\/p>\n","protected":false},"excerpt":{"rendered":"<p>Abgesehen vom legend\u00e4ren Musikfest ist auch bekannt als heilige Pilgerst\u00e4tte im Mittelalter und bis zum heutigen Tage werden viele Menschen von der mystischen Atmosph\u00e4re angezogen. Die wichtigsten St\u00e4tten in Glastonbury sind die Abtei, eine herrliche Ruine, von der viele glauben, dass hier K\u00f6nig Artus neben Guinevere bestattet wurde. Ferienh\u00e4user in Glastonbury Bei uns finden Sie [&hellip;]<\/p>\n","protected":false},"author":1,"featured_media":0,"parent":0,"menu_order":0,"comment_status":"closed","ping_status":"closed","template":"single-four.php","meta":[],"acf":[],"yoast_head":"<!-- This site is optimized with the Yoast SEO plugin v19.4 - https:\/\/yoast.com\/wordpress\/plugins\/seo\/ -->\n<title>Glastonbury \u2013 Urlaub in Somerset und S\u00fcdengland - Urlaub &amp; Reisen<\/title>\n<meta name=\"description\" content=\"Abgesehen vom legend\u00e4ren Musikfest ist auch bekannt als heilige Pilgerst\u00e4tte im Mittelalter und bis zum heutigen Tage werden viele Menschen von der mystischen Atmosph\u00e4re angezogen. Die wichtigsten St\u00e4tten in Glastonbury sind die Abtei, eine herrliche Ruine, von der viele glauben, dass hier K\u00f6nig Artus neben Guinevere bestattet wurde.\" \/>\n<meta name=\"robots\" content=\"index, follow, max-snippet:-1, max-image-preview:large, max-video-preview:-1\" \/>\n<link rel=\"canonical\" href=\"https:\/\/www.urlaubcornwall.de\/blog\/glastonbury-urlaub-in-somerset-und-suedengland\/\" \/>\n<meta property=\"og:locale\" content=\"en_US\" \/>\n<meta property=\"og:type\" content=\"article\" \/>\n<meta property=\"og:title\" content=\"Glastonbury \u2013 Urlaub in Somerset und S\u00fcdengland - Urlaub &amp; Reisen\" \/>\n<meta property=\"og:description\" content=\"Abgesehen vom legend\u00e4ren Musikfest ist auch bekannt als heilige Pilgerst\u00e4tte im Mittelalter und bis zum heutigen Tage werden viele Menschen von der mystischen Atmosph\u00e4re angezogen. Die wichtigsten St\u00e4tten in Glastonbury sind die Abtei, eine herrliche Ruine, von der viele glauben, dass hier K\u00f6nig Artus neben Guinevere bestattet wurde.\" \/>\n<meta property=\"og:url\" content=\"https:\/\/www.urlaubcornwall.de\/blog\/glastonbury-urlaub-in-somerset-und-suedengland\/\" \/>\n<meta property=\"og:site_name\" content=\"Urlaub &amp; Reisen\" \/>\n<meta property=\"og:image\" content=\"https:\/\/www.urlaubcornwall.de\/blog\/wp-content\/uploads\/2015\/08\/Glastonbury.jpg\" \/>\n<meta name=\"twitter:card\" content=\"summary\" \/>\n<script type=\"application\/ld+json\" class=\"yoast-schema-graph\">{\"@context\":\"https:\/\/schema.org\",\"@graph\":[{\"@type\":\"WebSite\",\"@id\":\"https:\/\/www.urlaubcornwall.de\/blog\/#website\",\"url\":\"https:\/\/www.urlaubcornwall.de\/blog\/\",\"name\":\"Urlaub &amp; Reisen\",\"description\":\"Urlaub, Reisen, Cornwall und S\u00fcdengland: eine perfekte Kombination\",\"potentialAction\":[{\"@type\":\"SearchAction\",\"target\":{\"@type\":\"EntryPoint\",\"urlTemplate\":\"https:\/\/www.urlaubcornwall.de\/blog\/?s={search_term_string}\"},\"query-input\":\"required name=search_term_string\"}],\"inLanguage\":\"en-US\"},{\"@type\":\"WebPage\",\"@id\":\"https:\/\/www.urlaubcornwall.de\/blog\/glastonbury-urlaub-in-somerset-und-suedengland\/\",\"url\":\"https:\/\/www.urlaubcornwall.de\/blog\/glastonbury-urlaub-in-somerset-und-suedengland\/\",\"name\":\"Glastonbury \u2013 Urlaub in Somerset und S\u00fcdengland - Urlaub &amp; Reisen\",\"isPartOf\":{\"@id\":\"https:\/\/www.urlaubcornwall.de\/blog\/#website\"},\"datePublished\":\"2020-04-09T10:03:44+00:00\",\"dateModified\":\"2020-04-09T10:03:44+00:00\",\"description\":\"Abgesehen vom legend\u00e4ren Musikfest ist auch bekannt als heilige Pilgerst\u00e4tte im Mittelalter und bis zum heutigen Tage werden viele Menschen von der mystischen Atmosph\u00e4re angezogen. Die wichtigsten St\u00e4tten in Glastonbury sind die Abtei, eine herrliche Ruine, von der viele glauben, dass hier K\u00f6nig Artus neben Guinevere bestattet wurde.\",\"breadcrumb\":{\"@id\":\"https:\/\/www.urlaubcornwall.de\/blog\/glastonbury-urlaub-in-somerset-und-suedengland\/#breadcrumb\"},\"inLanguage\":\"en-US\",\"potentialAction\":[{\"@type\":\"ReadAction\",\"target\":[\"https:\/\/www.urlaubcornwall.de\/blog\/glastonbury-urlaub-in-somerset-und-suedengland\/\"]}]},{\"@type\":\"BreadcrumbList\",\"@id\":\"https:\/\/www.urlaubcornwall.de\/blog\/glastonbury-urlaub-in-somerset-und-suedengland\/#breadcrumb\",\"itemListElement\":[{\"@type\":\"ListItem\",\"position\":1,\"name\":\"Home\",\"item\":\"https:\/\/www.urlaubcornwall.de\/blog\/\"},{\"@type\":\"ListItem\",\"position\":2,\"name\":\"Glastonbury \u2013 Urlaub in Somerset und S\u00fcdengland\"}]}]}<\/script>\n<!-- \/ Yoast SEO plugin. -->","yoast_head_json":{"title":"Glastonbury \u2013 Urlaub in Somerset und S\u00fcdengland - Urlaub &amp; Reisen","description":"Abgesehen vom legend\u00e4ren Musikfest ist auch bekannt als heilige Pilgerst\u00e4tte im Mittelalter und bis zum heutigen Tage werden viele Menschen von der mystischen Atmosph\u00e4re angezogen. Die wichtigsten St\u00e4tten in Glastonbury sind die Abtei, eine herrliche Ruine, von der viele glauben, dass hier K\u00f6nig Artus neben Guinevere bestattet wurde.","robots":{"index":"index","follow":"follow","max-snippet":"max-snippet:-1","max-image-preview":"max-image-preview:large","max-video-preview":"max-video-preview:-1"},"canonical":"https:\/\/www.urlaubcornwall.de\/blog\/glastonbury-urlaub-in-somerset-und-suedengland\/","og_locale":"en_US","og_type":"article","og_title":"Glastonbury \u2013 Urlaub in Somerset und S\u00fcdengland - Urlaub &amp; Reisen","og_description":"Abgesehen vom legend\u00e4ren Musikfest ist auch bekannt als heilige Pilgerst\u00e4tte im Mittelalter und bis zum heutigen Tage werden viele Menschen von der mystischen Atmosph\u00e4re angezogen. Die wichtigsten St\u00e4tten in Glastonbury sind die Abtei, eine herrliche Ruine, von der viele glauben, dass hier K\u00f6nig Artus neben Guinevere bestattet wurde.","og_url":"https:\/\/www.urlaubcornwall.de\/blog\/glastonbury-urlaub-in-somerset-und-suedengland\/","og_site_name":"Urlaub &amp; Reisen","og_image":[{"url":"https:\/\/www.urlaubcornwall.de\/blog\/wp-content\/uploads\/2015\/08\/Glastonbury.jpg"}],"twitter_card":"summary","schema":{"@context":"https:\/\/schema.org","@graph":[{"@type":"WebSite","@id":"https:\/\/www.urlaubcornwall.de\/blog\/#website","url":"https:\/\/www.urlaubcornwall.de\/blog\/","name":"Urlaub &amp; Reisen","description":"Urlaub, Reisen, Cornwall und S\u00fcdengland: eine perfekte Kombination","potentialAction":[{"@type":"SearchAction","target":{"@type":"EntryPoint","urlTemplate":"https:\/\/www.urlaubcornwall.de\/blog\/?s={search_term_string}"},"query-input":"required name=search_term_string"}],"inLanguage":"en-US"},{"@type":"WebPage","@id":"https:\/\/www.urlaubcornwall.de\/blog\/glastonbury-urlaub-in-somerset-und-suedengland\/","url":"https:\/\/www.urlaubcornwall.de\/blog\/glastonbury-urlaub-in-somerset-und-suedengland\/","name":"Glastonbury \u2013 Urlaub in Somerset und S\u00fcdengland - Urlaub &amp; Reisen","isPartOf":{"@id":"https:\/\/www.urlaubcornwall.de\/blog\/#website"},"datePublished":"2020-04-09T10:03:44+00:00","dateModified":"2020-04-09T10:03:44+00:00","description":"Abgesehen vom legend\u00e4ren Musikfest ist auch bekannt als heilige Pilgerst\u00e4tte im Mittelalter und bis zum heutigen Tage werden viele Menschen von der mystischen Atmosph\u00e4re angezogen. Die wichtigsten St\u00e4tten in Glastonbury sind die Abtei, eine herrliche Ruine, von der viele glauben, dass hier K\u00f6nig Artus neben Guinevere bestattet wurde.","breadcrumb":{"@id":"https:\/\/www.urlaubcornwall.de\/blog\/glastonbury-urlaub-in-somerset-und-suedengland\/#breadcrumb"},"inLanguage":"en-US","potentialAction":[{"@type":"ReadAction","target":["https:\/\/www.urlaubcornwall.de\/blog\/glastonbury-urlaub-in-somerset-und-suedengland\/"]}]},{"@type":"BreadcrumbList","@id":"https:\/\/www.urlaubcornwall.de\/blog\/glastonbury-urlaub-in-somerset-und-suedengland\/#breadcrumb","itemListElement":[{"@type":"ListItem","position":1,"name":"Home","item":"https:\/\/www.urlaubcornwall.de\/blog\/"},{"@type":"ListItem","position":2,"name":"Glastonbury \u2013 Urlaub in Somerset und S\u00fcdengland"}]}]}},"_links":{"self":[{"href":"https:\/\/www.urlaubcornwall.de\/blog\/wp-json\/wp\/v2\/pages\/39905"}],"collection":[{"href":"https:\/\/www.urlaubcornwall.de\/blog\/wp-json\/wp\/v2\/pages"}],"about":[{"href":"https:\/\/www.urlaubcornwall.de\/blog\/wp-json\/wp\/v2\/types\/page"}],"author":[{"embeddable":true,"href":"https:\/\/www.urlaubcornwall.de\/blog\/wp-json\/wp\/v2\/users\/1"}],"replies":[{"embeddable":true,"href":"https:\/\/www.urlaubcornwall.de\/blog\/wp-json\/wp\/v2\/comments?post=39905"}],"version-history":[{"count":1,"href":"https:\/\/www.urlaubcornwall.de\/blog\/wp-json\/wp\/v2\/pages\/39905\/revisions"}],"predecessor-version":[{"id":39906,"href":"https:\/\/www.urlaubcornwall.de\/blog\/wp-json\/wp\/v2\/pages\/39905\/revisions\/39906"}],"wp:attachment":[{"href":"https:\/\/www.urlaubcornwall.de\/blog\/wp-json\/wp\/v2\/media?parent=39905"}],"curies":[{"name":"wp","href":"https:\/\/api.w.org\/{rel}","templated":true}]}}