{"id":39903,"date":"2020-04-08T10:49:14","date_gmt":"2020-04-08T10:49:14","guid":{"rendered":"https:\/\/www.urlaubcornwall.de\/blog\/?page_id=39903"},"modified":"2020-04-08T10:49:14","modified_gmt":"2020-04-08T10:49:14","slug":"frome-urlaub-in-somerset-und-suedengland","status":"publish","type":"page","link":"https:\/\/www.urlaubcornwall.de\/blog\/frome-urlaub-in-somerset-und-suedengland\/","title":{"rendered":"Frome \u2013 Urlaub in Somerset und S\u00fcdengland"},"content":{"rendered":"<p><img loading=\"lazy\" class=\"aligncenter size-full wp-image-30000\" src=\"https:\/\/www.urlaubcornwall.de\/blog\/wp-content\/uploads\/2017\/10\/frome-poldark-urlaub-somerset.jpg\" alt=\"Frome \u2013 Urlaub in Somerset\" width=\"749\" height=\"459\"\/><\/p>\n<p>Wenngleich es eine gesch\u00e4ftige, bl\u00fchende Marktstadt ist, hat Frome doch jede Menge Charme und ein reiches Erbe. Enge Pflasterstr\u00e4\u00dfchen, ein Wochenmarkt und mehr denkmalgesch\u00fctzte Geb\u00e4ude als irgendeine andere Stadt <a href=\"https:\/\/www.urlaubcornwall.de\/ferienhaeuser-fewos\/eng\/somerset\/somerset.html\">Somersets<\/a> verleihen Frome ein echtes Gef\u00fchl f\u00fcr Geschichte. Die Stadt liegt geradezu perfekt, um einigen von Somersets besten Attraktionen einen Besuch abzustatten, einschlie\u00dflich der herrlichen georgianischen Stadt Bath, dem Longleat Safaripark und Stourhead, dem exquisiten National Trust Geb\u00e4ude.<\/p>\n<p style=\"text-align: center;\"><a class=\"tidycta\" href=\"https:\/\/www.urlaubcornwall.de\/ferienhaeuser-fewos\/eng\/somerset\/frome.html\">Ferienh\u00e4user in Frome<\/a><\/p>\n<p>Bei uns finden Sie Ferienh\u00e4user zum Verlieben &#8211; so einfach ist das! W\u00e4hlen Sie aus \u00fcber 1000 pers\u00f6nlich inspizierten Ferienh\u00e4usern, Cottages &#038; Ferienwohnungen in <a href=\"https:\/\/www.urlaubcornwall.de\/ferienhaeuser\/suedengland.php\">S\u00fcdengland<\/a>.<\/p>\n","protected":false},"excerpt":{"rendered":"<p>Wenngleich es eine gesch\u00e4ftige, bl\u00fchende Marktstadt ist, hat Frome doch jede Menge Charme und ein reiches Erbe. Enge Pflasterstr\u00e4\u00dfchen, ein Wochenmarkt und mehr denkmalgesch\u00fctzte Geb\u00e4ude als irgendeine andere Stadt Somersets verleihen Frome ein echtes Gef\u00fchl f\u00fcr Geschichte. Die Stadt liegt geradezu perfekt, um einigen von Somersets besten Attraktionen einen Besuch abzustatten, einschlie\u00dflich der herrlichen georgianischen [&hellip;]<\/p>\n","protected":false},"author":1,"featured_media":0,"parent":0,"menu_order":0,"comment_status":"closed","ping_status":"closed","template":"single-four.php","meta":[],"acf":[],"yoast_head":"<!-- This site is optimized with the Yoast SEO plugin v19.4 - https:\/\/yoast.com\/wordpress\/plugins\/seo\/ -->\n<title>Frome \u2013 Urlaub in Somerset und S\u00fcdengland - Urlaub &amp; Reisen<\/title>\n<meta name=\"description\" content=\"Wenngleich es eine gesch\u00e4ftige, bl\u00fchende Marktstadt ist, hat Frome doch jede Menge Charme und ein reiches Erbe. Enge Pflasterstr\u00e4\u00dfchen, ein Wochenmarkt und mehr denkmalgesch\u00fctzte Geb\u00e4ude als irgendeine andere Stadt Somersets verleihen Frome ein echtes Gef\u00fchl f\u00fcr Geschichte. Die Stadt liegt geradezu perfekt, um einigen von Somersets besten Attraktionen einen Besuch abzustatten, einschlie\u00dflich der herrlichen georgianischen Stadt Bath, dem Longleat Safaripark und Stourhead, dem exquisiten National Trust Geb\u00e4ude.\" \/>\n<meta name=\"robots\" content=\"index, follow, max-snippet:-1, max-image-preview:large, max-video-preview:-1\" \/>\n<link rel=\"canonical\" href=\"https:\/\/www.urlaubcornwall.de\/blog\/frome-urlaub-in-somerset-und-suedengland\/\" \/>\n<meta property=\"og:locale\" content=\"en_US\" \/>\n<meta property=\"og:type\" content=\"article\" \/>\n<meta property=\"og:title\" content=\"Frome \u2013 Urlaub in Somerset und S\u00fcdengland - Urlaub &amp; Reisen\" \/>\n<meta property=\"og:description\" content=\"Wenngleich es eine gesch\u00e4ftige, bl\u00fchende Marktstadt ist, hat Frome doch jede Menge Charme und ein reiches Erbe. Enge Pflasterstr\u00e4\u00dfchen, ein Wochenmarkt und mehr denkmalgesch\u00fctzte Geb\u00e4ude als irgendeine andere Stadt Somersets verleihen Frome ein echtes Gef\u00fchl f\u00fcr Geschichte. Die Stadt liegt geradezu perfekt, um einigen von Somersets besten Attraktionen einen Besuch abzustatten, einschlie\u00dflich der herrlichen georgianischen Stadt Bath, dem Longleat Safaripark und Stourhead, dem exquisiten National Trust Geb\u00e4ude.\" \/>\n<meta property=\"og:url\" content=\"https:\/\/www.urlaubcornwall.de\/blog\/frome-urlaub-in-somerset-und-suedengland\/\" \/>\n<meta property=\"og:site_name\" content=\"Urlaub &amp; Reisen\" \/>\n<meta property=\"og:image\" content=\"https:\/\/www.urlaubcornwall.de\/blog\/wp-content\/uploads\/2017\/10\/frome-poldark-urlaub-somerset.jpg\" \/>\n<meta name=\"twitter:card\" content=\"summary\" \/>\n<meta name=\"twitter:label1\" content=\"Est. reading time\" \/>\n\t<meta name=\"twitter:data1\" content=\"1 minute\" \/>\n<script type=\"application\/ld+json\" class=\"yoast-schema-graph\">{\"@context\":\"https:\/\/schema.org\",\"@graph\":[{\"@type\":\"WebSite\",\"@id\":\"https:\/\/www.urlaubcornwall.de\/blog\/#website\",\"url\":\"https:\/\/www.urlaubcornwall.de\/blog\/\",\"name\":\"Urlaub &amp; Reisen\",\"description\":\"Urlaub, Reisen, Cornwall und S\u00fcdengland: eine perfekte Kombination\",\"potentialAction\":[{\"@type\":\"SearchAction\",\"target\":{\"@type\":\"EntryPoint\",\"urlTemplate\":\"https:\/\/www.urlaubcornwall.de\/blog\/?s={search_term_string}\"},\"query-input\":\"required name=search_term_string\"}],\"inLanguage\":\"en-US\"},{\"@type\":\"WebPage\",\"@id\":\"https:\/\/www.urlaubcornwall.de\/blog\/frome-urlaub-in-somerset-und-suedengland\/\",\"url\":\"https:\/\/www.urlaubcornwall.de\/blog\/frome-urlaub-in-somerset-und-suedengland\/\",\"name\":\"Frome \u2013 Urlaub in Somerset und S\u00fcdengland - Urlaub &amp; Reisen\",\"isPartOf\":{\"@id\":\"https:\/\/www.urlaubcornwall.de\/blog\/#website\"},\"datePublished\":\"2020-04-08T10:49:14+00:00\",\"dateModified\":\"2020-04-08T10:49:14+00:00\",\"description\":\"Wenngleich es eine gesch\u00e4ftige, bl\u00fchende Marktstadt ist, hat Frome doch jede Menge Charme und ein reiches Erbe. Enge Pflasterstr\u00e4\u00dfchen, ein Wochenmarkt und mehr denkmalgesch\u00fctzte Geb\u00e4ude als irgendeine andere Stadt Somersets verleihen Frome ein echtes Gef\u00fchl f\u00fcr Geschichte. Die Stadt liegt geradezu perfekt, um einigen von Somersets besten Attraktionen einen Besuch abzustatten, einschlie\u00dflich der herrlichen georgianischen Stadt Bath, dem Longleat Safaripark und Stourhead, dem exquisiten National Trust Geb\u00e4ude.\",\"breadcrumb\":{\"@id\":\"https:\/\/www.urlaubcornwall.de\/blog\/frome-urlaub-in-somerset-und-suedengland\/#breadcrumb\"},\"inLanguage\":\"en-US\",\"potentialAction\":[{\"@type\":\"ReadAction\",\"target\":[\"https:\/\/www.urlaubcornwall.de\/blog\/frome-urlaub-in-somerset-und-suedengland\/\"]}]},{\"@type\":\"BreadcrumbList\",\"@id\":\"https:\/\/www.urlaubcornwall.de\/blog\/frome-urlaub-in-somerset-und-suedengland\/#breadcrumb\",\"itemListElement\":[{\"@type\":\"ListItem\",\"position\":1,\"name\":\"Home\",\"item\":\"https:\/\/www.urlaubcornwall.de\/blog\/\"},{\"@type\":\"ListItem\",\"position\":2,\"name\":\"Frome \u2013 Urlaub in Somerset und S\u00fcdengland\"}]}]}<\/script>\n<!-- \/ Yoast SEO plugin. -->","yoast_head_json":{"title":"Frome \u2013 Urlaub in Somerset und S\u00fcdengland - Urlaub &amp; Reisen","description":"Wenngleich es eine gesch\u00e4ftige, bl\u00fchende Marktstadt ist, hat Frome doch jede Menge Charme und ein reiches Erbe. Enge Pflasterstr\u00e4\u00dfchen, ein Wochenmarkt und mehr denkmalgesch\u00fctzte Geb\u00e4ude als irgendeine andere Stadt Somersets verleihen Frome ein echtes Gef\u00fchl f\u00fcr Geschichte. Die Stadt liegt geradezu perfekt, um einigen von Somersets besten Attraktionen einen Besuch abzustatten, einschlie\u00dflich der herrlichen georgianischen Stadt Bath, dem Longleat Safaripark und Stourhead, dem exquisiten National Trust Geb\u00e4ude.","robots":{"index":"index","follow":"follow","max-snippet":"max-snippet:-1","max-image-preview":"max-image-preview:large","max-video-preview":"max-video-preview:-1"},"canonical":"https:\/\/www.urlaubcornwall.de\/blog\/frome-urlaub-in-somerset-und-suedengland\/","og_locale":"en_US","og_type":"article","og_title":"Frome \u2013 Urlaub in Somerset und S\u00fcdengland - Urlaub &amp; Reisen","og_description":"Wenngleich es eine gesch\u00e4ftige, bl\u00fchende Marktstadt ist, hat Frome doch jede Menge Charme und ein reiches Erbe. Enge Pflasterstr\u00e4\u00dfchen, ein Wochenmarkt und mehr denkmalgesch\u00fctzte Geb\u00e4ude als irgendeine andere Stadt Somersets verleihen Frome ein echtes Gef\u00fchl f\u00fcr Geschichte. Die Stadt liegt geradezu perfekt, um einigen von Somersets besten Attraktionen einen Besuch abzustatten, einschlie\u00dflich der herrlichen georgianischen Stadt Bath, dem Longleat Safaripark und Stourhead, dem exquisiten National Trust Geb\u00e4ude.","og_url":"https:\/\/www.urlaubcornwall.de\/blog\/frome-urlaub-in-somerset-und-suedengland\/","og_site_name":"Urlaub &amp; Reisen","og_image":[{"url":"https:\/\/www.urlaubcornwall.de\/blog\/wp-content\/uploads\/2017\/10\/frome-poldark-urlaub-somerset.jpg"}],"twitter_card":"summary","twitter_misc":{"Est. reading time":"1 minute"},"schema":{"@context":"https:\/\/schema.org","@graph":[{"@type":"WebSite","@id":"https:\/\/www.urlaubcornwall.de\/blog\/#website","url":"https:\/\/www.urlaubcornwall.de\/blog\/","name":"Urlaub &amp; Reisen","description":"Urlaub, Reisen, Cornwall und S\u00fcdengland: eine perfekte Kombination","potentialAction":[{"@type":"SearchAction","target":{"@type":"EntryPoint","urlTemplate":"https:\/\/www.urlaubcornwall.de\/blog\/?s={search_term_string}"},"query-input":"required name=search_term_string"}],"inLanguage":"en-US"},{"@type":"WebPage","@id":"https:\/\/www.urlaubcornwall.de\/blog\/frome-urlaub-in-somerset-und-suedengland\/","url":"https:\/\/www.urlaubcornwall.de\/blog\/frome-urlaub-in-somerset-und-suedengland\/","name":"Frome \u2013 Urlaub in Somerset und S\u00fcdengland - Urlaub &amp; Reisen","isPartOf":{"@id":"https:\/\/www.urlaubcornwall.de\/blog\/#website"},"datePublished":"2020-04-08T10:49:14+00:00","dateModified":"2020-04-08T10:49:14+00:00","description":"Wenngleich es eine gesch\u00e4ftige, bl\u00fchende Marktstadt ist, hat Frome doch jede Menge Charme und ein reiches Erbe. Enge Pflasterstr\u00e4\u00dfchen, ein Wochenmarkt und mehr denkmalgesch\u00fctzte Geb\u00e4ude als irgendeine andere Stadt Somersets verleihen Frome ein echtes Gef\u00fchl f\u00fcr Geschichte. Die Stadt liegt geradezu perfekt, um einigen von Somersets besten Attraktionen einen Besuch abzustatten, einschlie\u00dflich der herrlichen georgianischen Stadt Bath, dem Longleat Safaripark und Stourhead, dem exquisiten National Trust Geb\u00e4ude.","breadcrumb":{"@id":"https:\/\/www.urlaubcornwall.de\/blog\/frome-urlaub-in-somerset-und-suedengland\/#breadcrumb"},"inLanguage":"en-US","potentialAction":[{"@type":"ReadAction","target":["https:\/\/www.urlaubcornwall.de\/blog\/frome-urlaub-in-somerset-und-suedengland\/"]}]},{"@type":"BreadcrumbList","@id":"https:\/\/www.urlaubcornwall.de\/blog\/frome-urlaub-in-somerset-und-suedengland\/#breadcrumb","itemListElement":[{"@type":"ListItem","position":1,"name":"Home","item":"https:\/\/www.urlaubcornwall.de\/blog\/"},{"@type":"ListItem","position":2,"name":"Frome \u2013 Urlaub in Somerset und S\u00fcdengland"}]}]}},"_links":{"self":[{"href":"https:\/\/www.urlaubcornwall.de\/blog\/wp-json\/wp\/v2\/pages\/39903"}],"collection":[{"href":"https:\/\/www.urlaubcornwall.de\/blog\/wp-json\/wp\/v2\/pages"}],"about":[{"href":"https:\/\/www.urlaubcornwall.de\/blog\/wp-json\/wp\/v2\/types\/page"}],"author":[{"embeddable":true,"href":"https:\/\/www.urlaubcornwall.de\/blog\/wp-json\/wp\/v2\/users\/1"}],"replies":[{"embeddable":true,"href":"https:\/\/www.urlaubcornwall.de\/blog\/wp-json\/wp\/v2\/comments?post=39903"}],"version-history":[{"count":1,"href":"https:\/\/www.urlaubcornwall.de\/blog\/wp-json\/wp\/v2\/pages\/39903\/revisions"}],"predecessor-version":[{"id":39904,"href":"https:\/\/www.urlaubcornwall.de\/blog\/wp-json\/wp\/v2\/pages\/39903\/revisions\/39904"}],"wp:attachment":[{"href":"https:\/\/www.urlaubcornwall.de\/blog\/wp-json\/wp\/v2\/media?parent=39903"}],"curies":[{"name":"wp","href":"https:\/\/api.w.org\/{rel}","templated":true}]}}