{"id":39891,"date":"2020-04-08T10:22:22","date_gmt":"2020-04-08T10:22:22","guid":{"rendered":"https:\/\/www.urlaubcornwall.de\/blog\/?page_id=39891"},"modified":"2020-04-08T10:28:57","modified_gmt":"2020-04-08T10:28:57","slug":"bridgwater-urlaub-in-somerset-und-suedengland","status":"publish","type":"page","link":"https:\/\/www.urlaubcornwall.de\/blog\/bridgwater-urlaub-in-somerset-und-suedengland\/","title":{"rendered":"Bridgwater \u2013 Urlaub in Somerset und S\u00fcdengland"},"content":{"rendered":"<p><img loading=\"lazy\" class=\"aligncenter size-full wp-image-39892\" src=\"https:\/\/www.urlaubcornwall.de\/blog\/wp-content\/uploads\/2020\/04\/quantock-hills-bridgwater.jpg\" alt=\"quantock hills bridgwater\" width=\"750\" height=\"483\"\/><\/p>\n<p>Zwischen den https:\/\/www.urlaubcornwall.de\/ferienhaeuser-fewos\/eng\/somerset\/somerset.html Levels und den Quantock H\u00fcgeln gelegen, ist die Umgebung von <a href=\"https:\/\/www.urlaubcornwall.de\/ferienhaeuser-fewos\/eng\/somerset\/bridgwater.html\">Bridgwater<\/a> ein pastorales Paradies. Radfahren, Wandern, Reiten \u2013 es gibt viele M\u00f6glichkeiten, um hinaus in die Landschaft zu gehen und die frische Luft Somersets einzuatmen.<\/p>\n<p style=\"text-align: center;\"><a class=\"tidycta\" href=\"https:\/\/www.urlaubcornwall.de\/ferienhaeuser-fewos\/eng\/somerset\/somerset.html\">Ferienh\u00e4user in Bridgewater und Somerset<\/a><\/p>\n<p>Bei uns finden Sie Ferienh\u00e4user zum Verlieben &#8211; so einfach ist das! W\u00e4hlen Sie aus \u00fcber 1000 pers\u00f6nlich inspizierten Ferienh\u00e4usern, Cottages &#038; Ferienwohnungen in <a href=\"https:\/\/www.urlaubcornwall.de\/ferienhaeuser\/suedengland.php\"> S\u00fcdengland<\/a>.<\/p>\n","protected":false},"excerpt":{"rendered":"<p>Zwischen den https:\/\/www.urlaubcornwall.de\/ferienhaeuser-fewos\/eng\/somerset\/somerset.html Levels und den Quantock H\u00fcgeln gelegen, ist die Umgebung von Bridgwater ein pastorales Paradies. Radfahren, Wandern, Reiten \u2013 es gibt viele M\u00f6glichkeiten, um hinaus in die Landschaft zu gehen und die frische Luft Somersets einzuatmen. Ferienh\u00e4user in Bridgewater und Somerset Bei uns finden Sie Ferienh\u00e4user zum Verlieben &#8211; so einfach ist das! [&hellip;]<\/p>\n","protected":false},"author":1,"featured_media":0,"parent":0,"menu_order":0,"comment_status":"closed","ping_status":"closed","template":"single-four.php","meta":[],"acf":[],"yoast_head":"<!-- This site is optimized with the Yoast SEO plugin v19.4 - https:\/\/yoast.com\/wordpress\/plugins\/seo\/ -->\n<title>Bridgwater \u2013 Urlaub in Somerset und S\u00fcdengland - Urlaub &amp; Reisen<\/title>\n<meta name=\"description\" content=\"Zwischen den Somerset Levels und den Quantock H\u00fcgeln gelegen, ist die Umgebung von Bridgwater ein pastorales Paradies. Radfahren, Wandern, Reiten \u2013 es gibt viele M\u00f6glichkeiten, um hinaus in die Landschaft zu gehen und die frische Luft Somersets einzuatmen.\" \/>\n<meta name=\"robots\" content=\"index, follow, max-snippet:-1, max-image-preview:large, max-video-preview:-1\" \/>\n<link rel=\"canonical\" href=\"https:\/\/www.urlaubcornwall.de\/blog\/bridgwater-urlaub-in-somerset-und-suedengland\/\" \/>\n<meta property=\"og:locale\" content=\"en_US\" \/>\n<meta property=\"og:type\" content=\"article\" \/>\n<meta property=\"og:title\" content=\"Bridgwater \u2013 Urlaub in Somerset und S\u00fcdengland - Urlaub &amp; Reisen\" \/>\n<meta property=\"og:description\" content=\"Zwischen den Somerset Levels und den Quantock H\u00fcgeln gelegen, ist die Umgebung von Bridgwater ein pastorales Paradies. Radfahren, Wandern, Reiten \u2013 es gibt viele M\u00f6glichkeiten, um hinaus in die Landschaft zu gehen und die frische Luft Somersets einzuatmen.\" \/>\n<meta property=\"og:url\" content=\"https:\/\/www.urlaubcornwall.de\/blog\/bridgwater-urlaub-in-somerset-und-suedengland\/\" \/>\n<meta property=\"og:site_name\" content=\"Urlaub &amp; Reisen\" \/>\n<meta property=\"article:modified_time\" content=\"2020-04-08T10:28:57+00:00\" \/>\n<meta property=\"og:image\" content=\"https:\/\/www.urlaubcornwall.de\/blog\/wp-content\/uploads\/2020\/04\/quantock-hills-bridgwater.jpg\" \/>\n<meta name=\"twitter:card\" content=\"summary\" \/>\n<script type=\"application\/ld+json\" class=\"yoast-schema-graph\">{\"@context\":\"https:\/\/schema.org\",\"@graph\":[{\"@type\":\"WebSite\",\"@id\":\"https:\/\/www.urlaubcornwall.de\/blog\/#website\",\"url\":\"https:\/\/www.urlaubcornwall.de\/blog\/\",\"name\":\"Urlaub &amp; Reisen\",\"description\":\"Urlaub, Reisen, Cornwall und S\u00fcdengland: eine perfekte Kombination\",\"potentialAction\":[{\"@type\":\"SearchAction\",\"target\":{\"@type\":\"EntryPoint\",\"urlTemplate\":\"https:\/\/www.urlaubcornwall.de\/blog\/?s={search_term_string}\"},\"query-input\":\"required name=search_term_string\"}],\"inLanguage\":\"en-US\"},{\"@type\":\"WebPage\",\"@id\":\"https:\/\/www.urlaubcornwall.de\/blog\/bridgwater-urlaub-in-somerset-und-suedengland\/\",\"url\":\"https:\/\/www.urlaubcornwall.de\/blog\/bridgwater-urlaub-in-somerset-und-suedengland\/\",\"name\":\"Bridgwater \u2013 Urlaub in Somerset und S\u00fcdengland - Urlaub &amp; Reisen\",\"isPartOf\":{\"@id\":\"https:\/\/www.urlaubcornwall.de\/blog\/#website\"},\"datePublished\":\"2020-04-08T10:22:22+00:00\",\"dateModified\":\"2020-04-08T10:28:57+00:00\",\"description\":\"Zwischen den Somerset Levels und den Quantock H\u00fcgeln gelegen, ist die Umgebung von Bridgwater ein pastorales Paradies. Radfahren, Wandern, Reiten \u2013 es gibt viele M\u00f6glichkeiten, um hinaus in die Landschaft zu gehen und die frische Luft Somersets einzuatmen.\",\"breadcrumb\":{\"@id\":\"https:\/\/www.urlaubcornwall.de\/blog\/bridgwater-urlaub-in-somerset-und-suedengland\/#breadcrumb\"},\"inLanguage\":\"en-US\",\"potentialAction\":[{\"@type\":\"ReadAction\",\"target\":[\"https:\/\/www.urlaubcornwall.de\/blog\/bridgwater-urlaub-in-somerset-und-suedengland\/\"]}]},{\"@type\":\"BreadcrumbList\",\"@id\":\"https:\/\/www.urlaubcornwall.de\/blog\/bridgwater-urlaub-in-somerset-und-suedengland\/#breadcrumb\",\"itemListElement\":[{\"@type\":\"ListItem\",\"position\":1,\"name\":\"Home\",\"item\":\"https:\/\/www.urlaubcornwall.de\/blog\/\"},{\"@type\":\"ListItem\",\"position\":2,\"name\":\"Bridgwater \u2013 Urlaub in Somerset und S\u00fcdengland\"}]}]}<\/script>\n<!-- \/ Yoast SEO plugin. -->","yoast_head_json":{"title":"Bridgwater \u2013 Urlaub in Somerset und S\u00fcdengland - Urlaub &amp; Reisen","description":"Zwischen den Somerset Levels und den Quantock H\u00fcgeln gelegen, ist die Umgebung von Bridgwater ein pastorales Paradies. Radfahren, Wandern, Reiten \u2013 es gibt viele M\u00f6glichkeiten, um hinaus in die Landschaft zu gehen und die frische Luft Somersets einzuatmen.","robots":{"index":"index","follow":"follow","max-snippet":"max-snippet:-1","max-image-preview":"max-image-preview:large","max-video-preview":"max-video-preview:-1"},"canonical":"https:\/\/www.urlaubcornwall.de\/blog\/bridgwater-urlaub-in-somerset-und-suedengland\/","og_locale":"en_US","og_type":"article","og_title":"Bridgwater \u2013 Urlaub in Somerset und S\u00fcdengland - Urlaub &amp; Reisen","og_description":"Zwischen den Somerset Levels und den Quantock H\u00fcgeln gelegen, ist die Umgebung von Bridgwater ein pastorales Paradies. Radfahren, Wandern, Reiten \u2013 es gibt viele M\u00f6glichkeiten, um hinaus in die Landschaft zu gehen und die frische Luft Somersets einzuatmen.","og_url":"https:\/\/www.urlaubcornwall.de\/blog\/bridgwater-urlaub-in-somerset-und-suedengland\/","og_site_name":"Urlaub &amp; Reisen","article_modified_time":"2020-04-08T10:28:57+00:00","og_image":[{"url":"https:\/\/www.urlaubcornwall.de\/blog\/wp-content\/uploads\/2020\/04\/quantock-hills-bridgwater.jpg"}],"twitter_card":"summary","schema":{"@context":"https:\/\/schema.org","@graph":[{"@type":"WebSite","@id":"https:\/\/www.urlaubcornwall.de\/blog\/#website","url":"https:\/\/www.urlaubcornwall.de\/blog\/","name":"Urlaub &amp; Reisen","description":"Urlaub, Reisen, Cornwall und S\u00fcdengland: eine perfekte Kombination","potentialAction":[{"@type":"SearchAction","target":{"@type":"EntryPoint","urlTemplate":"https:\/\/www.urlaubcornwall.de\/blog\/?s={search_term_string}"},"query-input":"required name=search_term_string"}],"inLanguage":"en-US"},{"@type":"WebPage","@id":"https:\/\/www.urlaubcornwall.de\/blog\/bridgwater-urlaub-in-somerset-und-suedengland\/","url":"https:\/\/www.urlaubcornwall.de\/blog\/bridgwater-urlaub-in-somerset-und-suedengland\/","name":"Bridgwater \u2013 Urlaub in Somerset und S\u00fcdengland - Urlaub &amp; Reisen","isPartOf":{"@id":"https:\/\/www.urlaubcornwall.de\/blog\/#website"},"datePublished":"2020-04-08T10:22:22+00:00","dateModified":"2020-04-08T10:28:57+00:00","description":"Zwischen den Somerset Levels und den Quantock H\u00fcgeln gelegen, ist die Umgebung von Bridgwater ein pastorales Paradies. Radfahren, Wandern, Reiten \u2013 es gibt viele M\u00f6glichkeiten, um hinaus in die Landschaft zu gehen und die frische Luft Somersets einzuatmen.","breadcrumb":{"@id":"https:\/\/www.urlaubcornwall.de\/blog\/bridgwater-urlaub-in-somerset-und-suedengland\/#breadcrumb"},"inLanguage":"en-US","potentialAction":[{"@type":"ReadAction","target":["https:\/\/www.urlaubcornwall.de\/blog\/bridgwater-urlaub-in-somerset-und-suedengland\/"]}]},{"@type":"BreadcrumbList","@id":"https:\/\/www.urlaubcornwall.de\/blog\/bridgwater-urlaub-in-somerset-und-suedengland\/#breadcrumb","itemListElement":[{"@type":"ListItem","position":1,"name":"Home","item":"https:\/\/www.urlaubcornwall.de\/blog\/"},{"@type":"ListItem","position":2,"name":"Bridgwater \u2013 Urlaub in Somerset und S\u00fcdengland"}]}]}},"_links":{"self":[{"href":"https:\/\/www.urlaubcornwall.de\/blog\/wp-json\/wp\/v2\/pages\/39891"}],"collection":[{"href":"https:\/\/www.urlaubcornwall.de\/blog\/wp-json\/wp\/v2\/pages"}],"about":[{"href":"https:\/\/www.urlaubcornwall.de\/blog\/wp-json\/wp\/v2\/types\/page"}],"author":[{"embeddable":true,"href":"https:\/\/www.urlaubcornwall.de\/blog\/wp-json\/wp\/v2\/users\/1"}],"replies":[{"embeddable":true,"href":"https:\/\/www.urlaubcornwall.de\/blog\/wp-json\/wp\/v2\/comments?post=39891"}],"version-history":[{"count":2,"href":"https:\/\/www.urlaubcornwall.de\/blog\/wp-json\/wp\/v2\/pages\/39891\/revisions"}],"predecessor-version":[{"id":39897,"href":"https:\/\/www.urlaubcornwall.de\/blog\/wp-json\/wp\/v2\/pages\/39891\/revisions\/39897"}],"wp:attachment":[{"href":"https:\/\/www.urlaubcornwall.de\/blog\/wp-json\/wp\/v2\/media?parent=39891"}],"curies":[{"name":"wp","href":"https:\/\/api.w.org\/{rel}","templated":true}]}}