{"id":39889,"date":"2020-04-08T10:13:11","date_gmt":"2020-04-08T10:13:11","guid":{"rendered":"https:\/\/www.urlaubcornwall.de\/blog\/?page_id=39889"},"modified":"2021-09-16T06:50:20","modified_gmt":"2021-09-16T06:50:20","slug":"bath-urlaub-in-somerset-und-suedengland","status":"publish","type":"page","link":"https:\/\/www.urlaubcornwall.de\/blog\/bath-urlaub-in-somerset-und-suedengland\/","title":{"rendered":"Bath \u2013 Urlaub in Somerset und S\u00fcdengland"},"content":{"rendered":"<p><img loading=\"lazy\" class=\"aligncenter size-full wp-image-17681\" src=\"https:\/\/www.urlaubcornwall.de\/blog\/wp-content\/uploads\/2015\/01\/Bath.jpg\" alt=\"gruppenreisen bath england\" width=\"749\" height=\"393\"\/><\/p>\n<p>Als eine Weltkulturerbest\u00e4tte aufgrund der prachtvollen Architektur, einschlie\u00dflich der spektakul\u00e4ren r\u00f6mischen B\u00e4der, zieht Bath Besucher aus aller Welt an. Obgleich es tief in die Geschichte verankert ist, ist Bath doch auch eine durch und durch moderne Stadt mit fantastischen Einkaufsm\u00f6glichkeiten, ausgezeichneten Speisem\u00f6glichkeiten und gro\u00dfartigem Unterhaltungsangebot dank einer lebendigen Musikszene.<\/p>\n<p style=\"text-align: center;\"><a class=\"tidycta\" href=\"https:\/\/www.urlaubcornwall.de\/ferienhaeuser-fewos\/eng\/somerset\/bath.html\">Ferienh\u00e4user in Bath und Somerset<\/a><\/p>\n<p>Bei uns finden Sie Ferienh\u00e4user zum Verlieben &#8211; so einfach ist das! W\u00e4hlen Sie aus \u00fcber 1000 pers\u00f6nlich inspizierten Ferienh\u00e4usern, Cottages &#038; Ferienwohnungen in <a href=\"https:\/\/www.urlaubcornwall.de\/ferienhaeuser\/suedengland.php\">S\u00fcdengland<\/a>.<\/p>\n","protected":false},"excerpt":{"rendered":"<p>Als eine Weltkulturerbest\u00e4tte aufgrund der prachtvollen Architektur, einschlie\u00dflich der spektakul\u00e4ren r\u00f6mischen B\u00e4der, zieht Bath Besucher aus aller Welt an. Obgleich es tief in die Geschichte verankert ist, ist Bath doch auch eine durch und durch moderne Stadt mit fantastischen Einkaufsm\u00f6glichkeiten, ausgezeichneten Speisem\u00f6glichkeiten und gro\u00dfartigem Unterhaltungsangebot dank einer lebendigen Musikszene. Ferienh\u00e4user in Bath und Somerset Bei [&hellip;]<\/p>\n","protected":false},"author":1,"featured_media":0,"parent":0,"menu_order":0,"comment_status":"closed","ping_status":"closed","template":"single-four.php","meta":[],"acf":[],"yoast_head":"<!-- This site is optimized with the Yoast SEO plugin v19.4 - https:\/\/yoast.com\/wordpress\/plugins\/seo\/ -->\n<title>Bath \u2013 Urlaub in Somerset und S\u00fcdengland - Urlaub &amp; Reisen<\/title>\n<meta name=\"description\" content=\"Als eine Weltkulturerbest\u00e4tte aufgrund der prachtvollen Architektur, einschlie\u00dflich der spektakul\u00e4ren r\u00f6mischen B\u00e4der, zieht Bath Besucher aus aller Welt an. Obgleich es tief in die Geschichte verankert ist, ist Bath doch auch eine durch und durch moderne Stadt mit fantastischen Einkaufsm\u00f6glichkeiten, ausgezeichneten Speisem\u00f6glichkeiten und gro\u00dfartigem Unterhaltungsangebot dank einer lebendigen Musikszene.\" \/>\n<meta name=\"robots\" content=\"index, follow, max-snippet:-1, max-image-preview:large, max-video-preview:-1\" \/>\n<link rel=\"canonical\" href=\"https:\/\/www.urlaubcornwall.de\/blog\/bath-urlaub-in-somerset-und-suedengland\/\" \/>\n<meta property=\"og:locale\" content=\"en_US\" \/>\n<meta property=\"og:type\" content=\"article\" \/>\n<meta property=\"og:title\" content=\"Bath \u2013 Urlaub in Somerset und S\u00fcdengland - Urlaub &amp; Reisen\" \/>\n<meta property=\"og:description\" content=\"Als eine Weltkulturerbest\u00e4tte aufgrund der prachtvollen Architektur, einschlie\u00dflich der spektakul\u00e4ren r\u00f6mischen B\u00e4der, zieht Bath Besucher aus aller Welt an. Obgleich es tief in die Geschichte verankert ist, ist Bath doch auch eine durch und durch moderne Stadt mit fantastischen Einkaufsm\u00f6glichkeiten, ausgezeichneten Speisem\u00f6glichkeiten und gro\u00dfartigem Unterhaltungsangebot dank einer lebendigen Musikszene.\" \/>\n<meta property=\"og:url\" content=\"https:\/\/www.urlaubcornwall.de\/blog\/bath-urlaub-in-somerset-und-suedengland\/\" \/>\n<meta property=\"og:site_name\" content=\"Urlaub &amp; Reisen\" \/>\n<meta property=\"article:modified_time\" content=\"2021-09-16T06:50:20+00:00\" \/>\n<meta property=\"og:image\" content=\"https:\/\/www.urlaubcornwall.de\/blog\/wp-content\/uploads\/2015\/01\/Bath.jpg\" \/>\n<meta name=\"twitter:card\" content=\"summary\" \/>\n<script type=\"application\/ld+json\" class=\"yoast-schema-graph\">{\"@context\":\"https:\/\/schema.org\",\"@graph\":[{\"@type\":\"WebSite\",\"@id\":\"https:\/\/www.urlaubcornwall.de\/blog\/#website\",\"url\":\"https:\/\/www.urlaubcornwall.de\/blog\/\",\"name\":\"Urlaub &amp; Reisen\",\"description\":\"Urlaub, Reisen, Cornwall und S\u00fcdengland: eine perfekte Kombination\",\"potentialAction\":[{\"@type\":\"SearchAction\",\"target\":{\"@type\":\"EntryPoint\",\"urlTemplate\":\"https:\/\/www.urlaubcornwall.de\/blog\/?s={search_term_string}\"},\"query-input\":\"required name=search_term_string\"}],\"inLanguage\":\"en-US\"},{\"@type\":\"WebPage\",\"@id\":\"https:\/\/www.urlaubcornwall.de\/blog\/bath-urlaub-in-somerset-und-suedengland\/\",\"url\":\"https:\/\/www.urlaubcornwall.de\/blog\/bath-urlaub-in-somerset-und-suedengland\/\",\"name\":\"Bath \u2013 Urlaub in Somerset und S\u00fcdengland - Urlaub &amp; Reisen\",\"isPartOf\":{\"@id\":\"https:\/\/www.urlaubcornwall.de\/blog\/#website\"},\"datePublished\":\"2020-04-08T10:13:11+00:00\",\"dateModified\":\"2021-09-16T06:50:20+00:00\",\"description\":\"Als eine Weltkulturerbest\u00e4tte aufgrund der prachtvollen Architektur, einschlie\u00dflich der spektakul\u00e4ren r\u00f6mischen B\u00e4der, zieht Bath Besucher aus aller Welt an. Obgleich es tief in die Geschichte verankert ist, ist Bath doch auch eine durch und durch moderne Stadt mit fantastischen Einkaufsm\u00f6glichkeiten, ausgezeichneten Speisem\u00f6glichkeiten und gro\u00dfartigem Unterhaltungsangebot dank einer lebendigen Musikszene.\",\"breadcrumb\":{\"@id\":\"https:\/\/www.urlaubcornwall.de\/blog\/bath-urlaub-in-somerset-und-suedengland\/#breadcrumb\"},\"inLanguage\":\"en-US\",\"potentialAction\":[{\"@type\":\"ReadAction\",\"target\":[\"https:\/\/www.urlaubcornwall.de\/blog\/bath-urlaub-in-somerset-und-suedengland\/\"]}]},{\"@type\":\"BreadcrumbList\",\"@id\":\"https:\/\/www.urlaubcornwall.de\/blog\/bath-urlaub-in-somerset-und-suedengland\/#breadcrumb\",\"itemListElement\":[{\"@type\":\"ListItem\",\"position\":1,\"name\":\"Home\",\"item\":\"https:\/\/www.urlaubcornwall.de\/blog\/\"},{\"@type\":\"ListItem\",\"position\":2,\"name\":\"Bath \u2013 Urlaub in Somerset und S\u00fcdengland\"}]}]}<\/script>\n<!-- \/ Yoast SEO plugin. -->","yoast_head_json":{"title":"Bath \u2013 Urlaub in Somerset und S\u00fcdengland - Urlaub &amp; Reisen","description":"Als eine Weltkulturerbest\u00e4tte aufgrund der prachtvollen Architektur, einschlie\u00dflich der spektakul\u00e4ren r\u00f6mischen B\u00e4der, zieht Bath Besucher aus aller Welt an. Obgleich es tief in die Geschichte verankert ist, ist Bath doch auch eine durch und durch moderne Stadt mit fantastischen Einkaufsm\u00f6glichkeiten, ausgezeichneten Speisem\u00f6glichkeiten und gro\u00dfartigem Unterhaltungsangebot dank einer lebendigen Musikszene.","robots":{"index":"index","follow":"follow","max-snippet":"max-snippet:-1","max-image-preview":"max-image-preview:large","max-video-preview":"max-video-preview:-1"},"canonical":"https:\/\/www.urlaubcornwall.de\/blog\/bath-urlaub-in-somerset-und-suedengland\/","og_locale":"en_US","og_type":"article","og_title":"Bath \u2013 Urlaub in Somerset und S\u00fcdengland - Urlaub &amp; Reisen","og_description":"Als eine Weltkulturerbest\u00e4tte aufgrund der prachtvollen Architektur, einschlie\u00dflich der spektakul\u00e4ren r\u00f6mischen B\u00e4der, zieht Bath Besucher aus aller Welt an. Obgleich es tief in die Geschichte verankert ist, ist Bath doch auch eine durch und durch moderne Stadt mit fantastischen Einkaufsm\u00f6glichkeiten, ausgezeichneten Speisem\u00f6glichkeiten und gro\u00dfartigem Unterhaltungsangebot dank einer lebendigen Musikszene.","og_url":"https:\/\/www.urlaubcornwall.de\/blog\/bath-urlaub-in-somerset-und-suedengland\/","og_site_name":"Urlaub &amp; Reisen","article_modified_time":"2021-09-16T06:50:20+00:00","og_image":[{"url":"https:\/\/www.urlaubcornwall.de\/blog\/wp-content\/uploads\/2015\/01\/Bath.jpg"}],"twitter_card":"summary","schema":{"@context":"https:\/\/schema.org","@graph":[{"@type":"WebSite","@id":"https:\/\/www.urlaubcornwall.de\/blog\/#website","url":"https:\/\/www.urlaubcornwall.de\/blog\/","name":"Urlaub &amp; Reisen","description":"Urlaub, Reisen, Cornwall und S\u00fcdengland: eine perfekte Kombination","potentialAction":[{"@type":"SearchAction","target":{"@type":"EntryPoint","urlTemplate":"https:\/\/www.urlaubcornwall.de\/blog\/?s={search_term_string}"},"query-input":"required name=search_term_string"}],"inLanguage":"en-US"},{"@type":"WebPage","@id":"https:\/\/www.urlaubcornwall.de\/blog\/bath-urlaub-in-somerset-und-suedengland\/","url":"https:\/\/www.urlaubcornwall.de\/blog\/bath-urlaub-in-somerset-und-suedengland\/","name":"Bath \u2013 Urlaub in Somerset und S\u00fcdengland - Urlaub &amp; Reisen","isPartOf":{"@id":"https:\/\/www.urlaubcornwall.de\/blog\/#website"},"datePublished":"2020-04-08T10:13:11+00:00","dateModified":"2021-09-16T06:50:20+00:00","description":"Als eine Weltkulturerbest\u00e4tte aufgrund der prachtvollen Architektur, einschlie\u00dflich der spektakul\u00e4ren r\u00f6mischen B\u00e4der, zieht Bath Besucher aus aller Welt an. Obgleich es tief in die Geschichte verankert ist, ist Bath doch auch eine durch und durch moderne Stadt mit fantastischen Einkaufsm\u00f6glichkeiten, ausgezeichneten Speisem\u00f6glichkeiten und gro\u00dfartigem Unterhaltungsangebot dank einer lebendigen Musikszene.","breadcrumb":{"@id":"https:\/\/www.urlaubcornwall.de\/blog\/bath-urlaub-in-somerset-und-suedengland\/#breadcrumb"},"inLanguage":"en-US","potentialAction":[{"@type":"ReadAction","target":["https:\/\/www.urlaubcornwall.de\/blog\/bath-urlaub-in-somerset-und-suedengland\/"]}]},{"@type":"BreadcrumbList","@id":"https:\/\/www.urlaubcornwall.de\/blog\/bath-urlaub-in-somerset-und-suedengland\/#breadcrumb","itemListElement":[{"@type":"ListItem","position":1,"name":"Home","item":"https:\/\/www.urlaubcornwall.de\/blog\/"},{"@type":"ListItem","position":2,"name":"Bath \u2013 Urlaub in Somerset und S\u00fcdengland"}]}]}},"_links":{"self":[{"href":"https:\/\/www.urlaubcornwall.de\/blog\/wp-json\/wp\/v2\/pages\/39889"}],"collection":[{"href":"https:\/\/www.urlaubcornwall.de\/blog\/wp-json\/wp\/v2\/pages"}],"about":[{"href":"https:\/\/www.urlaubcornwall.de\/blog\/wp-json\/wp\/v2\/types\/page"}],"author":[{"embeddable":true,"href":"https:\/\/www.urlaubcornwall.de\/blog\/wp-json\/wp\/v2\/users\/1"}],"replies":[{"embeddable":true,"href":"https:\/\/www.urlaubcornwall.de\/blog\/wp-json\/wp\/v2\/comments?post=39889"}],"version-history":[{"count":4,"href":"https:\/\/www.urlaubcornwall.de\/blog\/wp-json\/wp\/v2\/pages\/39889\/revisions"}],"predecessor-version":[{"id":42762,"href":"https:\/\/www.urlaubcornwall.de\/blog\/wp-json\/wp\/v2\/pages\/39889\/revisions\/42762"}],"wp:attachment":[{"href":"https:\/\/www.urlaubcornwall.de\/blog\/wp-json\/wp\/v2\/media?parent=39889"}],"curies":[{"name":"wp","href":"https:\/\/api.w.org\/{rel}","templated":true}]}}