{"id":39886,"date":"2020-04-08T10:06:48","date_gmt":"2020-04-08T10:06:48","guid":{"rendered":"https:\/\/www.urlaubcornwall.de\/blog\/?page_id=39886"},"modified":"2024-04-03T12:01:58","modified_gmt":"2024-04-03T12:01:58","slug":"axbridge-urlaub-in-somerset-und-suedengland","status":"publish","type":"page","link":"https:\/\/www.urlaubcornwall.de\/blog\/axbridge-urlaub-in-somerset-und-suedengland\/","title":{"rendered":"Axbridge &#038; Cheddar Schlucht \u2013 Urlaub in Somerset und S\u00fcdengland"},"content":{"rendered":"<p><img loading=\"lazy\" class=\"aligncenter size-full wp-image-48108\" src=\"https:\/\/www.urlaubcornwall.de\/blog\/wp-content\/uploads\/2024\/03\/cheddar-gorge.jpg\" alt=\"cheddar gorge\" width=\"750\" height=\"501\" srcset=\"https:\/\/www.urlaubcornwall.de\/blog\/wp-content\/uploads\/2024\/03\/cheddar-gorge.jpg 750w, https:\/\/www.urlaubcornwall.de\/blog\/wp-content\/uploads\/2024\/03\/cheddar-gorge-300x200.jpg 300w\" sizes=\"(max-width: 750px) 100vw, 750px\" \/><\/p>\n<p>Eingenistet am Fu\u00dfe der Mendip H\u00fcgel ist ein herrliches Beispiel einer antiken englischen Marktstadt einschlie\u00dflich eines mittelalterlichen Platzes mit gut erhaltenen Fachwerkbauten. Eine kurze Autofahrt bringt sie ins Herz des Mendips, des Wunderlandes eines jeden Wanderers, w\u00e4hrend die <a href=\"https:\/\/www.urlaubcornwall.de\/blog\/reisetipps-somerset-unsere-top-10-die-sie-sehen-und-erleben-sollten\/\">atemberaubende Cheddar Schlucht<\/a> mit ihren unheimlichen H\u00f6hlen und faszinierender Geologie sich nur ein paar Meilen stra\u00dfenabw\u00e4rts befindet.<\/p>\n<p style=\"text-align: center;\"><a class=\"tidycta\" href=\"https:\/\/www.urlaubcornwall.de\/ferienhaeuser-fewos\/eng\/somerset\/somerset.html\">Ferienh\u00e4user in Axbridge und Somerset<\/a><\/p>\n<p>Bei uns finden Sie Ferienh\u00e4user zum Verlieben &#8211; so einfach ist das! W\u00e4hlen Sie aus \u00fcber 1000 pers\u00f6nlich inspizierten Ferienh\u00e4usern, Cottages &#038; Ferienwohnungen in <a href=\"https:\/\/www.urlaubcornwall.de\/ferienhaeuser\/suedengland.php\"> S\u00fcdengland<\/a>.<\/p>\n","protected":false},"excerpt":{"rendered":"<p>Eingenistet am Fu\u00dfe der Mendip H\u00fcgel ist ein herrliches Beispiel einer antiken englischen Marktstadt einschlie\u00dflich eines mittelalterlichen Platzes mit gut erhaltenen Fachwerkbauten. Eine kurze Autofahrt bringt sie ins Herz des Mendips, des Wunderlandes eines jeden Wanderers, w\u00e4hrend die atemberaubende Cheddar Schlucht mit ihren unheimlichen H\u00f6hlen und faszinierender Geologie sich nur ein paar Meilen stra\u00dfenabw\u00e4rts befindet. [&hellip;]<\/p>\n","protected":false},"author":1,"featured_media":0,"parent":0,"menu_order":0,"comment_status":"closed","ping_status":"closed","template":"single-four.php","meta":[],"acf":[],"yoast_head":"<!-- This site is optimized with the Yoast SEO plugin v19.4 - https:\/\/yoast.com\/wordpress\/plugins\/seo\/ -->\n<title>Axbridge &amp; Cheddar Schlucht \u2013 Urlaub in Somerset und S\u00fcdengland - Urlaub &amp; Reisen<\/title>\n<meta name=\"description\" content=\"Eingenistet am Fu\u00dfe der Mendip H\u00fcgel ist Axbridge ein herrliches Beispiel einer antiken englischen Marktstadt einschlie\u00dflich eines mittelalterlichen Platzes mit gut erhaltenen Fachwerkbauten. Eine kurze Autofahrt bringt sie ins Herz des Mendips, des Wunderlandes eines jeden Wanderers, w\u00e4hrend die atemberaubende Cheddar Schlucht mit ihren unheimlichen H\u00f6hlen und faszinierender Geologie sich nur ein paar Meilen stra\u00dfenabw\u00e4rts befindet.\" \/>\n<meta name=\"robots\" content=\"index, follow, max-snippet:-1, max-image-preview:large, max-video-preview:-1\" \/>\n<link rel=\"canonical\" href=\"https:\/\/www.urlaubcornwall.de\/blog\/axbridge-urlaub-in-somerset-und-suedengland\/\" \/>\n<meta property=\"og:locale\" content=\"en_US\" \/>\n<meta property=\"og:type\" content=\"article\" \/>\n<meta property=\"og:title\" content=\"Axbridge &amp; Cheddar Schlucht \u2013 Urlaub in Somerset und S\u00fcdengland - Urlaub &amp; Reisen\" \/>\n<meta property=\"og:description\" content=\"Eingenistet am Fu\u00dfe der Mendip H\u00fcgel ist Axbridge ein herrliches Beispiel einer antiken englischen Marktstadt einschlie\u00dflich eines mittelalterlichen Platzes mit gut erhaltenen Fachwerkbauten. Eine kurze Autofahrt bringt sie ins Herz des Mendips, des Wunderlandes eines jeden Wanderers, w\u00e4hrend die atemberaubende Cheddar Schlucht mit ihren unheimlichen H\u00f6hlen und faszinierender Geologie sich nur ein paar Meilen stra\u00dfenabw\u00e4rts befindet.\" \/>\n<meta property=\"og:url\" content=\"https:\/\/www.urlaubcornwall.de\/blog\/axbridge-urlaub-in-somerset-und-suedengland\/\" \/>\n<meta property=\"og:site_name\" content=\"Urlaub &amp; Reisen\" \/>\n<meta property=\"article:modified_time\" content=\"2024-04-03T12:01:58+00:00\" \/>\n<meta property=\"og:image\" content=\"https:\/\/www.urlaubcornwall.de\/blog\/wp-content\/uploads\/2024\/03\/cheddar-gorge.jpg\" \/>\n<meta name=\"twitter:card\" content=\"summary\" \/>\n<meta name=\"twitter:label1\" content=\"Est. reading time\" \/>\n\t<meta name=\"twitter:data1\" content=\"1 minute\" \/>\n<script type=\"application\/ld+json\" class=\"yoast-schema-graph\">{\"@context\":\"https:\/\/schema.org\",\"@graph\":[{\"@type\":\"WebSite\",\"@id\":\"https:\/\/www.urlaubcornwall.de\/blog\/#website\",\"url\":\"https:\/\/www.urlaubcornwall.de\/blog\/\",\"name\":\"Urlaub &amp; Reisen\",\"description\":\"Urlaub, Reisen, Cornwall und S\u00fcdengland: eine perfekte Kombination\",\"potentialAction\":[{\"@type\":\"SearchAction\",\"target\":{\"@type\":\"EntryPoint\",\"urlTemplate\":\"https:\/\/www.urlaubcornwall.de\/blog\/?s={search_term_string}\"},\"query-input\":\"required name=search_term_string\"}],\"inLanguage\":\"en-US\"},{\"@type\":\"WebPage\",\"@id\":\"https:\/\/www.urlaubcornwall.de\/blog\/axbridge-urlaub-in-somerset-und-suedengland\/\",\"url\":\"https:\/\/www.urlaubcornwall.de\/blog\/axbridge-urlaub-in-somerset-und-suedengland\/\",\"name\":\"Axbridge & Cheddar Schlucht \u2013 Urlaub in Somerset und S\u00fcdengland - Urlaub &amp; Reisen\",\"isPartOf\":{\"@id\":\"https:\/\/www.urlaubcornwall.de\/blog\/#website\"},\"datePublished\":\"2020-04-08T10:06:48+00:00\",\"dateModified\":\"2024-04-03T12:01:58+00:00\",\"description\":\"Eingenistet am Fu\u00dfe der Mendip H\u00fcgel ist Axbridge ein herrliches Beispiel einer antiken englischen Marktstadt einschlie\u00dflich eines mittelalterlichen Platzes mit gut erhaltenen Fachwerkbauten. Eine kurze Autofahrt bringt sie ins Herz des Mendips, des Wunderlandes eines jeden Wanderers, w\u00e4hrend die atemberaubende Cheddar Schlucht mit ihren unheimlichen H\u00f6hlen und faszinierender Geologie sich nur ein paar Meilen stra\u00dfenabw\u00e4rts befindet.\",\"breadcrumb\":{\"@id\":\"https:\/\/www.urlaubcornwall.de\/blog\/axbridge-urlaub-in-somerset-und-suedengland\/#breadcrumb\"},\"inLanguage\":\"en-US\",\"potentialAction\":[{\"@type\":\"ReadAction\",\"target\":[\"https:\/\/www.urlaubcornwall.de\/blog\/axbridge-urlaub-in-somerset-und-suedengland\/\"]}]},{\"@type\":\"BreadcrumbList\",\"@id\":\"https:\/\/www.urlaubcornwall.de\/blog\/axbridge-urlaub-in-somerset-und-suedengland\/#breadcrumb\",\"itemListElement\":[{\"@type\":\"ListItem\",\"position\":1,\"name\":\"Home\",\"item\":\"https:\/\/www.urlaubcornwall.de\/blog\/\"},{\"@type\":\"ListItem\",\"position\":2,\"name\":\"Axbridge &#038; Cheddar Schlucht \u2013 Urlaub in Somerset und S\u00fcdengland\"}]}]}<\/script>\n<!-- \/ Yoast SEO plugin. -->","yoast_head_json":{"title":"Axbridge & Cheddar Schlucht \u2013 Urlaub in Somerset und S\u00fcdengland - Urlaub &amp; Reisen","description":"Eingenistet am Fu\u00dfe der Mendip H\u00fcgel ist Axbridge ein herrliches Beispiel einer antiken englischen Marktstadt einschlie\u00dflich eines mittelalterlichen Platzes mit gut erhaltenen Fachwerkbauten. Eine kurze Autofahrt bringt sie ins Herz des Mendips, des Wunderlandes eines jeden Wanderers, w\u00e4hrend die atemberaubende Cheddar Schlucht mit ihren unheimlichen H\u00f6hlen und faszinierender Geologie sich nur ein paar Meilen stra\u00dfenabw\u00e4rts befindet.","robots":{"index":"index","follow":"follow","max-snippet":"max-snippet:-1","max-image-preview":"max-image-preview:large","max-video-preview":"max-video-preview:-1"},"canonical":"https:\/\/www.urlaubcornwall.de\/blog\/axbridge-urlaub-in-somerset-und-suedengland\/","og_locale":"en_US","og_type":"article","og_title":"Axbridge & Cheddar Schlucht \u2013 Urlaub in Somerset und S\u00fcdengland - Urlaub &amp; Reisen","og_description":"Eingenistet am Fu\u00dfe der Mendip H\u00fcgel ist Axbridge ein herrliches Beispiel einer antiken englischen Marktstadt einschlie\u00dflich eines mittelalterlichen Platzes mit gut erhaltenen Fachwerkbauten. Eine kurze Autofahrt bringt sie ins Herz des Mendips, des Wunderlandes eines jeden Wanderers, w\u00e4hrend die atemberaubende Cheddar Schlucht mit ihren unheimlichen H\u00f6hlen und faszinierender Geologie sich nur ein paar Meilen stra\u00dfenabw\u00e4rts befindet.","og_url":"https:\/\/www.urlaubcornwall.de\/blog\/axbridge-urlaub-in-somerset-und-suedengland\/","og_site_name":"Urlaub &amp; Reisen","article_modified_time":"2024-04-03T12:01:58+00:00","og_image":[{"url":"https:\/\/www.urlaubcornwall.de\/blog\/wp-content\/uploads\/2024\/03\/cheddar-gorge.jpg"}],"twitter_card":"summary","twitter_misc":{"Est. reading time":"1 minute"},"schema":{"@context":"https:\/\/schema.org","@graph":[{"@type":"WebSite","@id":"https:\/\/www.urlaubcornwall.de\/blog\/#website","url":"https:\/\/www.urlaubcornwall.de\/blog\/","name":"Urlaub &amp; Reisen","description":"Urlaub, Reisen, Cornwall und S\u00fcdengland: eine perfekte Kombination","potentialAction":[{"@type":"SearchAction","target":{"@type":"EntryPoint","urlTemplate":"https:\/\/www.urlaubcornwall.de\/blog\/?s={search_term_string}"},"query-input":"required name=search_term_string"}],"inLanguage":"en-US"},{"@type":"WebPage","@id":"https:\/\/www.urlaubcornwall.de\/blog\/axbridge-urlaub-in-somerset-und-suedengland\/","url":"https:\/\/www.urlaubcornwall.de\/blog\/axbridge-urlaub-in-somerset-und-suedengland\/","name":"Axbridge & Cheddar Schlucht \u2013 Urlaub in Somerset und S\u00fcdengland - Urlaub &amp; Reisen","isPartOf":{"@id":"https:\/\/www.urlaubcornwall.de\/blog\/#website"},"datePublished":"2020-04-08T10:06:48+00:00","dateModified":"2024-04-03T12:01:58+00:00","description":"Eingenistet am Fu\u00dfe der Mendip H\u00fcgel ist Axbridge ein herrliches Beispiel einer antiken englischen Marktstadt einschlie\u00dflich eines mittelalterlichen Platzes mit gut erhaltenen Fachwerkbauten. Eine kurze Autofahrt bringt sie ins Herz des Mendips, des Wunderlandes eines jeden Wanderers, w\u00e4hrend die atemberaubende Cheddar Schlucht mit ihren unheimlichen H\u00f6hlen und faszinierender Geologie sich nur ein paar Meilen stra\u00dfenabw\u00e4rts befindet.","breadcrumb":{"@id":"https:\/\/www.urlaubcornwall.de\/blog\/axbridge-urlaub-in-somerset-und-suedengland\/#breadcrumb"},"inLanguage":"en-US","potentialAction":[{"@type":"ReadAction","target":["https:\/\/www.urlaubcornwall.de\/blog\/axbridge-urlaub-in-somerset-und-suedengland\/"]}]},{"@type":"BreadcrumbList","@id":"https:\/\/www.urlaubcornwall.de\/blog\/axbridge-urlaub-in-somerset-und-suedengland\/#breadcrumb","itemListElement":[{"@type":"ListItem","position":1,"name":"Home","item":"https:\/\/www.urlaubcornwall.de\/blog\/"},{"@type":"ListItem","position":2,"name":"Axbridge &#038; Cheddar Schlucht \u2013 Urlaub in Somerset und S\u00fcdengland"}]}]}},"_links":{"self":[{"href":"https:\/\/www.urlaubcornwall.de\/blog\/wp-json\/wp\/v2\/pages\/39886"}],"collection":[{"href":"https:\/\/www.urlaubcornwall.de\/blog\/wp-json\/wp\/v2\/pages"}],"about":[{"href":"https:\/\/www.urlaubcornwall.de\/blog\/wp-json\/wp\/v2\/types\/page"}],"author":[{"embeddable":true,"href":"https:\/\/www.urlaubcornwall.de\/blog\/wp-json\/wp\/v2\/users\/1"}],"replies":[{"embeddable":true,"href":"https:\/\/www.urlaubcornwall.de\/blog\/wp-json\/wp\/v2\/comments?post=39886"}],"version-history":[{"count":3,"href":"https:\/\/www.urlaubcornwall.de\/blog\/wp-json\/wp\/v2\/pages\/39886\/revisions"}],"predecessor-version":[{"id":48798,"href":"https:\/\/www.urlaubcornwall.de\/blog\/wp-json\/wp\/v2\/pages\/39886\/revisions\/48798"}],"wp:attachment":[{"href":"https:\/\/www.urlaubcornwall.de\/blog\/wp-json\/wp\/v2\/media?parent=39886"}],"curies":[{"name":"wp","href":"https:\/\/api.w.org\/{rel}","templated":true}]}}