{"id":39881,"date":"2020-04-08T09:34:29","date_gmt":"2020-04-08T09:34:29","guid":{"rendered":"https:\/\/www.urlaubcornwall.de\/blog\/?page_id=39881"},"modified":"2020-04-08T09:34:29","modified_gmt":"2020-04-08T09:34:29","slug":"weymouth-urlaub-in-dorset-und-suedengland","status":"publish","type":"page","link":"https:\/\/www.urlaubcornwall.de\/blog\/weymouth-urlaub-in-dorset-und-suedengland\/","title":{"rendered":"Weymouth \u2013 Urlaub in Dorset und S\u00fcdengland"},"content":{"rendered":"<p><img loading=\"lazy\" class=\"aligncenter size-full wp-image-24812\" src=\"https:\/\/www.urlaubcornwall.de\/blog\/wp-content\/uploads\/2016\/07\/Urlaub-weymouth.jpg\" alt=\" meer meerblick weymouth dorset\" width=\"749\" height=\"447\"\/><\/p>\n<p>Eine Stadt aus zwei H\u00e4lften \u2013 die Altstadt ist geformt aus urigen, bunt zusammen gew\u00fcrfelten Cottages um den Hafen herum, w\u00e4hrend die Neustadt eine elegante Parade georgianischer Stadth\u00e4user am Meer mit seinen Sandstr\u00e4nden darstellt.<\/p>\n<p style=\"text-align: center;\"><a class=\"tidycta\" href=\"https:\/\/www.urlaubcornwall.de\/ferienhaeuser-fewos\/eng\/dorset\/weymouth.html\">Ferienh\u00e4user in Weymouth<\/a><\/p>\n<p>Bei uns finden Sie Ferienh\u00e4user zum Verlieben &#8211; so einfach ist das! W\u00e4hlen Sie aus \u00fcber 1000 pers\u00f6nlich inspizierten Ferienh\u00e4usern, Cottages &#038; Ferienwohnungen in <a href=\"https:\/\/www.urlaubcornwall.de\/ferienhaeuser\/suedengland.php\">Dorset und S\u00fcdengland<\/a>.<\/p>\n","protected":false},"excerpt":{"rendered":"<p>Eine Stadt aus zwei H\u00e4lften \u2013 die Altstadt ist geformt aus urigen, bunt zusammen gew\u00fcrfelten Cottages um den Hafen herum, w\u00e4hrend die Neustadt eine elegante Parade georgianischer Stadth\u00e4user am Meer mit seinen Sandstr\u00e4nden darstellt. Ferienh\u00e4user in Weymouth Bei uns finden Sie Ferienh\u00e4user zum Verlieben &#8211; so einfach ist das! W\u00e4hlen Sie aus \u00fcber 1000 pers\u00f6nlich [&hellip;]<\/p>\n","protected":false},"author":1,"featured_media":0,"parent":0,"menu_order":0,"comment_status":"closed","ping_status":"closed","template":"single-four.php","meta":[],"acf":[],"yoast_head":"<!-- This site is optimized with the Yoast SEO plugin v19.4 - https:\/\/yoast.com\/wordpress\/plugins\/seo\/ -->\n<title>Weymouth \u2013 Urlaub in Dorset und S\u00fcdengland - Urlaub &amp; Reisen<\/title>\n<meta name=\"description\" content=\"Eine Stadt aus zwei H\u00e4lften \u2013 die Altstadt ist geformt aus urigen, bunt zusammen gew\u00fcrfelten Cottages um den Hafen herum, w\u00e4hrend die Neustadt eine elegante Parade georgianischer Stadth\u00e4user am Meer mit seinen Sandstr\u00e4nden darstellt.\" \/>\n<meta name=\"robots\" content=\"index, follow, max-snippet:-1, max-image-preview:large, max-video-preview:-1\" \/>\n<link rel=\"canonical\" href=\"https:\/\/www.urlaubcornwall.de\/blog\/weymouth-urlaub-in-dorset-und-suedengland\/\" \/>\n<meta property=\"og:locale\" content=\"en_US\" \/>\n<meta property=\"og:type\" content=\"article\" \/>\n<meta property=\"og:title\" content=\"Weymouth \u2013 Urlaub in Dorset und S\u00fcdengland - Urlaub &amp; Reisen\" \/>\n<meta property=\"og:description\" content=\"Eine Stadt aus zwei H\u00e4lften \u2013 die Altstadt ist geformt aus urigen, bunt zusammen gew\u00fcrfelten Cottages um den Hafen herum, w\u00e4hrend die Neustadt eine elegante Parade georgianischer Stadth\u00e4user am Meer mit seinen Sandstr\u00e4nden darstellt.\" \/>\n<meta property=\"og:url\" content=\"https:\/\/www.urlaubcornwall.de\/blog\/weymouth-urlaub-in-dorset-und-suedengland\/\" \/>\n<meta property=\"og:site_name\" content=\"Urlaub &amp; Reisen\" \/>\n<meta property=\"og:image\" content=\"https:\/\/www.urlaubcornwall.de\/blog\/wp-content\/uploads\/2016\/07\/Urlaub-weymouth.jpg\" \/>\n<meta name=\"twitter:card\" content=\"summary\" \/>\n<script type=\"application\/ld+json\" class=\"yoast-schema-graph\">{\"@context\":\"https:\/\/schema.org\",\"@graph\":[{\"@type\":\"WebSite\",\"@id\":\"https:\/\/www.urlaubcornwall.de\/blog\/#website\",\"url\":\"https:\/\/www.urlaubcornwall.de\/blog\/\",\"name\":\"Urlaub &amp; Reisen\",\"description\":\"Urlaub, Reisen, Cornwall und S\u00fcdengland: eine perfekte Kombination\",\"potentialAction\":[{\"@type\":\"SearchAction\",\"target\":{\"@type\":\"EntryPoint\",\"urlTemplate\":\"https:\/\/www.urlaubcornwall.de\/blog\/?s={search_term_string}\"},\"query-input\":\"required name=search_term_string\"}],\"inLanguage\":\"en-US\"},{\"@type\":\"WebPage\",\"@id\":\"https:\/\/www.urlaubcornwall.de\/blog\/weymouth-urlaub-in-dorset-und-suedengland\/\",\"url\":\"https:\/\/www.urlaubcornwall.de\/blog\/weymouth-urlaub-in-dorset-und-suedengland\/\",\"name\":\"Weymouth \u2013 Urlaub in Dorset und S\u00fcdengland - Urlaub &amp; Reisen\",\"isPartOf\":{\"@id\":\"https:\/\/www.urlaubcornwall.de\/blog\/#website\"},\"datePublished\":\"2020-04-08T09:34:29+00:00\",\"dateModified\":\"2020-04-08T09:34:29+00:00\",\"description\":\"Eine Stadt aus zwei H\u00e4lften \u2013 die Altstadt ist geformt aus urigen, bunt zusammen gew\u00fcrfelten Cottages um den Hafen herum, w\u00e4hrend die Neustadt eine elegante Parade georgianischer Stadth\u00e4user am Meer mit seinen Sandstr\u00e4nden darstellt.\",\"breadcrumb\":{\"@id\":\"https:\/\/www.urlaubcornwall.de\/blog\/weymouth-urlaub-in-dorset-und-suedengland\/#breadcrumb\"},\"inLanguage\":\"en-US\",\"potentialAction\":[{\"@type\":\"ReadAction\",\"target\":[\"https:\/\/www.urlaubcornwall.de\/blog\/weymouth-urlaub-in-dorset-und-suedengland\/\"]}]},{\"@type\":\"BreadcrumbList\",\"@id\":\"https:\/\/www.urlaubcornwall.de\/blog\/weymouth-urlaub-in-dorset-und-suedengland\/#breadcrumb\",\"itemListElement\":[{\"@type\":\"ListItem\",\"position\":1,\"name\":\"Home\",\"item\":\"https:\/\/www.urlaubcornwall.de\/blog\/\"},{\"@type\":\"ListItem\",\"position\":2,\"name\":\"Weymouth \u2013 Urlaub in Dorset und S\u00fcdengland\"}]}]}<\/script>\n<!-- \/ Yoast SEO plugin. -->","yoast_head_json":{"title":"Weymouth \u2013 Urlaub in Dorset und S\u00fcdengland - Urlaub &amp; Reisen","description":"Eine Stadt aus zwei H\u00e4lften \u2013 die Altstadt ist geformt aus urigen, bunt zusammen gew\u00fcrfelten Cottages um den Hafen herum, w\u00e4hrend die Neustadt eine elegante Parade georgianischer Stadth\u00e4user am Meer mit seinen Sandstr\u00e4nden darstellt.","robots":{"index":"index","follow":"follow","max-snippet":"max-snippet:-1","max-image-preview":"max-image-preview:large","max-video-preview":"max-video-preview:-1"},"canonical":"https:\/\/www.urlaubcornwall.de\/blog\/weymouth-urlaub-in-dorset-und-suedengland\/","og_locale":"en_US","og_type":"article","og_title":"Weymouth \u2013 Urlaub in Dorset und S\u00fcdengland - Urlaub &amp; Reisen","og_description":"Eine Stadt aus zwei H\u00e4lften \u2013 die Altstadt ist geformt aus urigen, bunt zusammen gew\u00fcrfelten Cottages um den Hafen herum, w\u00e4hrend die Neustadt eine elegante Parade georgianischer Stadth\u00e4user am Meer mit seinen Sandstr\u00e4nden darstellt.","og_url":"https:\/\/www.urlaubcornwall.de\/blog\/weymouth-urlaub-in-dorset-und-suedengland\/","og_site_name":"Urlaub &amp; Reisen","og_image":[{"url":"https:\/\/www.urlaubcornwall.de\/blog\/wp-content\/uploads\/2016\/07\/Urlaub-weymouth.jpg"}],"twitter_card":"summary","schema":{"@context":"https:\/\/schema.org","@graph":[{"@type":"WebSite","@id":"https:\/\/www.urlaubcornwall.de\/blog\/#website","url":"https:\/\/www.urlaubcornwall.de\/blog\/","name":"Urlaub &amp; Reisen","description":"Urlaub, Reisen, Cornwall und S\u00fcdengland: eine perfekte Kombination","potentialAction":[{"@type":"SearchAction","target":{"@type":"EntryPoint","urlTemplate":"https:\/\/www.urlaubcornwall.de\/blog\/?s={search_term_string}"},"query-input":"required name=search_term_string"}],"inLanguage":"en-US"},{"@type":"WebPage","@id":"https:\/\/www.urlaubcornwall.de\/blog\/weymouth-urlaub-in-dorset-und-suedengland\/","url":"https:\/\/www.urlaubcornwall.de\/blog\/weymouth-urlaub-in-dorset-und-suedengland\/","name":"Weymouth \u2013 Urlaub in Dorset und S\u00fcdengland - Urlaub &amp; Reisen","isPartOf":{"@id":"https:\/\/www.urlaubcornwall.de\/blog\/#website"},"datePublished":"2020-04-08T09:34:29+00:00","dateModified":"2020-04-08T09:34:29+00:00","description":"Eine Stadt aus zwei H\u00e4lften \u2013 die Altstadt ist geformt aus urigen, bunt zusammen gew\u00fcrfelten Cottages um den Hafen herum, w\u00e4hrend die Neustadt eine elegante Parade georgianischer Stadth\u00e4user am Meer mit seinen Sandstr\u00e4nden darstellt.","breadcrumb":{"@id":"https:\/\/www.urlaubcornwall.de\/blog\/weymouth-urlaub-in-dorset-und-suedengland\/#breadcrumb"},"inLanguage":"en-US","potentialAction":[{"@type":"ReadAction","target":["https:\/\/www.urlaubcornwall.de\/blog\/weymouth-urlaub-in-dorset-und-suedengland\/"]}]},{"@type":"BreadcrumbList","@id":"https:\/\/www.urlaubcornwall.de\/blog\/weymouth-urlaub-in-dorset-und-suedengland\/#breadcrumb","itemListElement":[{"@type":"ListItem","position":1,"name":"Home","item":"https:\/\/www.urlaubcornwall.de\/blog\/"},{"@type":"ListItem","position":2,"name":"Weymouth \u2013 Urlaub in Dorset und S\u00fcdengland"}]}]}},"_links":{"self":[{"href":"https:\/\/www.urlaubcornwall.de\/blog\/wp-json\/wp\/v2\/pages\/39881"}],"collection":[{"href":"https:\/\/www.urlaubcornwall.de\/blog\/wp-json\/wp\/v2\/pages"}],"about":[{"href":"https:\/\/www.urlaubcornwall.de\/blog\/wp-json\/wp\/v2\/types\/page"}],"author":[{"embeddable":true,"href":"https:\/\/www.urlaubcornwall.de\/blog\/wp-json\/wp\/v2\/users\/1"}],"replies":[{"embeddable":true,"href":"https:\/\/www.urlaubcornwall.de\/blog\/wp-json\/wp\/v2\/comments?post=39881"}],"version-history":[{"count":1,"href":"https:\/\/www.urlaubcornwall.de\/blog\/wp-json\/wp\/v2\/pages\/39881\/revisions"}],"predecessor-version":[{"id":39882,"href":"https:\/\/www.urlaubcornwall.de\/blog\/wp-json\/wp\/v2\/pages\/39881\/revisions\/39882"}],"wp:attachment":[{"href":"https:\/\/www.urlaubcornwall.de\/blog\/wp-json\/wp\/v2\/media?parent=39881"}],"curies":[{"name":"wp","href":"https:\/\/api.w.org\/{rel}","templated":true}]}}