{"id":39877,"date":"2020-04-08T09:31:01","date_gmt":"2020-04-08T09:31:01","guid":{"rendered":"https:\/\/www.urlaubcornwall.de\/blog\/?page_id=39877"},"modified":"2024-05-30T09:14:58","modified_gmt":"2024-05-30T09:14:58","slug":"wareham-urlaub-in-dorset-und-suedengland","status":"publish","type":"page","link":"https:\/\/www.urlaubcornwall.de\/blog\/wareham-urlaub-in-dorset-und-suedengland\/","title":{"rendered":"Wareham \u2013 Urlaub in Dorset und S\u00fcdengland"},"content":{"rendered":"<p><a href=\"https:\/\/www.urlaubcornwall.de\/blog\/wp-content\/uploads\/2024\/03\/wareham_river.jpg\"><img loading=\"lazy\" src=\"https:\/\/www.urlaubcornwall.de\/blog\/wp-content\/uploads\/2024\/03\/wareham_river.jpg\" alt=\"wareham_river\" width=\"750\" height=\"619\" class=\"alignnone size-full wp-image-47973\" srcset=\"https:\/\/www.urlaubcornwall.de\/blog\/wp-content\/uploads\/2024\/03\/wareham_river.jpg 750w, https:\/\/www.urlaubcornwall.de\/blog\/wp-content\/uploads\/2024\/03\/wareham_river-300x248.jpg 300w\" sizes=\"(max-width: 750px) 100vw, 750px\" \/><\/a><\/p>\n<p>An den Ufern des Flusses Frome gelegen und mit einer Menge Geschichte wartet diese nette kleine Marktstadt auf. Am Kai finden viele Traditionen und Feiern statt, wie zum Beispiel der j\u00e4hrliche Karneval im Juli. Spazieren Sie unbedingt auch um die alte Stadtmauer herum, um dabei so richtig sch\u00e4tzen zu lernen, was es mit diesem Ort auf sich hat. <\/p>\n<p style=\"text-align: center;\"><a class=\"tidycta\" href=\"https:\/\/www.urlaubcornwall.de\/ferienhaeuser-fewos\/eng\/dorset\/wareham.html\">Ferienh\u00e4user in Wareham<\/a><\/p>\n<p>Bei uns finden Sie Ferienh\u00e4user zum Verlieben &#8211; so einfach ist das! W\u00e4hlen Sie aus \u00fcber 1000 pers\u00f6nlich inspizierten Ferienh\u00e4usern, Cottages &#038; Ferienwohnungen in <a href=\"https:\/\/www.urlaubcornwall.de\/ferienhaeuser\/suedengland.php\">Dorset und S\u00fcdengland<\/a>.<\/p>\n","protected":false},"excerpt":{"rendered":"<p>An den Ufern des Flusses Frome gelegen und mit einer Menge Geschichte wartet diese nette kleine Marktstadt auf. Am Kai finden viele Traditionen und Feiern statt, wie zum Beispiel der j\u00e4hrliche Karneval im Juli. Spazieren Sie unbedingt auch um die alte Stadtmauer herum, um dabei so richtig sch\u00e4tzen zu lernen, was es mit diesem Ort [&hellip;]<\/p>\n","protected":false},"author":1,"featured_media":0,"parent":0,"menu_order":0,"comment_status":"closed","ping_status":"closed","template":"single-four.php","meta":[],"acf":[],"yoast_head":"<!-- This site is optimized with the Yoast SEO plugin v19.4 - https:\/\/yoast.com\/wordpress\/plugins\/seo\/ -->\n<title>Wareham \u2013 Urlaub in Dorset und S\u00fcdengland - Urlaub &amp; Reisen<\/title>\n<meta name=\"description\" content=\"An den Ufern des Flusses Frome gelegen und mit einer Menge Geschichte wartet diese nette kleine Marktstadt auf. Am Kai finden viele Traditionen und Feiern statt, wie zum Beispiel der j\u00e4hrliche Karneval im Juli. Spazieren Sie unbedingt auch um die alte Stadtmauer herum, um dabei so richtig sch\u00e4tzen zu lernen, was es mit diesem Ort auf sich hat.\" \/>\n<meta name=\"robots\" content=\"index, follow, max-snippet:-1, max-image-preview:large, max-video-preview:-1\" \/>\n<link rel=\"canonical\" href=\"https:\/\/www.urlaubcornwall.de\/blog\/wareham-urlaub-in-dorset-und-suedengland\/\" \/>\n<meta property=\"og:locale\" content=\"en_US\" \/>\n<meta property=\"og:type\" content=\"article\" \/>\n<meta property=\"og:title\" content=\"Wareham \u2013 Urlaub in Dorset und S\u00fcdengland - Urlaub &amp; Reisen\" \/>\n<meta property=\"og:description\" content=\"An den Ufern des Flusses Frome gelegen und mit einer Menge Geschichte wartet diese nette kleine Marktstadt auf. Am Kai finden viele Traditionen und Feiern statt, wie zum Beispiel der j\u00e4hrliche Karneval im Juli. Spazieren Sie unbedingt auch um die alte Stadtmauer herum, um dabei so richtig sch\u00e4tzen zu lernen, was es mit diesem Ort auf sich hat.\" \/>\n<meta property=\"og:url\" content=\"https:\/\/www.urlaubcornwall.de\/blog\/wareham-urlaub-in-dorset-und-suedengland\/\" \/>\n<meta property=\"og:site_name\" content=\"Urlaub &amp; Reisen\" \/>\n<meta property=\"article:modified_time\" content=\"2024-05-30T09:14:58+00:00\" \/>\n<meta property=\"og:image\" content=\"https:\/\/www.urlaubcornwall.de\/blog\/wp-content\/uploads\/2024\/03\/wareham_river.jpg\" \/>\n<meta name=\"twitter:card\" content=\"summary\" \/>\n<meta name=\"twitter:label1\" content=\"Est. reading time\" \/>\n\t<meta name=\"twitter:data1\" content=\"1 minute\" \/>\n<script type=\"application\/ld+json\" class=\"yoast-schema-graph\">{\"@context\":\"https:\/\/schema.org\",\"@graph\":[{\"@type\":\"WebSite\",\"@id\":\"https:\/\/www.urlaubcornwall.de\/blog\/#website\",\"url\":\"https:\/\/www.urlaubcornwall.de\/blog\/\",\"name\":\"Urlaub &amp; Reisen\",\"description\":\"Urlaub, Reisen, Cornwall und S\u00fcdengland: eine perfekte Kombination\",\"potentialAction\":[{\"@type\":\"SearchAction\",\"target\":{\"@type\":\"EntryPoint\",\"urlTemplate\":\"https:\/\/www.urlaubcornwall.de\/blog\/?s={search_term_string}\"},\"query-input\":\"required name=search_term_string\"}],\"inLanguage\":\"en-US\"},{\"@type\":\"WebPage\",\"@id\":\"https:\/\/www.urlaubcornwall.de\/blog\/wareham-urlaub-in-dorset-und-suedengland\/\",\"url\":\"https:\/\/www.urlaubcornwall.de\/blog\/wareham-urlaub-in-dorset-und-suedengland\/\",\"name\":\"Wareham \u2013 Urlaub in Dorset und S\u00fcdengland - Urlaub &amp; Reisen\",\"isPartOf\":{\"@id\":\"https:\/\/www.urlaubcornwall.de\/blog\/#website\"},\"datePublished\":\"2020-04-08T09:31:01+00:00\",\"dateModified\":\"2024-05-30T09:14:58+00:00\",\"description\":\"An den Ufern des Flusses Frome gelegen und mit einer Menge Geschichte wartet diese nette kleine Marktstadt auf. Am Kai finden viele Traditionen und Feiern statt, wie zum Beispiel der j\u00e4hrliche Karneval im Juli. Spazieren Sie unbedingt auch um die alte Stadtmauer herum, um dabei so richtig sch\u00e4tzen zu lernen, was es mit diesem Ort auf sich hat.\",\"breadcrumb\":{\"@id\":\"https:\/\/www.urlaubcornwall.de\/blog\/wareham-urlaub-in-dorset-und-suedengland\/#breadcrumb\"},\"inLanguage\":\"en-US\",\"potentialAction\":[{\"@type\":\"ReadAction\",\"target\":[\"https:\/\/www.urlaubcornwall.de\/blog\/wareham-urlaub-in-dorset-und-suedengland\/\"]}]},{\"@type\":\"BreadcrumbList\",\"@id\":\"https:\/\/www.urlaubcornwall.de\/blog\/wareham-urlaub-in-dorset-und-suedengland\/#breadcrumb\",\"itemListElement\":[{\"@type\":\"ListItem\",\"position\":1,\"name\":\"Home\",\"item\":\"https:\/\/www.urlaubcornwall.de\/blog\/\"},{\"@type\":\"ListItem\",\"position\":2,\"name\":\"Wareham \u2013 Urlaub in Dorset und S\u00fcdengland\"}]}]}<\/script>\n<!-- \/ Yoast SEO plugin. -->","yoast_head_json":{"title":"Wareham \u2013 Urlaub in Dorset und S\u00fcdengland - Urlaub &amp; Reisen","description":"An den Ufern des Flusses Frome gelegen und mit einer Menge Geschichte wartet diese nette kleine Marktstadt auf. Am Kai finden viele Traditionen und Feiern statt, wie zum Beispiel der j\u00e4hrliche Karneval im Juli. Spazieren Sie unbedingt auch um die alte Stadtmauer herum, um dabei so richtig sch\u00e4tzen zu lernen, was es mit diesem Ort auf sich hat.","robots":{"index":"index","follow":"follow","max-snippet":"max-snippet:-1","max-image-preview":"max-image-preview:large","max-video-preview":"max-video-preview:-1"},"canonical":"https:\/\/www.urlaubcornwall.de\/blog\/wareham-urlaub-in-dorset-und-suedengland\/","og_locale":"en_US","og_type":"article","og_title":"Wareham \u2013 Urlaub in Dorset und S\u00fcdengland - Urlaub &amp; Reisen","og_description":"An den Ufern des Flusses Frome gelegen und mit einer Menge Geschichte wartet diese nette kleine Marktstadt auf. Am Kai finden viele Traditionen und Feiern statt, wie zum Beispiel der j\u00e4hrliche Karneval im Juli. Spazieren Sie unbedingt auch um die alte Stadtmauer herum, um dabei so richtig sch\u00e4tzen zu lernen, was es mit diesem Ort auf sich hat.","og_url":"https:\/\/www.urlaubcornwall.de\/blog\/wareham-urlaub-in-dorset-und-suedengland\/","og_site_name":"Urlaub &amp; Reisen","article_modified_time":"2024-05-30T09:14:58+00:00","og_image":[{"url":"https:\/\/www.urlaubcornwall.de\/blog\/wp-content\/uploads\/2024\/03\/wareham_river.jpg"}],"twitter_card":"summary","twitter_misc":{"Est. reading time":"1 minute"},"schema":{"@context":"https:\/\/schema.org","@graph":[{"@type":"WebSite","@id":"https:\/\/www.urlaubcornwall.de\/blog\/#website","url":"https:\/\/www.urlaubcornwall.de\/blog\/","name":"Urlaub &amp; Reisen","description":"Urlaub, Reisen, Cornwall und S\u00fcdengland: eine perfekte Kombination","potentialAction":[{"@type":"SearchAction","target":{"@type":"EntryPoint","urlTemplate":"https:\/\/www.urlaubcornwall.de\/blog\/?s={search_term_string}"},"query-input":"required name=search_term_string"}],"inLanguage":"en-US"},{"@type":"WebPage","@id":"https:\/\/www.urlaubcornwall.de\/blog\/wareham-urlaub-in-dorset-und-suedengland\/","url":"https:\/\/www.urlaubcornwall.de\/blog\/wareham-urlaub-in-dorset-und-suedengland\/","name":"Wareham \u2013 Urlaub in Dorset und S\u00fcdengland - Urlaub &amp; Reisen","isPartOf":{"@id":"https:\/\/www.urlaubcornwall.de\/blog\/#website"},"datePublished":"2020-04-08T09:31:01+00:00","dateModified":"2024-05-30T09:14:58+00:00","description":"An den Ufern des Flusses Frome gelegen und mit einer Menge Geschichte wartet diese nette kleine Marktstadt auf. Am Kai finden viele Traditionen und Feiern statt, wie zum Beispiel der j\u00e4hrliche Karneval im Juli. Spazieren Sie unbedingt auch um die alte Stadtmauer herum, um dabei so richtig sch\u00e4tzen zu lernen, was es mit diesem Ort auf sich hat.","breadcrumb":{"@id":"https:\/\/www.urlaubcornwall.de\/blog\/wareham-urlaub-in-dorset-und-suedengland\/#breadcrumb"},"inLanguage":"en-US","potentialAction":[{"@type":"ReadAction","target":["https:\/\/www.urlaubcornwall.de\/blog\/wareham-urlaub-in-dorset-und-suedengland\/"]}]},{"@type":"BreadcrumbList","@id":"https:\/\/www.urlaubcornwall.de\/blog\/wareham-urlaub-in-dorset-und-suedengland\/#breadcrumb","itemListElement":[{"@type":"ListItem","position":1,"name":"Home","item":"https:\/\/www.urlaubcornwall.de\/blog\/"},{"@type":"ListItem","position":2,"name":"Wareham \u2013 Urlaub in Dorset und S\u00fcdengland"}]}]}},"_links":{"self":[{"href":"https:\/\/www.urlaubcornwall.de\/blog\/wp-json\/wp\/v2\/pages\/39877"}],"collection":[{"href":"https:\/\/www.urlaubcornwall.de\/blog\/wp-json\/wp\/v2\/pages"}],"about":[{"href":"https:\/\/www.urlaubcornwall.de\/blog\/wp-json\/wp\/v2\/types\/page"}],"author":[{"embeddable":true,"href":"https:\/\/www.urlaubcornwall.de\/blog\/wp-json\/wp\/v2\/users\/1"}],"replies":[{"embeddable":true,"href":"https:\/\/www.urlaubcornwall.de\/blog\/wp-json\/wp\/v2\/comments?post=39877"}],"version-history":[{"count":2,"href":"https:\/\/www.urlaubcornwall.de\/blog\/wp-json\/wp\/v2\/pages\/39877\/revisions"}],"predecessor-version":[{"id":50856,"href":"https:\/\/www.urlaubcornwall.de\/blog\/wp-json\/wp\/v2\/pages\/39877\/revisions\/50856"}],"wp:attachment":[{"href":"https:\/\/www.urlaubcornwall.de\/blog\/wp-json\/wp\/v2\/media?parent=39877"}],"curies":[{"name":"wp","href":"https:\/\/api.w.org\/{rel}","templated":true}]}}