{"id":39870,"date":"2020-04-08T09:21:04","date_gmt":"2020-04-08T09:21:04","guid":{"rendered":"https:\/\/www.urlaubcornwall.de\/blog\/?page_id=39870"},"modified":"2020-04-08T09:21:04","modified_gmt":"2020-04-08T09:21:04","slug":"sturminster-newton-urlaub-in-dorset-und-suedengland","status":"publish","type":"page","link":"https:\/\/www.urlaubcornwall.de\/blog\/sturminster-newton-urlaub-in-dorset-und-suedengland\/","title":{"rendered":"Sturminster Newton \u2013 Urlaub in Dorset und S\u00fcdengland"},"content":{"rendered":"<p><img loading=\"lazy\" class=\"aligncenter size-full wp-image-39872\" src=\"https:\/\/www.urlaubcornwall.de\/blog\/wp-content\/uploads\/2020\/04\/struminster-newton-dorset.jpg\" alt=\"struminster newton dorset\" width=\"750\" height=\"500\" srcset=\"https:\/\/www.urlaubcornwall.de\/blog\/wp-content\/uploads\/2020\/04\/struminster-newton-dorset.jpg 750w, https:\/\/www.urlaubcornwall.de\/blog\/wp-content\/uploads\/2020\/04\/struminster-newton-dorset-300x200.jpg 300w\" sizes=\"(max-width: 750px) 100vw, 750px\" \/><\/p>\n<p>Direkt einer der Geschichten von Thomas Hardy entsprungen, verf\u00fcgt Sturminster Newton \u00fcber s\u00e4mtliche Zutaten eines klassischen Dorfes \u2013 reetgedeckte Gasth\u00e4user, ein Wochenmarkt, eine M\u00fchle am Fluss, der \u00fcberspannt ist von einer Br\u00fccke mit 6 B\u00f6gen und die \u00dcberbleibsel einer antiken Burg. <\/p>\n<p style=\"text-align: center;\"><a class=\"tidycta\" href=\"https:\/\/www.urlaubcornwall.de\/ferienhaeuser-fewos\/eng\/dorset\/sturminster-newton.html\">Ferienh\u00e4user in Sturminster Newton <\/a><\/p>\n<p>Bei uns finden Sie Ferienh\u00e4user zum Verlieben &#8211; so einfach ist das! W\u00e4hlen Sie aus \u00fcber 1000 pers\u00f6nlich inspizierten Ferienh\u00e4usern, Cottages &#038; Ferienwohnungen in <a href=\"https:\/\/www.urlaubcornwall.de\/ferienhaeuser\/suedengland.php\">Dorset und S\u00fcdengland<\/a>.<\/p>\n","protected":false},"excerpt":{"rendered":"<p>Direkt einer der Geschichten von Thomas Hardy entsprungen, verf\u00fcgt Sturminster Newton \u00fcber s\u00e4mtliche Zutaten eines klassischen Dorfes \u2013 reetgedeckte Gasth\u00e4user, ein Wochenmarkt, eine M\u00fchle am Fluss, der \u00fcberspannt ist von einer Br\u00fccke mit 6 B\u00f6gen und die \u00dcberbleibsel einer antiken Burg. Ferienh\u00e4user in Sturminster Newton Bei uns finden Sie Ferienh\u00e4user zum Verlieben &#8211; so einfach [&hellip;]<\/p>\n","protected":false},"author":1,"featured_media":0,"parent":0,"menu_order":0,"comment_status":"closed","ping_status":"closed","template":"single-four.php","meta":[],"acf":[],"yoast_head":"<!-- This site is optimized with the Yoast SEO plugin v19.4 - https:\/\/yoast.com\/wordpress\/plugins\/seo\/ -->\n<title>Sturminster Newton \u2013 Urlaub in Dorset und S\u00fcdengland - Urlaub &amp; Reisen<\/title>\n<meta name=\"description\" content=\"Direkt einer der Geschichten von Thomas Hardy entsprungen, verf\u00fcgt Sturminster Newton \u00fcber s\u00e4mtliche Zutaten eines klassischen Dorfes \u2013 reetgedeckte Gasth\u00e4user, ein Wochenmarkt, eine M\u00fchle am Fluss, der \u00fcberspannt ist von einer Br\u00fccke mit 6 B\u00f6gen und die \u00dcberbleibsel einer antiken Burg.\" \/>\n<meta name=\"robots\" content=\"index, follow, max-snippet:-1, max-image-preview:large, max-video-preview:-1\" \/>\n<link rel=\"canonical\" href=\"https:\/\/www.urlaubcornwall.de\/blog\/sturminster-newton-urlaub-in-dorset-und-suedengland\/\" \/>\n<meta property=\"og:locale\" content=\"en_US\" \/>\n<meta property=\"og:type\" content=\"article\" \/>\n<meta property=\"og:title\" content=\"Sturminster Newton \u2013 Urlaub in Dorset und S\u00fcdengland - Urlaub &amp; Reisen\" \/>\n<meta property=\"og:description\" content=\"Direkt einer der Geschichten von Thomas Hardy entsprungen, verf\u00fcgt Sturminster Newton \u00fcber s\u00e4mtliche Zutaten eines klassischen Dorfes \u2013 reetgedeckte Gasth\u00e4user, ein Wochenmarkt, eine M\u00fchle am Fluss, der \u00fcberspannt ist von einer Br\u00fccke mit 6 B\u00f6gen und die \u00dcberbleibsel einer antiken Burg.\" \/>\n<meta property=\"og:url\" content=\"https:\/\/www.urlaubcornwall.de\/blog\/sturminster-newton-urlaub-in-dorset-und-suedengland\/\" \/>\n<meta property=\"og:site_name\" content=\"Urlaub &amp; Reisen\" \/>\n<meta property=\"og:image\" content=\"https:\/\/www.urlaubcornwall.de\/blog\/wp-content\/uploads\/2020\/04\/struminster-newton-dorset.jpg\" \/>\n<meta name=\"twitter:card\" content=\"summary\" \/>\n<script type=\"application\/ld+json\" class=\"yoast-schema-graph\">{\"@context\":\"https:\/\/schema.org\",\"@graph\":[{\"@type\":\"WebSite\",\"@id\":\"https:\/\/www.urlaubcornwall.de\/blog\/#website\",\"url\":\"https:\/\/www.urlaubcornwall.de\/blog\/\",\"name\":\"Urlaub &amp; Reisen\",\"description\":\"Urlaub, Reisen, Cornwall und S\u00fcdengland: eine perfekte Kombination\",\"potentialAction\":[{\"@type\":\"SearchAction\",\"target\":{\"@type\":\"EntryPoint\",\"urlTemplate\":\"https:\/\/www.urlaubcornwall.de\/blog\/?s={search_term_string}\"},\"query-input\":\"required name=search_term_string\"}],\"inLanguage\":\"en-US\"},{\"@type\":\"WebPage\",\"@id\":\"https:\/\/www.urlaubcornwall.de\/blog\/sturminster-newton-urlaub-in-dorset-und-suedengland\/\",\"url\":\"https:\/\/www.urlaubcornwall.de\/blog\/sturminster-newton-urlaub-in-dorset-und-suedengland\/\",\"name\":\"Sturminster Newton \u2013 Urlaub in Dorset und S\u00fcdengland - Urlaub &amp; Reisen\",\"isPartOf\":{\"@id\":\"https:\/\/www.urlaubcornwall.de\/blog\/#website\"},\"datePublished\":\"2020-04-08T09:21:04+00:00\",\"dateModified\":\"2020-04-08T09:21:04+00:00\",\"description\":\"Direkt einer der Geschichten von Thomas Hardy entsprungen, verf\u00fcgt Sturminster Newton \u00fcber s\u00e4mtliche Zutaten eines klassischen Dorfes \u2013 reetgedeckte Gasth\u00e4user, ein Wochenmarkt, eine M\u00fchle am Fluss, der \u00fcberspannt ist von einer Br\u00fccke mit 6 B\u00f6gen und die \u00dcberbleibsel einer antiken Burg.\",\"breadcrumb\":{\"@id\":\"https:\/\/www.urlaubcornwall.de\/blog\/sturminster-newton-urlaub-in-dorset-und-suedengland\/#breadcrumb\"},\"inLanguage\":\"en-US\",\"potentialAction\":[{\"@type\":\"ReadAction\",\"target\":[\"https:\/\/www.urlaubcornwall.de\/blog\/sturminster-newton-urlaub-in-dorset-und-suedengland\/\"]}]},{\"@type\":\"BreadcrumbList\",\"@id\":\"https:\/\/www.urlaubcornwall.de\/blog\/sturminster-newton-urlaub-in-dorset-und-suedengland\/#breadcrumb\",\"itemListElement\":[{\"@type\":\"ListItem\",\"position\":1,\"name\":\"Home\",\"item\":\"https:\/\/www.urlaubcornwall.de\/blog\/\"},{\"@type\":\"ListItem\",\"position\":2,\"name\":\"Sturminster Newton \u2013 Urlaub in Dorset und S\u00fcdengland\"}]}]}<\/script>\n<!-- \/ Yoast SEO plugin. -->","yoast_head_json":{"title":"Sturminster Newton \u2013 Urlaub in Dorset und S\u00fcdengland - Urlaub &amp; Reisen","description":"Direkt einer der Geschichten von Thomas Hardy entsprungen, verf\u00fcgt Sturminster Newton \u00fcber s\u00e4mtliche Zutaten eines klassischen Dorfes \u2013 reetgedeckte Gasth\u00e4user, ein Wochenmarkt, eine M\u00fchle am Fluss, der \u00fcberspannt ist von einer Br\u00fccke mit 6 B\u00f6gen und die \u00dcberbleibsel einer antiken Burg.","robots":{"index":"index","follow":"follow","max-snippet":"max-snippet:-1","max-image-preview":"max-image-preview:large","max-video-preview":"max-video-preview:-1"},"canonical":"https:\/\/www.urlaubcornwall.de\/blog\/sturminster-newton-urlaub-in-dorset-und-suedengland\/","og_locale":"en_US","og_type":"article","og_title":"Sturminster Newton \u2013 Urlaub in Dorset und S\u00fcdengland - Urlaub &amp; Reisen","og_description":"Direkt einer der Geschichten von Thomas Hardy entsprungen, verf\u00fcgt Sturminster Newton \u00fcber s\u00e4mtliche Zutaten eines klassischen Dorfes \u2013 reetgedeckte Gasth\u00e4user, ein Wochenmarkt, eine M\u00fchle am Fluss, der \u00fcberspannt ist von einer Br\u00fccke mit 6 B\u00f6gen und die \u00dcberbleibsel einer antiken Burg.","og_url":"https:\/\/www.urlaubcornwall.de\/blog\/sturminster-newton-urlaub-in-dorset-und-suedengland\/","og_site_name":"Urlaub &amp; Reisen","og_image":[{"url":"https:\/\/www.urlaubcornwall.de\/blog\/wp-content\/uploads\/2020\/04\/struminster-newton-dorset.jpg"}],"twitter_card":"summary","schema":{"@context":"https:\/\/schema.org","@graph":[{"@type":"WebSite","@id":"https:\/\/www.urlaubcornwall.de\/blog\/#website","url":"https:\/\/www.urlaubcornwall.de\/blog\/","name":"Urlaub &amp; Reisen","description":"Urlaub, Reisen, Cornwall und S\u00fcdengland: eine perfekte Kombination","potentialAction":[{"@type":"SearchAction","target":{"@type":"EntryPoint","urlTemplate":"https:\/\/www.urlaubcornwall.de\/blog\/?s={search_term_string}"},"query-input":"required name=search_term_string"}],"inLanguage":"en-US"},{"@type":"WebPage","@id":"https:\/\/www.urlaubcornwall.de\/blog\/sturminster-newton-urlaub-in-dorset-und-suedengland\/","url":"https:\/\/www.urlaubcornwall.de\/blog\/sturminster-newton-urlaub-in-dorset-und-suedengland\/","name":"Sturminster Newton \u2013 Urlaub in Dorset und S\u00fcdengland - Urlaub &amp; Reisen","isPartOf":{"@id":"https:\/\/www.urlaubcornwall.de\/blog\/#website"},"datePublished":"2020-04-08T09:21:04+00:00","dateModified":"2020-04-08T09:21:04+00:00","description":"Direkt einer der Geschichten von Thomas Hardy entsprungen, verf\u00fcgt Sturminster Newton \u00fcber s\u00e4mtliche Zutaten eines klassischen Dorfes \u2013 reetgedeckte Gasth\u00e4user, ein Wochenmarkt, eine M\u00fchle am Fluss, der \u00fcberspannt ist von einer Br\u00fccke mit 6 B\u00f6gen und die \u00dcberbleibsel einer antiken Burg.","breadcrumb":{"@id":"https:\/\/www.urlaubcornwall.de\/blog\/sturminster-newton-urlaub-in-dorset-und-suedengland\/#breadcrumb"},"inLanguage":"en-US","potentialAction":[{"@type":"ReadAction","target":["https:\/\/www.urlaubcornwall.de\/blog\/sturminster-newton-urlaub-in-dorset-und-suedengland\/"]}]},{"@type":"BreadcrumbList","@id":"https:\/\/www.urlaubcornwall.de\/blog\/sturminster-newton-urlaub-in-dorset-und-suedengland\/#breadcrumb","itemListElement":[{"@type":"ListItem","position":1,"name":"Home","item":"https:\/\/www.urlaubcornwall.de\/blog\/"},{"@type":"ListItem","position":2,"name":"Sturminster Newton \u2013 Urlaub in Dorset und S\u00fcdengland"}]}]}},"_links":{"self":[{"href":"https:\/\/www.urlaubcornwall.de\/blog\/wp-json\/wp\/v2\/pages\/39870"}],"collection":[{"href":"https:\/\/www.urlaubcornwall.de\/blog\/wp-json\/wp\/v2\/pages"}],"about":[{"href":"https:\/\/www.urlaubcornwall.de\/blog\/wp-json\/wp\/v2\/types\/page"}],"author":[{"embeddable":true,"href":"https:\/\/www.urlaubcornwall.de\/blog\/wp-json\/wp\/v2\/users\/1"}],"replies":[{"embeddable":true,"href":"https:\/\/www.urlaubcornwall.de\/blog\/wp-json\/wp\/v2\/comments?post=39870"}],"version-history":[{"count":1,"href":"https:\/\/www.urlaubcornwall.de\/blog\/wp-json\/wp\/v2\/pages\/39870\/revisions"}],"predecessor-version":[{"id":39873,"href":"https:\/\/www.urlaubcornwall.de\/blog\/wp-json\/wp\/v2\/pages\/39870\/revisions\/39873"}],"wp:attachment":[{"href":"https:\/\/www.urlaubcornwall.de\/blog\/wp-json\/wp\/v2\/media?parent=39870"}],"curies":[{"name":"wp","href":"https:\/\/api.w.org\/{rel}","templated":true}]}}