{"id":39857,"date":"2020-04-07T14:03:51","date_gmt":"2020-04-07T14:03:51","guid":{"rendered":"https:\/\/www.urlaubcornwall.de\/blog\/?page_id=39857"},"modified":"2024-05-30T15:38:48","modified_gmt":"2024-05-30T15:38:48","slug":"poole-urlaub-in-dorset-und-suedengland","status":"publish","type":"page","link":"https:\/\/www.urlaubcornwall.de\/blog\/poole-urlaub-in-dorset-und-suedengland\/","title":{"rendered":"Poole \u2013 Urlaub in Dorset und S\u00fcdengland"},"content":{"rendered":"<p>Mit seinem gro\u00dfen nat\u00fcrlichen Hafen und blau beflaggten Str\u00e4nden ist es ein Gebiet f\u00fcr Wasserfreunde. Die historische Stadt f\u00fchrt hinunter zum Kai, und viele denkmalgesch\u00fctzte Geb\u00e4ude sind eingebettet zwischen sanierten Lagerh\u00e4usern, die Einkaufsm\u00f6glichkeiten bieten, Caf\u00e9s oder eine Bar, um sich auszuruhen und \u00fcber die Bucht hinweg zu schauen.<\/p>\n<p style=\"text-align: center;\"><a class=\"tidycta\" href=\"https:\/\/www.urlaubcornwall.de\/ferienhaeuser-fewos\/eng\/dorset\/poole.html\">Ferienh\u00e4user in Poole<\/a><\/p>\n<p>Bei uns finden Sie Ferienh\u00e4user zum Verlieben &#8211; so einfach ist das! W\u00e4hlen Sie aus \u00fcber 1000 pers\u00f6nlich inspizierten Ferienh\u00e4usern, Cottages &#038; Ferienwohnungen in <a href=\"https:\/\/www.urlaubcornwall.de\/ferienhaeuser\/suedengland.php\">Dorset und S\u00fcdengland<\/a>.<\/p>\n","protected":false},"excerpt":{"rendered":"<p>Mit seinem gro\u00dfen nat\u00fcrlichen Hafen und blau beflaggten Str\u00e4nden ist es ein Gebiet f\u00fcr Wasserfreunde. Die historische Stadt f\u00fchrt hinunter zum Kai, und viele denkmalgesch\u00fctzte Geb\u00e4ude sind eingebettet zwischen sanierten Lagerh\u00e4usern, die Einkaufsm\u00f6glichkeiten bieten, Caf\u00e9s oder eine Bar, um sich auszuruhen und \u00fcber die Bucht hinweg zu schauen. Ferienh\u00e4user in Poole Bei uns finden Sie [&hellip;]<\/p>\n","protected":false},"author":1,"featured_media":0,"parent":0,"menu_order":0,"comment_status":"closed","ping_status":"closed","template":"single-four.php","meta":[],"acf":[],"yoast_head":"<!-- This site is optimized with the Yoast SEO plugin v19.4 - https:\/\/yoast.com\/wordpress\/plugins\/seo\/ -->\n<title>Poole \u2013 Urlaub in Dorset und S\u00fcdengland - Urlaub &amp; Reisen<\/title>\n<meta name=\"description\" content=\"Mit seinem gro\u00dfen nat\u00fcrlichen Hafen und blau beflaggten Str\u00e4nden ist es ein Gebiet f\u00fcr Wasserfreunde. Die historische Stadt f\u00fchrt hinunter zum Kai, und viele denkmalgesch\u00fctzte Geb\u00e4ude sind eingebettet zwischen sanierten Lagerh\u00e4usern, die Einkaufsm\u00f6glichkeiten bieten, Caf\u00e9s oder eine Bar, um sich auszuruhen und \u00fcber die Bucht hinweg zu schauen.\" \/>\n<meta name=\"robots\" content=\"index, follow, max-snippet:-1, max-image-preview:large, max-video-preview:-1\" \/>\n<link rel=\"canonical\" href=\"https:\/\/www.urlaubcornwall.de\/blog\/poole-urlaub-in-dorset-und-suedengland\/\" \/>\n<meta property=\"og:locale\" content=\"en_US\" \/>\n<meta property=\"og:type\" content=\"article\" \/>\n<meta property=\"og:title\" content=\"Poole \u2013 Urlaub in Dorset und S\u00fcdengland - Urlaub &amp; Reisen\" \/>\n<meta property=\"og:description\" content=\"Mit seinem gro\u00dfen nat\u00fcrlichen Hafen und blau beflaggten Str\u00e4nden ist es ein Gebiet f\u00fcr Wasserfreunde. Die historische Stadt f\u00fchrt hinunter zum Kai, und viele denkmalgesch\u00fctzte Geb\u00e4ude sind eingebettet zwischen sanierten Lagerh\u00e4usern, die Einkaufsm\u00f6glichkeiten bieten, Caf\u00e9s oder eine Bar, um sich auszuruhen und \u00fcber die Bucht hinweg zu schauen.\" \/>\n<meta property=\"og:url\" content=\"https:\/\/www.urlaubcornwall.de\/blog\/poole-urlaub-in-dorset-und-suedengland\/\" \/>\n<meta property=\"og:site_name\" content=\"Urlaub &amp; Reisen\" \/>\n<meta property=\"article:modified_time\" content=\"2024-05-30T15:38:48+00:00\" \/>\n<meta name=\"twitter:card\" content=\"summary\" \/>\n<meta name=\"twitter:label1\" content=\"Est. reading time\" \/>\n\t<meta name=\"twitter:data1\" content=\"1 minute\" \/>\n<script type=\"application\/ld+json\" class=\"yoast-schema-graph\">{\"@context\":\"https:\/\/schema.org\",\"@graph\":[{\"@type\":\"WebSite\",\"@id\":\"https:\/\/www.urlaubcornwall.de\/blog\/#website\",\"url\":\"https:\/\/www.urlaubcornwall.de\/blog\/\",\"name\":\"Urlaub &amp; Reisen\",\"description\":\"Urlaub, Reisen, Cornwall und S\u00fcdengland: eine perfekte Kombination\",\"potentialAction\":[{\"@type\":\"SearchAction\",\"target\":{\"@type\":\"EntryPoint\",\"urlTemplate\":\"https:\/\/www.urlaubcornwall.de\/blog\/?s={search_term_string}\"},\"query-input\":\"required name=search_term_string\"}],\"inLanguage\":\"en-US\"},{\"@type\":\"WebPage\",\"@id\":\"https:\/\/www.urlaubcornwall.de\/blog\/poole-urlaub-in-dorset-und-suedengland\/\",\"url\":\"https:\/\/www.urlaubcornwall.de\/blog\/poole-urlaub-in-dorset-und-suedengland\/\",\"name\":\"Poole \u2013 Urlaub in Dorset und S\u00fcdengland - Urlaub &amp; Reisen\",\"isPartOf\":{\"@id\":\"https:\/\/www.urlaubcornwall.de\/blog\/#website\"},\"datePublished\":\"2020-04-07T14:03:51+00:00\",\"dateModified\":\"2024-05-30T15:38:48+00:00\",\"description\":\"Mit seinem gro\u00dfen nat\u00fcrlichen Hafen und blau beflaggten Str\u00e4nden ist es ein Gebiet f\u00fcr Wasserfreunde. Die historische Stadt f\u00fchrt hinunter zum Kai, und viele denkmalgesch\u00fctzte Geb\u00e4ude sind eingebettet zwischen sanierten Lagerh\u00e4usern, die Einkaufsm\u00f6glichkeiten bieten, Caf\u00e9s oder eine Bar, um sich auszuruhen und \u00fcber die Bucht hinweg zu schauen.\",\"breadcrumb\":{\"@id\":\"https:\/\/www.urlaubcornwall.de\/blog\/poole-urlaub-in-dorset-und-suedengland\/#breadcrumb\"},\"inLanguage\":\"en-US\",\"potentialAction\":[{\"@type\":\"ReadAction\",\"target\":[\"https:\/\/www.urlaubcornwall.de\/blog\/poole-urlaub-in-dorset-und-suedengland\/\"]}]},{\"@type\":\"BreadcrumbList\",\"@id\":\"https:\/\/www.urlaubcornwall.de\/blog\/poole-urlaub-in-dorset-und-suedengland\/#breadcrumb\",\"itemListElement\":[{\"@type\":\"ListItem\",\"position\":1,\"name\":\"Home\",\"item\":\"https:\/\/www.urlaubcornwall.de\/blog\/\"},{\"@type\":\"ListItem\",\"position\":2,\"name\":\"Poole \u2013 Urlaub in Dorset und S\u00fcdengland\"}]}]}<\/script>\n<!-- \/ Yoast SEO plugin. -->","yoast_head_json":{"title":"Poole \u2013 Urlaub in Dorset und S\u00fcdengland - Urlaub &amp; Reisen","description":"Mit seinem gro\u00dfen nat\u00fcrlichen Hafen und blau beflaggten Str\u00e4nden ist es ein Gebiet f\u00fcr Wasserfreunde. Die historische Stadt f\u00fchrt hinunter zum Kai, und viele denkmalgesch\u00fctzte Geb\u00e4ude sind eingebettet zwischen sanierten Lagerh\u00e4usern, die Einkaufsm\u00f6glichkeiten bieten, Caf\u00e9s oder eine Bar, um sich auszuruhen und \u00fcber die Bucht hinweg zu schauen.","robots":{"index":"index","follow":"follow","max-snippet":"max-snippet:-1","max-image-preview":"max-image-preview:large","max-video-preview":"max-video-preview:-1"},"canonical":"https:\/\/www.urlaubcornwall.de\/blog\/poole-urlaub-in-dorset-und-suedengland\/","og_locale":"en_US","og_type":"article","og_title":"Poole \u2013 Urlaub in Dorset und S\u00fcdengland - Urlaub &amp; Reisen","og_description":"Mit seinem gro\u00dfen nat\u00fcrlichen Hafen und blau beflaggten Str\u00e4nden ist es ein Gebiet f\u00fcr Wasserfreunde. Die historische Stadt f\u00fchrt hinunter zum Kai, und viele denkmalgesch\u00fctzte Geb\u00e4ude sind eingebettet zwischen sanierten Lagerh\u00e4usern, die Einkaufsm\u00f6glichkeiten bieten, Caf\u00e9s oder eine Bar, um sich auszuruhen und \u00fcber die Bucht hinweg zu schauen.","og_url":"https:\/\/www.urlaubcornwall.de\/blog\/poole-urlaub-in-dorset-und-suedengland\/","og_site_name":"Urlaub &amp; Reisen","article_modified_time":"2024-05-30T15:38:48+00:00","twitter_card":"summary","twitter_misc":{"Est. reading time":"1 minute"},"schema":{"@context":"https:\/\/schema.org","@graph":[{"@type":"WebSite","@id":"https:\/\/www.urlaubcornwall.de\/blog\/#website","url":"https:\/\/www.urlaubcornwall.de\/blog\/","name":"Urlaub &amp; Reisen","description":"Urlaub, Reisen, Cornwall und S\u00fcdengland: eine perfekte Kombination","potentialAction":[{"@type":"SearchAction","target":{"@type":"EntryPoint","urlTemplate":"https:\/\/www.urlaubcornwall.de\/blog\/?s={search_term_string}"},"query-input":"required name=search_term_string"}],"inLanguage":"en-US"},{"@type":"WebPage","@id":"https:\/\/www.urlaubcornwall.de\/blog\/poole-urlaub-in-dorset-und-suedengland\/","url":"https:\/\/www.urlaubcornwall.de\/blog\/poole-urlaub-in-dorset-und-suedengland\/","name":"Poole \u2013 Urlaub in Dorset und S\u00fcdengland - Urlaub &amp; Reisen","isPartOf":{"@id":"https:\/\/www.urlaubcornwall.de\/blog\/#website"},"datePublished":"2020-04-07T14:03:51+00:00","dateModified":"2024-05-30T15:38:48+00:00","description":"Mit seinem gro\u00dfen nat\u00fcrlichen Hafen und blau beflaggten Str\u00e4nden ist es ein Gebiet f\u00fcr Wasserfreunde. Die historische Stadt f\u00fchrt hinunter zum Kai, und viele denkmalgesch\u00fctzte Geb\u00e4ude sind eingebettet zwischen sanierten Lagerh\u00e4usern, die Einkaufsm\u00f6glichkeiten bieten, Caf\u00e9s oder eine Bar, um sich auszuruhen und \u00fcber die Bucht hinweg zu schauen.","breadcrumb":{"@id":"https:\/\/www.urlaubcornwall.de\/blog\/poole-urlaub-in-dorset-und-suedengland\/#breadcrumb"},"inLanguage":"en-US","potentialAction":[{"@type":"ReadAction","target":["https:\/\/www.urlaubcornwall.de\/blog\/poole-urlaub-in-dorset-und-suedengland\/"]}]},{"@type":"BreadcrumbList","@id":"https:\/\/www.urlaubcornwall.de\/blog\/poole-urlaub-in-dorset-und-suedengland\/#breadcrumb","itemListElement":[{"@type":"ListItem","position":1,"name":"Home","item":"https:\/\/www.urlaubcornwall.de\/blog\/"},{"@type":"ListItem","position":2,"name":"Poole \u2013 Urlaub in Dorset und S\u00fcdengland"}]}]}},"_links":{"self":[{"href":"https:\/\/www.urlaubcornwall.de\/blog\/wp-json\/wp\/v2\/pages\/39857"}],"collection":[{"href":"https:\/\/www.urlaubcornwall.de\/blog\/wp-json\/wp\/v2\/pages"}],"about":[{"href":"https:\/\/www.urlaubcornwall.de\/blog\/wp-json\/wp\/v2\/types\/page"}],"author":[{"embeddable":true,"href":"https:\/\/www.urlaubcornwall.de\/blog\/wp-json\/wp\/v2\/users\/1"}],"replies":[{"embeddable":true,"href":"https:\/\/www.urlaubcornwall.de\/blog\/wp-json\/wp\/v2\/comments?post=39857"}],"version-history":[{"count":2,"href":"https:\/\/www.urlaubcornwall.de\/blog\/wp-json\/wp\/v2\/pages\/39857\/revisions"}],"predecessor-version":[{"id":51153,"href":"https:\/\/www.urlaubcornwall.de\/blog\/wp-json\/wp\/v2\/pages\/39857\/revisions\/51153"}],"wp:attachment":[{"href":"https:\/\/www.urlaubcornwall.de\/blog\/wp-json\/wp\/v2\/media?parent=39857"}],"curies":[{"name":"wp","href":"https:\/\/api.w.org\/{rel}","templated":true}]}}