{"id":39852,"date":"2020-04-07T13:58:38","date_gmt":"2020-04-07T13:58:38","guid":{"rendered":"https:\/\/www.urlaubcornwall.de\/blog\/?page_id=39852"},"modified":"2024-04-15T11:09:10","modified_gmt":"2024-04-15T11:09:10","slug":"moreton-urlaub-in-dorset-und-suedengland","status":"publish","type":"page","link":"https:\/\/www.urlaubcornwall.de\/blog\/moreton-urlaub-in-dorset-und-suedengland\/","title":{"rendered":"Moreton \u2013 Urlaub in Dorset und S\u00fcdengland"},"content":{"rendered":"<p><img loading=\"lazy\" class=\"aligncenter size-full wp-image-49448\" src=\"https:\/\/www.urlaubcornwall.de\/blog\/wp-content\/uploads\/2024\/04\/IMG_E6005-scaled-e1713179317374.jpg\" alt=\"forde abbey\" width=\"750\" height=\"582\"\/><\/p>\n<p>Dieses kleine Dorf ist die unwahrscheinlich letzte Ruhest\u00e4tte von Lawrence von Arabien. Sein Grab befindet sich im Friedhof der St Nicholas Kirche, die an sich eines Besuches wert ist wegen ihrer einzigartigen ge\u00e4tzten Glasfenster. Moreton bietet sich auch an als Ausgangspunkt f\u00fcr Wanderungen im nahe gelegenen Moreton Wald und entlang des <a href=\"https:\/\/www.urlaubcornwall.de\/reiseziel\/dorset.php\">Dorset<\/a> Jubilee Trails, einem 80 Meilen langen Pfad von Forde Abbey im Westen bis hin zu Bokerley Dyke im Nordosten.<\/p>\n<p style=\"text-align: center;\"><a class=\"tidycta\" href=\"https:\/\/www.urlaubcornwall.de\/ferienhaeuser-fewos\/eng\/dorset\/dorset.html\">Ferienh\u00e4user in Moreton &#038; Dorset<\/a><\/p>\n<p>Bei uns finden Sie Ferienh\u00e4user zum Verlieben &#8211; so einfach ist das! W\u00e4hlen Sie aus \u00fcber 1000 pers\u00f6nlich inspizierten Ferienh\u00e4usern, Cottages &#038; Ferienwohnungen in <a href=\"https:\/\/www.urlaubcornwall.de\/ferienhaeuser\/suedengland.php\">Dorset und S\u00fcdengland<\/a>.<\/p>\n","protected":false},"excerpt":{"rendered":"<p>Dieses kleine Dorf ist die unwahrscheinlich letzte Ruhest\u00e4tte von Lawrence von Arabien. Sein Grab befindet sich im Friedhof der St Nicholas Kirche, die an sich eines Besuches wert ist wegen ihrer einzigartigen ge\u00e4tzten Glasfenster. Moreton bietet sich auch an als Ausgangspunkt f\u00fcr Wanderungen im nahe gelegenen Moreton Wald und entlang des Dorset Jubilee Trails, einem [&hellip;]<\/p>\n","protected":false},"author":1,"featured_media":0,"parent":0,"menu_order":0,"comment_status":"closed","ping_status":"closed","template":"single-four.php","meta":[],"acf":[],"yoast_head":"<!-- This site is optimized with the Yoast SEO plugin v19.4 - https:\/\/yoast.com\/wordpress\/plugins\/seo\/ -->\n<title>Moreton \u2013 Urlaub in Dorset und S\u00fcdengland - Urlaub &amp; Reisen<\/title>\n<meta name=\"description\" content=\"Dieses kleine Dorf ist die unwahrscheinlich letzte Ruhest\u00e4tte von Lawrence von Arabien. Sein Grab befindet sich im Friedhof der St Nicholas Kirche, die an sich eines Besuches wert ist wegen ihrer einzigartigen ge\u00e4tzten Glasfenster. Moreton bietet sich auch an als Ausgangspunkt f\u00fcr Wanderungen im nahe gelegenen Moreton Wald und entlang des Dorset Jubilee Trails, einem 80 Meilen langen Pfad von Forde Abbey im Westen bis hin zu Bokerley Dyke im Nordosten.\" \/>\n<meta name=\"robots\" content=\"index, follow, max-snippet:-1, max-image-preview:large, max-video-preview:-1\" \/>\n<link rel=\"canonical\" href=\"https:\/\/www.urlaubcornwall.de\/blog\/moreton-urlaub-in-dorset-und-suedengland\/\" \/>\n<meta property=\"og:locale\" content=\"en_US\" \/>\n<meta property=\"og:type\" content=\"article\" \/>\n<meta property=\"og:title\" content=\"Moreton \u2013 Urlaub in Dorset und S\u00fcdengland - Urlaub &amp; Reisen\" \/>\n<meta property=\"og:description\" content=\"Dieses kleine Dorf ist die unwahrscheinlich letzte Ruhest\u00e4tte von Lawrence von Arabien. Sein Grab befindet sich im Friedhof der St Nicholas Kirche, die an sich eines Besuches wert ist wegen ihrer einzigartigen ge\u00e4tzten Glasfenster. Moreton bietet sich auch an als Ausgangspunkt f\u00fcr Wanderungen im nahe gelegenen Moreton Wald und entlang des Dorset Jubilee Trails, einem 80 Meilen langen Pfad von Forde Abbey im Westen bis hin zu Bokerley Dyke im Nordosten.\" \/>\n<meta property=\"og:url\" content=\"https:\/\/www.urlaubcornwall.de\/blog\/moreton-urlaub-in-dorset-und-suedengland\/\" \/>\n<meta property=\"og:site_name\" content=\"Urlaub &amp; Reisen\" \/>\n<meta property=\"article:modified_time\" content=\"2024-04-15T11:09:10+00:00\" \/>\n<meta property=\"og:image\" content=\"https:\/\/www.urlaubcornwall.de\/blog\/wp-content\/uploads\/2024\/04\/IMG_E6005-scaled-e1713179317374.jpg\" \/>\n<meta name=\"twitter:card\" content=\"summary\" \/>\n<meta name=\"twitter:label1\" content=\"Est. reading time\" \/>\n\t<meta name=\"twitter:data1\" content=\"1 minute\" \/>\n<script type=\"application\/ld+json\" class=\"yoast-schema-graph\">{\"@context\":\"https:\/\/schema.org\",\"@graph\":[{\"@type\":\"WebSite\",\"@id\":\"https:\/\/www.urlaubcornwall.de\/blog\/#website\",\"url\":\"https:\/\/www.urlaubcornwall.de\/blog\/\",\"name\":\"Urlaub &amp; Reisen\",\"description\":\"Urlaub, Reisen, Cornwall und S\u00fcdengland: eine perfekte Kombination\",\"potentialAction\":[{\"@type\":\"SearchAction\",\"target\":{\"@type\":\"EntryPoint\",\"urlTemplate\":\"https:\/\/www.urlaubcornwall.de\/blog\/?s={search_term_string}\"},\"query-input\":\"required name=search_term_string\"}],\"inLanguage\":\"en-US\"},{\"@type\":\"WebPage\",\"@id\":\"https:\/\/www.urlaubcornwall.de\/blog\/moreton-urlaub-in-dorset-und-suedengland\/\",\"url\":\"https:\/\/www.urlaubcornwall.de\/blog\/moreton-urlaub-in-dorset-und-suedengland\/\",\"name\":\"Moreton \u2013 Urlaub in Dorset und S\u00fcdengland - Urlaub &amp; Reisen\",\"isPartOf\":{\"@id\":\"https:\/\/www.urlaubcornwall.de\/blog\/#website\"},\"datePublished\":\"2020-04-07T13:58:38+00:00\",\"dateModified\":\"2024-04-15T11:09:10+00:00\",\"description\":\"Dieses kleine Dorf ist die unwahrscheinlich letzte Ruhest\u00e4tte von Lawrence von Arabien. Sein Grab befindet sich im Friedhof der St Nicholas Kirche, die an sich eines Besuches wert ist wegen ihrer einzigartigen ge\u00e4tzten Glasfenster. Moreton bietet sich auch an als Ausgangspunkt f\u00fcr Wanderungen im nahe gelegenen Moreton Wald und entlang des Dorset Jubilee Trails, einem 80 Meilen langen Pfad von Forde Abbey im Westen bis hin zu Bokerley Dyke im Nordosten.\",\"breadcrumb\":{\"@id\":\"https:\/\/www.urlaubcornwall.de\/blog\/moreton-urlaub-in-dorset-und-suedengland\/#breadcrumb\"},\"inLanguage\":\"en-US\",\"potentialAction\":[{\"@type\":\"ReadAction\",\"target\":[\"https:\/\/www.urlaubcornwall.de\/blog\/moreton-urlaub-in-dorset-und-suedengland\/\"]}]},{\"@type\":\"BreadcrumbList\",\"@id\":\"https:\/\/www.urlaubcornwall.de\/blog\/moreton-urlaub-in-dorset-und-suedengland\/#breadcrumb\",\"itemListElement\":[{\"@type\":\"ListItem\",\"position\":1,\"name\":\"Home\",\"item\":\"https:\/\/www.urlaubcornwall.de\/blog\/\"},{\"@type\":\"ListItem\",\"position\":2,\"name\":\"Moreton \u2013 Urlaub in Dorset und S\u00fcdengland\"}]}]}<\/script>\n<!-- \/ Yoast SEO plugin. -->","yoast_head_json":{"title":"Moreton \u2013 Urlaub in Dorset und S\u00fcdengland - Urlaub &amp; Reisen","description":"Dieses kleine Dorf ist die unwahrscheinlich letzte Ruhest\u00e4tte von Lawrence von Arabien. Sein Grab befindet sich im Friedhof der St Nicholas Kirche, die an sich eines Besuches wert ist wegen ihrer einzigartigen ge\u00e4tzten Glasfenster. Moreton bietet sich auch an als Ausgangspunkt f\u00fcr Wanderungen im nahe gelegenen Moreton Wald und entlang des Dorset Jubilee Trails, einem 80 Meilen langen Pfad von Forde Abbey im Westen bis hin zu Bokerley Dyke im Nordosten.","robots":{"index":"index","follow":"follow","max-snippet":"max-snippet:-1","max-image-preview":"max-image-preview:large","max-video-preview":"max-video-preview:-1"},"canonical":"https:\/\/www.urlaubcornwall.de\/blog\/moreton-urlaub-in-dorset-und-suedengland\/","og_locale":"en_US","og_type":"article","og_title":"Moreton \u2013 Urlaub in Dorset und S\u00fcdengland - Urlaub &amp; Reisen","og_description":"Dieses kleine Dorf ist die unwahrscheinlich letzte Ruhest\u00e4tte von Lawrence von Arabien. Sein Grab befindet sich im Friedhof der St Nicholas Kirche, die an sich eines Besuches wert ist wegen ihrer einzigartigen ge\u00e4tzten Glasfenster. Moreton bietet sich auch an als Ausgangspunkt f\u00fcr Wanderungen im nahe gelegenen Moreton Wald und entlang des Dorset Jubilee Trails, einem 80 Meilen langen Pfad von Forde Abbey im Westen bis hin zu Bokerley Dyke im Nordosten.","og_url":"https:\/\/www.urlaubcornwall.de\/blog\/moreton-urlaub-in-dorset-und-suedengland\/","og_site_name":"Urlaub &amp; Reisen","article_modified_time":"2024-04-15T11:09:10+00:00","og_image":[{"url":"https:\/\/www.urlaubcornwall.de\/blog\/wp-content\/uploads\/2024\/04\/IMG_E6005-scaled-e1713179317374.jpg"}],"twitter_card":"summary","twitter_misc":{"Est. reading time":"1 minute"},"schema":{"@context":"https:\/\/schema.org","@graph":[{"@type":"WebSite","@id":"https:\/\/www.urlaubcornwall.de\/blog\/#website","url":"https:\/\/www.urlaubcornwall.de\/blog\/","name":"Urlaub &amp; Reisen","description":"Urlaub, Reisen, Cornwall und S\u00fcdengland: eine perfekte Kombination","potentialAction":[{"@type":"SearchAction","target":{"@type":"EntryPoint","urlTemplate":"https:\/\/www.urlaubcornwall.de\/blog\/?s={search_term_string}"},"query-input":"required name=search_term_string"}],"inLanguage":"en-US"},{"@type":"WebPage","@id":"https:\/\/www.urlaubcornwall.de\/blog\/moreton-urlaub-in-dorset-und-suedengland\/","url":"https:\/\/www.urlaubcornwall.de\/blog\/moreton-urlaub-in-dorset-und-suedengland\/","name":"Moreton \u2013 Urlaub in Dorset und S\u00fcdengland - Urlaub &amp; Reisen","isPartOf":{"@id":"https:\/\/www.urlaubcornwall.de\/blog\/#website"},"datePublished":"2020-04-07T13:58:38+00:00","dateModified":"2024-04-15T11:09:10+00:00","description":"Dieses kleine Dorf ist die unwahrscheinlich letzte Ruhest\u00e4tte von Lawrence von Arabien. Sein Grab befindet sich im Friedhof der St Nicholas Kirche, die an sich eines Besuches wert ist wegen ihrer einzigartigen ge\u00e4tzten Glasfenster. Moreton bietet sich auch an als Ausgangspunkt f\u00fcr Wanderungen im nahe gelegenen Moreton Wald und entlang des Dorset Jubilee Trails, einem 80 Meilen langen Pfad von Forde Abbey im Westen bis hin zu Bokerley Dyke im Nordosten.","breadcrumb":{"@id":"https:\/\/www.urlaubcornwall.de\/blog\/moreton-urlaub-in-dorset-und-suedengland\/#breadcrumb"},"inLanguage":"en-US","potentialAction":[{"@type":"ReadAction","target":["https:\/\/www.urlaubcornwall.de\/blog\/moreton-urlaub-in-dorset-und-suedengland\/"]}]},{"@type":"BreadcrumbList","@id":"https:\/\/www.urlaubcornwall.de\/blog\/moreton-urlaub-in-dorset-und-suedengland\/#breadcrumb","itemListElement":[{"@type":"ListItem","position":1,"name":"Home","item":"https:\/\/www.urlaubcornwall.de\/blog\/"},{"@type":"ListItem","position":2,"name":"Moreton \u2013 Urlaub in Dorset und S\u00fcdengland"}]}]}},"_links":{"self":[{"href":"https:\/\/www.urlaubcornwall.de\/blog\/wp-json\/wp\/v2\/pages\/39852"}],"collection":[{"href":"https:\/\/www.urlaubcornwall.de\/blog\/wp-json\/wp\/v2\/pages"}],"about":[{"href":"https:\/\/www.urlaubcornwall.de\/blog\/wp-json\/wp\/v2\/types\/page"}],"author":[{"embeddable":true,"href":"https:\/\/www.urlaubcornwall.de\/blog\/wp-json\/wp\/v2\/users\/1"}],"replies":[{"embeddable":true,"href":"https:\/\/www.urlaubcornwall.de\/blog\/wp-json\/wp\/v2\/comments?post=39852"}],"version-history":[{"count":3,"href":"https:\/\/www.urlaubcornwall.de\/blog\/wp-json\/wp\/v2\/pages\/39852\/revisions"}],"predecessor-version":[{"id":49450,"href":"https:\/\/www.urlaubcornwall.de\/blog\/wp-json\/wp\/v2\/pages\/39852\/revisions\/49450"}],"wp:attachment":[{"href":"https:\/\/www.urlaubcornwall.de\/blog\/wp-json\/wp\/v2\/media?parent=39852"}],"curies":[{"name":"wp","href":"https:\/\/api.w.org\/{rel}","templated":true}]}}