{"id":39850,"date":"2020-04-07T13:53:04","date_gmt":"2020-04-07T13:53:04","guid":{"rendered":"https:\/\/www.urlaubcornwall.de\/blog\/?page_id=39850"},"modified":"2024-04-15T11:00:05","modified_gmt":"2024-04-15T11:00:05","slug":"lyme-regis-urlaubsinspiration-dorset-und-suedengland","status":"publish","type":"page","link":"https:\/\/www.urlaubcornwall.de\/blog\/lyme-regis-urlaubsinspiration-dorset-und-suedengland\/","title":{"rendered":"Lyme Regis Urlaubsinspiration &#8211; Dorset und S\u00fcdengland"},"content":{"rendered":"<p><img loading=\"lazy\" class=\"aligncenter size-full wp-image-47909\" src=\"https:\/\/www.urlaubcornwall.de\/blog\/wp-content\/uploads\/2024\/03\/lyme-regis-dorset.jpg\" alt=\"lyme regis dorset\" width=\"750\" height=\"379\" srcset=\"https:\/\/www.urlaubcornwall.de\/blog\/wp-content\/uploads\/2024\/03\/lyme-regis-dorset.jpg 750w, https:\/\/www.urlaubcornwall.de\/blog\/wp-content\/uploads\/2024\/03\/lyme-regis-dorset-300x152.jpg 300w\" sizes=\"(max-width: 750px) 100vw, 750px\" \/><\/p>\n<p>Lyme Regis ist Teil von <a href=\"https:\/\/www.urlaubcornwall.de\/reiseziel\/dorset.php\">Dorsets ber\u00fchmter Jurak\u00fcste<\/a>; gef\u00fchrte Touren zur Fossiliensuche sind eine beliebte M\u00f6glichkeit, die reiche geologische Geschichte der Gegend zu entdecken. Literaturgeschichte ist ebenfalls wichtig f\u00fcr Lyme Regis; der einzigartige Hafen, bekannt unter dem Namen \u2018The Cobb\u2019 wurde unvergesslich gemacht durch John Fowles Geschichte \u2018Die Frau des franz\u00f6sischen Leutnants\u2019, und auch Thomas Hardy hat viele seiner Geschichten in der Gegend platziert.<\/p>\n<p style=\"text-align: center;\"><a class=\"tidycta\" href=\"https:\/\/www.urlaubcornwall.de\/ferienhaeuser-fewos\/eng\/dorset\/dorchester.html\">Ferienh\u00e4user in Dorchester<\/a><\/p>\n<p>Bei uns finden Sie Ferienh\u00e4user zum Verlieben &#8211; so einfach ist das! W\u00e4hlen Sie aus \u00fcber 1000 pers\u00f6nlich inspizierten Ferienh\u00e4usern, Cottages &#038; Ferienwohnungen in <a href=\"https:\/\/www.urlaubcornwall.de\/ferienhaeuser\/suedengland.php\">Dorset und S\u00fcdengland<\/a>.<\/p>\n","protected":false},"excerpt":{"rendered":"<p>Lyme Regis ist Teil von Dorsets ber\u00fchmter Jurak\u00fcste; gef\u00fchrte Touren zur Fossiliensuche sind eine beliebte M\u00f6glichkeit, die reiche geologische Geschichte der Gegend zu entdecken. Literaturgeschichte ist ebenfalls wichtig f\u00fcr Lyme Regis; der einzigartige Hafen, bekannt unter dem Namen \u2018The Cobb\u2019 wurde unvergesslich gemacht durch John Fowles Geschichte \u2018Die Frau des franz\u00f6sischen Leutnants\u2019, und auch Thomas [&hellip;]<\/p>\n","protected":false},"author":1,"featured_media":0,"parent":0,"menu_order":0,"comment_status":"closed","ping_status":"closed","template":"single-four.php","meta":[],"acf":[],"yoast_head":"<!-- This site is optimized with the Yoast SEO plugin v19.4 - https:\/\/yoast.com\/wordpress\/plugins\/seo\/ -->\n<title>Lyme Regis Urlaubsinspiration - Dorset und S\u00fcdengland - Urlaub &amp; Reisen<\/title>\n<meta name=\"description\" content=\"Lyme Regis ist Teil von Dorsets ber\u00fchmter Jurak\u00fcste; gef\u00fchrte Touren zur Fossiliensuche sind eine beliebte M\u00f6glichkeit, die reiche geologische Geschichte der Gegend zu entdecken. Literaturgeschichte ist ebenfalls wichtig f\u00fcr Lyme Regis; der einzigartige Hafen, bekannt unter dem Namen \u2018The Cobb\u2019 wurde unvergesslich gemacht durch John Fowles Geschichte \u2018Die Frau des franz\u00f6sischen Leutnants\u2019, und auch Thomas Hardy hat viele seiner Geschichten in der Gegend platziert.\" \/>\n<meta name=\"robots\" content=\"index, follow, max-snippet:-1, max-image-preview:large, max-video-preview:-1\" \/>\n<link rel=\"canonical\" href=\"https:\/\/www.urlaubcornwall.de\/blog\/lyme-regis-urlaubsinspiration-dorset-und-suedengland\/\" \/>\n<meta property=\"og:locale\" content=\"en_US\" \/>\n<meta property=\"og:type\" content=\"article\" \/>\n<meta property=\"og:title\" content=\"Lyme Regis Urlaubsinspiration - Dorset und S\u00fcdengland - Urlaub &amp; Reisen\" \/>\n<meta property=\"og:description\" content=\"Lyme Regis ist Teil von Dorsets ber\u00fchmter Jurak\u00fcste; gef\u00fchrte Touren zur Fossiliensuche sind eine beliebte M\u00f6glichkeit, die reiche geologische Geschichte der Gegend zu entdecken. Literaturgeschichte ist ebenfalls wichtig f\u00fcr Lyme Regis; der einzigartige Hafen, bekannt unter dem Namen \u2018The Cobb\u2019 wurde unvergesslich gemacht durch John Fowles Geschichte \u2018Die Frau des franz\u00f6sischen Leutnants\u2019, und auch Thomas Hardy hat viele seiner Geschichten in der Gegend platziert.\" \/>\n<meta property=\"og:url\" content=\"https:\/\/www.urlaubcornwall.de\/blog\/lyme-regis-urlaubsinspiration-dorset-und-suedengland\/\" \/>\n<meta property=\"og:site_name\" content=\"Urlaub &amp; Reisen\" \/>\n<meta property=\"article:modified_time\" content=\"2024-04-15T11:00:05+00:00\" \/>\n<meta property=\"og:image\" content=\"https:\/\/www.urlaubcornwall.de\/blog\/wp-content\/uploads\/2024\/03\/lyme-regis-dorset.jpg\" \/>\n<meta name=\"twitter:card\" content=\"summary\" \/>\n<meta name=\"twitter:label1\" content=\"Est. reading time\" \/>\n\t<meta name=\"twitter:data1\" content=\"1 minute\" \/>\n<script type=\"application\/ld+json\" class=\"yoast-schema-graph\">{\"@context\":\"https:\/\/schema.org\",\"@graph\":[{\"@type\":\"WebSite\",\"@id\":\"https:\/\/www.urlaubcornwall.de\/blog\/#website\",\"url\":\"https:\/\/www.urlaubcornwall.de\/blog\/\",\"name\":\"Urlaub &amp; Reisen\",\"description\":\"Urlaub, Reisen, Cornwall und S\u00fcdengland: eine perfekte Kombination\",\"potentialAction\":[{\"@type\":\"SearchAction\",\"target\":{\"@type\":\"EntryPoint\",\"urlTemplate\":\"https:\/\/www.urlaubcornwall.de\/blog\/?s={search_term_string}\"},\"query-input\":\"required name=search_term_string\"}],\"inLanguage\":\"en-US\"},{\"@type\":\"WebPage\",\"@id\":\"https:\/\/www.urlaubcornwall.de\/blog\/lyme-regis-urlaubsinspiration-dorset-und-suedengland\/\",\"url\":\"https:\/\/www.urlaubcornwall.de\/blog\/lyme-regis-urlaubsinspiration-dorset-und-suedengland\/\",\"name\":\"Lyme Regis Urlaubsinspiration - Dorset und S\u00fcdengland - Urlaub &amp; Reisen\",\"isPartOf\":{\"@id\":\"https:\/\/www.urlaubcornwall.de\/blog\/#website\"},\"datePublished\":\"2020-04-07T13:53:04+00:00\",\"dateModified\":\"2024-04-15T11:00:05+00:00\",\"description\":\"Lyme Regis ist Teil von Dorsets ber\u00fchmter Jurak\u00fcste; gef\u00fchrte Touren zur Fossiliensuche sind eine beliebte M\u00f6glichkeit, die reiche geologische Geschichte der Gegend zu entdecken. Literaturgeschichte ist ebenfalls wichtig f\u00fcr Lyme Regis; der einzigartige Hafen, bekannt unter dem Namen \u2018The Cobb\u2019 wurde unvergesslich gemacht durch John Fowles Geschichte \u2018Die Frau des franz\u00f6sischen Leutnants\u2019, und auch Thomas Hardy hat viele seiner Geschichten in der Gegend platziert.\",\"breadcrumb\":{\"@id\":\"https:\/\/www.urlaubcornwall.de\/blog\/lyme-regis-urlaubsinspiration-dorset-und-suedengland\/#breadcrumb\"},\"inLanguage\":\"en-US\",\"potentialAction\":[{\"@type\":\"ReadAction\",\"target\":[\"https:\/\/www.urlaubcornwall.de\/blog\/lyme-regis-urlaubsinspiration-dorset-und-suedengland\/\"]}]},{\"@type\":\"BreadcrumbList\",\"@id\":\"https:\/\/www.urlaubcornwall.de\/blog\/lyme-regis-urlaubsinspiration-dorset-und-suedengland\/#breadcrumb\",\"itemListElement\":[{\"@type\":\"ListItem\",\"position\":1,\"name\":\"Home\",\"item\":\"https:\/\/www.urlaubcornwall.de\/blog\/\"},{\"@type\":\"ListItem\",\"position\":2,\"name\":\"Lyme Regis Urlaubsinspiration &#8211; Dorset und S\u00fcdengland\"}]}]}<\/script>\n<!-- \/ Yoast SEO plugin. -->","yoast_head_json":{"title":"Lyme Regis Urlaubsinspiration - Dorset und S\u00fcdengland - Urlaub &amp; Reisen","description":"Lyme Regis ist Teil von Dorsets ber\u00fchmter Jurak\u00fcste; gef\u00fchrte Touren zur Fossiliensuche sind eine beliebte M\u00f6glichkeit, die reiche geologische Geschichte der Gegend zu entdecken. Literaturgeschichte ist ebenfalls wichtig f\u00fcr Lyme Regis; der einzigartige Hafen, bekannt unter dem Namen \u2018The Cobb\u2019 wurde unvergesslich gemacht durch John Fowles Geschichte \u2018Die Frau des franz\u00f6sischen Leutnants\u2019, und auch Thomas Hardy hat viele seiner Geschichten in der Gegend platziert.","robots":{"index":"index","follow":"follow","max-snippet":"max-snippet:-1","max-image-preview":"max-image-preview:large","max-video-preview":"max-video-preview:-1"},"canonical":"https:\/\/www.urlaubcornwall.de\/blog\/lyme-regis-urlaubsinspiration-dorset-und-suedengland\/","og_locale":"en_US","og_type":"article","og_title":"Lyme Regis Urlaubsinspiration - Dorset und S\u00fcdengland - Urlaub &amp; Reisen","og_description":"Lyme Regis ist Teil von Dorsets ber\u00fchmter Jurak\u00fcste; gef\u00fchrte Touren zur Fossiliensuche sind eine beliebte M\u00f6glichkeit, die reiche geologische Geschichte der Gegend zu entdecken. Literaturgeschichte ist ebenfalls wichtig f\u00fcr Lyme Regis; der einzigartige Hafen, bekannt unter dem Namen \u2018The Cobb\u2019 wurde unvergesslich gemacht durch John Fowles Geschichte \u2018Die Frau des franz\u00f6sischen Leutnants\u2019, und auch Thomas Hardy hat viele seiner Geschichten in der Gegend platziert.","og_url":"https:\/\/www.urlaubcornwall.de\/blog\/lyme-regis-urlaubsinspiration-dorset-und-suedengland\/","og_site_name":"Urlaub &amp; Reisen","article_modified_time":"2024-04-15T11:00:05+00:00","og_image":[{"url":"https:\/\/www.urlaubcornwall.de\/blog\/wp-content\/uploads\/2024\/03\/lyme-regis-dorset.jpg"}],"twitter_card":"summary","twitter_misc":{"Est. reading time":"1 minute"},"schema":{"@context":"https:\/\/schema.org","@graph":[{"@type":"WebSite","@id":"https:\/\/www.urlaubcornwall.de\/blog\/#website","url":"https:\/\/www.urlaubcornwall.de\/blog\/","name":"Urlaub &amp; Reisen","description":"Urlaub, Reisen, Cornwall und S\u00fcdengland: eine perfekte Kombination","potentialAction":[{"@type":"SearchAction","target":{"@type":"EntryPoint","urlTemplate":"https:\/\/www.urlaubcornwall.de\/blog\/?s={search_term_string}"},"query-input":"required name=search_term_string"}],"inLanguage":"en-US"},{"@type":"WebPage","@id":"https:\/\/www.urlaubcornwall.de\/blog\/lyme-regis-urlaubsinspiration-dorset-und-suedengland\/","url":"https:\/\/www.urlaubcornwall.de\/blog\/lyme-regis-urlaubsinspiration-dorset-und-suedengland\/","name":"Lyme Regis Urlaubsinspiration - Dorset und S\u00fcdengland - Urlaub &amp; Reisen","isPartOf":{"@id":"https:\/\/www.urlaubcornwall.de\/blog\/#website"},"datePublished":"2020-04-07T13:53:04+00:00","dateModified":"2024-04-15T11:00:05+00:00","description":"Lyme Regis ist Teil von Dorsets ber\u00fchmter Jurak\u00fcste; gef\u00fchrte Touren zur Fossiliensuche sind eine beliebte M\u00f6glichkeit, die reiche geologische Geschichte der Gegend zu entdecken. Literaturgeschichte ist ebenfalls wichtig f\u00fcr Lyme Regis; der einzigartige Hafen, bekannt unter dem Namen \u2018The Cobb\u2019 wurde unvergesslich gemacht durch John Fowles Geschichte \u2018Die Frau des franz\u00f6sischen Leutnants\u2019, und auch Thomas Hardy hat viele seiner Geschichten in der Gegend platziert.","breadcrumb":{"@id":"https:\/\/www.urlaubcornwall.de\/blog\/lyme-regis-urlaubsinspiration-dorset-und-suedengland\/#breadcrumb"},"inLanguage":"en-US","potentialAction":[{"@type":"ReadAction","target":["https:\/\/www.urlaubcornwall.de\/blog\/lyme-regis-urlaubsinspiration-dorset-und-suedengland\/"]}]},{"@type":"BreadcrumbList","@id":"https:\/\/www.urlaubcornwall.de\/blog\/lyme-regis-urlaubsinspiration-dorset-und-suedengland\/#breadcrumb","itemListElement":[{"@type":"ListItem","position":1,"name":"Home","item":"https:\/\/www.urlaubcornwall.de\/blog\/"},{"@type":"ListItem","position":2,"name":"Lyme Regis Urlaubsinspiration &#8211; Dorset und S\u00fcdengland"}]}]}},"_links":{"self":[{"href":"https:\/\/www.urlaubcornwall.de\/blog\/wp-json\/wp\/v2\/pages\/39850"}],"collection":[{"href":"https:\/\/www.urlaubcornwall.de\/blog\/wp-json\/wp\/v2\/pages"}],"about":[{"href":"https:\/\/www.urlaubcornwall.de\/blog\/wp-json\/wp\/v2\/types\/page"}],"author":[{"embeddable":true,"href":"https:\/\/www.urlaubcornwall.de\/blog\/wp-json\/wp\/v2\/users\/1"}],"replies":[{"embeddable":true,"href":"https:\/\/www.urlaubcornwall.de\/blog\/wp-json\/wp\/v2\/comments?post=39850"}],"version-history":[{"count":2,"href":"https:\/\/www.urlaubcornwall.de\/blog\/wp-json\/wp\/v2\/pages\/39850\/revisions"}],"predecessor-version":[{"id":49433,"href":"https:\/\/www.urlaubcornwall.de\/blog\/wp-json\/wp\/v2\/pages\/39850\/revisions\/49433"}],"wp:attachment":[{"href":"https:\/\/www.urlaubcornwall.de\/blog\/wp-json\/wp\/v2\/media?parent=39850"}],"curies":[{"name":"wp","href":"https:\/\/api.w.org\/{rel}","templated":true}]}}