{"id":39848,"date":"2020-04-07T13:49:15","date_gmt":"2020-04-07T13:49:15","guid":{"rendered":"https:\/\/www.urlaubcornwall.de\/blog\/?page_id=39848"},"modified":"2024-04-12T12:15:39","modified_gmt":"2024-04-12T12:15:39","slug":"dorchester-dorset-suedengland","status":"publish","type":"page","link":"https:\/\/www.urlaubcornwall.de\/blog\/dorchester-dorset-suedengland\/","title":{"rendered":"Dorchester \u2013 Urlaub in Dorset und S\u00fcdengland"},"content":{"rendered":"<p><img loading=\"lazy\" class=\"aligncenter size-full wp-image-47886\" src=\"https:\/\/www.urlaubcornwall.de\/blog\/wp-content\/uploads\/2024\/03\/dorchester.jpg\" alt=\"dorchester\" width=\"750\" height=\"500\" srcset=\"https:\/\/www.urlaubcornwall.de\/blog\/wp-content\/uploads\/2024\/03\/dorchester.jpg 750w, https:\/\/www.urlaubcornwall.de\/blog\/wp-content\/uploads\/2024\/03\/dorchester-300x200.jpg 300w\" sizes=\"(max-width: 750px) 100vw, 750px\" \/><\/p>\n<p><a href=\"https:\/\/www.urlaubcornwall.de\/reiseziel\/dorset.php\">Dorsets<\/a> Hauptstadt hat mehr als ein reiches Erbe. Auf einem Spaziergang durch das Stadtzentrum entdecken Sie romanische, mittelalterliche Geb\u00e4ude, sowie solche aus Tudor- und Georgianischen Zeiten, die sich alle umeinander dr\u00e4ngen. Dorchester hat zahlreiche Museen, die Ihnen dabei helfen werden, die gesamte Geschichte zu verstehen. Der einst ber\u00fchmteste Bewohner der Stadt ist der Romanschreiber Thomas Hardy, der seine ber\u00fchmte Geschichte \u2018Der B\u00fcrgermeister von Casterbridge\u2019 in Dorchester platziert hat. Sein Zuhause, ein herrliches, <a href=\"https:\/\/www.urlaubcornwall.de\/ferienhaeuser-fewos\/suedwest-england-reetdachhaus.html\">reetgedecktes Cottage<\/a> mit h\u00fcbschen G\u00e4rten geh\u00f6rt nun dem National Trust und ist der \u00d6ffentlichkeit zug\u00e4nglich.<\/p>\n<p style=\"text-align: center;\"><a class=\"tidycta\" href=\"https:\/\/www.urlaubcornwall.de\/ferienhaeuser-fewos\/eng\/dorset\/dorchester.html\">Ferienh\u00e4user in Dorchester<\/a><\/p>\n<p>Bei uns finden Sie Ferienh\u00e4user zum Verlieben &#8211; so einfach ist das! W\u00e4hlen Sie aus \u00fcber 1000 pers\u00f6nlich inspizierten Ferienh\u00e4usern, Cottages &#038; Ferienwohnungen in <a href=\"https:\/\/www.urlaubcornwall.de\/ferienhaeuser\/suedengland.php\">Dorset und S\u00fcdengland<\/a>.<\/p>\n","protected":false},"excerpt":{"rendered":"<p>Dorsets Hauptstadt hat mehr als ein reiches Erbe. Auf einem Spaziergang durch das Stadtzentrum entdecken Sie romanische, mittelalterliche Geb\u00e4ude, sowie solche aus Tudor- und Georgianischen Zeiten, die sich alle umeinander dr\u00e4ngen. Dorchester hat zahlreiche Museen, die Ihnen dabei helfen werden, die gesamte Geschichte zu verstehen. Der einst ber\u00fchmteste Bewohner der Stadt ist der Romanschreiber Thomas [&hellip;]<\/p>\n","protected":false},"author":1,"featured_media":0,"parent":0,"menu_order":0,"comment_status":"closed","ping_status":"closed","template":"single-four.php","meta":[],"acf":[],"yoast_head":"<!-- This site is optimized with the Yoast SEO plugin v19.4 - https:\/\/yoast.com\/wordpress\/plugins\/seo\/ -->\n<title>Dorchester \u2013 Urlaub in Dorset und S\u00fcdengland - Urlaub &amp; Reisen<\/title>\n<meta name=\"description\" content=\"Dorsets Hauptstadt hat mehr als ein reiches Erbe. Auf einem Spaziergang durch das Stadtzentrum entdecken Sie romanische, mittelalterliche Geb\u00e4ude, sowie solche aus Tudor- und Georgianischen Zeiten, die sich alle umeinander dr\u00e4ngen. Dorchester hat zahlreiche Museen, die Ihnen dabei helfen werden, die gesamte Geschichte zu verstehen. Der einst ber\u00fchmteste Bewohner der Stadt ist der Romanschreiber Thomas Hardy, der seine ber\u00fchmte Geschichte \u2018Der B\u00fcrgermeister von Casterbridge\u2019 in Dorchester platziert hat. Sein Zuhause, ein herrliches, reetgedecktes Cottage mit h\u00fcbschen G\u00e4rten geh\u00f6rt nun dem National Trust und ist der \u00d6ffentlichkeit zug\u00e4nglich.\" \/>\n<meta name=\"robots\" content=\"index, follow, max-snippet:-1, max-image-preview:large, max-video-preview:-1\" \/>\n<link rel=\"canonical\" href=\"https:\/\/www.urlaubcornwall.de\/blog\/dorchester-dorset-suedengland\/\" \/>\n<meta property=\"og:locale\" content=\"en_US\" \/>\n<meta property=\"og:type\" content=\"article\" \/>\n<meta property=\"og:title\" content=\"Dorchester \u2013 Urlaub in Dorset und S\u00fcdengland - Urlaub &amp; Reisen\" \/>\n<meta property=\"og:description\" content=\"Dorsets Hauptstadt hat mehr als ein reiches Erbe. Auf einem Spaziergang durch das Stadtzentrum entdecken Sie romanische, mittelalterliche Geb\u00e4ude, sowie solche aus Tudor- und Georgianischen Zeiten, die sich alle umeinander dr\u00e4ngen. Dorchester hat zahlreiche Museen, die Ihnen dabei helfen werden, die gesamte Geschichte zu verstehen. Der einst ber\u00fchmteste Bewohner der Stadt ist der Romanschreiber Thomas Hardy, der seine ber\u00fchmte Geschichte \u2018Der B\u00fcrgermeister von Casterbridge\u2019 in Dorchester platziert hat. Sein Zuhause, ein herrliches, reetgedecktes Cottage mit h\u00fcbschen G\u00e4rten geh\u00f6rt nun dem National Trust und ist der \u00d6ffentlichkeit zug\u00e4nglich.\" \/>\n<meta property=\"og:url\" content=\"https:\/\/www.urlaubcornwall.de\/blog\/dorchester-dorset-suedengland\/\" \/>\n<meta property=\"og:site_name\" content=\"Urlaub &amp; Reisen\" \/>\n<meta property=\"article:modified_time\" content=\"2024-04-12T12:15:39+00:00\" \/>\n<meta property=\"og:image\" content=\"https:\/\/www.urlaubcornwall.de\/blog\/wp-content\/uploads\/2024\/03\/dorchester.jpg\" \/>\n<meta name=\"twitter:card\" content=\"summary\" \/>\n<meta name=\"twitter:label1\" content=\"Est. reading time\" \/>\n\t<meta name=\"twitter:data1\" content=\"1 minute\" \/>\n<script type=\"application\/ld+json\" class=\"yoast-schema-graph\">{\"@context\":\"https:\/\/schema.org\",\"@graph\":[{\"@type\":\"WebSite\",\"@id\":\"https:\/\/www.urlaubcornwall.de\/blog\/#website\",\"url\":\"https:\/\/www.urlaubcornwall.de\/blog\/\",\"name\":\"Urlaub &amp; Reisen\",\"description\":\"Urlaub, Reisen, Cornwall und S\u00fcdengland: eine perfekte Kombination\",\"potentialAction\":[{\"@type\":\"SearchAction\",\"target\":{\"@type\":\"EntryPoint\",\"urlTemplate\":\"https:\/\/www.urlaubcornwall.de\/blog\/?s={search_term_string}\"},\"query-input\":\"required name=search_term_string\"}],\"inLanguage\":\"en-US\"},{\"@type\":\"WebPage\",\"@id\":\"https:\/\/www.urlaubcornwall.de\/blog\/dorchester-dorset-suedengland\/\",\"url\":\"https:\/\/www.urlaubcornwall.de\/blog\/dorchester-dorset-suedengland\/\",\"name\":\"Dorchester \u2013 Urlaub in Dorset und S\u00fcdengland - Urlaub &amp; Reisen\",\"isPartOf\":{\"@id\":\"https:\/\/www.urlaubcornwall.de\/blog\/#website\"},\"datePublished\":\"2020-04-07T13:49:15+00:00\",\"dateModified\":\"2024-04-12T12:15:39+00:00\",\"description\":\"Dorsets Hauptstadt hat mehr als ein reiches Erbe. Auf einem Spaziergang durch das Stadtzentrum entdecken Sie romanische, mittelalterliche Geb\u00e4ude, sowie solche aus Tudor- und Georgianischen Zeiten, die sich alle umeinander dr\u00e4ngen. Dorchester hat zahlreiche Museen, die Ihnen dabei helfen werden, die gesamte Geschichte zu verstehen. Der einst ber\u00fchmteste Bewohner der Stadt ist der Romanschreiber Thomas Hardy, der seine ber\u00fchmte Geschichte \u2018Der B\u00fcrgermeister von Casterbridge\u2019 in Dorchester platziert hat. Sein Zuhause, ein herrliches, reetgedecktes Cottage mit h\u00fcbschen G\u00e4rten geh\u00f6rt nun dem National Trust und ist der \u00d6ffentlichkeit zug\u00e4nglich.\",\"breadcrumb\":{\"@id\":\"https:\/\/www.urlaubcornwall.de\/blog\/dorchester-dorset-suedengland\/#breadcrumb\"},\"inLanguage\":\"en-US\",\"potentialAction\":[{\"@type\":\"ReadAction\",\"target\":[\"https:\/\/www.urlaubcornwall.de\/blog\/dorchester-dorset-suedengland\/\"]}]},{\"@type\":\"BreadcrumbList\",\"@id\":\"https:\/\/www.urlaubcornwall.de\/blog\/dorchester-dorset-suedengland\/#breadcrumb\",\"itemListElement\":[{\"@type\":\"ListItem\",\"position\":1,\"name\":\"Home\",\"item\":\"https:\/\/www.urlaubcornwall.de\/blog\/\"},{\"@type\":\"ListItem\",\"position\":2,\"name\":\"Dorchester \u2013 Urlaub in Dorset und S\u00fcdengland\"}]}]}<\/script>\n<!-- \/ Yoast SEO plugin. -->","yoast_head_json":{"title":"Dorchester \u2013 Urlaub in Dorset und S\u00fcdengland - Urlaub &amp; Reisen","description":"Dorsets Hauptstadt hat mehr als ein reiches Erbe. Auf einem Spaziergang durch das Stadtzentrum entdecken Sie romanische, mittelalterliche Geb\u00e4ude, sowie solche aus Tudor- und Georgianischen Zeiten, die sich alle umeinander dr\u00e4ngen. Dorchester hat zahlreiche Museen, die Ihnen dabei helfen werden, die gesamte Geschichte zu verstehen. Der einst ber\u00fchmteste Bewohner der Stadt ist der Romanschreiber Thomas Hardy, der seine ber\u00fchmte Geschichte \u2018Der B\u00fcrgermeister von Casterbridge\u2019 in Dorchester platziert hat. Sein Zuhause, ein herrliches, reetgedecktes Cottage mit h\u00fcbschen G\u00e4rten geh\u00f6rt nun dem National Trust und ist der \u00d6ffentlichkeit zug\u00e4nglich.","robots":{"index":"index","follow":"follow","max-snippet":"max-snippet:-1","max-image-preview":"max-image-preview:large","max-video-preview":"max-video-preview:-1"},"canonical":"https:\/\/www.urlaubcornwall.de\/blog\/dorchester-dorset-suedengland\/","og_locale":"en_US","og_type":"article","og_title":"Dorchester \u2013 Urlaub in Dorset und S\u00fcdengland - Urlaub &amp; Reisen","og_description":"Dorsets Hauptstadt hat mehr als ein reiches Erbe. Auf einem Spaziergang durch das Stadtzentrum entdecken Sie romanische, mittelalterliche Geb\u00e4ude, sowie solche aus Tudor- und Georgianischen Zeiten, die sich alle umeinander dr\u00e4ngen. Dorchester hat zahlreiche Museen, die Ihnen dabei helfen werden, die gesamte Geschichte zu verstehen. Der einst ber\u00fchmteste Bewohner der Stadt ist der Romanschreiber Thomas Hardy, der seine ber\u00fchmte Geschichte \u2018Der B\u00fcrgermeister von Casterbridge\u2019 in Dorchester platziert hat. Sein Zuhause, ein herrliches, reetgedecktes Cottage mit h\u00fcbschen G\u00e4rten geh\u00f6rt nun dem National Trust und ist der \u00d6ffentlichkeit zug\u00e4nglich.","og_url":"https:\/\/www.urlaubcornwall.de\/blog\/dorchester-dorset-suedengland\/","og_site_name":"Urlaub &amp; Reisen","article_modified_time":"2024-04-12T12:15:39+00:00","og_image":[{"url":"https:\/\/www.urlaubcornwall.de\/blog\/wp-content\/uploads\/2024\/03\/dorchester.jpg"}],"twitter_card":"summary","twitter_misc":{"Est. reading time":"1 minute"},"schema":{"@context":"https:\/\/schema.org","@graph":[{"@type":"WebSite","@id":"https:\/\/www.urlaubcornwall.de\/blog\/#website","url":"https:\/\/www.urlaubcornwall.de\/blog\/","name":"Urlaub &amp; Reisen","description":"Urlaub, Reisen, Cornwall und S\u00fcdengland: eine perfekte Kombination","potentialAction":[{"@type":"SearchAction","target":{"@type":"EntryPoint","urlTemplate":"https:\/\/www.urlaubcornwall.de\/blog\/?s={search_term_string}"},"query-input":"required name=search_term_string"}],"inLanguage":"en-US"},{"@type":"WebPage","@id":"https:\/\/www.urlaubcornwall.de\/blog\/dorchester-dorset-suedengland\/","url":"https:\/\/www.urlaubcornwall.de\/blog\/dorchester-dorset-suedengland\/","name":"Dorchester \u2013 Urlaub in Dorset und S\u00fcdengland - Urlaub &amp; Reisen","isPartOf":{"@id":"https:\/\/www.urlaubcornwall.de\/blog\/#website"},"datePublished":"2020-04-07T13:49:15+00:00","dateModified":"2024-04-12T12:15:39+00:00","description":"Dorsets Hauptstadt hat mehr als ein reiches Erbe. Auf einem Spaziergang durch das Stadtzentrum entdecken Sie romanische, mittelalterliche Geb\u00e4ude, sowie solche aus Tudor- und Georgianischen Zeiten, die sich alle umeinander dr\u00e4ngen. Dorchester hat zahlreiche Museen, die Ihnen dabei helfen werden, die gesamte Geschichte zu verstehen. Der einst ber\u00fchmteste Bewohner der Stadt ist der Romanschreiber Thomas Hardy, der seine ber\u00fchmte Geschichte \u2018Der B\u00fcrgermeister von Casterbridge\u2019 in Dorchester platziert hat. Sein Zuhause, ein herrliches, reetgedecktes Cottage mit h\u00fcbschen G\u00e4rten geh\u00f6rt nun dem National Trust und ist der \u00d6ffentlichkeit zug\u00e4nglich.","breadcrumb":{"@id":"https:\/\/www.urlaubcornwall.de\/blog\/dorchester-dorset-suedengland\/#breadcrumb"},"inLanguage":"en-US","potentialAction":[{"@type":"ReadAction","target":["https:\/\/www.urlaubcornwall.de\/blog\/dorchester-dorset-suedengland\/"]}]},{"@type":"BreadcrumbList","@id":"https:\/\/www.urlaubcornwall.de\/blog\/dorchester-dorset-suedengland\/#breadcrumb","itemListElement":[{"@type":"ListItem","position":1,"name":"Home","item":"https:\/\/www.urlaubcornwall.de\/blog\/"},{"@type":"ListItem","position":2,"name":"Dorchester \u2013 Urlaub in Dorset und S\u00fcdengland"}]}]}},"_links":{"self":[{"href":"https:\/\/www.urlaubcornwall.de\/blog\/wp-json\/wp\/v2\/pages\/39848"}],"collection":[{"href":"https:\/\/www.urlaubcornwall.de\/blog\/wp-json\/wp\/v2\/pages"}],"about":[{"href":"https:\/\/www.urlaubcornwall.de\/blog\/wp-json\/wp\/v2\/types\/page"}],"author":[{"embeddable":true,"href":"https:\/\/www.urlaubcornwall.de\/blog\/wp-json\/wp\/v2\/users\/1"}],"replies":[{"embeddable":true,"href":"https:\/\/www.urlaubcornwall.de\/blog\/wp-json\/wp\/v2\/comments?post=39848"}],"version-history":[{"count":2,"href":"https:\/\/www.urlaubcornwall.de\/blog\/wp-json\/wp\/v2\/pages\/39848\/revisions"}],"predecessor-version":[{"id":49311,"href":"https:\/\/www.urlaubcornwall.de\/blog\/wp-json\/wp\/v2\/pages\/39848\/revisions\/49311"}],"wp:attachment":[{"href":"https:\/\/www.urlaubcornwall.de\/blog\/wp-json\/wp\/v2\/media?parent=39848"}],"curies":[{"name":"wp","href":"https:\/\/api.w.org\/{rel}","templated":true}]}}