{"id":39846,"date":"2020-04-07T13:40:46","date_gmt":"2020-04-07T13:40:46","guid":{"rendered":"https:\/\/www.urlaubcornwall.de\/blog\/?page_id=39846"},"modified":"2024-04-15T11:06:13","modified_gmt":"2024-04-15T11:06:13","slug":"corfe-castle-urlaub-in-dorset-und-suedengland","status":"publish","type":"page","link":"https:\/\/www.urlaubcornwall.de\/blog\/corfe-castle-urlaub-in-dorset-und-suedengland\/","title":{"rendered":"Corfe Castle \u2013 Urlaub in Dorset und S\u00fcdengland"},"content":{"rendered":"<p><img loading=\"lazy\" class=\"aligncenter size-full wp-image-47968\" src=\"https:\/\/www.urlaubcornwall.de\/blog\/wp-content\/uploads\/2024\/03\/corfe-castle.jpg\" alt=\"corfe castle\" width=\"750\" height=\"719\" srcset=\"https:\/\/www.urlaubcornwall.de\/blog\/wp-content\/uploads\/2024\/03\/corfe-castle.jpg 750w, https:\/\/www.urlaubcornwall.de\/blog\/wp-content\/uploads\/2024\/03\/corfe-castle-300x288.jpg 300w\" sizes=\"(max-width: 750px) 100vw, 750px\" \/><\/p>\n<p>Das Dorf Corfe Castle ist Zuhause einiger der wichtigsten Ruinen des Landes und umgeben von der wundersch\u00f6nen Landschaft der <a href=\"https:\/\/www.urlaubcornwall.de\/ferienhaeuser-fewos\/eng\/dorset\/isle-of-purbeck.html\">Insel Purbeck<\/a>, einer Halbinsel, die sich \u00fcber einen weiten Teil <a href=\"https:\/\/www.urlaubcornwall.de\/reiseziel\/dorset.php\">Dorsets<\/a> hinweg zieht. Geschichtsfreunde werden das Schloss selbst faszinierend finden \u2013 eine \u00fcber 1000 Jahre alte dramatische Ruine auf der H\u00fcgelspitze. Corfe Castle hat jedoch noch viel mehr zu bieten; gute Einkaufsm\u00f6glichkeiten, einige gro\u00dfartige Speisem\u00f6glichkeiten, fantastische Wanderrouten in jede Richtung und sogar ein Modelldorf samt Rekonstruktion der Burg, so wie diese ausgesehen hat, bevor sie zerst\u00f6rt wurde.<\/p>\n<p style=\"text-align: center;\"><a class=\"tidycta\" href=\"https:\/\/www.urlaubcornwall.de\/ferienhaeuser-fewos\/eng\/dorset\/corfe-castle.html\">Ferienh\u00e4user in Corfe Castle<\/a><\/p>\n<p>Bei uns finden Sie Ferienh\u00e4user zum Verlieben &#8211; so einfach ist das! W\u00e4hlen Sie aus \u00fcber 1000 pers\u00f6nlich inspizierten Ferienh\u00e4usern, Cottages &#038; Ferienwohnungen in <a href=\"https:\/\/www.urlaubcornwall.de\/ferienhaeuser\/suedengland.php\">Dorset und S\u00fcdengland<\/a>.<\/p>\n","protected":false},"excerpt":{"rendered":"<p>Das Dorf Corfe Castle ist Zuhause einiger der wichtigsten Ruinen des Landes und umgeben von der wundersch\u00f6nen Landschaft der Insel Purbeck, einer Halbinsel, die sich \u00fcber einen weiten Teil Dorsets hinweg zieht. Geschichtsfreunde werden das Schloss selbst faszinierend finden \u2013 eine \u00fcber 1000 Jahre alte dramatische Ruine auf der H\u00fcgelspitze. Corfe Castle hat jedoch noch [&hellip;]<\/p>\n","protected":false},"author":1,"featured_media":0,"parent":0,"menu_order":0,"comment_status":"closed","ping_status":"closed","template":"single-four.php","meta":[],"acf":[],"yoast_head":"<!-- This site is optimized with the Yoast SEO plugin v19.4 - https:\/\/yoast.com\/wordpress\/plugins\/seo\/ -->\n<title>Corfe Castle \u2013 Urlaub in Dorset und S\u00fcdengland - Urlaub &amp; Reisen<\/title>\n<meta name=\"description\" content=\"Das Dorf Corfe Castle ist Zuhause einiger der wichtigsten Ruinen des Landes und umgeben von der wundersch\u00f6nen Landschaft der Insel Purbeck, einer Halbinsel, die sich \u00fcber einen weiten Teil Dorsets hinweg zieht. Geschichtsfreunde werden das Schloss selbst faszinierend finden \u2013 eine \u00fcber 1000 Jahre alte dramatische Ruine auf der H\u00fcgelspitze. Corfe Castle hat jedoch noch viel mehr zu bieten; gute Einkaufsm\u00f6glichkeiten, einige gro\u00dfartige Speisem\u00f6glichkeiten, fantastische Wanderrouten in jede Richtung und sogar ein Modelldorf samt Rekonstruktion der Burg, so wie diese ausgesehen hat, bevor sie zerst\u00f6rt wurde.\" \/>\n<meta name=\"robots\" content=\"index, follow, max-snippet:-1, max-image-preview:large, max-video-preview:-1\" \/>\n<link rel=\"canonical\" href=\"https:\/\/www.urlaubcornwall.de\/blog\/corfe-castle-urlaub-in-dorset-und-suedengland\/\" \/>\n<meta property=\"og:locale\" content=\"en_US\" \/>\n<meta property=\"og:type\" content=\"article\" \/>\n<meta property=\"og:title\" content=\"Corfe Castle \u2013 Urlaub in Dorset und S\u00fcdengland - Urlaub &amp; Reisen\" \/>\n<meta property=\"og:description\" content=\"Das Dorf Corfe Castle ist Zuhause einiger der wichtigsten Ruinen des Landes und umgeben von der wundersch\u00f6nen Landschaft der Insel Purbeck, einer Halbinsel, die sich \u00fcber einen weiten Teil Dorsets hinweg zieht. Geschichtsfreunde werden das Schloss selbst faszinierend finden \u2013 eine \u00fcber 1000 Jahre alte dramatische Ruine auf der H\u00fcgelspitze. Corfe Castle hat jedoch noch viel mehr zu bieten; gute Einkaufsm\u00f6glichkeiten, einige gro\u00dfartige Speisem\u00f6glichkeiten, fantastische Wanderrouten in jede Richtung und sogar ein Modelldorf samt Rekonstruktion der Burg, so wie diese ausgesehen hat, bevor sie zerst\u00f6rt wurde.\" \/>\n<meta property=\"og:url\" content=\"https:\/\/www.urlaubcornwall.de\/blog\/corfe-castle-urlaub-in-dorset-und-suedengland\/\" \/>\n<meta property=\"og:site_name\" content=\"Urlaub &amp; Reisen\" \/>\n<meta property=\"article:modified_time\" content=\"2024-04-15T11:06:13+00:00\" \/>\n<meta property=\"og:image\" content=\"https:\/\/www.urlaubcornwall.de\/blog\/wp-content\/uploads\/2024\/03\/corfe-castle.jpg\" \/>\n<meta name=\"twitter:card\" content=\"summary\" \/>\n<meta name=\"twitter:label1\" content=\"Est. reading time\" \/>\n\t<meta name=\"twitter:data1\" content=\"1 minute\" \/>\n<script type=\"application\/ld+json\" class=\"yoast-schema-graph\">{\"@context\":\"https:\/\/schema.org\",\"@graph\":[{\"@type\":\"WebSite\",\"@id\":\"https:\/\/www.urlaubcornwall.de\/blog\/#website\",\"url\":\"https:\/\/www.urlaubcornwall.de\/blog\/\",\"name\":\"Urlaub &amp; Reisen\",\"description\":\"Urlaub, Reisen, Cornwall und S\u00fcdengland: eine perfekte Kombination\",\"potentialAction\":[{\"@type\":\"SearchAction\",\"target\":{\"@type\":\"EntryPoint\",\"urlTemplate\":\"https:\/\/www.urlaubcornwall.de\/blog\/?s={search_term_string}\"},\"query-input\":\"required name=search_term_string\"}],\"inLanguage\":\"en-US\"},{\"@type\":\"WebPage\",\"@id\":\"https:\/\/www.urlaubcornwall.de\/blog\/corfe-castle-urlaub-in-dorset-und-suedengland\/\",\"url\":\"https:\/\/www.urlaubcornwall.de\/blog\/corfe-castle-urlaub-in-dorset-und-suedengland\/\",\"name\":\"Corfe Castle \u2013 Urlaub in Dorset und S\u00fcdengland - Urlaub &amp; Reisen\",\"isPartOf\":{\"@id\":\"https:\/\/www.urlaubcornwall.de\/blog\/#website\"},\"datePublished\":\"2020-04-07T13:40:46+00:00\",\"dateModified\":\"2024-04-15T11:06:13+00:00\",\"description\":\"Das Dorf Corfe Castle ist Zuhause einiger der wichtigsten Ruinen des Landes und umgeben von der wundersch\u00f6nen Landschaft der Insel Purbeck, einer Halbinsel, die sich \u00fcber einen weiten Teil Dorsets hinweg zieht. Geschichtsfreunde werden das Schloss selbst faszinierend finden \u2013 eine \u00fcber 1000 Jahre alte dramatische Ruine auf der H\u00fcgelspitze. Corfe Castle hat jedoch noch viel mehr zu bieten; gute Einkaufsm\u00f6glichkeiten, einige gro\u00dfartige Speisem\u00f6glichkeiten, fantastische Wanderrouten in jede Richtung und sogar ein Modelldorf samt Rekonstruktion der Burg, so wie diese ausgesehen hat, bevor sie zerst\u00f6rt wurde.\",\"breadcrumb\":{\"@id\":\"https:\/\/www.urlaubcornwall.de\/blog\/corfe-castle-urlaub-in-dorset-und-suedengland\/#breadcrumb\"},\"inLanguage\":\"en-US\",\"potentialAction\":[{\"@type\":\"ReadAction\",\"target\":[\"https:\/\/www.urlaubcornwall.de\/blog\/corfe-castle-urlaub-in-dorset-und-suedengland\/\"]}]},{\"@type\":\"BreadcrumbList\",\"@id\":\"https:\/\/www.urlaubcornwall.de\/blog\/corfe-castle-urlaub-in-dorset-und-suedengland\/#breadcrumb\",\"itemListElement\":[{\"@type\":\"ListItem\",\"position\":1,\"name\":\"Home\",\"item\":\"https:\/\/www.urlaubcornwall.de\/blog\/\"},{\"@type\":\"ListItem\",\"position\":2,\"name\":\"Corfe Castle \u2013 Urlaub in Dorset und S\u00fcdengland\"}]}]}<\/script>\n<!-- \/ Yoast SEO plugin. -->","yoast_head_json":{"title":"Corfe Castle \u2013 Urlaub in Dorset und S\u00fcdengland - Urlaub &amp; Reisen","description":"Das Dorf Corfe Castle ist Zuhause einiger der wichtigsten Ruinen des Landes und umgeben von der wundersch\u00f6nen Landschaft der Insel Purbeck, einer Halbinsel, die sich \u00fcber einen weiten Teil Dorsets hinweg zieht. Geschichtsfreunde werden das Schloss selbst faszinierend finden \u2013 eine \u00fcber 1000 Jahre alte dramatische Ruine auf der H\u00fcgelspitze. Corfe Castle hat jedoch noch viel mehr zu bieten; gute Einkaufsm\u00f6glichkeiten, einige gro\u00dfartige Speisem\u00f6glichkeiten, fantastische Wanderrouten in jede Richtung und sogar ein Modelldorf samt Rekonstruktion der Burg, so wie diese ausgesehen hat, bevor sie zerst\u00f6rt wurde.","robots":{"index":"index","follow":"follow","max-snippet":"max-snippet:-1","max-image-preview":"max-image-preview:large","max-video-preview":"max-video-preview:-1"},"canonical":"https:\/\/www.urlaubcornwall.de\/blog\/corfe-castle-urlaub-in-dorset-und-suedengland\/","og_locale":"en_US","og_type":"article","og_title":"Corfe Castle \u2013 Urlaub in Dorset und S\u00fcdengland - Urlaub &amp; Reisen","og_description":"Das Dorf Corfe Castle ist Zuhause einiger der wichtigsten Ruinen des Landes und umgeben von der wundersch\u00f6nen Landschaft der Insel Purbeck, einer Halbinsel, die sich \u00fcber einen weiten Teil Dorsets hinweg zieht. Geschichtsfreunde werden das Schloss selbst faszinierend finden \u2013 eine \u00fcber 1000 Jahre alte dramatische Ruine auf der H\u00fcgelspitze. Corfe Castle hat jedoch noch viel mehr zu bieten; gute Einkaufsm\u00f6glichkeiten, einige gro\u00dfartige Speisem\u00f6glichkeiten, fantastische Wanderrouten in jede Richtung und sogar ein Modelldorf samt Rekonstruktion der Burg, so wie diese ausgesehen hat, bevor sie zerst\u00f6rt wurde.","og_url":"https:\/\/www.urlaubcornwall.de\/blog\/corfe-castle-urlaub-in-dorset-und-suedengland\/","og_site_name":"Urlaub &amp; Reisen","article_modified_time":"2024-04-15T11:06:13+00:00","og_image":[{"url":"https:\/\/www.urlaubcornwall.de\/blog\/wp-content\/uploads\/2024\/03\/corfe-castle.jpg"}],"twitter_card":"summary","twitter_misc":{"Est. reading time":"1 minute"},"schema":{"@context":"https:\/\/schema.org","@graph":[{"@type":"WebSite","@id":"https:\/\/www.urlaubcornwall.de\/blog\/#website","url":"https:\/\/www.urlaubcornwall.de\/blog\/","name":"Urlaub &amp; Reisen","description":"Urlaub, Reisen, Cornwall und S\u00fcdengland: eine perfekte Kombination","potentialAction":[{"@type":"SearchAction","target":{"@type":"EntryPoint","urlTemplate":"https:\/\/www.urlaubcornwall.de\/blog\/?s={search_term_string}"},"query-input":"required name=search_term_string"}],"inLanguage":"en-US"},{"@type":"WebPage","@id":"https:\/\/www.urlaubcornwall.de\/blog\/corfe-castle-urlaub-in-dorset-und-suedengland\/","url":"https:\/\/www.urlaubcornwall.de\/blog\/corfe-castle-urlaub-in-dorset-und-suedengland\/","name":"Corfe Castle \u2013 Urlaub in Dorset und S\u00fcdengland - Urlaub &amp; Reisen","isPartOf":{"@id":"https:\/\/www.urlaubcornwall.de\/blog\/#website"},"datePublished":"2020-04-07T13:40:46+00:00","dateModified":"2024-04-15T11:06:13+00:00","description":"Das Dorf Corfe Castle ist Zuhause einiger der wichtigsten Ruinen des Landes und umgeben von der wundersch\u00f6nen Landschaft der Insel Purbeck, einer Halbinsel, die sich \u00fcber einen weiten Teil Dorsets hinweg zieht. Geschichtsfreunde werden das Schloss selbst faszinierend finden \u2013 eine \u00fcber 1000 Jahre alte dramatische Ruine auf der H\u00fcgelspitze. Corfe Castle hat jedoch noch viel mehr zu bieten; gute Einkaufsm\u00f6glichkeiten, einige gro\u00dfartige Speisem\u00f6glichkeiten, fantastische Wanderrouten in jede Richtung und sogar ein Modelldorf samt Rekonstruktion der Burg, so wie diese ausgesehen hat, bevor sie zerst\u00f6rt wurde.","breadcrumb":{"@id":"https:\/\/www.urlaubcornwall.de\/blog\/corfe-castle-urlaub-in-dorset-und-suedengland\/#breadcrumb"},"inLanguage":"en-US","potentialAction":[{"@type":"ReadAction","target":["https:\/\/www.urlaubcornwall.de\/blog\/corfe-castle-urlaub-in-dorset-und-suedengland\/"]}]},{"@type":"BreadcrumbList","@id":"https:\/\/www.urlaubcornwall.de\/blog\/corfe-castle-urlaub-in-dorset-und-suedengland\/#breadcrumb","itemListElement":[{"@type":"ListItem","position":1,"name":"Home","item":"https:\/\/www.urlaubcornwall.de\/blog\/"},{"@type":"ListItem","position":2,"name":"Corfe Castle \u2013 Urlaub in Dorset und S\u00fcdengland"}]}]}},"_links":{"self":[{"href":"https:\/\/www.urlaubcornwall.de\/blog\/wp-json\/wp\/v2\/pages\/39846"}],"collection":[{"href":"https:\/\/www.urlaubcornwall.de\/blog\/wp-json\/wp\/v2\/pages"}],"about":[{"href":"https:\/\/www.urlaubcornwall.de\/blog\/wp-json\/wp\/v2\/types\/page"}],"author":[{"embeddable":true,"href":"https:\/\/www.urlaubcornwall.de\/blog\/wp-json\/wp\/v2\/users\/1"}],"replies":[{"embeddable":true,"href":"https:\/\/www.urlaubcornwall.de\/blog\/wp-json\/wp\/v2\/comments?post=39846"}],"version-history":[{"count":2,"href":"https:\/\/www.urlaubcornwall.de\/blog\/wp-json\/wp\/v2\/pages\/39846\/revisions"}],"predecessor-version":[{"id":49445,"href":"https:\/\/www.urlaubcornwall.de\/blog\/wp-json\/wp\/v2\/pages\/39846\/revisions\/49445"}],"wp:attachment":[{"href":"https:\/\/www.urlaubcornwall.de\/blog\/wp-json\/wp\/v2\/media?parent=39846"}],"curies":[{"name":"wp","href":"https:\/\/api.w.org\/{rel}","templated":true}]}}