{"id":39844,"date":"2020-04-07T13:35:26","date_gmt":"2020-04-07T13:35:26","guid":{"rendered":"https:\/\/www.urlaubcornwall.de\/blog\/?page_id=39844"},"modified":"2021-10-07T08:09:37","modified_gmt":"2021-10-07T08:09:37","slug":"charmouth-urlaub-in-dorset-und-suedengland","status":"publish","type":"page","link":"https:\/\/www.urlaubcornwall.de\/blog\/charmouth-urlaub-in-dorset-und-suedengland\/","title":{"rendered":"Charmouth \u2013 Urlaub in Dorset und S\u00fcdengland"},"content":{"rendered":"<p><img loading=\"lazy\" class=\"aligncenter size-full wp-image-19449\" src=\"https:\/\/www.urlaubcornwall.de\/blog\/wp-content\/uploads\/2015\/08\/jurrasic-kueste.jpg\" alt=\"jurassic kueste\" width=\"748\" height=\"431\"\/><\/p>\n<p>Als eines der vielen Tore zur <a href=\"https:\/\/www.urlaubcornwall.de\/reiseziel\/dorset.php\">Jurak\u00fcste<\/a> ist Charmouth ein gesch\u00e4ftiges K\u00fcstendorf an der Weltkulturerbek\u00fcste und einer der beliebtesten Orte, um nach Fossilien zu graben. Obwohl es ein beliebter Touristenort ist, hat sich Charmouth seinen freundlichen Dorfcharakter bewahrt und ist ein idealer Ort f\u00fcr einen traditionellen Familienurlaub.<\/p>\n<p style=\"text-align: center;\"><a class=\"tidycta\" href=\"https:\/\/www.urlaubcornwall.de\/ferienhaeuser-fewos\/eng\/dorset\/charmouth.html\">Ferienh\u00e4user in Charmouth<\/a><\/p>\n<p>Bei uns finden Sie Ferienh\u00e4user zum Verlieben &#8211; so einfach ist das! W\u00e4hlen Sie aus \u00fcber 1000 pers\u00f6nlich inspizierten Ferienh\u00e4usern, Cottages &#038; Ferienwohnungen in <a href=\"https:\/\/www.urlaubcornwall.de\/ferienhaeuser\/suedengland.php\">Dorset und S\u00fcdengland<\/a>.<\/p>\n","protected":false},"excerpt":{"rendered":"<p>Als eines der vielen Tore zur Jurak\u00fcste ist Charmouth ein gesch\u00e4ftiges K\u00fcstendorf an der Weltkulturerbek\u00fcste und einer der beliebtesten Orte, um nach Fossilien zu graben. Obwohl es ein beliebter Touristenort ist, hat sich Charmouth seinen freundlichen Dorfcharakter bewahrt und ist ein idealer Ort f\u00fcr einen traditionellen Familienurlaub. Ferienh\u00e4user in Charmouth Bei uns finden Sie Ferienh\u00e4user [&hellip;]<\/p>\n","protected":false},"author":1,"featured_media":0,"parent":0,"menu_order":0,"comment_status":"closed","ping_status":"closed","template":"single-four.php","meta":[],"acf":[],"yoast_head":"<!-- This site is optimized with the Yoast SEO plugin v19.4 - https:\/\/yoast.com\/wordpress\/plugins\/seo\/ -->\n<title>Charmouth \u2013 Urlaub in Dorset und S\u00fcdengland - Urlaub &amp; Reisen<\/title>\n<meta name=\"description\" content=\"Als eines der vielen Tore zur Jurak\u00fcste ist Charmouth ein gesch\u00e4ftiges K\u00fcstendorf an der Weltkulturerbek\u00fcste und einer der beliebtesten Orte, um nach Fossilien zu graben. Obwohl es ein beliebter Touristenort ist, hat sich Charmouth seinen freundlichen Dorfcharakter bewahrt und ist ein idealer Ort f\u00fcr einen traditionellen Familienurlaub.\" \/>\n<meta name=\"robots\" content=\"index, follow, max-snippet:-1, max-image-preview:large, max-video-preview:-1\" \/>\n<link rel=\"canonical\" href=\"https:\/\/www.urlaubcornwall.de\/blog\/charmouth-urlaub-in-dorset-und-suedengland\/\" \/>\n<meta property=\"og:locale\" content=\"en_US\" \/>\n<meta property=\"og:type\" content=\"article\" \/>\n<meta property=\"og:title\" content=\"Charmouth \u2013 Urlaub in Dorset und S\u00fcdengland - Urlaub &amp; Reisen\" \/>\n<meta property=\"og:description\" content=\"Als eines der vielen Tore zur Jurak\u00fcste ist Charmouth ein gesch\u00e4ftiges K\u00fcstendorf an der Weltkulturerbek\u00fcste und einer der beliebtesten Orte, um nach Fossilien zu graben. Obwohl es ein beliebter Touristenort ist, hat sich Charmouth seinen freundlichen Dorfcharakter bewahrt und ist ein idealer Ort f\u00fcr einen traditionellen Familienurlaub.\" \/>\n<meta property=\"og:url\" content=\"https:\/\/www.urlaubcornwall.de\/blog\/charmouth-urlaub-in-dorset-und-suedengland\/\" \/>\n<meta property=\"og:site_name\" content=\"Urlaub &amp; Reisen\" \/>\n<meta property=\"article:modified_time\" content=\"2021-10-07T08:09:37+00:00\" \/>\n<meta property=\"og:image\" content=\"https:\/\/www.urlaubcornwall.de\/blog\/wp-content\/uploads\/2015\/08\/jurrasic-kueste.jpg\" \/>\n<meta name=\"twitter:card\" content=\"summary\" \/>\n<script type=\"application\/ld+json\" class=\"yoast-schema-graph\">{\"@context\":\"https:\/\/schema.org\",\"@graph\":[{\"@type\":\"WebSite\",\"@id\":\"https:\/\/www.urlaubcornwall.de\/blog\/#website\",\"url\":\"https:\/\/www.urlaubcornwall.de\/blog\/\",\"name\":\"Urlaub &amp; Reisen\",\"description\":\"Urlaub, Reisen, Cornwall und S\u00fcdengland: eine perfekte Kombination\",\"potentialAction\":[{\"@type\":\"SearchAction\",\"target\":{\"@type\":\"EntryPoint\",\"urlTemplate\":\"https:\/\/www.urlaubcornwall.de\/blog\/?s={search_term_string}\"},\"query-input\":\"required name=search_term_string\"}],\"inLanguage\":\"en-US\"},{\"@type\":\"WebPage\",\"@id\":\"https:\/\/www.urlaubcornwall.de\/blog\/charmouth-urlaub-in-dorset-und-suedengland\/\",\"url\":\"https:\/\/www.urlaubcornwall.de\/blog\/charmouth-urlaub-in-dorset-und-suedengland\/\",\"name\":\"Charmouth \u2013 Urlaub in Dorset und S\u00fcdengland - Urlaub &amp; Reisen\",\"isPartOf\":{\"@id\":\"https:\/\/www.urlaubcornwall.de\/blog\/#website\"},\"datePublished\":\"2020-04-07T13:35:26+00:00\",\"dateModified\":\"2021-10-07T08:09:37+00:00\",\"description\":\"Als eines der vielen Tore zur Jurak\u00fcste ist Charmouth ein gesch\u00e4ftiges K\u00fcstendorf an der Weltkulturerbek\u00fcste und einer der beliebtesten Orte, um nach Fossilien zu graben. Obwohl es ein beliebter Touristenort ist, hat sich Charmouth seinen freundlichen Dorfcharakter bewahrt und ist ein idealer Ort f\u00fcr einen traditionellen Familienurlaub.\",\"breadcrumb\":{\"@id\":\"https:\/\/www.urlaubcornwall.de\/blog\/charmouth-urlaub-in-dorset-und-suedengland\/#breadcrumb\"},\"inLanguage\":\"en-US\",\"potentialAction\":[{\"@type\":\"ReadAction\",\"target\":[\"https:\/\/www.urlaubcornwall.de\/blog\/charmouth-urlaub-in-dorset-und-suedengland\/\"]}]},{\"@type\":\"BreadcrumbList\",\"@id\":\"https:\/\/www.urlaubcornwall.de\/blog\/charmouth-urlaub-in-dorset-und-suedengland\/#breadcrumb\",\"itemListElement\":[{\"@type\":\"ListItem\",\"position\":1,\"name\":\"Home\",\"item\":\"https:\/\/www.urlaubcornwall.de\/blog\/\"},{\"@type\":\"ListItem\",\"position\":2,\"name\":\"Charmouth \u2013 Urlaub in Dorset und S\u00fcdengland\"}]}]}<\/script>\n<!-- \/ Yoast SEO plugin. -->","yoast_head_json":{"title":"Charmouth \u2013 Urlaub in Dorset und S\u00fcdengland - Urlaub &amp; Reisen","description":"Als eines der vielen Tore zur Jurak\u00fcste ist Charmouth ein gesch\u00e4ftiges K\u00fcstendorf an der Weltkulturerbek\u00fcste und einer der beliebtesten Orte, um nach Fossilien zu graben. Obwohl es ein beliebter Touristenort ist, hat sich Charmouth seinen freundlichen Dorfcharakter bewahrt und ist ein idealer Ort f\u00fcr einen traditionellen Familienurlaub.","robots":{"index":"index","follow":"follow","max-snippet":"max-snippet:-1","max-image-preview":"max-image-preview:large","max-video-preview":"max-video-preview:-1"},"canonical":"https:\/\/www.urlaubcornwall.de\/blog\/charmouth-urlaub-in-dorset-und-suedengland\/","og_locale":"en_US","og_type":"article","og_title":"Charmouth \u2013 Urlaub in Dorset und S\u00fcdengland - Urlaub &amp; Reisen","og_description":"Als eines der vielen Tore zur Jurak\u00fcste ist Charmouth ein gesch\u00e4ftiges K\u00fcstendorf an der Weltkulturerbek\u00fcste und einer der beliebtesten Orte, um nach Fossilien zu graben. Obwohl es ein beliebter Touristenort ist, hat sich Charmouth seinen freundlichen Dorfcharakter bewahrt und ist ein idealer Ort f\u00fcr einen traditionellen Familienurlaub.","og_url":"https:\/\/www.urlaubcornwall.de\/blog\/charmouth-urlaub-in-dorset-und-suedengland\/","og_site_name":"Urlaub &amp; Reisen","article_modified_time":"2021-10-07T08:09:37+00:00","og_image":[{"url":"https:\/\/www.urlaubcornwall.de\/blog\/wp-content\/uploads\/2015\/08\/jurrasic-kueste.jpg"}],"twitter_card":"summary","schema":{"@context":"https:\/\/schema.org","@graph":[{"@type":"WebSite","@id":"https:\/\/www.urlaubcornwall.de\/blog\/#website","url":"https:\/\/www.urlaubcornwall.de\/blog\/","name":"Urlaub &amp; Reisen","description":"Urlaub, Reisen, Cornwall und S\u00fcdengland: eine perfekte Kombination","potentialAction":[{"@type":"SearchAction","target":{"@type":"EntryPoint","urlTemplate":"https:\/\/www.urlaubcornwall.de\/blog\/?s={search_term_string}"},"query-input":"required name=search_term_string"}],"inLanguage":"en-US"},{"@type":"WebPage","@id":"https:\/\/www.urlaubcornwall.de\/blog\/charmouth-urlaub-in-dorset-und-suedengland\/","url":"https:\/\/www.urlaubcornwall.de\/blog\/charmouth-urlaub-in-dorset-und-suedengland\/","name":"Charmouth \u2013 Urlaub in Dorset und S\u00fcdengland - Urlaub &amp; Reisen","isPartOf":{"@id":"https:\/\/www.urlaubcornwall.de\/blog\/#website"},"datePublished":"2020-04-07T13:35:26+00:00","dateModified":"2021-10-07T08:09:37+00:00","description":"Als eines der vielen Tore zur Jurak\u00fcste ist Charmouth ein gesch\u00e4ftiges K\u00fcstendorf an der Weltkulturerbek\u00fcste und einer der beliebtesten Orte, um nach Fossilien zu graben. Obwohl es ein beliebter Touristenort ist, hat sich Charmouth seinen freundlichen Dorfcharakter bewahrt und ist ein idealer Ort f\u00fcr einen traditionellen Familienurlaub.","breadcrumb":{"@id":"https:\/\/www.urlaubcornwall.de\/blog\/charmouth-urlaub-in-dorset-und-suedengland\/#breadcrumb"},"inLanguage":"en-US","potentialAction":[{"@type":"ReadAction","target":["https:\/\/www.urlaubcornwall.de\/blog\/charmouth-urlaub-in-dorset-und-suedengland\/"]}]},{"@type":"BreadcrumbList","@id":"https:\/\/www.urlaubcornwall.de\/blog\/charmouth-urlaub-in-dorset-und-suedengland\/#breadcrumb","itemListElement":[{"@type":"ListItem","position":1,"name":"Home","item":"https:\/\/www.urlaubcornwall.de\/blog\/"},{"@type":"ListItem","position":2,"name":"Charmouth \u2013 Urlaub in Dorset und S\u00fcdengland"}]}]}},"_links":{"self":[{"href":"https:\/\/www.urlaubcornwall.de\/blog\/wp-json\/wp\/v2\/pages\/39844"}],"collection":[{"href":"https:\/\/www.urlaubcornwall.de\/blog\/wp-json\/wp\/v2\/pages"}],"about":[{"href":"https:\/\/www.urlaubcornwall.de\/blog\/wp-json\/wp\/v2\/types\/page"}],"author":[{"embeddable":true,"href":"https:\/\/www.urlaubcornwall.de\/blog\/wp-json\/wp\/v2\/users\/1"}],"replies":[{"embeddable":true,"href":"https:\/\/www.urlaubcornwall.de\/blog\/wp-json\/wp\/v2\/comments?post=39844"}],"version-history":[{"count":2,"href":"https:\/\/www.urlaubcornwall.de\/blog\/wp-json\/wp\/v2\/pages\/39844\/revisions"}],"predecessor-version":[{"id":43309,"href":"https:\/\/www.urlaubcornwall.de\/blog\/wp-json\/wp\/v2\/pages\/39844\/revisions\/43309"}],"wp:attachment":[{"href":"https:\/\/www.urlaubcornwall.de\/blog\/wp-json\/wp\/v2\/media?parent=39844"}],"curies":[{"name":"wp","href":"https:\/\/api.w.org\/{rel}","templated":true}]}}