{"id":39832,"date":"2020-04-07T12:59:34","date_gmt":"2020-04-07T12:59:34","guid":{"rendered":"https:\/\/www.urlaubcornwall.de\/blog\/?page_id=39832"},"modified":"2020-04-07T13:08:47","modified_gmt":"2020-04-07T13:08:47","slug":"bere-regis-urlaub-in-dorset-und-suedengland","status":"publish","type":"page","link":"https:\/\/www.urlaubcornwall.de\/blog\/bere-regis-urlaub-in-dorset-und-suedengland\/","title":{"rendered":"Bere Regis \u2013 Urlaub in Dorset und S\u00fcdengland"},"content":{"rendered":"<p><img loading=\"lazy\" class=\"aligncenter size-full wp-image-19449\" src=\"https:\/\/www.urlaubcornwall.de\/blog\/wp-content\/uploads\/2015\/08\/jurrasic-kueste.jpg\" alt=\"jurassic kueste\" width=\"748\" height=\"431\"\/><\/p>\n<p>Falls Sie Ruhe und Frieden suchen, machen Sie sich auf nach Bere Regis. Es liegt versteckt in einem Waldgebiet zwischen altem Heideland und traditionellen Wasserkressebetten. Bere Regis wurde ber\u00fchmt durch Thomas Hardy und seiner klassischen Erz\u00e4hlung \u2018Tess of the d\u2019Urbervilles\u2019.<\/p>\n<p style=\"text-align: center;\"><a class=\"tidycta\" href=\"https:\/\/www.urlaubcornwall.de\/ferienhaeuser-fewos\/eng\/dorset\/bere-regis.html\">Ferienh\u00e4user in Bere Regis<\/a><\/p>\n<p>Bei uns finden Sie Ferienh\u00e4user zum Verlieben &#8211; so einfach ist das! W\u00e4hlen Sie aus \u00fcber 1000 pers\u00f6nlich inspizierten Ferienh\u00e4usern, Cottages &#038; Ferienwohnungen in <a href=\"https:\/\/www.urlaubcornwall.de\/ferienhaeuser\/suedengland.php\">Dorset und S\u00fcdengland<\/a>.<\/p>\n","protected":false},"excerpt":{"rendered":"<p>Falls Sie Ruhe und Frieden suchen, machen Sie sich auf nach Bere Regis. Es liegt versteckt in einem Waldgebiet zwischen altem Heideland und traditionellen Wasserkressebetten. Bere Regis wurde ber\u00fchmt durch Thomas Hardy und seiner klassischen Erz\u00e4hlung \u2018Tess of the d\u2019Urbervilles\u2019. Ferienh\u00e4user in Bere Regis Bei uns finden Sie Ferienh\u00e4user zum Verlieben &#8211; so einfach ist [&hellip;]<\/p>\n","protected":false},"author":1,"featured_media":0,"parent":0,"menu_order":0,"comment_status":"closed","ping_status":"closed","template":"single-four.php","meta":[],"acf":[],"yoast_head":"<!-- This site is optimized with the Yoast SEO plugin v19.4 - https:\/\/yoast.com\/wordpress\/plugins\/seo\/ -->\n<title>Bere Regis \u2013 Urlaub in Dorset und S\u00fcdengland - Urlaub &amp; Reisen<\/title>\n<meta name=\"description\" content=\"Falls Sie Ruhe und Frieden suchen, machen Sie sich auf nach Bere Regis. Es liegt versteckt in einem Waldgebiet zwischen altem Heideland und traditionellen Wasserkressebetten. Bere Regis wurde ber\u00fchmt durch Thomas Hardy und seiner klassischen Erz\u00e4hlung \u2018Tess of the d\u2019Urbervilles\u2019.\" \/>\n<meta name=\"robots\" content=\"index, follow, max-snippet:-1, max-image-preview:large, max-video-preview:-1\" \/>\n<link rel=\"canonical\" href=\"https:\/\/www.urlaubcornwall.de\/blog\/bere-regis-urlaub-in-dorset-und-suedengland\/\" \/>\n<meta property=\"og:locale\" content=\"en_US\" \/>\n<meta property=\"og:type\" content=\"article\" \/>\n<meta property=\"og:title\" content=\"Bere Regis \u2013 Urlaub in Dorset und S\u00fcdengland - Urlaub &amp; Reisen\" \/>\n<meta property=\"og:description\" content=\"Falls Sie Ruhe und Frieden suchen, machen Sie sich auf nach Bere Regis. Es liegt versteckt in einem Waldgebiet zwischen altem Heideland und traditionellen Wasserkressebetten. Bere Regis wurde ber\u00fchmt durch Thomas Hardy und seiner klassischen Erz\u00e4hlung \u2018Tess of the d\u2019Urbervilles\u2019.\" \/>\n<meta property=\"og:url\" content=\"https:\/\/www.urlaubcornwall.de\/blog\/bere-regis-urlaub-in-dorset-und-suedengland\/\" \/>\n<meta property=\"og:site_name\" content=\"Urlaub &amp; Reisen\" \/>\n<meta property=\"article:modified_time\" content=\"2020-04-07T13:08:47+00:00\" \/>\n<meta property=\"og:image\" content=\"https:\/\/www.urlaubcornwall.de\/blog\/wp-content\/uploads\/2015\/08\/jurrasic-kueste.jpg\" \/>\n<meta name=\"twitter:card\" content=\"summary\" \/>\n<script type=\"application\/ld+json\" class=\"yoast-schema-graph\">{\"@context\":\"https:\/\/schema.org\",\"@graph\":[{\"@type\":\"WebSite\",\"@id\":\"https:\/\/www.urlaubcornwall.de\/blog\/#website\",\"url\":\"https:\/\/www.urlaubcornwall.de\/blog\/\",\"name\":\"Urlaub &amp; Reisen\",\"description\":\"Urlaub, Reisen, Cornwall und S\u00fcdengland: eine perfekte Kombination\",\"potentialAction\":[{\"@type\":\"SearchAction\",\"target\":{\"@type\":\"EntryPoint\",\"urlTemplate\":\"https:\/\/www.urlaubcornwall.de\/blog\/?s={search_term_string}\"},\"query-input\":\"required name=search_term_string\"}],\"inLanguage\":\"en-US\"},{\"@type\":\"WebPage\",\"@id\":\"https:\/\/www.urlaubcornwall.de\/blog\/bere-regis-urlaub-in-dorset-und-suedengland\/\",\"url\":\"https:\/\/www.urlaubcornwall.de\/blog\/bere-regis-urlaub-in-dorset-und-suedengland\/\",\"name\":\"Bere Regis \u2013 Urlaub in Dorset und S\u00fcdengland - Urlaub &amp; Reisen\",\"isPartOf\":{\"@id\":\"https:\/\/www.urlaubcornwall.de\/blog\/#website\"},\"datePublished\":\"2020-04-07T12:59:34+00:00\",\"dateModified\":\"2020-04-07T13:08:47+00:00\",\"description\":\"Falls Sie Ruhe und Frieden suchen, machen Sie sich auf nach Bere Regis. Es liegt versteckt in einem Waldgebiet zwischen altem Heideland und traditionellen Wasserkressebetten. Bere Regis wurde ber\u00fchmt durch Thomas Hardy und seiner klassischen Erz\u00e4hlung \u2018Tess of the d\u2019Urbervilles\u2019.\",\"breadcrumb\":{\"@id\":\"https:\/\/www.urlaubcornwall.de\/blog\/bere-regis-urlaub-in-dorset-und-suedengland\/#breadcrumb\"},\"inLanguage\":\"en-US\",\"potentialAction\":[{\"@type\":\"ReadAction\",\"target\":[\"https:\/\/www.urlaubcornwall.de\/blog\/bere-regis-urlaub-in-dorset-und-suedengland\/\"]}]},{\"@type\":\"BreadcrumbList\",\"@id\":\"https:\/\/www.urlaubcornwall.de\/blog\/bere-regis-urlaub-in-dorset-und-suedengland\/#breadcrumb\",\"itemListElement\":[{\"@type\":\"ListItem\",\"position\":1,\"name\":\"Home\",\"item\":\"https:\/\/www.urlaubcornwall.de\/blog\/\"},{\"@type\":\"ListItem\",\"position\":2,\"name\":\"Bere Regis \u2013 Urlaub in Dorset und S\u00fcdengland\"}]}]}<\/script>\n<!-- \/ Yoast SEO plugin. -->","yoast_head_json":{"title":"Bere Regis \u2013 Urlaub in Dorset und S\u00fcdengland - Urlaub &amp; Reisen","description":"Falls Sie Ruhe und Frieden suchen, machen Sie sich auf nach Bere Regis. Es liegt versteckt in einem Waldgebiet zwischen altem Heideland und traditionellen Wasserkressebetten. Bere Regis wurde ber\u00fchmt durch Thomas Hardy und seiner klassischen Erz\u00e4hlung \u2018Tess of the d\u2019Urbervilles\u2019.","robots":{"index":"index","follow":"follow","max-snippet":"max-snippet:-1","max-image-preview":"max-image-preview:large","max-video-preview":"max-video-preview:-1"},"canonical":"https:\/\/www.urlaubcornwall.de\/blog\/bere-regis-urlaub-in-dorset-und-suedengland\/","og_locale":"en_US","og_type":"article","og_title":"Bere Regis \u2013 Urlaub in Dorset und S\u00fcdengland - Urlaub &amp; Reisen","og_description":"Falls Sie Ruhe und Frieden suchen, machen Sie sich auf nach Bere Regis. Es liegt versteckt in einem Waldgebiet zwischen altem Heideland und traditionellen Wasserkressebetten. Bere Regis wurde ber\u00fchmt durch Thomas Hardy und seiner klassischen Erz\u00e4hlung \u2018Tess of the d\u2019Urbervilles\u2019.","og_url":"https:\/\/www.urlaubcornwall.de\/blog\/bere-regis-urlaub-in-dorset-und-suedengland\/","og_site_name":"Urlaub &amp; Reisen","article_modified_time":"2020-04-07T13:08:47+00:00","og_image":[{"url":"https:\/\/www.urlaubcornwall.de\/blog\/wp-content\/uploads\/2015\/08\/jurrasic-kueste.jpg"}],"twitter_card":"summary","schema":{"@context":"https:\/\/schema.org","@graph":[{"@type":"WebSite","@id":"https:\/\/www.urlaubcornwall.de\/blog\/#website","url":"https:\/\/www.urlaubcornwall.de\/blog\/","name":"Urlaub &amp; Reisen","description":"Urlaub, Reisen, Cornwall und S\u00fcdengland: eine perfekte Kombination","potentialAction":[{"@type":"SearchAction","target":{"@type":"EntryPoint","urlTemplate":"https:\/\/www.urlaubcornwall.de\/blog\/?s={search_term_string}"},"query-input":"required name=search_term_string"}],"inLanguage":"en-US"},{"@type":"WebPage","@id":"https:\/\/www.urlaubcornwall.de\/blog\/bere-regis-urlaub-in-dorset-und-suedengland\/","url":"https:\/\/www.urlaubcornwall.de\/blog\/bere-regis-urlaub-in-dorset-und-suedengland\/","name":"Bere Regis \u2013 Urlaub in Dorset und S\u00fcdengland - Urlaub &amp; Reisen","isPartOf":{"@id":"https:\/\/www.urlaubcornwall.de\/blog\/#website"},"datePublished":"2020-04-07T12:59:34+00:00","dateModified":"2020-04-07T13:08:47+00:00","description":"Falls Sie Ruhe und Frieden suchen, machen Sie sich auf nach Bere Regis. Es liegt versteckt in einem Waldgebiet zwischen altem Heideland und traditionellen Wasserkressebetten. Bere Regis wurde ber\u00fchmt durch Thomas Hardy und seiner klassischen Erz\u00e4hlung \u2018Tess of the d\u2019Urbervilles\u2019.","breadcrumb":{"@id":"https:\/\/www.urlaubcornwall.de\/blog\/bere-regis-urlaub-in-dorset-und-suedengland\/#breadcrumb"},"inLanguage":"en-US","potentialAction":[{"@type":"ReadAction","target":["https:\/\/www.urlaubcornwall.de\/blog\/bere-regis-urlaub-in-dorset-und-suedengland\/"]}]},{"@type":"BreadcrumbList","@id":"https:\/\/www.urlaubcornwall.de\/blog\/bere-regis-urlaub-in-dorset-und-suedengland\/#breadcrumb","itemListElement":[{"@type":"ListItem","position":1,"name":"Home","item":"https:\/\/www.urlaubcornwall.de\/blog\/"},{"@type":"ListItem","position":2,"name":"Bere Regis \u2013 Urlaub in Dorset und S\u00fcdengland"}]}]}},"_links":{"self":[{"href":"https:\/\/www.urlaubcornwall.de\/blog\/wp-json\/wp\/v2\/pages\/39832"}],"collection":[{"href":"https:\/\/www.urlaubcornwall.de\/blog\/wp-json\/wp\/v2\/pages"}],"about":[{"href":"https:\/\/www.urlaubcornwall.de\/blog\/wp-json\/wp\/v2\/types\/page"}],"author":[{"embeddable":true,"href":"https:\/\/www.urlaubcornwall.de\/blog\/wp-json\/wp\/v2\/users\/1"}],"replies":[{"embeddable":true,"href":"https:\/\/www.urlaubcornwall.de\/blog\/wp-json\/wp\/v2\/comments?post=39832"}],"version-history":[{"count":1,"href":"https:\/\/www.urlaubcornwall.de\/blog\/wp-json\/wp\/v2\/pages\/39832\/revisions"}],"predecessor-version":[{"id":39833,"href":"https:\/\/www.urlaubcornwall.de\/blog\/wp-json\/wp\/v2\/pages\/39832\/revisions\/39833"}],"wp:attachment":[{"href":"https:\/\/www.urlaubcornwall.de\/blog\/wp-json\/wp\/v2\/media?parent=39832"}],"curies":[{"name":"wp","href":"https:\/\/api.w.org\/{rel}","templated":true}]}}