{"id":39828,"date":"2020-04-07T12:55:54","date_gmt":"2020-04-07T12:55:54","guid":{"rendered":"https:\/\/www.urlaubcornwall.de\/blog\/?page_id=39828"},"modified":"2020-04-07T12:55:54","modified_gmt":"2020-04-07T12:55:54","slug":"beaminster-dorset-suedengland","status":"publish","type":"page","link":"https:\/\/www.urlaubcornwall.de\/blog\/beaminster-dorset-suedengland\/","title":{"rendered":"Beaminster \u2013 Urlaub in Dorset und S\u00fcdengland"},"content":{"rendered":"<p><img loading=\"lazy\" class=\"aligncenter size-full wp-image-39830\" src=\"https:\/\/www.urlaubcornwall.de\/blog\/wp-content\/uploads\/2020\/04\/urlaub-beaminster-dorset.jpg\" alt=\"urlaub beaminster dorset\" width=\"750\" height=\"450\"\/><\/p>\n<p>Beaminster liegt am Kopfe des Britt Tales, durch das ein Fluss desselben Namens flie\u00dft. Die Landschaft hier ist einfach herrlich, und ein Aufenthalt in Beaminster w\u00e4re nicht komplett ohne einen Spaziergang durch die sanften H\u00fcgel, die die Stadt umgeben. <\/p>\n<p style=\"text-align: center;\"><a class=\"tidycta\" href=\"https:\/\/www.urlaubcornwall.de\/ferienhaeuser-fewos\/eng\/dorset\/beaminster.html\">Ferienh\u00e4user in Beaminster<\/a><\/p>\n<p>Bei uns finden Sie Ferienh\u00e4user zum Verlieben &#8211; so einfach ist das! W\u00e4hlen Sie aus \u00fcber 1000 pers\u00f6nlich inspizierten Ferienh\u00e4usern, Cottages &#038; Ferienwohnungen in <a href=\"https:\/\/www.urlaubcornwall.de\/ferienhaeuser\/suedengland.php\">Dorset und S\u00fcdengland<\/a>.<\/p>\n","protected":false},"excerpt":{"rendered":"<p>Beaminster liegt am Kopfe des Britt Tales, durch das ein Fluss desselben Namens flie\u00dft. Die Landschaft hier ist einfach herrlich, und ein Aufenthalt in Beaminster w\u00e4re nicht komplett ohne einen Spaziergang durch die sanften H\u00fcgel, die die Stadt umgeben. Ferienh\u00e4user in Beaminster Bei uns finden Sie Ferienh\u00e4user zum Verlieben &#8211; so einfach ist das! W\u00e4hlen [&hellip;]<\/p>\n","protected":false},"author":1,"featured_media":0,"parent":0,"menu_order":0,"comment_status":"closed","ping_status":"closed","template":"single-four.php","meta":[],"acf":[],"yoast_head":"<!-- This site is optimized with the Yoast SEO plugin v19.4 - https:\/\/yoast.com\/wordpress\/plugins\/seo\/ -->\n<title>Beaminster \u2013 Urlaub in Dorset und S\u00fcdengland - Urlaub &amp; Reisen<\/title>\n<meta name=\"description\" content=\"Beaminster liegt am Kopfe des Britt Tales, durch das ein Fluss desselben Namens flie\u00dft. Die Landschaft hier ist einfach herrlich, und ein Aufenthalt in Beaminster w\u00e4re nicht komplett ohne einen Spaziergang durch die sanften H\u00fcgel, die die Stadt umgeben.\" \/>\n<meta name=\"robots\" content=\"index, follow, max-snippet:-1, max-image-preview:large, max-video-preview:-1\" \/>\n<link rel=\"canonical\" href=\"https:\/\/www.urlaubcornwall.de\/blog\/beaminster-dorset-suedengland\/\" \/>\n<meta property=\"og:locale\" content=\"en_US\" \/>\n<meta property=\"og:type\" content=\"article\" \/>\n<meta property=\"og:title\" content=\"Beaminster \u2013 Urlaub in Dorset und S\u00fcdengland - Urlaub &amp; Reisen\" \/>\n<meta property=\"og:description\" content=\"Beaminster liegt am Kopfe des Britt Tales, durch das ein Fluss desselben Namens flie\u00dft. Die Landschaft hier ist einfach herrlich, und ein Aufenthalt in Beaminster w\u00e4re nicht komplett ohne einen Spaziergang durch die sanften H\u00fcgel, die die Stadt umgeben.\" \/>\n<meta property=\"og:url\" content=\"https:\/\/www.urlaubcornwall.de\/blog\/beaminster-dorset-suedengland\/\" \/>\n<meta property=\"og:site_name\" content=\"Urlaub &amp; Reisen\" \/>\n<meta property=\"og:image\" content=\"https:\/\/www.urlaubcornwall.de\/blog\/wp-content\/uploads\/2020\/04\/urlaub-beaminster-dorset.jpg\" \/>\n<meta name=\"twitter:card\" content=\"summary\" \/>\n<script type=\"application\/ld+json\" class=\"yoast-schema-graph\">{\"@context\":\"https:\/\/schema.org\",\"@graph\":[{\"@type\":\"WebSite\",\"@id\":\"https:\/\/www.urlaubcornwall.de\/blog\/#website\",\"url\":\"https:\/\/www.urlaubcornwall.de\/blog\/\",\"name\":\"Urlaub &amp; Reisen\",\"description\":\"Urlaub, Reisen, Cornwall und S\u00fcdengland: eine perfekte Kombination\",\"potentialAction\":[{\"@type\":\"SearchAction\",\"target\":{\"@type\":\"EntryPoint\",\"urlTemplate\":\"https:\/\/www.urlaubcornwall.de\/blog\/?s={search_term_string}\"},\"query-input\":\"required name=search_term_string\"}],\"inLanguage\":\"en-US\"},{\"@type\":\"WebPage\",\"@id\":\"https:\/\/www.urlaubcornwall.de\/blog\/beaminster-dorset-suedengland\/\",\"url\":\"https:\/\/www.urlaubcornwall.de\/blog\/beaminster-dorset-suedengland\/\",\"name\":\"Beaminster \u2013 Urlaub in Dorset und S\u00fcdengland - Urlaub &amp; Reisen\",\"isPartOf\":{\"@id\":\"https:\/\/www.urlaubcornwall.de\/blog\/#website\"},\"datePublished\":\"2020-04-07T12:55:54+00:00\",\"dateModified\":\"2020-04-07T12:55:54+00:00\",\"description\":\"Beaminster liegt am Kopfe des Britt Tales, durch das ein Fluss desselben Namens flie\u00dft. Die Landschaft hier ist einfach herrlich, und ein Aufenthalt in Beaminster w\u00e4re nicht komplett ohne einen Spaziergang durch die sanften H\u00fcgel, die die Stadt umgeben.\",\"breadcrumb\":{\"@id\":\"https:\/\/www.urlaubcornwall.de\/blog\/beaminster-dorset-suedengland\/#breadcrumb\"},\"inLanguage\":\"en-US\",\"potentialAction\":[{\"@type\":\"ReadAction\",\"target\":[\"https:\/\/www.urlaubcornwall.de\/blog\/beaminster-dorset-suedengland\/\"]}]},{\"@type\":\"BreadcrumbList\",\"@id\":\"https:\/\/www.urlaubcornwall.de\/blog\/beaminster-dorset-suedengland\/#breadcrumb\",\"itemListElement\":[{\"@type\":\"ListItem\",\"position\":1,\"name\":\"Home\",\"item\":\"https:\/\/www.urlaubcornwall.de\/blog\/\"},{\"@type\":\"ListItem\",\"position\":2,\"name\":\"Beaminster \u2013 Urlaub in Dorset und S\u00fcdengland\"}]}]}<\/script>\n<!-- \/ Yoast SEO plugin. -->","yoast_head_json":{"title":"Beaminster \u2013 Urlaub in Dorset und S\u00fcdengland - Urlaub &amp; Reisen","description":"Beaminster liegt am Kopfe des Britt Tales, durch das ein Fluss desselben Namens flie\u00dft. Die Landschaft hier ist einfach herrlich, und ein Aufenthalt in Beaminster w\u00e4re nicht komplett ohne einen Spaziergang durch die sanften H\u00fcgel, die die Stadt umgeben.","robots":{"index":"index","follow":"follow","max-snippet":"max-snippet:-1","max-image-preview":"max-image-preview:large","max-video-preview":"max-video-preview:-1"},"canonical":"https:\/\/www.urlaubcornwall.de\/blog\/beaminster-dorset-suedengland\/","og_locale":"en_US","og_type":"article","og_title":"Beaminster \u2013 Urlaub in Dorset und S\u00fcdengland - Urlaub &amp; Reisen","og_description":"Beaminster liegt am Kopfe des Britt Tales, durch das ein Fluss desselben Namens flie\u00dft. Die Landschaft hier ist einfach herrlich, und ein Aufenthalt in Beaminster w\u00e4re nicht komplett ohne einen Spaziergang durch die sanften H\u00fcgel, die die Stadt umgeben.","og_url":"https:\/\/www.urlaubcornwall.de\/blog\/beaminster-dorset-suedengland\/","og_site_name":"Urlaub &amp; Reisen","og_image":[{"url":"https:\/\/www.urlaubcornwall.de\/blog\/wp-content\/uploads\/2020\/04\/urlaub-beaminster-dorset.jpg"}],"twitter_card":"summary","schema":{"@context":"https:\/\/schema.org","@graph":[{"@type":"WebSite","@id":"https:\/\/www.urlaubcornwall.de\/blog\/#website","url":"https:\/\/www.urlaubcornwall.de\/blog\/","name":"Urlaub &amp; Reisen","description":"Urlaub, Reisen, Cornwall und S\u00fcdengland: eine perfekte Kombination","potentialAction":[{"@type":"SearchAction","target":{"@type":"EntryPoint","urlTemplate":"https:\/\/www.urlaubcornwall.de\/blog\/?s={search_term_string}"},"query-input":"required name=search_term_string"}],"inLanguage":"en-US"},{"@type":"WebPage","@id":"https:\/\/www.urlaubcornwall.de\/blog\/beaminster-dorset-suedengland\/","url":"https:\/\/www.urlaubcornwall.de\/blog\/beaminster-dorset-suedengland\/","name":"Beaminster \u2013 Urlaub in Dorset und S\u00fcdengland - Urlaub &amp; Reisen","isPartOf":{"@id":"https:\/\/www.urlaubcornwall.de\/blog\/#website"},"datePublished":"2020-04-07T12:55:54+00:00","dateModified":"2020-04-07T12:55:54+00:00","description":"Beaminster liegt am Kopfe des Britt Tales, durch das ein Fluss desselben Namens flie\u00dft. Die Landschaft hier ist einfach herrlich, und ein Aufenthalt in Beaminster w\u00e4re nicht komplett ohne einen Spaziergang durch die sanften H\u00fcgel, die die Stadt umgeben.","breadcrumb":{"@id":"https:\/\/www.urlaubcornwall.de\/blog\/beaminster-dorset-suedengland\/#breadcrumb"},"inLanguage":"en-US","potentialAction":[{"@type":"ReadAction","target":["https:\/\/www.urlaubcornwall.de\/blog\/beaminster-dorset-suedengland\/"]}]},{"@type":"BreadcrumbList","@id":"https:\/\/www.urlaubcornwall.de\/blog\/beaminster-dorset-suedengland\/#breadcrumb","itemListElement":[{"@type":"ListItem","position":1,"name":"Home","item":"https:\/\/www.urlaubcornwall.de\/blog\/"},{"@type":"ListItem","position":2,"name":"Beaminster \u2013 Urlaub in Dorset und S\u00fcdengland"}]}]}},"_links":{"self":[{"href":"https:\/\/www.urlaubcornwall.de\/blog\/wp-json\/wp\/v2\/pages\/39828"}],"collection":[{"href":"https:\/\/www.urlaubcornwall.de\/blog\/wp-json\/wp\/v2\/pages"}],"about":[{"href":"https:\/\/www.urlaubcornwall.de\/blog\/wp-json\/wp\/v2\/types\/page"}],"author":[{"embeddable":true,"href":"https:\/\/www.urlaubcornwall.de\/blog\/wp-json\/wp\/v2\/users\/1"}],"replies":[{"embeddable":true,"href":"https:\/\/www.urlaubcornwall.de\/blog\/wp-json\/wp\/v2\/comments?post=39828"}],"version-history":[{"count":1,"href":"https:\/\/www.urlaubcornwall.de\/blog\/wp-json\/wp\/v2\/pages\/39828\/revisions"}],"predecessor-version":[{"id":39831,"href":"https:\/\/www.urlaubcornwall.de\/blog\/wp-json\/wp\/v2\/pages\/39828\/revisions\/39831"}],"wp:attachment":[{"href":"https:\/\/www.urlaubcornwall.de\/blog\/wp-json\/wp\/v2\/media?parent=39828"}],"curies":[{"name":"wp","href":"https:\/\/api.w.org\/{rel}","templated":true}]}}