{"id":39824,"date":"2020-04-07T11:03:54","date_gmt":"2020-04-07T11:03:54","guid":{"rendered":"https:\/\/www.urlaubcornwall.de\/blog\/?page_id=39824"},"modified":"2024-05-30T15:35:05","modified_gmt":"2024-05-30T15:35:05","slug":"ist-cornwall-ein-urlaubsziel-fuer-familien","status":"publish","type":"page","link":"https:\/\/www.urlaubcornwall.de\/blog\/ist-cornwall-ein-urlaubsziel-fuer-familien\/","title":{"rendered":"Ist Cornwall ein Urlaubsziel f\u00fcr Familien?"},"content":{"rendered":"<p><a href=\"https:\/\/www.urlaubcornwall.de\/blog\/wp-content\/uploads\/2024\/03\/portcurno-strand.jpg\"><img loading=\"lazy\" src=\"https:\/\/www.urlaubcornwall.de\/blog\/wp-content\/uploads\/2024\/03\/portcurno-strand.jpg\" alt=\"porthcurno strand\" width=\"750\" height=\"500\" class=\"alignnone size-full wp-image-48079\" srcset=\"https:\/\/www.urlaubcornwall.de\/blog\/wp-content\/uploads\/2024\/03\/portcurno-strand.jpg 750w, https:\/\/www.urlaubcornwall.de\/blog\/wp-content\/uploads\/2024\/03\/portcurno-strand-300x200.jpg 300w\" sizes=\"(max-width: 750px) 100vw, 750px\" \/><\/a><\/p>\n<p>Cornwall ist in der Tat <a href=\"https:\/\/www.urlaubcornwall.de\/reiseziel\/cornwall.php\">ideal f\u00fcr Familienurlaube<\/a> und wurde die vergangenen 10 Jahre als die Nummer 1 im UK gew\u00e4hlt. Seine <a href=\"https:\/\/www.urlaubcornwall.de\/blog\/familienfreundliche-straende-cornwall-mit-kindern\/\">Str\u00e4nde und die unber\u00fchrte Natur der Umgebung<\/a> gelten als erstklassige Attraktion f\u00fcr Kinder, die Sandburgen bauen, schwimmen oder surfen lernen k\u00f6nnen oder die zahlreichen kleinen und wundersch\u00f6nen Buchten erkunden. <\/p>\n<p>Um sie w\u00e4hrend Tagesausfl\u00fcgen zu besch\u00e4ftigen, gibt es Am\u00fcsement Parks wie Flambards und Camel Creek, oder besuchen Sie doch das weltbekannte <a href=\"https:\/\/www.urlaubcornwall.de\/blog\/all-das-was-sie-schon-immer-ueber-das-eden-project-wissen-wollten\/\">Eden Projekt<\/a>, um einen tropischen Regenwald hautnah zu erleben und probieren Sie Englands l\u00e4ngsten und schnellsten Zipwire aus. <\/p>\n<p>Schauen Sie sich eine Theatervorstellung oder eine musikalische Auff\u00fchrung im Freilichttheater, dem Minack, an und besuchen Sie dann den magischen <a href=\"https:\/\/www.urlaubcornwall.de\/ferienhaeuser-fewos\/marazion.html\">St Michaels Mount in der N\u00e4he<\/a>. Mit j\u00fcngeren Kindern k\u00f6nnen Sie einen Ausflug zum Newquay Zoo machen, um mehr als 130 Tierarten zu sehen, einschlie\u00dflich L\u00f6wen, Zebras und Affen; lernen Sie auch deren Arbeit bez\u00fcglich bedrohter Arten kennen.<\/p>\n<div class=\"snippet\"> <a class=\"featured-item\" href=\"https:\/\/www.urlaubcornwall.de\/ferienhaeuser\/cornwall.php\"> <span class=\"image-holder\" style=\"background-image: url('https:\/\/www.urlaubcornwall.de\/blog\/wp-content\/uploads\/2018\/12\/familienurlaub-corwnall-snippet.jpg');\"><\/span> <span class=\"featured-content\"> \n<h2 class=\"featured-title\">Ferienh\u00e4user in Cornwall mit Kindern<\/h2>\n<p class=\"featured-body\">Cornwall besitzt mehr K\u00fcstenlinien als jede andere Grafschaft und bietet einige der besten Str\u00e4nde, K\u00fcstenwanderwege und Klippenlandschaften, die man \u00fcberhaupt finden kann&#8230; <\/p><\/span> <span class=\"featured-link-holder\"> <span class=\"featured-extra-info\"> \n<p>F\u00fcr Paare, Familien &#038; Gruppen<\/p>\n<\/span> \n<p class=\"featured-link\">DETAILS<\/p>\n<\/span> <\/a><\/div>\n","protected":false},"excerpt":{"rendered":"<p>Cornwall ist in der Tat ideal f\u00fcr Familienurlaube und wurde die vergangenen 10 Jahre als die Nummer 1 im UK gew\u00e4hlt. Seine Str\u00e4nde und die unber\u00fchrte Natur der Umgebung gelten als erstklassige Attraktion f\u00fcr Kinder, die Sandburgen bauen, schwimmen oder surfen lernen k\u00f6nnen oder die zahlreichen kleinen und wundersch\u00f6nen Buchten erkunden. Um sie w\u00e4hrend Tagesausfl\u00fcgen [&hellip;]<\/p>\n","protected":false},"author":1,"featured_media":0,"parent":0,"menu_order":0,"comment_status":"closed","ping_status":"closed","template":"single-four.php","meta":[],"acf":[],"yoast_head":"<!-- This site is optimized with the Yoast SEO plugin v19.4 - https:\/\/yoast.com\/wordpress\/plugins\/seo\/ -->\n<title>Ist Cornwall ein Urlaubsziel f\u00fcr Familien? - Urlaub &amp; Reisen<\/title>\n<meta name=\"description\" content=\"Cornwall ist in der Tat ideal f\u00fcr Familienurlaube und wurde die vergangenen 10 Jahre als die Nummer 1 im UK gew\u00e4hlt. Seine Str\u00e4nde und die unber\u00fchrte Natur der Umgebung gelten als erstklassige Attraktion f\u00fcr Kinder, die Sandburgen bauen, schwimmen oder surfen lernen k\u00f6nnen oder die zahlreichen kleinen und wundersch\u00f6nen Buchten erkunden.\" \/>\n<meta name=\"robots\" content=\"index, follow, max-snippet:-1, max-image-preview:large, max-video-preview:-1\" \/>\n<link rel=\"canonical\" href=\"https:\/\/www.urlaubcornwall.de\/blog\/ist-cornwall-ein-urlaubsziel-fuer-familien\/\" \/>\n<meta property=\"og:locale\" content=\"en_US\" \/>\n<meta property=\"og:type\" content=\"article\" \/>\n<meta property=\"og:title\" content=\"Ist Cornwall ein Urlaubsziel f\u00fcr Familien? - Urlaub &amp; Reisen\" \/>\n<meta property=\"og:description\" content=\"Cornwall ist in der Tat ideal f\u00fcr Familienurlaube und wurde die vergangenen 10 Jahre als die Nummer 1 im UK gew\u00e4hlt. Seine Str\u00e4nde und die unber\u00fchrte Natur der Umgebung gelten als erstklassige Attraktion f\u00fcr Kinder, die Sandburgen bauen, schwimmen oder surfen lernen k\u00f6nnen oder die zahlreichen kleinen und wundersch\u00f6nen Buchten erkunden.\" \/>\n<meta property=\"og:url\" content=\"https:\/\/www.urlaubcornwall.de\/blog\/ist-cornwall-ein-urlaubsziel-fuer-familien\/\" \/>\n<meta property=\"og:site_name\" content=\"Urlaub &amp; Reisen\" \/>\n<meta property=\"article:modified_time\" content=\"2024-05-30T15:35:05+00:00\" \/>\n<meta property=\"og:image\" content=\"https:\/\/www.urlaubcornwall.de\/blog\/wp-content\/uploads\/2024\/03\/portcurno-strand.jpg\" \/>\n<meta name=\"twitter:card\" content=\"summary\" \/>\n<meta name=\"twitter:label1\" content=\"Est. reading time\" \/>\n\t<meta name=\"twitter:data1\" content=\"1 minute\" \/>\n<script type=\"application\/ld+json\" class=\"yoast-schema-graph\">{\"@context\":\"https:\/\/schema.org\",\"@graph\":[{\"@type\":\"WebSite\",\"@id\":\"https:\/\/www.urlaubcornwall.de\/blog\/#website\",\"url\":\"https:\/\/www.urlaubcornwall.de\/blog\/\",\"name\":\"Urlaub &amp; Reisen\",\"description\":\"Urlaub, Reisen, Cornwall und S\u00fcdengland: eine perfekte Kombination\",\"potentialAction\":[{\"@type\":\"SearchAction\",\"target\":{\"@type\":\"EntryPoint\",\"urlTemplate\":\"https:\/\/www.urlaubcornwall.de\/blog\/?s={search_term_string}\"},\"query-input\":\"required name=search_term_string\"}],\"inLanguage\":\"en-US\"},{\"@type\":\"WebPage\",\"@id\":\"https:\/\/www.urlaubcornwall.de\/blog\/ist-cornwall-ein-urlaubsziel-fuer-familien\/\",\"url\":\"https:\/\/www.urlaubcornwall.de\/blog\/ist-cornwall-ein-urlaubsziel-fuer-familien\/\",\"name\":\"Ist Cornwall ein Urlaubsziel f\u00fcr Familien? - Urlaub &amp; Reisen\",\"isPartOf\":{\"@id\":\"https:\/\/www.urlaubcornwall.de\/blog\/#website\"},\"datePublished\":\"2020-04-07T11:03:54+00:00\",\"dateModified\":\"2024-05-30T15:35:05+00:00\",\"description\":\"Cornwall ist in der Tat ideal f\u00fcr Familienurlaube und wurde die vergangenen 10 Jahre als die Nummer 1 im UK gew\u00e4hlt. Seine Str\u00e4nde und die unber\u00fchrte Natur der Umgebung gelten als erstklassige Attraktion f\u00fcr Kinder, die Sandburgen bauen, schwimmen oder surfen lernen k\u00f6nnen oder die zahlreichen kleinen und wundersch\u00f6nen Buchten erkunden.\",\"breadcrumb\":{\"@id\":\"https:\/\/www.urlaubcornwall.de\/blog\/ist-cornwall-ein-urlaubsziel-fuer-familien\/#breadcrumb\"},\"inLanguage\":\"en-US\",\"potentialAction\":[{\"@type\":\"ReadAction\",\"target\":[\"https:\/\/www.urlaubcornwall.de\/blog\/ist-cornwall-ein-urlaubsziel-fuer-familien\/\"]}]},{\"@type\":\"BreadcrumbList\",\"@id\":\"https:\/\/www.urlaubcornwall.de\/blog\/ist-cornwall-ein-urlaubsziel-fuer-familien\/#breadcrumb\",\"itemListElement\":[{\"@type\":\"ListItem\",\"position\":1,\"name\":\"Home\",\"item\":\"https:\/\/www.urlaubcornwall.de\/blog\/\"},{\"@type\":\"ListItem\",\"position\":2,\"name\":\"Ist Cornwall ein Urlaubsziel f\u00fcr Familien?\"}]}]}<\/script>\n<!-- \/ Yoast SEO plugin. -->","yoast_head_json":{"title":"Ist Cornwall ein Urlaubsziel f\u00fcr Familien? - Urlaub &amp; Reisen","description":"Cornwall ist in der Tat ideal f\u00fcr Familienurlaube und wurde die vergangenen 10 Jahre als die Nummer 1 im UK gew\u00e4hlt. Seine Str\u00e4nde und die unber\u00fchrte Natur der Umgebung gelten als erstklassige Attraktion f\u00fcr Kinder, die Sandburgen bauen, schwimmen oder surfen lernen k\u00f6nnen oder die zahlreichen kleinen und wundersch\u00f6nen Buchten erkunden.","robots":{"index":"index","follow":"follow","max-snippet":"max-snippet:-1","max-image-preview":"max-image-preview:large","max-video-preview":"max-video-preview:-1"},"canonical":"https:\/\/www.urlaubcornwall.de\/blog\/ist-cornwall-ein-urlaubsziel-fuer-familien\/","og_locale":"en_US","og_type":"article","og_title":"Ist Cornwall ein Urlaubsziel f\u00fcr Familien? - Urlaub &amp; Reisen","og_description":"Cornwall ist in der Tat ideal f\u00fcr Familienurlaube und wurde die vergangenen 10 Jahre als die Nummer 1 im UK gew\u00e4hlt. Seine Str\u00e4nde und die unber\u00fchrte Natur der Umgebung gelten als erstklassige Attraktion f\u00fcr Kinder, die Sandburgen bauen, schwimmen oder surfen lernen k\u00f6nnen oder die zahlreichen kleinen und wundersch\u00f6nen Buchten erkunden.","og_url":"https:\/\/www.urlaubcornwall.de\/blog\/ist-cornwall-ein-urlaubsziel-fuer-familien\/","og_site_name":"Urlaub &amp; Reisen","article_modified_time":"2024-05-30T15:35:05+00:00","og_image":[{"url":"https:\/\/www.urlaubcornwall.de\/blog\/wp-content\/uploads\/2024\/03\/portcurno-strand.jpg"}],"twitter_card":"summary","twitter_misc":{"Est. reading time":"1 minute"},"schema":{"@context":"https:\/\/schema.org","@graph":[{"@type":"WebSite","@id":"https:\/\/www.urlaubcornwall.de\/blog\/#website","url":"https:\/\/www.urlaubcornwall.de\/blog\/","name":"Urlaub &amp; Reisen","description":"Urlaub, Reisen, Cornwall und S\u00fcdengland: eine perfekte Kombination","potentialAction":[{"@type":"SearchAction","target":{"@type":"EntryPoint","urlTemplate":"https:\/\/www.urlaubcornwall.de\/blog\/?s={search_term_string}"},"query-input":"required name=search_term_string"}],"inLanguage":"en-US"},{"@type":"WebPage","@id":"https:\/\/www.urlaubcornwall.de\/blog\/ist-cornwall-ein-urlaubsziel-fuer-familien\/","url":"https:\/\/www.urlaubcornwall.de\/blog\/ist-cornwall-ein-urlaubsziel-fuer-familien\/","name":"Ist Cornwall ein Urlaubsziel f\u00fcr Familien? - Urlaub &amp; Reisen","isPartOf":{"@id":"https:\/\/www.urlaubcornwall.de\/blog\/#website"},"datePublished":"2020-04-07T11:03:54+00:00","dateModified":"2024-05-30T15:35:05+00:00","description":"Cornwall ist in der Tat ideal f\u00fcr Familienurlaube und wurde die vergangenen 10 Jahre als die Nummer 1 im UK gew\u00e4hlt. Seine Str\u00e4nde und die unber\u00fchrte Natur der Umgebung gelten als erstklassige Attraktion f\u00fcr Kinder, die Sandburgen bauen, schwimmen oder surfen lernen k\u00f6nnen oder die zahlreichen kleinen und wundersch\u00f6nen Buchten erkunden.","breadcrumb":{"@id":"https:\/\/www.urlaubcornwall.de\/blog\/ist-cornwall-ein-urlaubsziel-fuer-familien\/#breadcrumb"},"inLanguage":"en-US","potentialAction":[{"@type":"ReadAction","target":["https:\/\/www.urlaubcornwall.de\/blog\/ist-cornwall-ein-urlaubsziel-fuer-familien\/"]}]},{"@type":"BreadcrumbList","@id":"https:\/\/www.urlaubcornwall.de\/blog\/ist-cornwall-ein-urlaubsziel-fuer-familien\/#breadcrumb","itemListElement":[{"@type":"ListItem","position":1,"name":"Home","item":"https:\/\/www.urlaubcornwall.de\/blog\/"},{"@type":"ListItem","position":2,"name":"Ist Cornwall ein Urlaubsziel f\u00fcr Familien?"}]}]}},"_links":{"self":[{"href":"https:\/\/www.urlaubcornwall.de\/blog\/wp-json\/wp\/v2\/pages\/39824"}],"collection":[{"href":"https:\/\/www.urlaubcornwall.de\/blog\/wp-json\/wp\/v2\/pages"}],"about":[{"href":"https:\/\/www.urlaubcornwall.de\/blog\/wp-json\/wp\/v2\/types\/page"}],"author":[{"embeddable":true,"href":"https:\/\/www.urlaubcornwall.de\/blog\/wp-json\/wp\/v2\/users\/1"}],"replies":[{"embeddable":true,"href":"https:\/\/www.urlaubcornwall.de\/blog\/wp-json\/wp\/v2\/comments?post=39824"}],"version-history":[{"count":6,"href":"https:\/\/www.urlaubcornwall.de\/blog\/wp-json\/wp\/v2\/pages\/39824\/revisions"}],"predecessor-version":[{"id":51149,"href":"https:\/\/www.urlaubcornwall.de\/blog\/wp-json\/wp\/v2\/pages\/39824\/revisions\/51149"}],"wp:attachment":[{"href":"https:\/\/www.urlaubcornwall.de\/blog\/wp-json\/wp\/v2\/media?parent=39824"}],"curies":[{"name":"wp","href":"https:\/\/api.w.org\/{rel}","templated":true}]}}