{"id":39821,"date":"2020-04-07T10:54:00","date_gmt":"2020-04-07T10:54:00","guid":{"rendered":"https:\/\/www.urlaubcornwall.de\/blog\/?page_id=39821"},"modified":"2020-04-07T10:54:00","modified_gmt":"2020-04-07T10:54:00","slug":"welche-unterkunftsmoeglichkeiten-bietet-cornwall","status":"publish","type":"page","link":"https:\/\/www.urlaubcornwall.de\/blog\/welche-unterkunftsmoeglichkeiten-bietet-cornwall\/","title":{"rendered":"Welche Unterkunftsm\u00f6glichkeiten bietet Cornwall?"},"content":{"rendered":"<p><img loading=\"lazy\" class=\"aligncenter size-full wp-image-38137\" src=\"https:\/\/www.urlaubcornwall.de\/blog\/wp-content\/uploads\/2019\/04\/Charmante-D\u00f6rfer-cornwall.jpg\" alt=\"Charmante Ferienhaus cornwall\" width=\"749\" height=\"438\"\/><\/p>\n<p>Die beliebteste Wahl an Urlaubsunterk\u00fcnften f\u00e4llt auf die <a href=\"https:\/\/www.urlaubcornwall.de\/ferienhaeuser\/cornwall.php\">Selbstversorgercottages, -h\u00e4user und Urlaubsappartements<\/a>. Sie k\u00f6nnen diese normalerweise f\u00fcr mindestens eine Woche buchen (oder manchmal au\u00dferhalb der Hochsaison f\u00fcr Kurzurlaube), und dann sind Sie frei, Ihren Urlaub zu genie\u00dfen. Diese Unterkunftsart ist f\u00fcr Paare, Kleingruppen oder Familien ideal. Mit Firmensitz in Cornwall, bieten wir eine einzigartige Auswahl an mehr als <a href=\"https:\/\/www.urlaubcornwall.de\/ferienhaeuser-fewos\/cornwall-am-meer.html\">700 handverlesenen und inspizierten Cottages mit Meeresblick<\/a>, wobei viele davon hundefreundlich sind. Wir haben historische Urlaubsh\u00e4user im \u201cRosamunde Pilcher\u201d Stil&#8221; in Cornwall, wo ihre Filmserien oft beheimatet sind. Cornwall bietet eine erstaunliche Bannbreite, von <a href=\"https:\/\/www.urlaubcornwall.de\/hotels.php\">5-Sterne-Luxushotels am Meer bis hin zu g\u00fcnstigen 3-Sterne-Hotels<\/a> in beliebten St\u00e4dten wie Newquay und Falmouth. Wir haben eine Auswahl unserer beliebtesten zusammengestellt, die wir inspiziert und f\u00fcr gut befunden haben.<\/p>\n<div class=\"snippet\"> <a class=\"featured-item\" href=\"https:\/\/www.urlaubcornwall.de\/ferienhaeuser\/cornwall.php\"> <span class=\"image-holder\" style=\"background-image: url('https:\/\/www.urlaubcornwall.de\/blog\/wp-content\/uploads\/2018\/12\/familienurlaub-corwnall-snippet.jpg');\"><\/span> <span class=\"featured-content\"> \n<h2 class=\"featured-title\">Ferienh\u00e4user in Cornwall am Meer<\/h2>\n<p class=\"featured-body\">Cornwall besitzt mehr K\u00fcstenlinien als jede andere Grafschaft und bietet einige der besten Str\u00e4nde, K\u00fcstenwanderwege und Klippenlandschaften, die man \u00fcberhaupt finden kann&#8230; <\/p><\/span> <span class=\"featured-link-holder\"> <span class=\"featured-extra-info\"> \n<p>F\u00fcr Paare, Familien &#038; Gruppen<\/p>\n<\/span> \n<p class=\"featured-link\">DETAILS<\/p>\n<\/span> <\/a><\/div>\n","protected":false},"excerpt":{"rendered":"<p>Die beliebteste Wahl an Urlaubsunterk\u00fcnften f\u00e4llt auf die Selbstversorgercottages, -h\u00e4user und Urlaubsappartements. Sie k\u00f6nnen diese normalerweise f\u00fcr mindestens eine Woche buchen (oder manchmal au\u00dferhalb der Hochsaison f\u00fcr Kurzurlaube), und dann sind Sie frei, Ihren Urlaub zu genie\u00dfen. Diese Unterkunftsart ist f\u00fcr Paare, Kleingruppen oder Familien ideal. Mit Firmensitz in Cornwall, bieten wir eine einzigartige Auswahl [&hellip;]<\/p>\n","protected":false},"author":1,"featured_media":0,"parent":0,"menu_order":0,"comment_status":"closed","ping_status":"closed","template":"single-four.php","meta":[],"acf":[],"yoast_head":"<!-- This site is optimized with the Yoast SEO plugin v19.4 - https:\/\/yoast.com\/wordpress\/plugins\/seo\/ -->\n<title>Welche Unterkunftsm\u00f6glichkeiten bietet Cornwall? - Urlaub &amp; Reisen<\/title>\n<meta name=\"description\" content=\"Die beliebteste Wahl an Urlaubsunterk\u00fcnften f\u00e4llt auf die Selbstversorgercottages, -h\u00e4user und Urlaubsappartements. Sie k\u00f6nnen diese normalerweise f\u00fcr mindestens eine Woche buchen (oder manchmal au\u00dferhalb der Hochsaison f\u00fcr Kurzurlaube), und dann sind Sie frei, Ihren Urlaub zu genie\u00dfen.\" \/>\n<meta name=\"robots\" content=\"index, follow, max-snippet:-1, max-image-preview:large, max-video-preview:-1\" \/>\n<link rel=\"canonical\" href=\"https:\/\/www.urlaubcornwall.de\/blog\/welche-unterkunftsmoeglichkeiten-bietet-cornwall\/\" \/>\n<meta property=\"og:locale\" content=\"en_US\" \/>\n<meta property=\"og:type\" content=\"article\" \/>\n<meta property=\"og:title\" content=\"Welche Unterkunftsm\u00f6glichkeiten bietet Cornwall? - Urlaub &amp; Reisen\" \/>\n<meta property=\"og:description\" content=\"Die beliebteste Wahl an Urlaubsunterk\u00fcnften f\u00e4llt auf die Selbstversorgercottages, -h\u00e4user und Urlaubsappartements. Sie k\u00f6nnen diese normalerweise f\u00fcr mindestens eine Woche buchen (oder manchmal au\u00dferhalb der Hochsaison f\u00fcr Kurzurlaube), und dann sind Sie frei, Ihren Urlaub zu genie\u00dfen.\" \/>\n<meta property=\"og:url\" content=\"https:\/\/www.urlaubcornwall.de\/blog\/welche-unterkunftsmoeglichkeiten-bietet-cornwall\/\" \/>\n<meta property=\"og:site_name\" content=\"Urlaub &amp; Reisen\" \/>\n<meta property=\"og:image\" content=\"https:\/\/www.urlaubcornwall.de\/blog\/wp-content\/uploads\/2019\/04\/Charmante-D\u00f6rfer-cornwall.jpg\" \/>\n<meta name=\"twitter:card\" content=\"summary\" \/>\n<meta name=\"twitter:label1\" content=\"Est. reading time\" \/>\n\t<meta name=\"twitter:data1\" content=\"1 minute\" \/>\n<script type=\"application\/ld+json\" class=\"yoast-schema-graph\">{\"@context\":\"https:\/\/schema.org\",\"@graph\":[{\"@type\":\"WebSite\",\"@id\":\"https:\/\/www.urlaubcornwall.de\/blog\/#website\",\"url\":\"https:\/\/www.urlaubcornwall.de\/blog\/\",\"name\":\"Urlaub &amp; Reisen\",\"description\":\"Urlaub, Reisen, Cornwall und S\u00fcdengland: eine perfekte Kombination\",\"potentialAction\":[{\"@type\":\"SearchAction\",\"target\":{\"@type\":\"EntryPoint\",\"urlTemplate\":\"https:\/\/www.urlaubcornwall.de\/blog\/?s={search_term_string}\"},\"query-input\":\"required name=search_term_string\"}],\"inLanguage\":\"en-US\"},{\"@type\":\"WebPage\",\"@id\":\"https:\/\/www.urlaubcornwall.de\/blog\/welche-unterkunftsmoeglichkeiten-bietet-cornwall\/\",\"url\":\"https:\/\/www.urlaubcornwall.de\/blog\/welche-unterkunftsmoeglichkeiten-bietet-cornwall\/\",\"name\":\"Welche Unterkunftsm\u00f6glichkeiten bietet Cornwall? - Urlaub &amp; Reisen\",\"isPartOf\":{\"@id\":\"https:\/\/www.urlaubcornwall.de\/blog\/#website\"},\"datePublished\":\"2020-04-07T10:54:00+00:00\",\"dateModified\":\"2020-04-07T10:54:00+00:00\",\"description\":\"Die beliebteste Wahl an Urlaubsunterk\u00fcnften f\u00e4llt auf die Selbstversorgercottages, -h\u00e4user und Urlaubsappartements. Sie k\u00f6nnen diese normalerweise f\u00fcr mindestens eine Woche buchen (oder manchmal au\u00dferhalb der Hochsaison f\u00fcr Kurzurlaube), und dann sind Sie frei, Ihren Urlaub zu genie\u00dfen.\",\"breadcrumb\":{\"@id\":\"https:\/\/www.urlaubcornwall.de\/blog\/welche-unterkunftsmoeglichkeiten-bietet-cornwall\/#breadcrumb\"},\"inLanguage\":\"en-US\",\"potentialAction\":[{\"@type\":\"ReadAction\",\"target\":[\"https:\/\/www.urlaubcornwall.de\/blog\/welche-unterkunftsmoeglichkeiten-bietet-cornwall\/\"]}]},{\"@type\":\"BreadcrumbList\",\"@id\":\"https:\/\/www.urlaubcornwall.de\/blog\/welche-unterkunftsmoeglichkeiten-bietet-cornwall\/#breadcrumb\",\"itemListElement\":[{\"@type\":\"ListItem\",\"position\":1,\"name\":\"Home\",\"item\":\"https:\/\/www.urlaubcornwall.de\/blog\/\"},{\"@type\":\"ListItem\",\"position\":2,\"name\":\"Welche Unterkunftsm\u00f6glichkeiten bietet Cornwall?\"}]}]}<\/script>\n<!-- \/ Yoast SEO plugin. -->","yoast_head_json":{"title":"Welche Unterkunftsm\u00f6glichkeiten bietet Cornwall? - Urlaub &amp; Reisen","description":"Die beliebteste Wahl an Urlaubsunterk\u00fcnften f\u00e4llt auf die Selbstversorgercottages, -h\u00e4user und Urlaubsappartements. Sie k\u00f6nnen diese normalerweise f\u00fcr mindestens eine Woche buchen (oder manchmal au\u00dferhalb der Hochsaison f\u00fcr Kurzurlaube), und dann sind Sie frei, Ihren Urlaub zu genie\u00dfen.","robots":{"index":"index","follow":"follow","max-snippet":"max-snippet:-1","max-image-preview":"max-image-preview:large","max-video-preview":"max-video-preview:-1"},"canonical":"https:\/\/www.urlaubcornwall.de\/blog\/welche-unterkunftsmoeglichkeiten-bietet-cornwall\/","og_locale":"en_US","og_type":"article","og_title":"Welche Unterkunftsm\u00f6glichkeiten bietet Cornwall? - Urlaub &amp; Reisen","og_description":"Die beliebteste Wahl an Urlaubsunterk\u00fcnften f\u00e4llt auf die Selbstversorgercottages, -h\u00e4user und Urlaubsappartements. Sie k\u00f6nnen diese normalerweise f\u00fcr mindestens eine Woche buchen (oder manchmal au\u00dferhalb der Hochsaison f\u00fcr Kurzurlaube), und dann sind Sie frei, Ihren Urlaub zu genie\u00dfen.","og_url":"https:\/\/www.urlaubcornwall.de\/blog\/welche-unterkunftsmoeglichkeiten-bietet-cornwall\/","og_site_name":"Urlaub &amp; Reisen","og_image":[{"url":"https:\/\/www.urlaubcornwall.de\/blog\/wp-content\/uploads\/2019\/04\/Charmante-D\u00f6rfer-cornwall.jpg"}],"twitter_card":"summary","twitter_misc":{"Est. reading time":"1 minute"},"schema":{"@context":"https:\/\/schema.org","@graph":[{"@type":"WebSite","@id":"https:\/\/www.urlaubcornwall.de\/blog\/#website","url":"https:\/\/www.urlaubcornwall.de\/blog\/","name":"Urlaub &amp; Reisen","description":"Urlaub, Reisen, Cornwall und S\u00fcdengland: eine perfekte Kombination","potentialAction":[{"@type":"SearchAction","target":{"@type":"EntryPoint","urlTemplate":"https:\/\/www.urlaubcornwall.de\/blog\/?s={search_term_string}"},"query-input":"required name=search_term_string"}],"inLanguage":"en-US"},{"@type":"WebPage","@id":"https:\/\/www.urlaubcornwall.de\/blog\/welche-unterkunftsmoeglichkeiten-bietet-cornwall\/","url":"https:\/\/www.urlaubcornwall.de\/blog\/welche-unterkunftsmoeglichkeiten-bietet-cornwall\/","name":"Welche Unterkunftsm\u00f6glichkeiten bietet Cornwall? - Urlaub &amp; Reisen","isPartOf":{"@id":"https:\/\/www.urlaubcornwall.de\/blog\/#website"},"datePublished":"2020-04-07T10:54:00+00:00","dateModified":"2020-04-07T10:54:00+00:00","description":"Die beliebteste Wahl an Urlaubsunterk\u00fcnften f\u00e4llt auf die Selbstversorgercottages, -h\u00e4user und Urlaubsappartements. Sie k\u00f6nnen diese normalerweise f\u00fcr mindestens eine Woche buchen (oder manchmal au\u00dferhalb der Hochsaison f\u00fcr Kurzurlaube), und dann sind Sie frei, Ihren Urlaub zu genie\u00dfen.","breadcrumb":{"@id":"https:\/\/www.urlaubcornwall.de\/blog\/welche-unterkunftsmoeglichkeiten-bietet-cornwall\/#breadcrumb"},"inLanguage":"en-US","potentialAction":[{"@type":"ReadAction","target":["https:\/\/www.urlaubcornwall.de\/blog\/welche-unterkunftsmoeglichkeiten-bietet-cornwall\/"]}]},{"@type":"BreadcrumbList","@id":"https:\/\/www.urlaubcornwall.de\/blog\/welche-unterkunftsmoeglichkeiten-bietet-cornwall\/#breadcrumb","itemListElement":[{"@type":"ListItem","position":1,"name":"Home","item":"https:\/\/www.urlaubcornwall.de\/blog\/"},{"@type":"ListItem","position":2,"name":"Welche Unterkunftsm\u00f6glichkeiten bietet Cornwall?"}]}]}},"_links":{"self":[{"href":"https:\/\/www.urlaubcornwall.de\/blog\/wp-json\/wp\/v2\/pages\/39821"}],"collection":[{"href":"https:\/\/www.urlaubcornwall.de\/blog\/wp-json\/wp\/v2\/pages"}],"about":[{"href":"https:\/\/www.urlaubcornwall.de\/blog\/wp-json\/wp\/v2\/types\/page"}],"author":[{"embeddable":true,"href":"https:\/\/www.urlaubcornwall.de\/blog\/wp-json\/wp\/v2\/users\/1"}],"replies":[{"embeddable":true,"href":"https:\/\/www.urlaubcornwall.de\/blog\/wp-json\/wp\/v2\/comments?post=39821"}],"version-history":[{"count":1,"href":"https:\/\/www.urlaubcornwall.de\/blog\/wp-json\/wp\/v2\/pages\/39821\/revisions"}],"predecessor-version":[{"id":39822,"href":"https:\/\/www.urlaubcornwall.de\/blog\/wp-json\/wp\/v2\/pages\/39821\/revisions\/39822"}],"wp:attachment":[{"href":"https:\/\/www.urlaubcornwall.de\/blog\/wp-json\/wp\/v2\/media?parent=39821"}],"curies":[{"name":"wp","href":"https:\/\/api.w.org\/{rel}","templated":true}]}}