{"id":39807,"date":"2020-04-02T15:02:38","date_gmt":"2020-04-02T15:02:38","guid":{"rendered":"https:\/\/www.urlaubcornwall.de\/blog\/?page_id=39807"},"modified":"2023-08-15T08:39:50","modified_gmt":"2023-08-15T08:39:50","slug":"urlaub-auf-die-isles-of-scilly-2021","status":"publish","type":"page","link":"https:\/\/www.urlaubcornwall.de\/blog\/urlaub-auf-die-isles-of-scilly-2021\/","title":{"rendered":"Urlaub auf den Isles of Scilly 2024"},"content":{"rendered":"<p><img loading=\"lazy\" class=\"aligncenter size-full wp-image-23718\" src=\"https:\/\/www.urlaubcornwall.de\/blog\/wp-content\/uploads\/2016\/04\/st-martins-scilly-inseln-1.jpg\" alt=\"st-martins-scilly inseln\" width=\"748\" height=\"404\"\/><\/p>\n<p>Die <a href=\"https:\/\/www.urlaubcornwall.de\/Scilly-Inseln.php\">Scilly-Inseln<\/a> sind Cornwalls bestgeh\u00fctetes Geheimnis; aufgrund ihres milden Klimas, der perfekten Sandstr\u00e4nde und dem t\u00fcrkisblauen Meer werden sie auch die gl\u00fccklichen Inseln (Fortunate Isles) genannt. Sie bestehen aus hunderten kleiner Inseln, von denen nur 5 bewohnt sind; St. Mary&#8217;s, St. Martin&#8217;s, St. Agnes, Bryher und Tresco sind ber\u00fchmt f\u00fcr ihre luxuri\u00f6sen Ferienunterk\u00fcnfte. <\/p>\n<p><strong>UrlaubCornwall.de \u2013 der Reiseservice f\u00fcr die Scilly-Inseln<\/strong><\/p>\n<p>Durch die Zusammenarbeit mit unserem Partner haben wir auch ein deutschsprachiges Team, das sich mit \u00fcber 20 Jahren Erfahrung in der Organisation von Urlaubs- und Rundreisen in Cornwall r\u00fchmen kann. Wir stellen Ihnen gerne <a href=\"https:\/\/www.urlaubcornwall.de\/reisebuchung.php?tourcode=Urlaub%20Scilly%20Inseln\">ein unverbindliches Angebot<\/a> mit allen Fl\u00fcgen und Transfers f\u00fcr Ihre Grossbritannien Reise zusammen.<\/p>\n","protected":false},"excerpt":{"rendered":"<p>Die Scilly-Inseln sind Cornwalls bestgeh\u00fctetes Geheimnis; aufgrund ihres milden Klimas, der perfekten Sandstr\u00e4nde und dem t\u00fcrkisblauen Meer werden sie auch die gl\u00fccklichen Inseln (Fortunate Isles) genannt. Sie bestehen aus hunderten kleiner Inseln, von denen nur 5 bewohnt sind; St. Mary&#8217;s, St. Martin&#8217;s, St. Agnes, Bryher und Tresco sind ber\u00fchmt f\u00fcr ihre luxuri\u00f6sen Ferienunterk\u00fcnfte. UrlaubCornwall.de \u2013 [&hellip;]<\/p>\n","protected":false},"author":1,"featured_media":0,"parent":0,"menu_order":0,"comment_status":"closed","ping_status":"closed","template":"single-four.php","meta":[],"acf":[],"yoast_head":"<!-- This site is optimized with the Yoast SEO plugin v19.4 - https:\/\/yoast.com\/wordpress\/plugins\/seo\/ -->\n<title>Urlaub auf den Isles of Scilly 2024 - Urlaub &amp; Reisen<\/title>\n<meta name=\"description\" content=\"Wir sind Experten, was die Scilly Inseln und Cornwall- betrifft und Ihnen gerne dabei behilflich, die Scilly Inseln auf einer Rundreise durch Cornwall mit einzubeziehen. Wir sind in Cornwall ans\u00e4ssig und f\u00fchren die informativste Webseite f\u00fcr Urlaub und Reisen in Cornwall. Dank unserer guten Ortskenntnisse k\u00f6nnen wir den perfekten Urlaub auf den Scilly-Inseln f\u00fcr Sie zusammenstellen.\" \/>\n<meta name=\"robots\" content=\"index, follow, max-snippet:-1, max-image-preview:large, max-video-preview:-1\" \/>\n<link rel=\"canonical\" href=\"https:\/\/www.urlaubcornwall.de\/blog\/urlaub-auf-die-isles-of-scilly-2021\/\" \/>\n<meta property=\"og:locale\" content=\"en_US\" \/>\n<meta property=\"og:type\" content=\"article\" \/>\n<meta property=\"og:title\" content=\"Urlaub auf den Isles of Scilly 2024 - Urlaub &amp; Reisen\" \/>\n<meta property=\"og:description\" content=\"Wir sind Experten, was die Scilly Inseln und Cornwall- betrifft und Ihnen gerne dabei behilflich, die Scilly Inseln auf einer Rundreise durch Cornwall mit einzubeziehen. Wir sind in Cornwall ans\u00e4ssig und f\u00fchren die informativste Webseite f\u00fcr Urlaub und Reisen in Cornwall. Dank unserer guten Ortskenntnisse k\u00f6nnen wir den perfekten Urlaub auf den Scilly-Inseln f\u00fcr Sie zusammenstellen.\" \/>\n<meta property=\"og:url\" content=\"https:\/\/www.urlaubcornwall.de\/blog\/urlaub-auf-die-isles-of-scilly-2021\/\" \/>\n<meta property=\"og:site_name\" content=\"Urlaub &amp; Reisen\" \/>\n<meta property=\"article:modified_time\" content=\"2023-08-15T08:39:50+00:00\" \/>\n<meta property=\"og:image\" content=\"https:\/\/www.urlaubcornwall.de\/blog\/wp-content\/uploads\/2016\/04\/st-martins-scilly-inseln-1.jpg\" \/>\n<meta name=\"twitter:card\" content=\"summary\" \/>\n<meta name=\"twitter:label1\" content=\"Est. reading time\" \/>\n\t<meta name=\"twitter:data1\" content=\"1 minute\" \/>\n<script type=\"application\/ld+json\" class=\"yoast-schema-graph\">{\"@context\":\"https:\/\/schema.org\",\"@graph\":[{\"@type\":\"WebSite\",\"@id\":\"https:\/\/www.urlaubcornwall.de\/blog\/#website\",\"url\":\"https:\/\/www.urlaubcornwall.de\/blog\/\",\"name\":\"Urlaub &amp; Reisen\",\"description\":\"Urlaub, Reisen, Cornwall und S\u00fcdengland: eine perfekte Kombination\",\"potentialAction\":[{\"@type\":\"SearchAction\",\"target\":{\"@type\":\"EntryPoint\",\"urlTemplate\":\"https:\/\/www.urlaubcornwall.de\/blog\/?s={search_term_string}\"},\"query-input\":\"required name=search_term_string\"}],\"inLanguage\":\"en-US\"},{\"@type\":\"WebPage\",\"@id\":\"https:\/\/www.urlaubcornwall.de\/blog\/urlaub-auf-die-isles-of-scilly-2021\/\",\"url\":\"https:\/\/www.urlaubcornwall.de\/blog\/urlaub-auf-die-isles-of-scilly-2021\/\",\"name\":\"Urlaub auf den Isles of Scilly 2024 - Urlaub &amp; Reisen\",\"isPartOf\":{\"@id\":\"https:\/\/www.urlaubcornwall.de\/blog\/#website\"},\"datePublished\":\"2020-04-02T15:02:38+00:00\",\"dateModified\":\"2023-08-15T08:39:50+00:00\",\"description\":\"Wir sind Experten, was die Scilly Inseln und Cornwall- betrifft und Ihnen gerne dabei behilflich, die Scilly Inseln auf einer Rundreise durch Cornwall mit einzubeziehen. Wir sind in Cornwall ans\u00e4ssig und f\u00fchren die informativste Webseite f\u00fcr Urlaub und Reisen in Cornwall. Dank unserer guten Ortskenntnisse k\u00f6nnen wir den perfekten Urlaub auf den Scilly-Inseln f\u00fcr Sie zusammenstellen.\",\"breadcrumb\":{\"@id\":\"https:\/\/www.urlaubcornwall.de\/blog\/urlaub-auf-die-isles-of-scilly-2021\/#breadcrumb\"},\"inLanguage\":\"en-US\",\"potentialAction\":[{\"@type\":\"ReadAction\",\"target\":[\"https:\/\/www.urlaubcornwall.de\/blog\/urlaub-auf-die-isles-of-scilly-2021\/\"]}]},{\"@type\":\"BreadcrumbList\",\"@id\":\"https:\/\/www.urlaubcornwall.de\/blog\/urlaub-auf-die-isles-of-scilly-2021\/#breadcrumb\",\"itemListElement\":[{\"@type\":\"ListItem\",\"position\":1,\"name\":\"Home\",\"item\":\"https:\/\/www.urlaubcornwall.de\/blog\/\"},{\"@type\":\"ListItem\",\"position\":2,\"name\":\"Urlaub auf den Isles of Scilly 2024\"}]}]}<\/script>\n<!-- \/ Yoast SEO plugin. -->","yoast_head_json":{"title":"Urlaub auf den Isles of Scilly 2024 - Urlaub &amp; Reisen","description":"Wir sind Experten, was die Scilly Inseln und Cornwall- betrifft und Ihnen gerne dabei behilflich, die Scilly Inseln auf einer Rundreise durch Cornwall mit einzubeziehen. Wir sind in Cornwall ans\u00e4ssig und f\u00fchren die informativste Webseite f\u00fcr Urlaub und Reisen in Cornwall. Dank unserer guten Ortskenntnisse k\u00f6nnen wir den perfekten Urlaub auf den Scilly-Inseln f\u00fcr Sie zusammenstellen.","robots":{"index":"index","follow":"follow","max-snippet":"max-snippet:-1","max-image-preview":"max-image-preview:large","max-video-preview":"max-video-preview:-1"},"canonical":"https:\/\/www.urlaubcornwall.de\/blog\/urlaub-auf-die-isles-of-scilly-2021\/","og_locale":"en_US","og_type":"article","og_title":"Urlaub auf den Isles of Scilly 2024 - Urlaub &amp; Reisen","og_description":"Wir sind Experten, was die Scilly Inseln und Cornwall- betrifft und Ihnen gerne dabei behilflich, die Scilly Inseln auf einer Rundreise durch Cornwall mit einzubeziehen. Wir sind in Cornwall ans\u00e4ssig und f\u00fchren die informativste Webseite f\u00fcr Urlaub und Reisen in Cornwall. Dank unserer guten Ortskenntnisse k\u00f6nnen wir den perfekten Urlaub auf den Scilly-Inseln f\u00fcr Sie zusammenstellen.","og_url":"https:\/\/www.urlaubcornwall.de\/blog\/urlaub-auf-die-isles-of-scilly-2021\/","og_site_name":"Urlaub &amp; Reisen","article_modified_time":"2023-08-15T08:39:50+00:00","og_image":[{"url":"https:\/\/www.urlaubcornwall.de\/blog\/wp-content\/uploads\/2016\/04\/st-martins-scilly-inseln-1.jpg"}],"twitter_card":"summary","twitter_misc":{"Est. reading time":"1 minute"},"schema":{"@context":"https:\/\/schema.org","@graph":[{"@type":"WebSite","@id":"https:\/\/www.urlaubcornwall.de\/blog\/#website","url":"https:\/\/www.urlaubcornwall.de\/blog\/","name":"Urlaub &amp; Reisen","description":"Urlaub, Reisen, Cornwall und S\u00fcdengland: eine perfekte Kombination","potentialAction":[{"@type":"SearchAction","target":{"@type":"EntryPoint","urlTemplate":"https:\/\/www.urlaubcornwall.de\/blog\/?s={search_term_string}"},"query-input":"required name=search_term_string"}],"inLanguage":"en-US"},{"@type":"WebPage","@id":"https:\/\/www.urlaubcornwall.de\/blog\/urlaub-auf-die-isles-of-scilly-2021\/","url":"https:\/\/www.urlaubcornwall.de\/blog\/urlaub-auf-die-isles-of-scilly-2021\/","name":"Urlaub auf den Isles of Scilly 2024 - Urlaub &amp; Reisen","isPartOf":{"@id":"https:\/\/www.urlaubcornwall.de\/blog\/#website"},"datePublished":"2020-04-02T15:02:38+00:00","dateModified":"2023-08-15T08:39:50+00:00","description":"Wir sind Experten, was die Scilly Inseln und Cornwall- betrifft und Ihnen gerne dabei behilflich, die Scilly Inseln auf einer Rundreise durch Cornwall mit einzubeziehen. Wir sind in Cornwall ans\u00e4ssig und f\u00fchren die informativste Webseite f\u00fcr Urlaub und Reisen in Cornwall. Dank unserer guten Ortskenntnisse k\u00f6nnen wir den perfekten Urlaub auf den Scilly-Inseln f\u00fcr Sie zusammenstellen.","breadcrumb":{"@id":"https:\/\/www.urlaubcornwall.de\/blog\/urlaub-auf-die-isles-of-scilly-2021\/#breadcrumb"},"inLanguage":"en-US","potentialAction":[{"@type":"ReadAction","target":["https:\/\/www.urlaubcornwall.de\/blog\/urlaub-auf-die-isles-of-scilly-2021\/"]}]},{"@type":"BreadcrumbList","@id":"https:\/\/www.urlaubcornwall.de\/blog\/urlaub-auf-die-isles-of-scilly-2021\/#breadcrumb","itemListElement":[{"@type":"ListItem","position":1,"name":"Home","item":"https:\/\/www.urlaubcornwall.de\/blog\/"},{"@type":"ListItem","position":2,"name":"Urlaub auf den Isles of Scilly 2024"}]}]}},"_links":{"self":[{"href":"https:\/\/www.urlaubcornwall.de\/blog\/wp-json\/wp\/v2\/pages\/39807"}],"collection":[{"href":"https:\/\/www.urlaubcornwall.de\/blog\/wp-json\/wp\/v2\/pages"}],"about":[{"href":"https:\/\/www.urlaubcornwall.de\/blog\/wp-json\/wp\/v2\/types\/page"}],"author":[{"embeddable":true,"href":"https:\/\/www.urlaubcornwall.de\/blog\/wp-json\/wp\/v2\/users\/1"}],"replies":[{"embeddable":true,"href":"https:\/\/www.urlaubcornwall.de\/blog\/wp-json\/wp\/v2\/comments?post=39807"}],"version-history":[{"count":7,"href":"https:\/\/www.urlaubcornwall.de\/blog\/wp-json\/wp\/v2\/pages\/39807\/revisions"}],"predecessor-version":[{"id":47220,"href":"https:\/\/www.urlaubcornwall.de\/blog\/wp-json\/wp\/v2\/pages\/39807\/revisions\/47220"}],"wp:attachment":[{"href":"https:\/\/www.urlaubcornwall.de\/blog\/wp-json\/wp\/v2\/media?parent=39807"}],"curies":[{"name":"wp","href":"https:\/\/api.w.org\/{rel}","templated":true}]}}