{"id":39798,"date":"2020-04-02T10:54:48","date_gmt":"2020-04-02T10:54:48","guid":{"rendered":"https:\/\/www.urlaubcornwall.de\/blog\/?page_id=39798"},"modified":"2024-05-30T15:36:43","modified_gmt":"2024-05-30T15:36:43","slug":"ferienhaeuser-in-lancashire-mit-hund","status":"publish","type":"page","link":"https:\/\/www.urlaubcornwall.de\/blog\/ferienhaeuser-in-lancashire-mit-hund\/","title":{"rendered":"Ferienh\u00e4user in Lancashire mit Hund"},"content":{"rendered":"<p><strong>Hundefreundliche Ferienh\u00e4user &#038; Cottages in Lancashire<\/strong> &#8211; Bei uns finden Sie Ferienh\u00e4user, Ferienwohnungen &#038; Cottages zum Verlieben &#8211; so einfach ist das! UrlaubCornwall verf\u00fcgt Unterk\u00fcnfte f\u00fcr Ihren Urlaub mit Hund. <\/p>\n<p style=\"text-align: center;\"><a class=\"tidycta\" href=\"https:\/\/www.urlaubcornwall.de\/ferienhaeuser-fewos\/eng\/lancashire\/lancashire-hundefreundlich.html\">Suche Ferienh\u00e4user<\/a><\/p>\n<div class=\"snippet\"> <a class=\"featured-item\" href=\" https:\/\/www.urlaubcornwall.de\/ferienhaeuser.php\"> <span class=\"image-holder\" style=\"background-image: url('https:\/\/www.urlaubcornwall.de\/blog\/wp-content\/uploads\/2018\/11\/landhaus-cornwall-1.jpg');\"><\/span> <span class=\"featured-content\"> \n<h2 class=\"featured-title\">Ferienh\u00e4user in England<\/h2>\n<p class=\"featured-body\">Bei uns finden Sie Ferienh\u00e4user zum Verlieben! Dank seiner langen Geschichte, der reizvollen Landschaften und seinen vielen Attraktionen ist S\u00fcdengland ein wahres Mekka f\u00fcr Urlauber&#8230;.<\/p>\n<\/span> <span class=\"featured-link-holder\"> <span class=\"featured-extra-info\"> \n<p> F\u00fcr Paare, Familien &#038; Gruppen<\/p>\n<\/span> \n<p class=\"featured-link\">DETAILS<\/p>\n<\/span> <\/a><\/div>\n","protected":false},"excerpt":{"rendered":"<p>Hundefreundliche Ferienh\u00e4user &#038; Cottages in Lancashire &#8211; Bei uns finden Sie Ferienh\u00e4user, Ferienwohnungen &#038; Cottages zum Verlieben &#8211; so einfach ist das! UrlaubCornwall verf\u00fcgt Unterk\u00fcnfte f\u00fcr Ihren Urlaub mit Hund. Suche Ferienh\u00e4user Ferienh\u00e4user in England Bei uns finden Sie Ferienh\u00e4user zum Verlieben! Dank seiner langen Geschichte, der reizvollen Landschaften und seinen vielen Attraktionen ist S\u00fcdengland [&hellip;]<\/p>\n","protected":false},"author":1,"featured_media":0,"parent":0,"menu_order":0,"comment_status":"closed","ping_status":"closed","template":"single-four.php","meta":[],"acf":[],"yoast_head":"<!-- This site is optimized with the Yoast SEO plugin v19.4 - https:\/\/yoast.com\/wordpress\/plugins\/seo\/ -->\n<title>Ferienh\u00e4user in Lancashire mit Hund - Urlaub &amp; Reisen<\/title>\n<meta name=\"description\" content=\"Hundefreundliche Ferienh\u00e4user &amp; Cottages in Lancashire - Bei uns finden Sie Ferienh\u00e4user, Ferienwohnungen &amp; Cottages zum Verlieben - so einfach ist das! UrlaubCornwall verf\u00fcgt Unterk\u00fcnfte f\u00fcr Ihren Urlaub mit Hund.\" \/>\n<meta name=\"robots\" content=\"index, follow, max-snippet:-1, max-image-preview:large, max-video-preview:-1\" \/>\n<link rel=\"canonical\" href=\"https:\/\/www.urlaubcornwall.de\/blog\/ferienhaeuser-in-lancashire-mit-hund\/\" \/>\n<meta property=\"og:locale\" content=\"en_US\" \/>\n<meta property=\"og:type\" content=\"article\" \/>\n<meta property=\"og:title\" content=\"Ferienh\u00e4user in Lancashire mit Hund - Urlaub &amp; Reisen\" \/>\n<meta property=\"og:description\" content=\"Hundefreundliche Ferienh\u00e4user &amp; Cottages in Lancashire - Bei uns finden Sie Ferienh\u00e4user, Ferienwohnungen &amp; Cottages zum Verlieben - so einfach ist das! UrlaubCornwall verf\u00fcgt Unterk\u00fcnfte f\u00fcr Ihren Urlaub mit Hund.\" \/>\n<meta property=\"og:url\" content=\"https:\/\/www.urlaubcornwall.de\/blog\/ferienhaeuser-in-lancashire-mit-hund\/\" \/>\n<meta property=\"og:site_name\" content=\"Urlaub &amp; Reisen\" \/>\n<meta property=\"article:modified_time\" content=\"2024-05-30T15:36:43+00:00\" \/>\n<meta name=\"twitter:card\" content=\"summary\" \/>\n<meta name=\"twitter:label1\" content=\"Est. reading time\" \/>\n\t<meta name=\"twitter:data1\" content=\"1 minute\" \/>\n<script type=\"application\/ld+json\" class=\"yoast-schema-graph\">{\"@context\":\"https:\/\/schema.org\",\"@graph\":[{\"@type\":\"WebSite\",\"@id\":\"https:\/\/www.urlaubcornwall.de\/blog\/#website\",\"url\":\"https:\/\/www.urlaubcornwall.de\/blog\/\",\"name\":\"Urlaub &amp; Reisen\",\"description\":\"Urlaub, Reisen, Cornwall und S\u00fcdengland: eine perfekte Kombination\",\"potentialAction\":[{\"@type\":\"SearchAction\",\"target\":{\"@type\":\"EntryPoint\",\"urlTemplate\":\"https:\/\/www.urlaubcornwall.de\/blog\/?s={search_term_string}\"},\"query-input\":\"required name=search_term_string\"}],\"inLanguage\":\"en-US\"},{\"@type\":\"WebPage\",\"@id\":\"https:\/\/www.urlaubcornwall.de\/blog\/ferienhaeuser-in-lancashire-mit-hund\/\",\"url\":\"https:\/\/www.urlaubcornwall.de\/blog\/ferienhaeuser-in-lancashire-mit-hund\/\",\"name\":\"Ferienh\u00e4user in Lancashire mit Hund - Urlaub &amp; Reisen\",\"isPartOf\":{\"@id\":\"https:\/\/www.urlaubcornwall.de\/blog\/#website\"},\"datePublished\":\"2020-04-02T10:54:48+00:00\",\"dateModified\":\"2024-05-30T15:36:43+00:00\",\"description\":\"Hundefreundliche Ferienh\u00e4user & Cottages in Lancashire - Bei uns finden Sie Ferienh\u00e4user, Ferienwohnungen & Cottages zum Verlieben - so einfach ist das! UrlaubCornwall verf\u00fcgt Unterk\u00fcnfte f\u00fcr Ihren Urlaub mit Hund.\",\"breadcrumb\":{\"@id\":\"https:\/\/www.urlaubcornwall.de\/blog\/ferienhaeuser-in-lancashire-mit-hund\/#breadcrumb\"},\"inLanguage\":\"en-US\",\"potentialAction\":[{\"@type\":\"ReadAction\",\"target\":[\"https:\/\/www.urlaubcornwall.de\/blog\/ferienhaeuser-in-lancashire-mit-hund\/\"]}]},{\"@type\":\"BreadcrumbList\",\"@id\":\"https:\/\/www.urlaubcornwall.de\/blog\/ferienhaeuser-in-lancashire-mit-hund\/#breadcrumb\",\"itemListElement\":[{\"@type\":\"ListItem\",\"position\":1,\"name\":\"Home\",\"item\":\"https:\/\/www.urlaubcornwall.de\/blog\/\"},{\"@type\":\"ListItem\",\"position\":2,\"name\":\"Ferienh\u00e4user in Lancashire mit Hund\"}]}]}<\/script>\n<!-- \/ Yoast SEO plugin. -->","yoast_head_json":{"title":"Ferienh\u00e4user in Lancashire mit Hund - Urlaub &amp; Reisen","description":"Hundefreundliche Ferienh\u00e4user & Cottages in Lancashire - Bei uns finden Sie Ferienh\u00e4user, Ferienwohnungen & Cottages zum Verlieben - so einfach ist das! UrlaubCornwall verf\u00fcgt Unterk\u00fcnfte f\u00fcr Ihren Urlaub mit Hund.","robots":{"index":"index","follow":"follow","max-snippet":"max-snippet:-1","max-image-preview":"max-image-preview:large","max-video-preview":"max-video-preview:-1"},"canonical":"https:\/\/www.urlaubcornwall.de\/blog\/ferienhaeuser-in-lancashire-mit-hund\/","og_locale":"en_US","og_type":"article","og_title":"Ferienh\u00e4user in Lancashire mit Hund - Urlaub &amp; Reisen","og_description":"Hundefreundliche Ferienh\u00e4user & Cottages in Lancashire - Bei uns finden Sie Ferienh\u00e4user, Ferienwohnungen & Cottages zum Verlieben - so einfach ist das! UrlaubCornwall verf\u00fcgt Unterk\u00fcnfte f\u00fcr Ihren Urlaub mit Hund.","og_url":"https:\/\/www.urlaubcornwall.de\/blog\/ferienhaeuser-in-lancashire-mit-hund\/","og_site_name":"Urlaub &amp; Reisen","article_modified_time":"2024-05-30T15:36:43+00:00","twitter_card":"summary","twitter_misc":{"Est. reading time":"1 minute"},"schema":{"@context":"https:\/\/schema.org","@graph":[{"@type":"WebSite","@id":"https:\/\/www.urlaubcornwall.de\/blog\/#website","url":"https:\/\/www.urlaubcornwall.de\/blog\/","name":"Urlaub &amp; Reisen","description":"Urlaub, Reisen, Cornwall und S\u00fcdengland: eine perfekte Kombination","potentialAction":[{"@type":"SearchAction","target":{"@type":"EntryPoint","urlTemplate":"https:\/\/www.urlaubcornwall.de\/blog\/?s={search_term_string}"},"query-input":"required name=search_term_string"}],"inLanguage":"en-US"},{"@type":"WebPage","@id":"https:\/\/www.urlaubcornwall.de\/blog\/ferienhaeuser-in-lancashire-mit-hund\/","url":"https:\/\/www.urlaubcornwall.de\/blog\/ferienhaeuser-in-lancashire-mit-hund\/","name":"Ferienh\u00e4user in Lancashire mit Hund - Urlaub &amp; Reisen","isPartOf":{"@id":"https:\/\/www.urlaubcornwall.de\/blog\/#website"},"datePublished":"2020-04-02T10:54:48+00:00","dateModified":"2024-05-30T15:36:43+00:00","description":"Hundefreundliche Ferienh\u00e4user & Cottages in Lancashire - Bei uns finden Sie Ferienh\u00e4user, Ferienwohnungen & Cottages zum Verlieben - so einfach ist das! UrlaubCornwall verf\u00fcgt Unterk\u00fcnfte f\u00fcr Ihren Urlaub mit Hund.","breadcrumb":{"@id":"https:\/\/www.urlaubcornwall.de\/blog\/ferienhaeuser-in-lancashire-mit-hund\/#breadcrumb"},"inLanguage":"en-US","potentialAction":[{"@type":"ReadAction","target":["https:\/\/www.urlaubcornwall.de\/blog\/ferienhaeuser-in-lancashire-mit-hund\/"]}]},{"@type":"BreadcrumbList","@id":"https:\/\/www.urlaubcornwall.de\/blog\/ferienhaeuser-in-lancashire-mit-hund\/#breadcrumb","itemListElement":[{"@type":"ListItem","position":1,"name":"Home","item":"https:\/\/www.urlaubcornwall.de\/blog\/"},{"@type":"ListItem","position":2,"name":"Ferienh\u00e4user in Lancashire mit Hund"}]}]}},"_links":{"self":[{"href":"https:\/\/www.urlaubcornwall.de\/blog\/wp-json\/wp\/v2\/pages\/39798"}],"collection":[{"href":"https:\/\/www.urlaubcornwall.de\/blog\/wp-json\/wp\/v2\/pages"}],"about":[{"href":"https:\/\/www.urlaubcornwall.de\/blog\/wp-json\/wp\/v2\/types\/page"}],"author":[{"embeddable":true,"href":"https:\/\/www.urlaubcornwall.de\/blog\/wp-json\/wp\/v2\/users\/1"}],"replies":[{"embeddable":true,"href":"https:\/\/www.urlaubcornwall.de\/blog\/wp-json\/wp\/v2\/comments?post=39798"}],"version-history":[{"count":2,"href":"https:\/\/www.urlaubcornwall.de\/blog\/wp-json\/wp\/v2\/pages\/39798\/revisions"}],"predecessor-version":[{"id":51152,"href":"https:\/\/www.urlaubcornwall.de\/blog\/wp-json\/wp\/v2\/pages\/39798\/revisions\/51152"}],"wp:attachment":[{"href":"https:\/\/www.urlaubcornwall.de\/blog\/wp-json\/wp\/v2\/media?parent=39798"}],"curies":[{"name":"wp","href":"https:\/\/api.w.org\/{rel}","templated":true}]}}