{"id":39794,"date":"2020-04-01T14:11:28","date_gmt":"2020-04-01T14:11:28","guid":{"rendered":"https:\/\/www.urlaubcornwall.de\/blog\/?page_id=39794"},"modified":"2024-05-30T09:29:12","modified_gmt":"2024-05-30T09:29:12","slug":"winkleigh-urlaub-in-devon-und-suedengland","status":"publish","type":"page","link":"https:\/\/www.urlaubcornwall.de\/blog\/winkleigh-urlaub-in-devon-und-suedengland\/","title":{"rendered":"Winkleigh &#8211; Urlaub in Devon und S\u00fcdengland"},"content":{"rendered":"<p><a href=\"https:\/\/www.urlaubcornwall.de\/blog\/wp-content\/uploads\/2023\/06\/exmoor_nationalpark.jpg\"><img loading=\"lazy\" src=\"https:\/\/www.urlaubcornwall.de\/blog\/wp-content\/uploads\/2023\/06\/exmoor_nationalpark.jpg\" alt=\"exmoor_nationalpark\" width=\"750\" height=\"453\" class=\"alignnone size-full wp-image-46670\" srcset=\"https:\/\/www.urlaubcornwall.de\/blog\/wp-content\/uploads\/2023\/06\/exmoor_nationalpark.jpg 750w, https:\/\/www.urlaubcornwall.de\/blog\/wp-content\/uploads\/2023\/06\/exmoor_nationalpark-300x181.jpg 300w\" sizes=\"(max-width: 750px) 100vw, 750px\" \/><\/a><\/p>\n<p>Eine lebendige Dorfgemeinschaft, die ungef\u00e4hr in der Mitte zwischen <a href=\"https:\/\/www.urlaubcornwall.de\/ferienhaeuser-fewos\/eng\/sued-devon\/dartmoor.html\">Dartmoor<\/a> und <a href=\"https:\/\/www.urlaubcornwall.de\/ferienhaeuser-fewos\/eng\/nord-devon\/exmoor-national-park.html\">Exmoor<\/a> liegt. In Winkleigh gibt es eine Menge an Geschichte und Interessantem zu erkunden.<\/p>\n<p style=\"text-align: center;\"><a class=\"tidycta\" href=\"https:\/\/www.urlaubcornwall.de\/ferienhaeuser-fewos\/eng\/nord-devon\/winkleigh.html\">Ferienh\u00e4user in Winkleigh<\/a><\/p>\n<p>Bei uns finden Sie Ferienh\u00e4user zum Verlieben &#8211; so einfach ist das!  W\u00e4hlen Sie aus \u00fcber 1000 pers\u00f6nlich inspizierten Ferienh\u00e4usern, Cottages &#038; Ferienwohnungen in <a href=\"https:\/\/www.urlaubcornwall.de\/ferienhaeuser\/suedengland.php\">Devon und S\u00fcdengland<\/a>.<\/p>\n","protected":false},"excerpt":{"rendered":"<p>Eine lebendige Dorfgemeinschaft, die ungef\u00e4hr in der Mitte zwischen Dartmoor und Exmoor liegt. In Winkleigh gibt es eine Menge an Geschichte und Interessantem zu erkunden. Ferienh\u00e4user in Winkleigh Bei uns finden Sie Ferienh\u00e4user zum Verlieben &#8211; so einfach ist das! W\u00e4hlen Sie aus \u00fcber 1000 pers\u00f6nlich inspizierten Ferienh\u00e4usern, Cottages &#038; Ferienwohnungen in Devon und S\u00fcdengland.<\/p>\n","protected":false},"author":1,"featured_media":0,"parent":0,"menu_order":0,"comment_status":"closed","ping_status":"closed","template":"single-four.php","meta":[],"acf":[],"yoast_head":"<!-- This site is optimized with the Yoast SEO plugin v19.4 - https:\/\/yoast.com\/wordpress\/plugins\/seo\/ -->\n<title>Winkleigh - Urlaub in Devon und S\u00fcdengland - Urlaub &amp; Reisen<\/title>\n<meta name=\"description\" content=\"Eine lebendige Dorfgemeinschaft, die ungef\u00e4hr in der Mitte zwischen Dartmoor und Exmoor liegt. In Winkleigh gibt es eine Menge an Geschichte und Interessantem zu erkunden.\" \/>\n<meta name=\"robots\" content=\"index, follow, max-snippet:-1, max-image-preview:large, max-video-preview:-1\" \/>\n<link rel=\"canonical\" href=\"https:\/\/www.urlaubcornwall.de\/blog\/winkleigh-urlaub-in-devon-und-suedengland\/\" \/>\n<meta property=\"og:locale\" content=\"en_US\" \/>\n<meta property=\"og:type\" content=\"article\" \/>\n<meta property=\"og:title\" content=\"Winkleigh - Urlaub in Devon und S\u00fcdengland - Urlaub &amp; Reisen\" \/>\n<meta property=\"og:description\" content=\"Eine lebendige Dorfgemeinschaft, die ungef\u00e4hr in der Mitte zwischen Dartmoor und Exmoor liegt. In Winkleigh gibt es eine Menge an Geschichte und Interessantem zu erkunden.\" \/>\n<meta property=\"og:url\" content=\"https:\/\/www.urlaubcornwall.de\/blog\/winkleigh-urlaub-in-devon-und-suedengland\/\" \/>\n<meta property=\"og:site_name\" content=\"Urlaub &amp; Reisen\" \/>\n<meta property=\"article:modified_time\" content=\"2024-05-30T09:29:12+00:00\" \/>\n<meta property=\"og:image\" content=\"https:\/\/www.urlaubcornwall.de\/blog\/wp-content\/uploads\/2023\/06\/exmoor_nationalpark.jpg\" \/>\n<meta name=\"twitter:card\" content=\"summary\" \/>\n<meta name=\"twitter:label1\" content=\"Est. reading time\" \/>\n\t<meta name=\"twitter:data1\" content=\"1 minute\" \/>\n<script type=\"application\/ld+json\" class=\"yoast-schema-graph\">{\"@context\":\"https:\/\/schema.org\",\"@graph\":[{\"@type\":\"WebSite\",\"@id\":\"https:\/\/www.urlaubcornwall.de\/blog\/#website\",\"url\":\"https:\/\/www.urlaubcornwall.de\/blog\/\",\"name\":\"Urlaub &amp; Reisen\",\"description\":\"Urlaub, Reisen, Cornwall und S\u00fcdengland: eine perfekte Kombination\",\"potentialAction\":[{\"@type\":\"SearchAction\",\"target\":{\"@type\":\"EntryPoint\",\"urlTemplate\":\"https:\/\/www.urlaubcornwall.de\/blog\/?s={search_term_string}\"},\"query-input\":\"required name=search_term_string\"}],\"inLanguage\":\"en-US\"},{\"@type\":\"WebPage\",\"@id\":\"https:\/\/www.urlaubcornwall.de\/blog\/winkleigh-urlaub-in-devon-und-suedengland\/\",\"url\":\"https:\/\/www.urlaubcornwall.de\/blog\/winkleigh-urlaub-in-devon-und-suedengland\/\",\"name\":\"Winkleigh - Urlaub in Devon und S\u00fcdengland - Urlaub &amp; Reisen\",\"isPartOf\":{\"@id\":\"https:\/\/www.urlaubcornwall.de\/blog\/#website\"},\"datePublished\":\"2020-04-01T14:11:28+00:00\",\"dateModified\":\"2024-05-30T09:29:12+00:00\",\"description\":\"Eine lebendige Dorfgemeinschaft, die ungef\u00e4hr in der Mitte zwischen Dartmoor und Exmoor liegt. In Winkleigh gibt es eine Menge an Geschichte und Interessantem zu erkunden.\",\"breadcrumb\":{\"@id\":\"https:\/\/www.urlaubcornwall.de\/blog\/winkleigh-urlaub-in-devon-und-suedengland\/#breadcrumb\"},\"inLanguage\":\"en-US\",\"potentialAction\":[{\"@type\":\"ReadAction\",\"target\":[\"https:\/\/www.urlaubcornwall.de\/blog\/winkleigh-urlaub-in-devon-und-suedengland\/\"]}]},{\"@type\":\"BreadcrumbList\",\"@id\":\"https:\/\/www.urlaubcornwall.de\/blog\/winkleigh-urlaub-in-devon-und-suedengland\/#breadcrumb\",\"itemListElement\":[{\"@type\":\"ListItem\",\"position\":1,\"name\":\"Home\",\"item\":\"https:\/\/www.urlaubcornwall.de\/blog\/\"},{\"@type\":\"ListItem\",\"position\":2,\"name\":\"Winkleigh &#8211; Urlaub in Devon und S\u00fcdengland\"}]}]}<\/script>\n<!-- \/ Yoast SEO plugin. -->","yoast_head_json":{"title":"Winkleigh - Urlaub in Devon und S\u00fcdengland - Urlaub &amp; Reisen","description":"Eine lebendige Dorfgemeinschaft, die ungef\u00e4hr in der Mitte zwischen Dartmoor und Exmoor liegt. In Winkleigh gibt es eine Menge an Geschichte und Interessantem zu erkunden.","robots":{"index":"index","follow":"follow","max-snippet":"max-snippet:-1","max-image-preview":"max-image-preview:large","max-video-preview":"max-video-preview:-1"},"canonical":"https:\/\/www.urlaubcornwall.de\/blog\/winkleigh-urlaub-in-devon-und-suedengland\/","og_locale":"en_US","og_type":"article","og_title":"Winkleigh - Urlaub in Devon und S\u00fcdengland - Urlaub &amp; Reisen","og_description":"Eine lebendige Dorfgemeinschaft, die ungef\u00e4hr in der Mitte zwischen Dartmoor und Exmoor liegt. In Winkleigh gibt es eine Menge an Geschichte und Interessantem zu erkunden.","og_url":"https:\/\/www.urlaubcornwall.de\/blog\/winkleigh-urlaub-in-devon-und-suedengland\/","og_site_name":"Urlaub &amp; Reisen","article_modified_time":"2024-05-30T09:29:12+00:00","og_image":[{"url":"https:\/\/www.urlaubcornwall.de\/blog\/wp-content\/uploads\/2023\/06\/exmoor_nationalpark.jpg"}],"twitter_card":"summary","twitter_misc":{"Est. reading time":"1 minute"},"schema":{"@context":"https:\/\/schema.org","@graph":[{"@type":"WebSite","@id":"https:\/\/www.urlaubcornwall.de\/blog\/#website","url":"https:\/\/www.urlaubcornwall.de\/blog\/","name":"Urlaub &amp; Reisen","description":"Urlaub, Reisen, Cornwall und S\u00fcdengland: eine perfekte Kombination","potentialAction":[{"@type":"SearchAction","target":{"@type":"EntryPoint","urlTemplate":"https:\/\/www.urlaubcornwall.de\/blog\/?s={search_term_string}"},"query-input":"required name=search_term_string"}],"inLanguage":"en-US"},{"@type":"WebPage","@id":"https:\/\/www.urlaubcornwall.de\/blog\/winkleigh-urlaub-in-devon-und-suedengland\/","url":"https:\/\/www.urlaubcornwall.de\/blog\/winkleigh-urlaub-in-devon-und-suedengland\/","name":"Winkleigh - Urlaub in Devon und S\u00fcdengland - Urlaub &amp; Reisen","isPartOf":{"@id":"https:\/\/www.urlaubcornwall.de\/blog\/#website"},"datePublished":"2020-04-01T14:11:28+00:00","dateModified":"2024-05-30T09:29:12+00:00","description":"Eine lebendige Dorfgemeinschaft, die ungef\u00e4hr in der Mitte zwischen Dartmoor und Exmoor liegt. In Winkleigh gibt es eine Menge an Geschichte und Interessantem zu erkunden.","breadcrumb":{"@id":"https:\/\/www.urlaubcornwall.de\/blog\/winkleigh-urlaub-in-devon-und-suedengland\/#breadcrumb"},"inLanguage":"en-US","potentialAction":[{"@type":"ReadAction","target":["https:\/\/www.urlaubcornwall.de\/blog\/winkleigh-urlaub-in-devon-und-suedengland\/"]}]},{"@type":"BreadcrumbList","@id":"https:\/\/www.urlaubcornwall.de\/blog\/winkleigh-urlaub-in-devon-und-suedengland\/#breadcrumb","itemListElement":[{"@type":"ListItem","position":1,"name":"Home","item":"https:\/\/www.urlaubcornwall.de\/blog\/"},{"@type":"ListItem","position":2,"name":"Winkleigh &#8211; Urlaub in Devon und S\u00fcdengland"}]}]}},"_links":{"self":[{"href":"https:\/\/www.urlaubcornwall.de\/blog\/wp-json\/wp\/v2\/pages\/39794"}],"collection":[{"href":"https:\/\/www.urlaubcornwall.de\/blog\/wp-json\/wp\/v2\/pages"}],"about":[{"href":"https:\/\/www.urlaubcornwall.de\/blog\/wp-json\/wp\/v2\/types\/page"}],"author":[{"embeddable":true,"href":"https:\/\/www.urlaubcornwall.de\/blog\/wp-json\/wp\/v2\/users\/1"}],"replies":[{"embeddable":true,"href":"https:\/\/www.urlaubcornwall.de\/blog\/wp-json\/wp\/v2\/comments?post=39794"}],"version-history":[{"count":2,"href":"https:\/\/www.urlaubcornwall.de\/blog\/wp-json\/wp\/v2\/pages\/39794\/revisions"}],"predecessor-version":[{"id":50880,"href":"https:\/\/www.urlaubcornwall.de\/blog\/wp-json\/wp\/v2\/pages\/39794\/revisions\/50880"}],"wp:attachment":[{"href":"https:\/\/www.urlaubcornwall.de\/blog\/wp-json\/wp\/v2\/media?parent=39794"}],"curies":[{"name":"wp","href":"https:\/\/api.w.org\/{rel}","templated":true}]}}