{"id":39789,"date":"2020-04-01T14:04:06","date_gmt":"2020-04-01T14:04:06","guid":{"rendered":"https:\/\/www.urlaubcornwall.de\/blog\/?page_id=39789"},"modified":"2020-04-01T14:04:06","modified_gmt":"2020-04-01T14:04:06","slug":"westward-ho-urlaub-in-devon-und-suedengland","status":"publish","type":"page","link":"https:\/\/www.urlaubcornwall.de\/blog\/westward-ho-urlaub-in-devon-und-suedengland\/","title":{"rendered":"Westward Ho! &#8211; Urlaub in Devon und S\u00fcdengland"},"content":{"rendered":"<p><img loading=\"lazy\" class=\"aligncenter size-full wp-image-39790\" src=\"https:\/\/www.urlaubcornwall.de\/blog\/wp-content\/uploads\/2020\/04\/westward-ho-urlaub.jpg\" alt=\"westward ho urlaub\" width=\"750\" height=\"430\"\/><\/p>\n<p>Westward Ho! ist einer von m\u00f6glicherweise zwei Ortsnamen in der Welt, die ein Ausrufezeichen tragen. Westward Ho! wurde in den vergangenen Jahren auf den neuesten Stand gebracht und ist ein lebendiger Urlaubsort. Der Anziehungspunkt schlechthin ist freilich der Strand \u2013 zwei Meilen Sandstrand so weit das Auge reicht, von einem Kiesrand umgeben, der eine Trennlinie bildet zwischen dem Strand und dem Northam Burrows Country Park, einem salzhaltigen Sumpfgebiet, Wiesen und Sandd\u00fcnen.<\/p>\n<p style=\"text-align: center;\"><a class=\"tidycta\" href=\"https:\/\/www.urlaubcornwall.de\/ferienhaeuser-fewos\/eng\/nord-devon\/westward-ho%21.html\">Ferienh\u00e4user in Westward Ho!<\/a><\/p>\n<p>Bei uns finden Sie Ferienh\u00e4user zum Verlieben &#8211; so einfach ist das! W\u00e4hlen Sie aus \u00fcber 1000 pers\u00f6nlich inspizierten Ferienh\u00e4usern, Cottages &#038; Ferienwohnungen in <a href=\"https:\/\/www.urlaubcornwall.de\/ferienhaeuser\/suedengland.php\">Devon und S\u00fcdengland<\/a>.<\/p>\n","protected":false},"excerpt":{"rendered":"<p>Westward Ho! ist einer von m\u00f6glicherweise zwei Ortsnamen in der Welt, die ein Ausrufezeichen tragen. Westward Ho! wurde in den vergangenen Jahren auf den neuesten Stand gebracht und ist ein lebendiger Urlaubsort. Der Anziehungspunkt schlechthin ist freilich der Strand \u2013 zwei Meilen Sandstrand so weit das Auge reicht, von einem Kiesrand umgeben, der eine Trennlinie [&hellip;]<\/p>\n","protected":false},"author":1,"featured_media":0,"parent":0,"menu_order":0,"comment_status":"closed","ping_status":"closed","template":"single-four.php","meta":[],"acf":[],"yoast_head":"<!-- This site is optimized with the Yoast SEO plugin v19.4 - https:\/\/yoast.com\/wordpress\/plugins\/seo\/ -->\n<title>Westward Ho! - Urlaub in Devon und S\u00fcdengland - Urlaub &amp; Reisen<\/title>\n<meta name=\"description\" content=\"Westward Ho! ist einer von m\u00f6glicherweise zwei Ortsnamen in der Welt, die ein Ausrufezeichen tragen. Westward Ho! wurde in den vergangenen Jahren auf den neuesten Stand gebracht und ist ein lebendiger Urlaubsort. Der Anziehungspunkt schlechthin ist freilich der Strand \u2013 zwei Meilen Sandstrand so weit das Auge reicht, von einem Kiesrand umgeben, der eine Trennlinie bildet zwischen dem Strand und dem Northam Burrows Country Park, einem salzhaltigen Sumpfgebiet, Wiesen und Sandd\u00fcnen.\" \/>\n<meta name=\"robots\" content=\"index, follow, max-snippet:-1, max-image-preview:large, max-video-preview:-1\" \/>\n<link rel=\"canonical\" href=\"https:\/\/www.urlaubcornwall.de\/blog\/westward-ho-urlaub-in-devon-und-suedengland\/\" \/>\n<meta property=\"og:locale\" content=\"en_US\" \/>\n<meta property=\"og:type\" content=\"article\" \/>\n<meta property=\"og:title\" content=\"Westward Ho! - Urlaub in Devon und S\u00fcdengland - Urlaub &amp; Reisen\" \/>\n<meta property=\"og:description\" content=\"Westward Ho! ist einer von m\u00f6glicherweise zwei Ortsnamen in der Welt, die ein Ausrufezeichen tragen. Westward Ho! wurde in den vergangenen Jahren auf den neuesten Stand gebracht und ist ein lebendiger Urlaubsort. Der Anziehungspunkt schlechthin ist freilich der Strand \u2013 zwei Meilen Sandstrand so weit das Auge reicht, von einem Kiesrand umgeben, der eine Trennlinie bildet zwischen dem Strand und dem Northam Burrows Country Park, einem salzhaltigen Sumpfgebiet, Wiesen und Sandd\u00fcnen.\" \/>\n<meta property=\"og:url\" content=\"https:\/\/www.urlaubcornwall.de\/blog\/westward-ho-urlaub-in-devon-und-suedengland\/\" \/>\n<meta property=\"og:site_name\" content=\"Urlaub &amp; Reisen\" \/>\n<meta property=\"og:image\" content=\"https:\/\/www.urlaubcornwall.de\/blog\/wp-content\/uploads\/2020\/04\/westward-ho-urlaub.jpg\" \/>\n<meta name=\"twitter:card\" content=\"summary\" \/>\n<meta name=\"twitter:label1\" content=\"Est. reading time\" \/>\n\t<meta name=\"twitter:data1\" content=\"1 minute\" \/>\n<script type=\"application\/ld+json\" class=\"yoast-schema-graph\">{\"@context\":\"https:\/\/schema.org\",\"@graph\":[{\"@type\":\"WebSite\",\"@id\":\"https:\/\/www.urlaubcornwall.de\/blog\/#website\",\"url\":\"https:\/\/www.urlaubcornwall.de\/blog\/\",\"name\":\"Urlaub &amp; Reisen\",\"description\":\"Urlaub, Reisen, Cornwall und S\u00fcdengland: eine perfekte Kombination\",\"potentialAction\":[{\"@type\":\"SearchAction\",\"target\":{\"@type\":\"EntryPoint\",\"urlTemplate\":\"https:\/\/www.urlaubcornwall.de\/blog\/?s={search_term_string}\"},\"query-input\":\"required name=search_term_string\"}],\"inLanguage\":\"en-US\"},{\"@type\":\"WebPage\",\"@id\":\"https:\/\/www.urlaubcornwall.de\/blog\/westward-ho-urlaub-in-devon-und-suedengland\/\",\"url\":\"https:\/\/www.urlaubcornwall.de\/blog\/westward-ho-urlaub-in-devon-und-suedengland\/\",\"name\":\"Westward Ho! - Urlaub in Devon und S\u00fcdengland - Urlaub &amp; Reisen\",\"isPartOf\":{\"@id\":\"https:\/\/www.urlaubcornwall.de\/blog\/#website\"},\"datePublished\":\"2020-04-01T14:04:06+00:00\",\"dateModified\":\"2020-04-01T14:04:06+00:00\",\"description\":\"Westward Ho! ist einer von m\u00f6glicherweise zwei Ortsnamen in der Welt, die ein Ausrufezeichen tragen. Westward Ho! wurde in den vergangenen Jahren auf den neuesten Stand gebracht und ist ein lebendiger Urlaubsort. Der Anziehungspunkt schlechthin ist freilich der Strand \u2013 zwei Meilen Sandstrand so weit das Auge reicht, von einem Kiesrand umgeben, der eine Trennlinie bildet zwischen dem Strand und dem Northam Burrows Country Park, einem salzhaltigen Sumpfgebiet, Wiesen und Sandd\u00fcnen.\",\"breadcrumb\":{\"@id\":\"https:\/\/www.urlaubcornwall.de\/blog\/westward-ho-urlaub-in-devon-und-suedengland\/#breadcrumb\"},\"inLanguage\":\"en-US\",\"potentialAction\":[{\"@type\":\"ReadAction\",\"target\":[\"https:\/\/www.urlaubcornwall.de\/blog\/westward-ho-urlaub-in-devon-und-suedengland\/\"]}]},{\"@type\":\"BreadcrumbList\",\"@id\":\"https:\/\/www.urlaubcornwall.de\/blog\/westward-ho-urlaub-in-devon-und-suedengland\/#breadcrumb\",\"itemListElement\":[{\"@type\":\"ListItem\",\"position\":1,\"name\":\"Home\",\"item\":\"https:\/\/www.urlaubcornwall.de\/blog\/\"},{\"@type\":\"ListItem\",\"position\":2,\"name\":\"Westward Ho! &#8211; Urlaub in Devon und S\u00fcdengland\"}]}]}<\/script>\n<!-- \/ Yoast SEO plugin. -->","yoast_head_json":{"title":"Westward Ho! - Urlaub in Devon und S\u00fcdengland - Urlaub &amp; Reisen","description":"Westward Ho! ist einer von m\u00f6glicherweise zwei Ortsnamen in der Welt, die ein Ausrufezeichen tragen. Westward Ho! wurde in den vergangenen Jahren auf den neuesten Stand gebracht und ist ein lebendiger Urlaubsort. Der Anziehungspunkt schlechthin ist freilich der Strand \u2013 zwei Meilen Sandstrand so weit das Auge reicht, von einem Kiesrand umgeben, der eine Trennlinie bildet zwischen dem Strand und dem Northam Burrows Country Park, einem salzhaltigen Sumpfgebiet, Wiesen und Sandd\u00fcnen.","robots":{"index":"index","follow":"follow","max-snippet":"max-snippet:-1","max-image-preview":"max-image-preview:large","max-video-preview":"max-video-preview:-1"},"canonical":"https:\/\/www.urlaubcornwall.de\/blog\/westward-ho-urlaub-in-devon-und-suedengland\/","og_locale":"en_US","og_type":"article","og_title":"Westward Ho! - Urlaub in Devon und S\u00fcdengland - Urlaub &amp; Reisen","og_description":"Westward Ho! ist einer von m\u00f6glicherweise zwei Ortsnamen in der Welt, die ein Ausrufezeichen tragen. Westward Ho! wurde in den vergangenen Jahren auf den neuesten Stand gebracht und ist ein lebendiger Urlaubsort. Der Anziehungspunkt schlechthin ist freilich der Strand \u2013 zwei Meilen Sandstrand so weit das Auge reicht, von einem Kiesrand umgeben, der eine Trennlinie bildet zwischen dem Strand und dem Northam Burrows Country Park, einem salzhaltigen Sumpfgebiet, Wiesen und Sandd\u00fcnen.","og_url":"https:\/\/www.urlaubcornwall.de\/blog\/westward-ho-urlaub-in-devon-und-suedengland\/","og_site_name":"Urlaub &amp; Reisen","og_image":[{"url":"https:\/\/www.urlaubcornwall.de\/blog\/wp-content\/uploads\/2020\/04\/westward-ho-urlaub.jpg"}],"twitter_card":"summary","twitter_misc":{"Est. reading time":"1 minute"},"schema":{"@context":"https:\/\/schema.org","@graph":[{"@type":"WebSite","@id":"https:\/\/www.urlaubcornwall.de\/blog\/#website","url":"https:\/\/www.urlaubcornwall.de\/blog\/","name":"Urlaub &amp; Reisen","description":"Urlaub, Reisen, Cornwall und S\u00fcdengland: eine perfekte Kombination","potentialAction":[{"@type":"SearchAction","target":{"@type":"EntryPoint","urlTemplate":"https:\/\/www.urlaubcornwall.de\/blog\/?s={search_term_string}"},"query-input":"required name=search_term_string"}],"inLanguage":"en-US"},{"@type":"WebPage","@id":"https:\/\/www.urlaubcornwall.de\/blog\/westward-ho-urlaub-in-devon-und-suedengland\/","url":"https:\/\/www.urlaubcornwall.de\/blog\/westward-ho-urlaub-in-devon-und-suedengland\/","name":"Westward Ho! - Urlaub in Devon und S\u00fcdengland - Urlaub &amp; Reisen","isPartOf":{"@id":"https:\/\/www.urlaubcornwall.de\/blog\/#website"},"datePublished":"2020-04-01T14:04:06+00:00","dateModified":"2020-04-01T14:04:06+00:00","description":"Westward Ho! ist einer von m\u00f6glicherweise zwei Ortsnamen in der Welt, die ein Ausrufezeichen tragen. Westward Ho! wurde in den vergangenen Jahren auf den neuesten Stand gebracht und ist ein lebendiger Urlaubsort. Der Anziehungspunkt schlechthin ist freilich der Strand \u2013 zwei Meilen Sandstrand so weit das Auge reicht, von einem Kiesrand umgeben, der eine Trennlinie bildet zwischen dem Strand und dem Northam Burrows Country Park, einem salzhaltigen Sumpfgebiet, Wiesen und Sandd\u00fcnen.","breadcrumb":{"@id":"https:\/\/www.urlaubcornwall.de\/blog\/westward-ho-urlaub-in-devon-und-suedengland\/#breadcrumb"},"inLanguage":"en-US","potentialAction":[{"@type":"ReadAction","target":["https:\/\/www.urlaubcornwall.de\/blog\/westward-ho-urlaub-in-devon-und-suedengland\/"]}]},{"@type":"BreadcrumbList","@id":"https:\/\/www.urlaubcornwall.de\/blog\/westward-ho-urlaub-in-devon-und-suedengland\/#breadcrumb","itemListElement":[{"@type":"ListItem","position":1,"name":"Home","item":"https:\/\/www.urlaubcornwall.de\/blog\/"},{"@type":"ListItem","position":2,"name":"Westward Ho! &#8211; Urlaub in Devon und S\u00fcdengland"}]}]}},"_links":{"self":[{"href":"https:\/\/www.urlaubcornwall.de\/blog\/wp-json\/wp\/v2\/pages\/39789"}],"collection":[{"href":"https:\/\/www.urlaubcornwall.de\/blog\/wp-json\/wp\/v2\/pages"}],"about":[{"href":"https:\/\/www.urlaubcornwall.de\/blog\/wp-json\/wp\/v2\/types\/page"}],"author":[{"embeddable":true,"href":"https:\/\/www.urlaubcornwall.de\/blog\/wp-json\/wp\/v2\/users\/1"}],"replies":[{"embeddable":true,"href":"https:\/\/www.urlaubcornwall.de\/blog\/wp-json\/wp\/v2\/comments?post=39789"}],"version-history":[{"count":1,"href":"https:\/\/www.urlaubcornwall.de\/blog\/wp-json\/wp\/v2\/pages\/39789\/revisions"}],"predecessor-version":[{"id":39791,"href":"https:\/\/www.urlaubcornwall.de\/blog\/wp-json\/wp\/v2\/pages\/39789\/revisions\/39791"}],"wp:attachment":[{"href":"https:\/\/www.urlaubcornwall.de\/blog\/wp-json\/wp\/v2\/media?parent=39789"}],"curies":[{"name":"wp","href":"https:\/\/api.w.org\/{rel}","templated":true}]}}