{"id":39767,"date":"2020-04-01T13:07:07","date_gmt":"2020-04-01T13:07:07","guid":{"rendered":"https:\/\/www.urlaubcornwall.de\/blog\/?page_id=39767"},"modified":"2020-04-01T13:07:18","modified_gmt":"2020-04-01T13:07:18","slug":"topsham-urlaub-in-devon-und-suedengland","status":"publish","type":"page","link":"https:\/\/www.urlaubcornwall.de\/blog\/topsham-urlaub-in-devon-und-suedengland\/","title":{"rendered":"Topsham &#8211; Urlaub in Devon und S\u00fcdengland"},"content":{"rendered":"<p><img loading=\"lazy\" class=\"aligncenter size-full wp-image-29455\" src=\"https:\/\/www.urlaubcornwall.de\/blog\/wp-content\/uploads\/2017\/09\/Lympstone-Manor-Exmouth.jpg\" alt=\"topsham urlaub\" width=\"746\" height=\"399\" srcset=\"https:\/\/www.urlaubcornwall.de\/blog\/wp-content\/uploads\/2017\/09\/Lympstone-Manor-Exmouth.jpg 746w, https:\/\/www.urlaubcornwall.de\/blog\/wp-content\/uploads\/2017\/09\/Lympstone-Manor-Exmouth-300x160.jpg 300w\" sizes=\"(max-width: 746px) 100vw, 746px\" \/><\/p>\n<p>Einige der Geb\u00e4ude hier w\u00fcrden in Amsterdam nicht fehl am Platze sein. Die niederl\u00e4ndisch beeinflusste Architektur r\u00fchrt aus jenen Tagen Topshams her, als es Hauptbaumwollhandelshafen mit Holland war. Diese h\u00fcbsche Stadt an der Exe- M\u00fcndung ist gut gelegen, um die Naturreservate der Gegend zu besuchen.<\/p>\n<p style=\"text-align: center;\"><a class=\"tidycta\" href=\"https:\/\/www.urlaubcornwall.de\/ferienhaeuser-fewos\/eng\/sued-devon\/topsham.html\">Ferienh\u00e4user in Topsham<\/a><\/p>\n<p>Bei uns finden Sie Ferienh\u00e4user zum Verlieben &#8211; so einfach ist das!  W\u00e4hlen Sie aus \u00fcber 1000 pers\u00f6nlich inspizierten Ferienh\u00e4usern, Cottages &#038; Ferienwohnungen in <a href=\"https:\/\/www.urlaubcornwall.de\/ferienhaeuser\/suedengland.php\">Devon und S\u00fcdengland<\/a>.<\/p>\n","protected":false},"excerpt":{"rendered":"<p>Einige der Geb\u00e4ude hier w\u00fcrden in Amsterdam nicht fehl am Platze sein. Die niederl\u00e4ndisch beeinflusste Architektur r\u00fchrt aus jenen Tagen Topshams her, als es Hauptbaumwollhandelshafen mit Holland war. Diese h\u00fcbsche Stadt an der Exe- M\u00fcndung ist gut gelegen, um die Naturreservate der Gegend zu besuchen. Ferienh\u00e4user in Topsham Bei uns finden Sie Ferienh\u00e4user zum Verlieben [&hellip;]<\/p>\n","protected":false},"author":1,"featured_media":0,"parent":0,"menu_order":0,"comment_status":"closed","ping_status":"closed","template":"single-four.php","meta":[],"acf":[],"yoast_head":"<!-- This site is optimized with the Yoast SEO plugin v19.4 - https:\/\/yoast.com\/wordpress\/plugins\/seo\/ -->\n<title>Topsham - Urlaub in Devon und S\u00fcdengland - Urlaub &amp; Reisen<\/title>\n<meta name=\"description\" content=\"Einige der Geb\u00e4ude hier w\u00fcrden in Amsterdam nicht fehl am Platze sein. Die niederl\u00e4ndisch beeinflusste Architektur r\u00fchrt aus jenen Tagen Topshams her, als es Hauptbaumwollhandelshafen mit Holland war. Diese h\u00fcbsche Stadt an der Exe- M\u00fcndung ist gut gelegen, um die Naturreservate der Gegend zu besuchen.\" \/>\n<meta name=\"robots\" content=\"index, follow, max-snippet:-1, max-image-preview:large, max-video-preview:-1\" \/>\n<link rel=\"canonical\" href=\"https:\/\/www.urlaubcornwall.de\/blog\/topsham-urlaub-in-devon-und-suedengland\/\" \/>\n<meta property=\"og:locale\" content=\"en_US\" \/>\n<meta property=\"og:type\" content=\"article\" \/>\n<meta property=\"og:title\" content=\"Topsham - Urlaub in Devon und S\u00fcdengland - Urlaub &amp; Reisen\" \/>\n<meta property=\"og:description\" content=\"Einige der Geb\u00e4ude hier w\u00fcrden in Amsterdam nicht fehl am Platze sein. Die niederl\u00e4ndisch beeinflusste Architektur r\u00fchrt aus jenen Tagen Topshams her, als es Hauptbaumwollhandelshafen mit Holland war. Diese h\u00fcbsche Stadt an der Exe- M\u00fcndung ist gut gelegen, um die Naturreservate der Gegend zu besuchen.\" \/>\n<meta property=\"og:url\" content=\"https:\/\/www.urlaubcornwall.de\/blog\/topsham-urlaub-in-devon-und-suedengland\/\" \/>\n<meta property=\"og:site_name\" content=\"Urlaub &amp; Reisen\" \/>\n<meta property=\"article:modified_time\" content=\"2020-04-01T13:07:18+00:00\" \/>\n<meta property=\"og:image\" content=\"https:\/\/www.urlaubcornwall.de\/blog\/wp-content\/uploads\/2017\/09\/Lympstone-Manor-Exmouth.jpg\" \/>\n<meta name=\"twitter:card\" content=\"summary\" \/>\n<script type=\"application\/ld+json\" class=\"yoast-schema-graph\">{\"@context\":\"https:\/\/schema.org\",\"@graph\":[{\"@type\":\"WebSite\",\"@id\":\"https:\/\/www.urlaubcornwall.de\/blog\/#website\",\"url\":\"https:\/\/www.urlaubcornwall.de\/blog\/\",\"name\":\"Urlaub &amp; Reisen\",\"description\":\"Urlaub, Reisen, Cornwall und S\u00fcdengland: eine perfekte Kombination\",\"potentialAction\":[{\"@type\":\"SearchAction\",\"target\":{\"@type\":\"EntryPoint\",\"urlTemplate\":\"https:\/\/www.urlaubcornwall.de\/blog\/?s={search_term_string}\"},\"query-input\":\"required name=search_term_string\"}],\"inLanguage\":\"en-US\"},{\"@type\":\"WebPage\",\"@id\":\"https:\/\/www.urlaubcornwall.de\/blog\/topsham-urlaub-in-devon-und-suedengland\/\",\"url\":\"https:\/\/www.urlaubcornwall.de\/blog\/topsham-urlaub-in-devon-und-suedengland\/\",\"name\":\"Topsham - Urlaub in Devon und S\u00fcdengland - Urlaub &amp; Reisen\",\"isPartOf\":{\"@id\":\"https:\/\/www.urlaubcornwall.de\/blog\/#website\"},\"datePublished\":\"2020-04-01T13:07:07+00:00\",\"dateModified\":\"2020-04-01T13:07:18+00:00\",\"description\":\"Einige der Geb\u00e4ude hier w\u00fcrden in Amsterdam nicht fehl am Platze sein. Die niederl\u00e4ndisch beeinflusste Architektur r\u00fchrt aus jenen Tagen Topshams her, als es Hauptbaumwollhandelshafen mit Holland war. Diese h\u00fcbsche Stadt an der Exe- M\u00fcndung ist gut gelegen, um die Naturreservate der Gegend zu besuchen.\",\"breadcrumb\":{\"@id\":\"https:\/\/www.urlaubcornwall.de\/blog\/topsham-urlaub-in-devon-und-suedengland\/#breadcrumb\"},\"inLanguage\":\"en-US\",\"potentialAction\":[{\"@type\":\"ReadAction\",\"target\":[\"https:\/\/www.urlaubcornwall.de\/blog\/topsham-urlaub-in-devon-und-suedengland\/\"]}]},{\"@type\":\"BreadcrumbList\",\"@id\":\"https:\/\/www.urlaubcornwall.de\/blog\/topsham-urlaub-in-devon-und-suedengland\/#breadcrumb\",\"itemListElement\":[{\"@type\":\"ListItem\",\"position\":1,\"name\":\"Home\",\"item\":\"https:\/\/www.urlaubcornwall.de\/blog\/\"},{\"@type\":\"ListItem\",\"position\":2,\"name\":\"Topsham &#8211; Urlaub in Devon und S\u00fcdengland\"}]}]}<\/script>\n<!-- \/ Yoast SEO plugin. -->","yoast_head_json":{"title":"Topsham - Urlaub in Devon und S\u00fcdengland - Urlaub &amp; Reisen","description":"Einige der Geb\u00e4ude hier w\u00fcrden in Amsterdam nicht fehl am Platze sein. Die niederl\u00e4ndisch beeinflusste Architektur r\u00fchrt aus jenen Tagen Topshams her, als es Hauptbaumwollhandelshafen mit Holland war. Diese h\u00fcbsche Stadt an der Exe- M\u00fcndung ist gut gelegen, um die Naturreservate der Gegend zu besuchen.","robots":{"index":"index","follow":"follow","max-snippet":"max-snippet:-1","max-image-preview":"max-image-preview:large","max-video-preview":"max-video-preview:-1"},"canonical":"https:\/\/www.urlaubcornwall.de\/blog\/topsham-urlaub-in-devon-und-suedengland\/","og_locale":"en_US","og_type":"article","og_title":"Topsham - Urlaub in Devon und S\u00fcdengland - Urlaub &amp; Reisen","og_description":"Einige der Geb\u00e4ude hier w\u00fcrden in Amsterdam nicht fehl am Platze sein. Die niederl\u00e4ndisch beeinflusste Architektur r\u00fchrt aus jenen Tagen Topshams her, als es Hauptbaumwollhandelshafen mit Holland war. Diese h\u00fcbsche Stadt an der Exe- M\u00fcndung ist gut gelegen, um die Naturreservate der Gegend zu besuchen.","og_url":"https:\/\/www.urlaubcornwall.de\/blog\/topsham-urlaub-in-devon-und-suedengland\/","og_site_name":"Urlaub &amp; Reisen","article_modified_time":"2020-04-01T13:07:18+00:00","og_image":[{"url":"https:\/\/www.urlaubcornwall.de\/blog\/wp-content\/uploads\/2017\/09\/Lympstone-Manor-Exmouth.jpg"}],"twitter_card":"summary","schema":{"@context":"https:\/\/schema.org","@graph":[{"@type":"WebSite","@id":"https:\/\/www.urlaubcornwall.de\/blog\/#website","url":"https:\/\/www.urlaubcornwall.de\/blog\/","name":"Urlaub &amp; Reisen","description":"Urlaub, Reisen, Cornwall und S\u00fcdengland: eine perfekte Kombination","potentialAction":[{"@type":"SearchAction","target":{"@type":"EntryPoint","urlTemplate":"https:\/\/www.urlaubcornwall.de\/blog\/?s={search_term_string}"},"query-input":"required name=search_term_string"}],"inLanguage":"en-US"},{"@type":"WebPage","@id":"https:\/\/www.urlaubcornwall.de\/blog\/topsham-urlaub-in-devon-und-suedengland\/","url":"https:\/\/www.urlaubcornwall.de\/blog\/topsham-urlaub-in-devon-und-suedengland\/","name":"Topsham - Urlaub in Devon und S\u00fcdengland - Urlaub &amp; Reisen","isPartOf":{"@id":"https:\/\/www.urlaubcornwall.de\/blog\/#website"},"datePublished":"2020-04-01T13:07:07+00:00","dateModified":"2020-04-01T13:07:18+00:00","description":"Einige der Geb\u00e4ude hier w\u00fcrden in Amsterdam nicht fehl am Platze sein. Die niederl\u00e4ndisch beeinflusste Architektur r\u00fchrt aus jenen Tagen Topshams her, als es Hauptbaumwollhandelshafen mit Holland war. Diese h\u00fcbsche Stadt an der Exe- M\u00fcndung ist gut gelegen, um die Naturreservate der Gegend zu besuchen.","breadcrumb":{"@id":"https:\/\/www.urlaubcornwall.de\/blog\/topsham-urlaub-in-devon-und-suedengland\/#breadcrumb"},"inLanguage":"en-US","potentialAction":[{"@type":"ReadAction","target":["https:\/\/www.urlaubcornwall.de\/blog\/topsham-urlaub-in-devon-und-suedengland\/"]}]},{"@type":"BreadcrumbList","@id":"https:\/\/www.urlaubcornwall.de\/blog\/topsham-urlaub-in-devon-und-suedengland\/#breadcrumb","itemListElement":[{"@type":"ListItem","position":1,"name":"Home","item":"https:\/\/www.urlaubcornwall.de\/blog\/"},{"@type":"ListItem","position":2,"name":"Topsham &#8211; Urlaub in Devon und S\u00fcdengland"}]}]}},"_links":{"self":[{"href":"https:\/\/www.urlaubcornwall.de\/blog\/wp-json\/wp\/v2\/pages\/39767"}],"collection":[{"href":"https:\/\/www.urlaubcornwall.de\/blog\/wp-json\/wp\/v2\/pages"}],"about":[{"href":"https:\/\/www.urlaubcornwall.de\/blog\/wp-json\/wp\/v2\/types\/page"}],"author":[{"embeddable":true,"href":"https:\/\/www.urlaubcornwall.de\/blog\/wp-json\/wp\/v2\/users\/1"}],"replies":[{"embeddable":true,"href":"https:\/\/www.urlaubcornwall.de\/blog\/wp-json\/wp\/v2\/comments?post=39767"}],"version-history":[{"count":1,"href":"https:\/\/www.urlaubcornwall.de\/blog\/wp-json\/wp\/v2\/pages\/39767\/revisions"}],"predecessor-version":[{"id":39768,"href":"https:\/\/www.urlaubcornwall.de\/blog\/wp-json\/wp\/v2\/pages\/39767\/revisions\/39768"}],"wp:attachment":[{"href":"https:\/\/www.urlaubcornwall.de\/blog\/wp-json\/wp\/v2\/media?parent=39767"}],"curies":[{"name":"wp","href":"https:\/\/api.w.org\/{rel}","templated":true}]}}