{"id":39753,"date":"2020-04-01T12:40:08","date_gmt":"2020-04-01T12:40:08","guid":{"rendered":"https:\/\/www.urlaubcornwall.de\/blog\/?page_id=39753"},"modified":"2020-11-04T15:53:23","modified_gmt":"2020-11-04T15:53:23","slug":"south-molton-urlaub-in-devon-und-suedengland","status":"publish","type":"page","link":"https:\/\/www.urlaubcornwall.de\/blog\/south-molton-urlaub-in-devon-und-suedengland\/","title":{"rendered":"South Molton &#8211; Urlaub in Devon und S\u00fcdengland"},"content":{"rendered":"<p><img loading=\"lazy\" class=\"aligncenter size-full wp-image-39754\" src=\"https:\/\/www.urlaubcornwall.de\/blog\/wp-content\/uploads\/2020\/04\/south-Molton-urlaub.jpg\" alt=\"south Molton urlaub\" width=\"749\" height=\"425\"\/><\/p>\n<p>South Molton stellt eine gro\u00dfartige Ausgangsbasis dar, um <a href=\"https:\/\/www.urlaubcornwall.de\/ferienhaeuser-fewos\/eng\/devon\/devon.html\">Devon<\/a> zu erkunden. Im Norden befindet sich Exmoor; ein Paradies f\u00fcr all jene, die Wanderungen in der ungez\u00e4hmten Wildheit lieben. Wenn Sie Richtung Westen gehen, finden Sie einige der besten Surfstr\u00e4nde des Landes, einschlie\u00dflich <a href=\"https:\/\/www.urlaubcornwall.de\/ferienhaeuser-fewos\/eng\/nord-devon\/croyde.html\">Croyde<\/a> und <a href=\"https:\/\/www.urlaubcornwall.de\/ferienhaeuser-fewos\/eng\/nord-devon\/woolacombe.html\">Woolacombe<\/a>.<\/p>\n<p style=\"text-align: center;\"><a class=\"tidycta\" href=\"https:\/\/www.urlaubcornwall.de\/ferienhaeuser-fewos\/eng\/nord-devon\/south-molton.html\">Ferienh\u00e4user in South Molton<\/a><\/p>\n<p>Bei uns finden Sie Ferienh\u00e4user zum Verlieben &#8211; so einfach ist das!  W\u00e4hlen Sie aus \u00fcber 1000 pers\u00f6nlich inspizierten Ferienh\u00e4usern, Cottages &#038; Ferienwohnungen in <a href=\"https:\/\/www.urlaubcornwall.de\/ferienhaeuser\/suedengland.php\">Devon und S\u00fcdengland<\/a>.<\/p>\n","protected":false},"excerpt":{"rendered":"<p>South Molton stellt eine gro\u00dfartige Ausgangsbasis dar, um Devon zu erkunden. Im Norden befindet sich Exmoor; ein Paradies f\u00fcr all jene, die Wanderungen in der ungez\u00e4hmten Wildheit lieben. Wenn Sie Richtung Westen gehen, finden Sie einige der besten Surfstr\u00e4nde des Landes, einschlie\u00dflich Croyde und Woolacombe. Ferienh\u00e4user in South Molton Bei uns finden Sie Ferienh\u00e4user zum [&hellip;]<\/p>\n","protected":false},"author":1,"featured_media":0,"parent":0,"menu_order":0,"comment_status":"closed","ping_status":"closed","template":"single-four.php","meta":[],"acf":[],"yoast_head":"<!-- This site is optimized with the Yoast SEO plugin v19.4 - https:\/\/yoast.com\/wordpress\/plugins\/seo\/ -->\n<title>South Molton - Urlaub in Devon und S\u00fcdengland - Urlaub &amp; Reisen<\/title>\n<meta name=\"description\" content=\"South Molton stellt eine gro\u00dfartige Ausgangsbasis dar, um Devon zu erkunden. Im Norden befindet sich Exmoor; ein Paradies f\u00fcr all jene, die Wanderungen in der ungez\u00e4hmten Wildheit lieben. Wenn Sie Richtung Westen gehen, finden Sie einige der besten Surfstr\u00e4nde des Landes, einschlie\u00dflich Croyde und Woolacombe.\" \/>\n<meta name=\"robots\" content=\"index, follow, max-snippet:-1, max-image-preview:large, max-video-preview:-1\" \/>\n<link rel=\"canonical\" href=\"https:\/\/www.urlaubcornwall.de\/blog\/south-molton-urlaub-in-devon-und-suedengland\/\" \/>\n<meta property=\"og:locale\" content=\"en_US\" \/>\n<meta property=\"og:type\" content=\"article\" \/>\n<meta property=\"og:title\" content=\"South Molton - Urlaub in Devon und S\u00fcdengland - Urlaub &amp; Reisen\" \/>\n<meta property=\"og:description\" content=\"South Molton stellt eine gro\u00dfartige Ausgangsbasis dar, um Devon zu erkunden. Im Norden befindet sich Exmoor; ein Paradies f\u00fcr all jene, die Wanderungen in der ungez\u00e4hmten Wildheit lieben. Wenn Sie Richtung Westen gehen, finden Sie einige der besten Surfstr\u00e4nde des Landes, einschlie\u00dflich Croyde und Woolacombe.\" \/>\n<meta property=\"og:url\" content=\"https:\/\/www.urlaubcornwall.de\/blog\/south-molton-urlaub-in-devon-und-suedengland\/\" \/>\n<meta property=\"og:site_name\" content=\"Urlaub &amp; Reisen\" \/>\n<meta property=\"article:modified_time\" content=\"2020-11-04T15:53:23+00:00\" \/>\n<meta property=\"og:image\" content=\"https:\/\/www.urlaubcornwall.de\/blog\/wp-content\/uploads\/2020\/04\/south-Molton-urlaub.jpg\" \/>\n<meta name=\"twitter:card\" content=\"summary\" \/>\n<script type=\"application\/ld+json\" class=\"yoast-schema-graph\">{\"@context\":\"https:\/\/schema.org\",\"@graph\":[{\"@type\":\"WebSite\",\"@id\":\"https:\/\/www.urlaubcornwall.de\/blog\/#website\",\"url\":\"https:\/\/www.urlaubcornwall.de\/blog\/\",\"name\":\"Urlaub &amp; Reisen\",\"description\":\"Urlaub, Reisen, Cornwall und S\u00fcdengland: eine perfekte Kombination\",\"potentialAction\":[{\"@type\":\"SearchAction\",\"target\":{\"@type\":\"EntryPoint\",\"urlTemplate\":\"https:\/\/www.urlaubcornwall.de\/blog\/?s={search_term_string}\"},\"query-input\":\"required name=search_term_string\"}],\"inLanguage\":\"en-US\"},{\"@type\":\"WebPage\",\"@id\":\"https:\/\/www.urlaubcornwall.de\/blog\/south-molton-urlaub-in-devon-und-suedengland\/\",\"url\":\"https:\/\/www.urlaubcornwall.de\/blog\/south-molton-urlaub-in-devon-und-suedengland\/\",\"name\":\"South Molton - Urlaub in Devon und S\u00fcdengland - Urlaub &amp; Reisen\",\"isPartOf\":{\"@id\":\"https:\/\/www.urlaubcornwall.de\/blog\/#website\"},\"datePublished\":\"2020-04-01T12:40:08+00:00\",\"dateModified\":\"2020-11-04T15:53:23+00:00\",\"description\":\"South Molton stellt eine gro\u00dfartige Ausgangsbasis dar, um Devon zu erkunden. Im Norden befindet sich Exmoor; ein Paradies f\u00fcr all jene, die Wanderungen in der ungez\u00e4hmten Wildheit lieben. Wenn Sie Richtung Westen gehen, finden Sie einige der besten Surfstr\u00e4nde des Landes, einschlie\u00dflich Croyde und Woolacombe.\",\"breadcrumb\":{\"@id\":\"https:\/\/www.urlaubcornwall.de\/blog\/south-molton-urlaub-in-devon-und-suedengland\/#breadcrumb\"},\"inLanguage\":\"en-US\",\"potentialAction\":[{\"@type\":\"ReadAction\",\"target\":[\"https:\/\/www.urlaubcornwall.de\/blog\/south-molton-urlaub-in-devon-und-suedengland\/\"]}]},{\"@type\":\"BreadcrumbList\",\"@id\":\"https:\/\/www.urlaubcornwall.de\/blog\/south-molton-urlaub-in-devon-und-suedengland\/#breadcrumb\",\"itemListElement\":[{\"@type\":\"ListItem\",\"position\":1,\"name\":\"Home\",\"item\":\"https:\/\/www.urlaubcornwall.de\/blog\/\"},{\"@type\":\"ListItem\",\"position\":2,\"name\":\"South Molton &#8211; Urlaub in Devon und S\u00fcdengland\"}]}]}<\/script>\n<!-- \/ Yoast SEO plugin. -->","yoast_head_json":{"title":"South Molton - Urlaub in Devon und S\u00fcdengland - Urlaub &amp; Reisen","description":"South Molton stellt eine gro\u00dfartige Ausgangsbasis dar, um Devon zu erkunden. Im Norden befindet sich Exmoor; ein Paradies f\u00fcr all jene, die Wanderungen in der ungez\u00e4hmten Wildheit lieben. Wenn Sie Richtung Westen gehen, finden Sie einige der besten Surfstr\u00e4nde des Landes, einschlie\u00dflich Croyde und Woolacombe.","robots":{"index":"index","follow":"follow","max-snippet":"max-snippet:-1","max-image-preview":"max-image-preview:large","max-video-preview":"max-video-preview:-1"},"canonical":"https:\/\/www.urlaubcornwall.de\/blog\/south-molton-urlaub-in-devon-und-suedengland\/","og_locale":"en_US","og_type":"article","og_title":"South Molton - Urlaub in Devon und S\u00fcdengland - Urlaub &amp; Reisen","og_description":"South Molton stellt eine gro\u00dfartige Ausgangsbasis dar, um Devon zu erkunden. Im Norden befindet sich Exmoor; ein Paradies f\u00fcr all jene, die Wanderungen in der ungez\u00e4hmten Wildheit lieben. Wenn Sie Richtung Westen gehen, finden Sie einige der besten Surfstr\u00e4nde des Landes, einschlie\u00dflich Croyde und Woolacombe.","og_url":"https:\/\/www.urlaubcornwall.de\/blog\/south-molton-urlaub-in-devon-und-suedengland\/","og_site_name":"Urlaub &amp; Reisen","article_modified_time":"2020-11-04T15:53:23+00:00","og_image":[{"url":"https:\/\/www.urlaubcornwall.de\/blog\/wp-content\/uploads\/2020\/04\/south-Molton-urlaub.jpg"}],"twitter_card":"summary","schema":{"@context":"https:\/\/schema.org","@graph":[{"@type":"WebSite","@id":"https:\/\/www.urlaubcornwall.de\/blog\/#website","url":"https:\/\/www.urlaubcornwall.de\/blog\/","name":"Urlaub &amp; Reisen","description":"Urlaub, Reisen, Cornwall und S\u00fcdengland: eine perfekte Kombination","potentialAction":[{"@type":"SearchAction","target":{"@type":"EntryPoint","urlTemplate":"https:\/\/www.urlaubcornwall.de\/blog\/?s={search_term_string}"},"query-input":"required name=search_term_string"}],"inLanguage":"en-US"},{"@type":"WebPage","@id":"https:\/\/www.urlaubcornwall.de\/blog\/south-molton-urlaub-in-devon-und-suedengland\/","url":"https:\/\/www.urlaubcornwall.de\/blog\/south-molton-urlaub-in-devon-und-suedengland\/","name":"South Molton - Urlaub in Devon und S\u00fcdengland - Urlaub &amp; Reisen","isPartOf":{"@id":"https:\/\/www.urlaubcornwall.de\/blog\/#website"},"datePublished":"2020-04-01T12:40:08+00:00","dateModified":"2020-11-04T15:53:23+00:00","description":"South Molton stellt eine gro\u00dfartige Ausgangsbasis dar, um Devon zu erkunden. Im Norden befindet sich Exmoor; ein Paradies f\u00fcr all jene, die Wanderungen in der ungez\u00e4hmten Wildheit lieben. Wenn Sie Richtung Westen gehen, finden Sie einige der besten Surfstr\u00e4nde des Landes, einschlie\u00dflich Croyde und Woolacombe.","breadcrumb":{"@id":"https:\/\/www.urlaubcornwall.de\/blog\/south-molton-urlaub-in-devon-und-suedengland\/#breadcrumb"},"inLanguage":"en-US","potentialAction":[{"@type":"ReadAction","target":["https:\/\/www.urlaubcornwall.de\/blog\/south-molton-urlaub-in-devon-und-suedengland\/"]}]},{"@type":"BreadcrumbList","@id":"https:\/\/www.urlaubcornwall.de\/blog\/south-molton-urlaub-in-devon-und-suedengland\/#breadcrumb","itemListElement":[{"@type":"ListItem","position":1,"name":"Home","item":"https:\/\/www.urlaubcornwall.de\/blog\/"},{"@type":"ListItem","position":2,"name":"South Molton &#8211; Urlaub in Devon und S\u00fcdengland"}]}]}},"_links":{"self":[{"href":"https:\/\/www.urlaubcornwall.de\/blog\/wp-json\/wp\/v2\/pages\/39753"}],"collection":[{"href":"https:\/\/www.urlaubcornwall.de\/blog\/wp-json\/wp\/v2\/pages"}],"about":[{"href":"https:\/\/www.urlaubcornwall.de\/blog\/wp-json\/wp\/v2\/types\/page"}],"author":[{"embeddable":true,"href":"https:\/\/www.urlaubcornwall.de\/blog\/wp-json\/wp\/v2\/users\/1"}],"replies":[{"embeddable":true,"href":"https:\/\/www.urlaubcornwall.de\/blog\/wp-json\/wp\/v2\/comments?post=39753"}],"version-history":[{"count":3,"href":"https:\/\/www.urlaubcornwall.de\/blog\/wp-json\/wp\/v2\/pages\/39753\/revisions"}],"predecessor-version":[{"id":41081,"href":"https:\/\/www.urlaubcornwall.de\/blog\/wp-json\/wp\/v2\/pages\/39753\/revisions\/41081"}],"wp:attachment":[{"href":"https:\/\/www.urlaubcornwall.de\/blog\/wp-json\/wp\/v2\/media?parent=39753"}],"curies":[{"name":"wp","href":"https:\/\/api.w.org\/{rel}","templated":true}]}}