{"id":39745,"date":"2020-04-01T12:25:31","date_gmt":"2020-04-01T12:25:31","guid":{"rendered":"https:\/\/www.urlaubcornwall.de\/blog\/?page_id=39745"},"modified":"2020-04-01T12:25:31","modified_gmt":"2020-04-01T12:25:31","slug":"saltash","status":"publish","type":"page","link":"https:\/\/www.urlaubcornwall.de\/blog\/saltash\/","title":{"rendered":"Saltash &#8211; Urlaub in Cornwall und S\u00fcdengland"},"content":{"rendered":"<p><img loading=\"lazy\" class=\"aligncenter size-full wp-image-19436\" src=\"https:\/\/www.urlaubcornwall.de\/blog\/wp-content\/uploads\/2018\/09\/urlaub-brexit-cornwall-england.jpg\" alt=\"saltash\" width=\"749\" height=\"405\"\/><\/p>\n<p>Wo immer Sie auch sind in Saltash, so wird es unm\u00f6glich sein, eine von Brunels dramatischsten St\u00fccken Ingenieurskunst zu \u00fcbersehen. Die Royal Albert Eisenbahnbr\u00fccke reicht \u00fcber die Tamar und verbindet <a href=\"https:\/\/www.urlaubcornwall.de\/ferienhaeuser-fewos\/eng\/devon\/devon.html\">Devon<\/a> mit <a href=\"https:\/\/www.urlaubcornwall.de\/ferienhaeuser\/cornwall.php\">Cornwall<\/a>. Dabei bietet sie einen wahrhaft erstaunlichen Blick.<\/p>\n<p style=\"text-align: center;\"><a class=\"tidycta\" href=\"https:\/\/www.urlaubcornwall.de\/ferienhaeuser-fewos\/saltash.html\">Ferienh\u00e4user in Saltash<\/a><\/p>\n<p>Bei uns finden Sie Ferienh\u00e4user zum Verlieben &#8211; so einfach ist das!  W\u00e4hlen Sie aus \u00fcber 1000 pers\u00f6nlich inspizierten Ferienh\u00e4usern, Cottages &#038; Ferienwohnungen in <a href=\"https:\/\/www.urlaubcornwall.de\/ferienhaeuser\/suedengland.php\">Devon und S\u00fcdengland<\/a>.<\/p>\n","protected":false},"excerpt":{"rendered":"<p>Wo immer Sie auch sind in Saltash, so wird es unm\u00f6glich sein, eine von Brunels dramatischsten St\u00fccken Ingenieurskunst zu \u00fcbersehen. Die Royal Albert Eisenbahnbr\u00fccke reicht \u00fcber die Tamar und verbindet Devon mit Cornwall. Dabei bietet sie einen wahrhaft erstaunlichen Blick. Ferienh\u00e4user in Saltash Bei uns finden Sie Ferienh\u00e4user zum Verlieben &#8211; so einfach ist das! [&hellip;]<\/p>\n","protected":false},"author":1,"featured_media":0,"parent":0,"menu_order":0,"comment_status":"closed","ping_status":"closed","template":"single-four.php","meta":[],"acf":[],"yoast_head":"<!-- This site is optimized with the Yoast SEO plugin v19.4 - https:\/\/yoast.com\/wordpress\/plugins\/seo\/ -->\n<title>Saltash - Urlaub in Cornwall und S\u00fcdengland - Urlaub &amp; Reisen<\/title>\n<meta name=\"description\" content=\"Wo immer Sie auch sind in Saltash, so wird es unm\u00f6glich sein, eine von Brunels dramatischsten St\u00fccken Ingenieurskunst zu \u00fcbersehen. Die Royal Albert Eisenbahnbr\u00fccke reicht \u00fcber die Tamar und verbindet Devon mit Cornwall. Dabei bietet sie einen wahrhaft erstaunlichen Blick.\" \/>\n<meta name=\"robots\" content=\"index, follow, max-snippet:-1, max-image-preview:large, max-video-preview:-1\" \/>\n<link rel=\"canonical\" href=\"https:\/\/www.urlaubcornwall.de\/blog\/saltash\/\" \/>\n<meta property=\"og:locale\" content=\"en_US\" \/>\n<meta property=\"og:type\" content=\"article\" \/>\n<meta property=\"og:title\" content=\"Saltash - Urlaub in Cornwall und S\u00fcdengland - Urlaub &amp; Reisen\" \/>\n<meta property=\"og:description\" content=\"Wo immer Sie auch sind in Saltash, so wird es unm\u00f6glich sein, eine von Brunels dramatischsten St\u00fccken Ingenieurskunst zu \u00fcbersehen. Die Royal Albert Eisenbahnbr\u00fccke reicht \u00fcber die Tamar und verbindet Devon mit Cornwall. Dabei bietet sie einen wahrhaft erstaunlichen Blick.\" \/>\n<meta property=\"og:url\" content=\"https:\/\/www.urlaubcornwall.de\/blog\/saltash\/\" \/>\n<meta property=\"og:site_name\" content=\"Urlaub &amp; Reisen\" \/>\n<meta property=\"og:image\" content=\"https:\/\/www.urlaubcornwall.de\/blog\/wp-content\/uploads\/2018\/09\/urlaub-brexit-cornwall-england.jpg\" \/>\n<meta name=\"twitter:card\" content=\"summary\" \/>\n<script type=\"application\/ld+json\" class=\"yoast-schema-graph\">{\"@context\":\"https:\/\/schema.org\",\"@graph\":[{\"@type\":\"WebSite\",\"@id\":\"https:\/\/www.urlaubcornwall.de\/blog\/#website\",\"url\":\"https:\/\/www.urlaubcornwall.de\/blog\/\",\"name\":\"Urlaub &amp; Reisen\",\"description\":\"Urlaub, Reisen, Cornwall und S\u00fcdengland: eine perfekte Kombination\",\"potentialAction\":[{\"@type\":\"SearchAction\",\"target\":{\"@type\":\"EntryPoint\",\"urlTemplate\":\"https:\/\/www.urlaubcornwall.de\/blog\/?s={search_term_string}\"},\"query-input\":\"required name=search_term_string\"}],\"inLanguage\":\"en-US\"},{\"@type\":\"WebPage\",\"@id\":\"https:\/\/www.urlaubcornwall.de\/blog\/saltash\/\",\"url\":\"https:\/\/www.urlaubcornwall.de\/blog\/saltash\/\",\"name\":\"Saltash - Urlaub in Cornwall und S\u00fcdengland - Urlaub &amp; Reisen\",\"isPartOf\":{\"@id\":\"https:\/\/www.urlaubcornwall.de\/blog\/#website\"},\"datePublished\":\"2020-04-01T12:25:31+00:00\",\"dateModified\":\"2020-04-01T12:25:31+00:00\",\"description\":\"Wo immer Sie auch sind in Saltash, so wird es unm\u00f6glich sein, eine von Brunels dramatischsten St\u00fccken Ingenieurskunst zu \u00fcbersehen. Die Royal Albert Eisenbahnbr\u00fccke reicht \u00fcber die Tamar und verbindet Devon mit Cornwall. Dabei bietet sie einen wahrhaft erstaunlichen Blick.\",\"breadcrumb\":{\"@id\":\"https:\/\/www.urlaubcornwall.de\/blog\/saltash\/#breadcrumb\"},\"inLanguage\":\"en-US\",\"potentialAction\":[{\"@type\":\"ReadAction\",\"target\":[\"https:\/\/www.urlaubcornwall.de\/blog\/saltash\/\"]}]},{\"@type\":\"BreadcrumbList\",\"@id\":\"https:\/\/www.urlaubcornwall.de\/blog\/saltash\/#breadcrumb\",\"itemListElement\":[{\"@type\":\"ListItem\",\"position\":1,\"name\":\"Home\",\"item\":\"https:\/\/www.urlaubcornwall.de\/blog\/\"},{\"@type\":\"ListItem\",\"position\":2,\"name\":\"Saltash &#8211; Urlaub in Cornwall und S\u00fcdengland\"}]}]}<\/script>\n<!-- \/ Yoast SEO plugin. -->","yoast_head_json":{"title":"Saltash - Urlaub in Cornwall und S\u00fcdengland - Urlaub &amp; Reisen","description":"Wo immer Sie auch sind in Saltash, so wird es unm\u00f6glich sein, eine von Brunels dramatischsten St\u00fccken Ingenieurskunst zu \u00fcbersehen. Die Royal Albert Eisenbahnbr\u00fccke reicht \u00fcber die Tamar und verbindet Devon mit Cornwall. Dabei bietet sie einen wahrhaft erstaunlichen Blick.","robots":{"index":"index","follow":"follow","max-snippet":"max-snippet:-1","max-image-preview":"max-image-preview:large","max-video-preview":"max-video-preview:-1"},"canonical":"https:\/\/www.urlaubcornwall.de\/blog\/saltash\/","og_locale":"en_US","og_type":"article","og_title":"Saltash - Urlaub in Cornwall und S\u00fcdengland - Urlaub &amp; Reisen","og_description":"Wo immer Sie auch sind in Saltash, so wird es unm\u00f6glich sein, eine von Brunels dramatischsten St\u00fccken Ingenieurskunst zu \u00fcbersehen. Die Royal Albert Eisenbahnbr\u00fccke reicht \u00fcber die Tamar und verbindet Devon mit Cornwall. Dabei bietet sie einen wahrhaft erstaunlichen Blick.","og_url":"https:\/\/www.urlaubcornwall.de\/blog\/saltash\/","og_site_name":"Urlaub &amp; Reisen","og_image":[{"url":"https:\/\/www.urlaubcornwall.de\/blog\/wp-content\/uploads\/2018\/09\/urlaub-brexit-cornwall-england.jpg"}],"twitter_card":"summary","schema":{"@context":"https:\/\/schema.org","@graph":[{"@type":"WebSite","@id":"https:\/\/www.urlaubcornwall.de\/blog\/#website","url":"https:\/\/www.urlaubcornwall.de\/blog\/","name":"Urlaub &amp; Reisen","description":"Urlaub, Reisen, Cornwall und S\u00fcdengland: eine perfekte Kombination","potentialAction":[{"@type":"SearchAction","target":{"@type":"EntryPoint","urlTemplate":"https:\/\/www.urlaubcornwall.de\/blog\/?s={search_term_string}"},"query-input":"required name=search_term_string"}],"inLanguage":"en-US"},{"@type":"WebPage","@id":"https:\/\/www.urlaubcornwall.de\/blog\/saltash\/","url":"https:\/\/www.urlaubcornwall.de\/blog\/saltash\/","name":"Saltash - Urlaub in Cornwall und S\u00fcdengland - Urlaub &amp; Reisen","isPartOf":{"@id":"https:\/\/www.urlaubcornwall.de\/blog\/#website"},"datePublished":"2020-04-01T12:25:31+00:00","dateModified":"2020-04-01T12:25:31+00:00","description":"Wo immer Sie auch sind in Saltash, so wird es unm\u00f6glich sein, eine von Brunels dramatischsten St\u00fccken Ingenieurskunst zu \u00fcbersehen. Die Royal Albert Eisenbahnbr\u00fccke reicht \u00fcber die Tamar und verbindet Devon mit Cornwall. Dabei bietet sie einen wahrhaft erstaunlichen Blick.","breadcrumb":{"@id":"https:\/\/www.urlaubcornwall.de\/blog\/saltash\/#breadcrumb"},"inLanguage":"en-US","potentialAction":[{"@type":"ReadAction","target":["https:\/\/www.urlaubcornwall.de\/blog\/saltash\/"]}]},{"@type":"BreadcrumbList","@id":"https:\/\/www.urlaubcornwall.de\/blog\/saltash\/#breadcrumb","itemListElement":[{"@type":"ListItem","position":1,"name":"Home","item":"https:\/\/www.urlaubcornwall.de\/blog\/"},{"@type":"ListItem","position":2,"name":"Saltash &#8211; Urlaub in Cornwall und S\u00fcdengland"}]}]}},"_links":{"self":[{"href":"https:\/\/www.urlaubcornwall.de\/blog\/wp-json\/wp\/v2\/pages\/39745"}],"collection":[{"href":"https:\/\/www.urlaubcornwall.de\/blog\/wp-json\/wp\/v2\/pages"}],"about":[{"href":"https:\/\/www.urlaubcornwall.de\/blog\/wp-json\/wp\/v2\/types\/page"}],"author":[{"embeddable":true,"href":"https:\/\/www.urlaubcornwall.de\/blog\/wp-json\/wp\/v2\/users\/1"}],"replies":[{"embeddable":true,"href":"https:\/\/www.urlaubcornwall.de\/blog\/wp-json\/wp\/v2\/comments?post=39745"}],"version-history":[{"count":1,"href":"https:\/\/www.urlaubcornwall.de\/blog\/wp-json\/wp\/v2\/pages\/39745\/revisions"}],"predecessor-version":[{"id":39746,"href":"https:\/\/www.urlaubcornwall.de\/blog\/wp-json\/wp\/v2\/pages\/39745\/revisions\/39746"}],"wp:attachment":[{"href":"https:\/\/www.urlaubcornwall.de\/blog\/wp-json\/wp\/v2\/media?parent=39745"}],"curies":[{"name":"wp","href":"https:\/\/api.w.org\/{rel}","templated":true}]}}