{"id":39741,"date":"2020-04-01T10:44:04","date_gmt":"2020-04-01T10:44:04","guid":{"rendered":"https:\/\/www.urlaubcornwall.de\/blog\/?page_id=39741"},"modified":"2020-04-01T10:44:04","modified_gmt":"2020-04-01T10:44:04","slug":"plymouth-urlaub-in-devon-und-suedengland","status":"publish","type":"page","link":"https:\/\/www.urlaubcornwall.de\/blog\/plymouth-urlaub-in-devon-und-suedengland\/","title":{"rendered":"Plymouth &#8211; Urlaub in Devon und S\u00fcdengland"},"content":{"rendered":"<p><img loading=\"lazy\" class=\"aligncenter size-full wp-image-19436\" src=\"https:\/\/www.urlaubcornwall.de\/blog\/wp-content\/uploads\/2015\/08\/Plymouth-Hoe_740.jpg\" alt=\"Plymouth am meer meerblick devon\" width=\"748\" height=\"414\"\/><\/p>\n<p>Plymouth wird immer mehr zu einem gepflegten, kosmopolitischen Urlaubsort, der dem Besucher viel zu bieten hat. Das historische \u2018Hoe\u2019, der riesige \u00f6ffentliche Platz am Wasser ist ein wundervoller Ort, um den Blick \u00fcber Plymouth Sound bis hin zur Insel Drake aufzusaugen.<\/p>\n<p style=\"text-align: center;\"><a class=\"tidycta\" href=\"https:\/\/www.urlaubcornwall.de\/ferienhaeuser-fewos\/eng\/sued-devon\/plymouth.html\">Ferienh\u00e4user in Plymouth<\/a><\/p>\n<p>Bei uns finden Sie Ferienh\u00e4user zum Verlieben &#8211; so einfach ist das!  W\u00e4hlen Sie aus \u00fcber 1000 pers\u00f6nlich inspizierten Ferienh\u00e4usern, Cottages &#038; Ferienwohnungen in <a href=\"https:\/\/www.urlaubcornwall.de\/ferienhaeuser\/suedengland.php\">Devon und S\u00fcdengland<\/a>.<\/p>\n","protected":false},"excerpt":{"rendered":"<p>Plymouth wird immer mehr zu einem gepflegten, kosmopolitischen Urlaubsort, der dem Besucher viel zu bieten hat. Das historische \u2018Hoe\u2019, der riesige \u00f6ffentliche Platz am Wasser ist ein wundervoller Ort, um den Blick \u00fcber Plymouth Sound bis hin zur Insel Drake aufzusaugen. Ferienh\u00e4user in Plymouth Bei uns finden Sie Ferienh\u00e4user zum Verlieben &#8211; so einfach ist [&hellip;]<\/p>\n","protected":false},"author":1,"featured_media":0,"parent":0,"menu_order":0,"comment_status":"closed","ping_status":"closed","template":"single-four.php","meta":[],"acf":[],"yoast_head":"<!-- This site is optimized with the Yoast SEO plugin v19.4 - https:\/\/yoast.com\/wordpress\/plugins\/seo\/ -->\n<title>Plymouth - Urlaub in Devon und S\u00fcdengland - Urlaub &amp; Reisen<\/title>\n<meta name=\"description\" content=\"Plymouth wird immer mehr zu einem gepflegten, kosmopolitischen Urlaubsort, der dem Besucher viel zu bieten hat. Das historische \u2018Hoe\u2019, der riesige \u00f6ffentliche Platz am Wasser ist ein wundervoller Ort, um den Blick \u00fcber Plymouth Sound bis hin zur Insel Drake aufzusaugen.\" \/>\n<meta name=\"robots\" content=\"index, follow, max-snippet:-1, max-image-preview:large, max-video-preview:-1\" \/>\n<link rel=\"canonical\" href=\"https:\/\/www.urlaubcornwall.de\/blog\/plymouth-urlaub-in-devon-und-suedengland\/\" \/>\n<meta property=\"og:locale\" content=\"en_US\" \/>\n<meta property=\"og:type\" content=\"article\" \/>\n<meta property=\"og:title\" content=\"Plymouth - Urlaub in Devon und S\u00fcdengland - Urlaub &amp; Reisen\" \/>\n<meta property=\"og:description\" content=\"Plymouth wird immer mehr zu einem gepflegten, kosmopolitischen Urlaubsort, der dem Besucher viel zu bieten hat. Das historische \u2018Hoe\u2019, der riesige \u00f6ffentliche Platz am Wasser ist ein wundervoller Ort, um den Blick \u00fcber Plymouth Sound bis hin zur Insel Drake aufzusaugen.\" \/>\n<meta property=\"og:url\" content=\"https:\/\/www.urlaubcornwall.de\/blog\/plymouth-urlaub-in-devon-und-suedengland\/\" \/>\n<meta property=\"og:site_name\" content=\"Urlaub &amp; Reisen\" \/>\n<meta property=\"og:image\" content=\"https:\/\/www.urlaubcornwall.de\/blog\/wp-content\/uploads\/2015\/08\/Plymouth-Hoe_740.jpg\" \/>\n<meta name=\"twitter:card\" content=\"summary\" \/>\n<script type=\"application\/ld+json\" class=\"yoast-schema-graph\">{\"@context\":\"https:\/\/schema.org\",\"@graph\":[{\"@type\":\"WebSite\",\"@id\":\"https:\/\/www.urlaubcornwall.de\/blog\/#website\",\"url\":\"https:\/\/www.urlaubcornwall.de\/blog\/\",\"name\":\"Urlaub &amp; Reisen\",\"description\":\"Urlaub, Reisen, Cornwall und S\u00fcdengland: eine perfekte Kombination\",\"potentialAction\":[{\"@type\":\"SearchAction\",\"target\":{\"@type\":\"EntryPoint\",\"urlTemplate\":\"https:\/\/www.urlaubcornwall.de\/blog\/?s={search_term_string}\"},\"query-input\":\"required name=search_term_string\"}],\"inLanguage\":\"en-US\"},{\"@type\":\"WebPage\",\"@id\":\"https:\/\/www.urlaubcornwall.de\/blog\/plymouth-urlaub-in-devon-und-suedengland\/\",\"url\":\"https:\/\/www.urlaubcornwall.de\/blog\/plymouth-urlaub-in-devon-und-suedengland\/\",\"name\":\"Plymouth - Urlaub in Devon und S\u00fcdengland - Urlaub &amp; Reisen\",\"isPartOf\":{\"@id\":\"https:\/\/www.urlaubcornwall.de\/blog\/#website\"},\"datePublished\":\"2020-04-01T10:44:04+00:00\",\"dateModified\":\"2020-04-01T10:44:04+00:00\",\"description\":\"Plymouth wird immer mehr zu einem gepflegten, kosmopolitischen Urlaubsort, der dem Besucher viel zu bieten hat. Das historische \u2018Hoe\u2019, der riesige \u00f6ffentliche Platz am Wasser ist ein wundervoller Ort, um den Blick \u00fcber Plymouth Sound bis hin zur Insel Drake aufzusaugen.\",\"breadcrumb\":{\"@id\":\"https:\/\/www.urlaubcornwall.de\/blog\/plymouth-urlaub-in-devon-und-suedengland\/#breadcrumb\"},\"inLanguage\":\"en-US\",\"potentialAction\":[{\"@type\":\"ReadAction\",\"target\":[\"https:\/\/www.urlaubcornwall.de\/blog\/plymouth-urlaub-in-devon-und-suedengland\/\"]}]},{\"@type\":\"BreadcrumbList\",\"@id\":\"https:\/\/www.urlaubcornwall.de\/blog\/plymouth-urlaub-in-devon-und-suedengland\/#breadcrumb\",\"itemListElement\":[{\"@type\":\"ListItem\",\"position\":1,\"name\":\"Home\",\"item\":\"https:\/\/www.urlaubcornwall.de\/blog\/\"},{\"@type\":\"ListItem\",\"position\":2,\"name\":\"Plymouth &#8211; Urlaub in Devon und S\u00fcdengland\"}]}]}<\/script>\n<!-- \/ Yoast SEO plugin. -->","yoast_head_json":{"title":"Plymouth - Urlaub in Devon und S\u00fcdengland - Urlaub &amp; Reisen","description":"Plymouth wird immer mehr zu einem gepflegten, kosmopolitischen Urlaubsort, der dem Besucher viel zu bieten hat. Das historische \u2018Hoe\u2019, der riesige \u00f6ffentliche Platz am Wasser ist ein wundervoller Ort, um den Blick \u00fcber Plymouth Sound bis hin zur Insel Drake aufzusaugen.","robots":{"index":"index","follow":"follow","max-snippet":"max-snippet:-1","max-image-preview":"max-image-preview:large","max-video-preview":"max-video-preview:-1"},"canonical":"https:\/\/www.urlaubcornwall.de\/blog\/plymouth-urlaub-in-devon-und-suedengland\/","og_locale":"en_US","og_type":"article","og_title":"Plymouth - Urlaub in Devon und S\u00fcdengland - Urlaub &amp; Reisen","og_description":"Plymouth wird immer mehr zu einem gepflegten, kosmopolitischen Urlaubsort, der dem Besucher viel zu bieten hat. Das historische \u2018Hoe\u2019, der riesige \u00f6ffentliche Platz am Wasser ist ein wundervoller Ort, um den Blick \u00fcber Plymouth Sound bis hin zur Insel Drake aufzusaugen.","og_url":"https:\/\/www.urlaubcornwall.de\/blog\/plymouth-urlaub-in-devon-und-suedengland\/","og_site_name":"Urlaub &amp; Reisen","og_image":[{"url":"https:\/\/www.urlaubcornwall.de\/blog\/wp-content\/uploads\/2015\/08\/Plymouth-Hoe_740.jpg"}],"twitter_card":"summary","schema":{"@context":"https:\/\/schema.org","@graph":[{"@type":"WebSite","@id":"https:\/\/www.urlaubcornwall.de\/blog\/#website","url":"https:\/\/www.urlaubcornwall.de\/blog\/","name":"Urlaub &amp; Reisen","description":"Urlaub, Reisen, Cornwall und S\u00fcdengland: eine perfekte Kombination","potentialAction":[{"@type":"SearchAction","target":{"@type":"EntryPoint","urlTemplate":"https:\/\/www.urlaubcornwall.de\/blog\/?s={search_term_string}"},"query-input":"required name=search_term_string"}],"inLanguage":"en-US"},{"@type":"WebPage","@id":"https:\/\/www.urlaubcornwall.de\/blog\/plymouth-urlaub-in-devon-und-suedengland\/","url":"https:\/\/www.urlaubcornwall.de\/blog\/plymouth-urlaub-in-devon-und-suedengland\/","name":"Plymouth - Urlaub in Devon und S\u00fcdengland - Urlaub &amp; Reisen","isPartOf":{"@id":"https:\/\/www.urlaubcornwall.de\/blog\/#website"},"datePublished":"2020-04-01T10:44:04+00:00","dateModified":"2020-04-01T10:44:04+00:00","description":"Plymouth wird immer mehr zu einem gepflegten, kosmopolitischen Urlaubsort, der dem Besucher viel zu bieten hat. Das historische \u2018Hoe\u2019, der riesige \u00f6ffentliche Platz am Wasser ist ein wundervoller Ort, um den Blick \u00fcber Plymouth Sound bis hin zur Insel Drake aufzusaugen.","breadcrumb":{"@id":"https:\/\/www.urlaubcornwall.de\/blog\/plymouth-urlaub-in-devon-und-suedengland\/#breadcrumb"},"inLanguage":"en-US","potentialAction":[{"@type":"ReadAction","target":["https:\/\/www.urlaubcornwall.de\/blog\/plymouth-urlaub-in-devon-und-suedengland\/"]}]},{"@type":"BreadcrumbList","@id":"https:\/\/www.urlaubcornwall.de\/blog\/plymouth-urlaub-in-devon-und-suedengland\/#breadcrumb","itemListElement":[{"@type":"ListItem","position":1,"name":"Home","item":"https:\/\/www.urlaubcornwall.de\/blog\/"},{"@type":"ListItem","position":2,"name":"Plymouth &#8211; Urlaub in Devon und S\u00fcdengland"}]}]}},"_links":{"self":[{"href":"https:\/\/www.urlaubcornwall.de\/blog\/wp-json\/wp\/v2\/pages\/39741"}],"collection":[{"href":"https:\/\/www.urlaubcornwall.de\/blog\/wp-json\/wp\/v2\/pages"}],"about":[{"href":"https:\/\/www.urlaubcornwall.de\/blog\/wp-json\/wp\/v2\/types\/page"}],"author":[{"embeddable":true,"href":"https:\/\/www.urlaubcornwall.de\/blog\/wp-json\/wp\/v2\/users\/1"}],"replies":[{"embeddable":true,"href":"https:\/\/www.urlaubcornwall.de\/blog\/wp-json\/wp\/v2\/comments?post=39741"}],"version-history":[{"count":1,"href":"https:\/\/www.urlaubcornwall.de\/blog\/wp-json\/wp\/v2\/pages\/39741\/revisions"}],"predecessor-version":[{"id":39742,"href":"https:\/\/www.urlaubcornwall.de\/blog\/wp-json\/wp\/v2\/pages\/39741\/revisions\/39742"}],"wp:attachment":[{"href":"https:\/\/www.urlaubcornwall.de\/blog\/wp-json\/wp\/v2\/media?parent=39741"}],"curies":[{"name":"wp","href":"https:\/\/api.w.org\/{rel}","templated":true}]}}