{"id":39734,"date":"2020-04-01T10:32:02","date_gmt":"2020-04-01T10:32:02","guid":{"rendered":"https:\/\/www.urlaubcornwall.de\/blog\/?page_id=39734"},"modified":"2020-04-01T10:32:02","modified_gmt":"2020-04-01T10:32:02","slug":"ottery-st-mary-urlaub-in-devon-und-suedwestengland","status":"publish","type":"page","link":"https:\/\/www.urlaubcornwall.de\/blog\/ottery-st-mary-urlaub-in-devon-und-suedwestengland\/","title":{"rendered":"Ottery St Mary &#8211; Urlaub in Devon und S\u00fcdwestengland"},"content":{"rendered":"<p><img loading=\"lazy\" class=\"aligncenter size-full wp-image-39735\" src=\"https:\/\/www.urlaubcornwall.de\/blog\/wp-content\/uploads\/2020\/04\/Ottery-St-Mary-urlaub.jpg\" alt=\"Ottery St Mary urlaub\" width=\"750\" height=\"420\"\/><\/p>\n<p>Ottery St Mary ist eine der \u00e4ltesten St\u00e4dte Devons und bestand schon eine ganze Weile vor dem Domesday Buch. Eingeschmiegt ins Ottertal, dehnt sich <a href=\"https:\/\/www.urlaubcornwall.de\/ferienhaeuser-fewos\/eng\/devon\/devon.html\">Devons H\u00fcgellandschaft<\/a> in jede Richtung aus. Lediglich ein paar Meilen s\u00fcdlich gelegen, befinden sich die Str\u00e4nde der S\u00fcdk\u00fcste; perfekt also f\u00fcr Ausfl\u00fcge.<\/p>\n<p style=\"text-align: center;\"><a class=\"tidycta\" href=\"https:\/\/www.urlaubcornwall.de\/ferienhaeuser-fewos\/eng\/mitteldevon-und-ostdevon\/ottery-st-mary.html\">Ferienh\u00e4user in Ottery St Mary<\/a><\/p>\n<p>Bei uns finden Sie Ferienh\u00e4user zum Verlieben &#8211; so einfach ist das!  W\u00e4hlen Sie aus \u00fcber 1000 pers\u00f6nlich inspizierten Ferienh\u00e4usern, Cottages &#038; Ferienwohnungen in <a href=\"https:\/\/www.urlaubcornwall.de\/ferienhaeuser\/suedwesten-englands.php\">Devon und S\u00fcdwestengland<\/a>.<\/p>\n","protected":false},"excerpt":{"rendered":"<p>Ottery St Mary ist eine der \u00e4ltesten St\u00e4dte Devons und bestand schon eine ganze Weile vor dem Domesday Buch. Eingeschmiegt ins Ottertal, dehnt sich Devons H\u00fcgellandschaft in jede Richtung aus. Lediglich ein paar Meilen s\u00fcdlich gelegen, befinden sich die Str\u00e4nde der S\u00fcdk\u00fcste; perfekt also f\u00fcr Ausfl\u00fcge. Ferienh\u00e4user in Ottery St Mary Bei uns finden Sie [&hellip;]<\/p>\n","protected":false},"author":1,"featured_media":0,"parent":0,"menu_order":0,"comment_status":"closed","ping_status":"closed","template":"single-four.php","meta":[],"acf":[],"yoast_head":"<!-- This site is optimized with the Yoast SEO plugin v19.4 - https:\/\/yoast.com\/wordpress\/plugins\/seo\/ -->\n<title>Ottery St Mary - Urlaub in Devon und S\u00fcdwestengland - Urlaub &amp; Reisen<\/title>\n<meta name=\"description\" content=\"Ottery St Mary ist eine der \u00e4ltesten St\u00e4dte Devons und bestand schon eine ganze Weile vor dem Domesday Buch. Eingeschmiegt ins Ottertal, dehnt sich Devons H\u00fcgellandschaft in jede Richtung aus. Lediglich ein paar Meilen s\u00fcdlich gelegen, befinden sich die Str\u00e4nde der S\u00fcdk\u00fcste; perfekt also f\u00fcr Ausfl\u00fcge.\" \/>\n<meta name=\"robots\" content=\"index, follow, max-snippet:-1, max-image-preview:large, max-video-preview:-1\" \/>\n<link rel=\"canonical\" href=\"https:\/\/www.urlaubcornwall.de\/blog\/ottery-st-mary-urlaub-in-devon-und-suedwestengland\/\" \/>\n<meta property=\"og:locale\" content=\"en_US\" \/>\n<meta property=\"og:type\" content=\"article\" \/>\n<meta property=\"og:title\" content=\"Ottery St Mary - Urlaub in Devon und S\u00fcdwestengland - Urlaub &amp; Reisen\" \/>\n<meta property=\"og:description\" content=\"Ottery St Mary ist eine der \u00e4ltesten St\u00e4dte Devons und bestand schon eine ganze Weile vor dem Domesday Buch. Eingeschmiegt ins Ottertal, dehnt sich Devons H\u00fcgellandschaft in jede Richtung aus. Lediglich ein paar Meilen s\u00fcdlich gelegen, befinden sich die Str\u00e4nde der S\u00fcdk\u00fcste; perfekt also f\u00fcr Ausfl\u00fcge.\" \/>\n<meta property=\"og:url\" content=\"https:\/\/www.urlaubcornwall.de\/blog\/ottery-st-mary-urlaub-in-devon-und-suedwestengland\/\" \/>\n<meta property=\"og:site_name\" content=\"Urlaub &amp; Reisen\" \/>\n<meta property=\"og:image\" content=\"https:\/\/www.urlaubcornwall.de\/blog\/wp-content\/uploads\/2020\/04\/Ottery-St-Mary-urlaub.jpg\" \/>\n<meta name=\"twitter:card\" content=\"summary\" \/>\n<script type=\"application\/ld+json\" class=\"yoast-schema-graph\">{\"@context\":\"https:\/\/schema.org\",\"@graph\":[{\"@type\":\"WebSite\",\"@id\":\"https:\/\/www.urlaubcornwall.de\/blog\/#website\",\"url\":\"https:\/\/www.urlaubcornwall.de\/blog\/\",\"name\":\"Urlaub &amp; Reisen\",\"description\":\"Urlaub, Reisen, Cornwall und S\u00fcdengland: eine perfekte Kombination\",\"potentialAction\":[{\"@type\":\"SearchAction\",\"target\":{\"@type\":\"EntryPoint\",\"urlTemplate\":\"https:\/\/www.urlaubcornwall.de\/blog\/?s={search_term_string}\"},\"query-input\":\"required name=search_term_string\"}],\"inLanguage\":\"en-US\"},{\"@type\":\"WebPage\",\"@id\":\"https:\/\/www.urlaubcornwall.de\/blog\/ottery-st-mary-urlaub-in-devon-und-suedwestengland\/\",\"url\":\"https:\/\/www.urlaubcornwall.de\/blog\/ottery-st-mary-urlaub-in-devon-und-suedwestengland\/\",\"name\":\"Ottery St Mary - Urlaub in Devon und S\u00fcdwestengland - Urlaub &amp; Reisen\",\"isPartOf\":{\"@id\":\"https:\/\/www.urlaubcornwall.de\/blog\/#website\"},\"datePublished\":\"2020-04-01T10:32:02+00:00\",\"dateModified\":\"2020-04-01T10:32:02+00:00\",\"description\":\"Ottery St Mary ist eine der \u00e4ltesten St\u00e4dte Devons und bestand schon eine ganze Weile vor dem Domesday Buch. Eingeschmiegt ins Ottertal, dehnt sich Devons H\u00fcgellandschaft in jede Richtung aus. Lediglich ein paar Meilen s\u00fcdlich gelegen, befinden sich die Str\u00e4nde der S\u00fcdk\u00fcste; perfekt also f\u00fcr Ausfl\u00fcge.\",\"breadcrumb\":{\"@id\":\"https:\/\/www.urlaubcornwall.de\/blog\/ottery-st-mary-urlaub-in-devon-und-suedwestengland\/#breadcrumb\"},\"inLanguage\":\"en-US\",\"potentialAction\":[{\"@type\":\"ReadAction\",\"target\":[\"https:\/\/www.urlaubcornwall.de\/blog\/ottery-st-mary-urlaub-in-devon-und-suedwestengland\/\"]}]},{\"@type\":\"BreadcrumbList\",\"@id\":\"https:\/\/www.urlaubcornwall.de\/blog\/ottery-st-mary-urlaub-in-devon-und-suedwestengland\/#breadcrumb\",\"itemListElement\":[{\"@type\":\"ListItem\",\"position\":1,\"name\":\"Home\",\"item\":\"https:\/\/www.urlaubcornwall.de\/blog\/\"},{\"@type\":\"ListItem\",\"position\":2,\"name\":\"Ottery St Mary &#8211; Urlaub in Devon und S\u00fcdwestengland\"}]}]}<\/script>\n<!-- \/ Yoast SEO plugin. -->","yoast_head_json":{"title":"Ottery St Mary - Urlaub in Devon und S\u00fcdwestengland - Urlaub &amp; Reisen","description":"Ottery St Mary ist eine der \u00e4ltesten St\u00e4dte Devons und bestand schon eine ganze Weile vor dem Domesday Buch. Eingeschmiegt ins Ottertal, dehnt sich Devons H\u00fcgellandschaft in jede Richtung aus. Lediglich ein paar Meilen s\u00fcdlich gelegen, befinden sich die Str\u00e4nde der S\u00fcdk\u00fcste; perfekt also f\u00fcr Ausfl\u00fcge.","robots":{"index":"index","follow":"follow","max-snippet":"max-snippet:-1","max-image-preview":"max-image-preview:large","max-video-preview":"max-video-preview:-1"},"canonical":"https:\/\/www.urlaubcornwall.de\/blog\/ottery-st-mary-urlaub-in-devon-und-suedwestengland\/","og_locale":"en_US","og_type":"article","og_title":"Ottery St Mary - Urlaub in Devon und S\u00fcdwestengland - Urlaub &amp; Reisen","og_description":"Ottery St Mary ist eine der \u00e4ltesten St\u00e4dte Devons und bestand schon eine ganze Weile vor dem Domesday Buch. Eingeschmiegt ins Ottertal, dehnt sich Devons H\u00fcgellandschaft in jede Richtung aus. Lediglich ein paar Meilen s\u00fcdlich gelegen, befinden sich die Str\u00e4nde der S\u00fcdk\u00fcste; perfekt also f\u00fcr Ausfl\u00fcge.","og_url":"https:\/\/www.urlaubcornwall.de\/blog\/ottery-st-mary-urlaub-in-devon-und-suedwestengland\/","og_site_name":"Urlaub &amp; Reisen","og_image":[{"url":"https:\/\/www.urlaubcornwall.de\/blog\/wp-content\/uploads\/2020\/04\/Ottery-St-Mary-urlaub.jpg"}],"twitter_card":"summary","schema":{"@context":"https:\/\/schema.org","@graph":[{"@type":"WebSite","@id":"https:\/\/www.urlaubcornwall.de\/blog\/#website","url":"https:\/\/www.urlaubcornwall.de\/blog\/","name":"Urlaub &amp; Reisen","description":"Urlaub, Reisen, Cornwall und S\u00fcdengland: eine perfekte Kombination","potentialAction":[{"@type":"SearchAction","target":{"@type":"EntryPoint","urlTemplate":"https:\/\/www.urlaubcornwall.de\/blog\/?s={search_term_string}"},"query-input":"required name=search_term_string"}],"inLanguage":"en-US"},{"@type":"WebPage","@id":"https:\/\/www.urlaubcornwall.de\/blog\/ottery-st-mary-urlaub-in-devon-und-suedwestengland\/","url":"https:\/\/www.urlaubcornwall.de\/blog\/ottery-st-mary-urlaub-in-devon-und-suedwestengland\/","name":"Ottery St Mary - Urlaub in Devon und S\u00fcdwestengland - Urlaub &amp; Reisen","isPartOf":{"@id":"https:\/\/www.urlaubcornwall.de\/blog\/#website"},"datePublished":"2020-04-01T10:32:02+00:00","dateModified":"2020-04-01T10:32:02+00:00","description":"Ottery St Mary ist eine der \u00e4ltesten St\u00e4dte Devons und bestand schon eine ganze Weile vor dem Domesday Buch. Eingeschmiegt ins Ottertal, dehnt sich Devons H\u00fcgellandschaft in jede Richtung aus. Lediglich ein paar Meilen s\u00fcdlich gelegen, befinden sich die Str\u00e4nde der S\u00fcdk\u00fcste; perfekt also f\u00fcr Ausfl\u00fcge.","breadcrumb":{"@id":"https:\/\/www.urlaubcornwall.de\/blog\/ottery-st-mary-urlaub-in-devon-und-suedwestengland\/#breadcrumb"},"inLanguage":"en-US","potentialAction":[{"@type":"ReadAction","target":["https:\/\/www.urlaubcornwall.de\/blog\/ottery-st-mary-urlaub-in-devon-und-suedwestengland\/"]}]},{"@type":"BreadcrumbList","@id":"https:\/\/www.urlaubcornwall.de\/blog\/ottery-st-mary-urlaub-in-devon-und-suedwestengland\/#breadcrumb","itemListElement":[{"@type":"ListItem","position":1,"name":"Home","item":"https:\/\/www.urlaubcornwall.de\/blog\/"},{"@type":"ListItem","position":2,"name":"Ottery St Mary &#8211; Urlaub in Devon und S\u00fcdwestengland"}]}]}},"_links":{"self":[{"href":"https:\/\/www.urlaubcornwall.de\/blog\/wp-json\/wp\/v2\/pages\/39734"}],"collection":[{"href":"https:\/\/www.urlaubcornwall.de\/blog\/wp-json\/wp\/v2\/pages"}],"about":[{"href":"https:\/\/www.urlaubcornwall.de\/blog\/wp-json\/wp\/v2\/types\/page"}],"author":[{"embeddable":true,"href":"https:\/\/www.urlaubcornwall.de\/blog\/wp-json\/wp\/v2\/users\/1"}],"replies":[{"embeddable":true,"href":"https:\/\/www.urlaubcornwall.de\/blog\/wp-json\/wp\/v2\/comments?post=39734"}],"version-history":[{"count":1,"href":"https:\/\/www.urlaubcornwall.de\/blog\/wp-json\/wp\/v2\/pages\/39734\/revisions"}],"predecessor-version":[{"id":39736,"href":"https:\/\/www.urlaubcornwall.de\/blog\/wp-json\/wp\/v2\/pages\/39734\/revisions\/39736"}],"wp:attachment":[{"href":"https:\/\/www.urlaubcornwall.de\/blog\/wp-json\/wp\/v2\/media?parent=39734"}],"curies":[{"name":"wp","href":"https:\/\/api.w.org\/{rel}","templated":true}]}}