{"id":39732,"date":"2020-04-01T10:27:14","date_gmt":"2020-04-01T10:27:14","guid":{"rendered":"https:\/\/www.urlaubcornwall.de\/blog\/?page_id=39732"},"modified":"2024-05-31T11:49:20","modified_gmt":"2024-05-31T11:49:20","slug":"okehampton-urlaub-in-devon-und-suedwestengland","status":"publish","type":"page","link":"https:\/\/www.urlaubcornwall.de\/blog\/okehampton-urlaub-in-devon-und-suedwestengland\/","title":{"rendered":"Okehampton &#8211; Urlaub in Devon und S\u00fcdwestengland"},"content":{"rendered":"<p><a href=\"https:\/\/www.urlaubcornwall.de\/blog\/wp-content\/uploads\/2024\/03\/dartmoor.jpg\"><img loading=\"lazy\" src=\"https:\/\/www.urlaubcornwall.de\/blog\/wp-content\/uploads\/2024\/03\/dartmoor.jpg\" alt=\"dartmoor\" width=\"750\" height=\"500\" class=\"alignnone size-full wp-image-47878\" srcset=\"https:\/\/www.urlaubcornwall.de\/blog\/wp-content\/uploads\/2024\/03\/dartmoor.jpg 750w, https:\/\/www.urlaubcornwall.de\/blog\/wp-content\/uploads\/2024\/03\/dartmoor-300x200.jpg 300w\" sizes=\"(max-width: 750px) 100vw, 750px\" \/><\/a><\/p>\n<p>Okehampton ist von der A30 im Zentrum Devons aus problemlos zu erreichen und zum Wanderzentrum der n\u00f6rdlichen Region des <a href=\"https:\/\/www.urlaubcornwall.de\/ferienhaeuser-fewos\/eng\/sued-devon\/dartmoor.html\">Dartmoor Nationalparks<\/a> geworden. Besuchen Sie in der West Street das Museum zum Leben in Dartmoor und die Ruinen der gr\u00f6\u00dften mittelalterlichen Burg, die in <a href=\"https:\/\/www.urlaubcornwall.de\/ferienhaeuser-fewos\/eng\/sued-devon\/sued-devon.html\">Devon<\/a> je erbaut wurde und sich au\u00dferhalb der Stadt befindet, das Okehampton Castle.<\/p>\n<p style=\"text-align: center;\"><a class=\"tidycta\" href=\"https:\/\/www.urlaubcornwall.de\/ferienhaeuser-fewos\/eng\/devon\/devon.html\">Ferienh\u00e4user in Devon<\/a><\/p>\n<p>Bei uns finden Sie Ferienh\u00e4user zum Verlieben &#8211; so einfach ist das!  W\u00e4hlen Sie aus \u00fcber 1000 pers\u00f6nlich inspizierten Ferienh\u00e4usern, Cottages &#038; Ferienwohnungen in <a href=\"https:\/\/www.urlaubcornwall.de\/ferienhaeuser\/suedwesten-englands.php\">Devon und S\u00fcdwestengland<\/a>. <\/p>\n","protected":false},"excerpt":{"rendered":"<p>Okehampton ist von der A30 im Zentrum Devons aus problemlos zu erreichen und zum Wanderzentrum der n\u00f6rdlichen Region des Dartmoor Nationalparks geworden. Besuchen Sie in der West Street das Museum zum Leben in Dartmoor und die Ruinen der gr\u00f6\u00dften mittelalterlichen Burg, die in Devon je erbaut wurde und sich au\u00dferhalb der Stadt befindet, das Okehampton [&hellip;]<\/p>\n","protected":false},"author":1,"featured_media":0,"parent":0,"menu_order":0,"comment_status":"closed","ping_status":"closed","template":"single-four.php","meta":[],"acf":[],"yoast_head":"<!-- This site is optimized with the Yoast SEO plugin v19.4 - https:\/\/yoast.com\/wordpress\/plugins\/seo\/ -->\n<title>Okehampton - Urlaub in Devon und S\u00fcdwestengland - Urlaub &amp; Reisen<\/title>\n<meta name=\"description\" content=\"Okehampton ist von der A30 im Zentrum Devons aus problemlos zu erreichen und zum Wanderzentrum der n\u00f6rdlichen Region des Dartmoor Nationalparks geworden. Besuchen Sie in der West Street das Museum zum Leben in Dartmoor und die Ruinen der gr\u00f6\u00dften mittelalterlichen Burg, die in Devon je erbaut wurde und sich au\u00dferhalb der Stadt befindet, das Okehampton Castle.\" \/>\n<meta name=\"robots\" content=\"index, follow, max-snippet:-1, max-image-preview:large, max-video-preview:-1\" \/>\n<link rel=\"canonical\" href=\"https:\/\/www.urlaubcornwall.de\/blog\/okehampton-urlaub-in-devon-und-suedwestengland\/\" \/>\n<meta property=\"og:locale\" content=\"en_US\" \/>\n<meta property=\"og:type\" content=\"article\" \/>\n<meta property=\"og:title\" content=\"Okehampton - Urlaub in Devon und S\u00fcdwestengland - Urlaub &amp; Reisen\" \/>\n<meta property=\"og:description\" content=\"Okehampton ist von der A30 im Zentrum Devons aus problemlos zu erreichen und zum Wanderzentrum der n\u00f6rdlichen Region des Dartmoor Nationalparks geworden. Besuchen Sie in der West Street das Museum zum Leben in Dartmoor und die Ruinen der gr\u00f6\u00dften mittelalterlichen Burg, die in Devon je erbaut wurde und sich au\u00dferhalb der Stadt befindet, das Okehampton Castle.\" \/>\n<meta property=\"og:url\" content=\"https:\/\/www.urlaubcornwall.de\/blog\/okehampton-urlaub-in-devon-und-suedwestengland\/\" \/>\n<meta property=\"og:site_name\" content=\"Urlaub &amp; Reisen\" \/>\n<meta property=\"article:modified_time\" content=\"2024-05-31T11:49:20+00:00\" \/>\n<meta property=\"og:image\" content=\"https:\/\/www.urlaubcornwall.de\/blog\/wp-content\/uploads\/2024\/03\/dartmoor.jpg\" \/>\n<meta name=\"twitter:card\" content=\"summary\" \/>\n<meta name=\"twitter:label1\" content=\"Est. reading time\" \/>\n\t<meta name=\"twitter:data1\" content=\"1 minute\" \/>\n<script type=\"application\/ld+json\" class=\"yoast-schema-graph\">{\"@context\":\"https:\/\/schema.org\",\"@graph\":[{\"@type\":\"WebSite\",\"@id\":\"https:\/\/www.urlaubcornwall.de\/blog\/#website\",\"url\":\"https:\/\/www.urlaubcornwall.de\/blog\/\",\"name\":\"Urlaub &amp; Reisen\",\"description\":\"Urlaub, Reisen, Cornwall und S\u00fcdengland: eine perfekte Kombination\",\"potentialAction\":[{\"@type\":\"SearchAction\",\"target\":{\"@type\":\"EntryPoint\",\"urlTemplate\":\"https:\/\/www.urlaubcornwall.de\/blog\/?s={search_term_string}\"},\"query-input\":\"required name=search_term_string\"}],\"inLanguage\":\"en-US\"},{\"@type\":\"WebPage\",\"@id\":\"https:\/\/www.urlaubcornwall.de\/blog\/okehampton-urlaub-in-devon-und-suedwestengland\/\",\"url\":\"https:\/\/www.urlaubcornwall.de\/blog\/okehampton-urlaub-in-devon-und-suedwestengland\/\",\"name\":\"Okehampton - Urlaub in Devon und S\u00fcdwestengland - Urlaub &amp; Reisen\",\"isPartOf\":{\"@id\":\"https:\/\/www.urlaubcornwall.de\/blog\/#website\"},\"datePublished\":\"2020-04-01T10:27:14+00:00\",\"dateModified\":\"2024-05-31T11:49:20+00:00\",\"description\":\"Okehampton ist von der A30 im Zentrum Devons aus problemlos zu erreichen und zum Wanderzentrum der n\u00f6rdlichen Region des Dartmoor Nationalparks geworden. Besuchen Sie in der West Street das Museum zum Leben in Dartmoor und die Ruinen der gr\u00f6\u00dften mittelalterlichen Burg, die in Devon je erbaut wurde und sich au\u00dferhalb der Stadt befindet, das Okehampton Castle.\",\"breadcrumb\":{\"@id\":\"https:\/\/www.urlaubcornwall.de\/blog\/okehampton-urlaub-in-devon-und-suedwestengland\/#breadcrumb\"},\"inLanguage\":\"en-US\",\"potentialAction\":[{\"@type\":\"ReadAction\",\"target\":[\"https:\/\/www.urlaubcornwall.de\/blog\/okehampton-urlaub-in-devon-und-suedwestengland\/\"]}]},{\"@type\":\"BreadcrumbList\",\"@id\":\"https:\/\/www.urlaubcornwall.de\/blog\/okehampton-urlaub-in-devon-und-suedwestengland\/#breadcrumb\",\"itemListElement\":[{\"@type\":\"ListItem\",\"position\":1,\"name\":\"Home\",\"item\":\"https:\/\/www.urlaubcornwall.de\/blog\/\"},{\"@type\":\"ListItem\",\"position\":2,\"name\":\"Okehampton &#8211; Urlaub in Devon und S\u00fcdwestengland\"}]}]}<\/script>\n<!-- \/ Yoast SEO plugin. -->","yoast_head_json":{"title":"Okehampton - Urlaub in Devon und S\u00fcdwestengland - Urlaub &amp; Reisen","description":"Okehampton ist von der A30 im Zentrum Devons aus problemlos zu erreichen und zum Wanderzentrum der n\u00f6rdlichen Region des Dartmoor Nationalparks geworden. Besuchen Sie in der West Street das Museum zum Leben in Dartmoor und die Ruinen der gr\u00f6\u00dften mittelalterlichen Burg, die in Devon je erbaut wurde und sich au\u00dferhalb der Stadt befindet, das Okehampton Castle.","robots":{"index":"index","follow":"follow","max-snippet":"max-snippet:-1","max-image-preview":"max-image-preview:large","max-video-preview":"max-video-preview:-1"},"canonical":"https:\/\/www.urlaubcornwall.de\/blog\/okehampton-urlaub-in-devon-und-suedwestengland\/","og_locale":"en_US","og_type":"article","og_title":"Okehampton - Urlaub in Devon und S\u00fcdwestengland - Urlaub &amp; Reisen","og_description":"Okehampton ist von der A30 im Zentrum Devons aus problemlos zu erreichen und zum Wanderzentrum der n\u00f6rdlichen Region des Dartmoor Nationalparks geworden. Besuchen Sie in der West Street das Museum zum Leben in Dartmoor und die Ruinen der gr\u00f6\u00dften mittelalterlichen Burg, die in Devon je erbaut wurde und sich au\u00dferhalb der Stadt befindet, das Okehampton Castle.","og_url":"https:\/\/www.urlaubcornwall.de\/blog\/okehampton-urlaub-in-devon-und-suedwestengland\/","og_site_name":"Urlaub &amp; Reisen","article_modified_time":"2024-05-31T11:49:20+00:00","og_image":[{"url":"https:\/\/www.urlaubcornwall.de\/blog\/wp-content\/uploads\/2024\/03\/dartmoor.jpg"}],"twitter_card":"summary","twitter_misc":{"Est. reading time":"1 minute"},"schema":{"@context":"https:\/\/schema.org","@graph":[{"@type":"WebSite","@id":"https:\/\/www.urlaubcornwall.de\/blog\/#website","url":"https:\/\/www.urlaubcornwall.de\/blog\/","name":"Urlaub &amp; Reisen","description":"Urlaub, Reisen, Cornwall und S\u00fcdengland: eine perfekte Kombination","potentialAction":[{"@type":"SearchAction","target":{"@type":"EntryPoint","urlTemplate":"https:\/\/www.urlaubcornwall.de\/blog\/?s={search_term_string}"},"query-input":"required name=search_term_string"}],"inLanguage":"en-US"},{"@type":"WebPage","@id":"https:\/\/www.urlaubcornwall.de\/blog\/okehampton-urlaub-in-devon-und-suedwestengland\/","url":"https:\/\/www.urlaubcornwall.de\/blog\/okehampton-urlaub-in-devon-und-suedwestengland\/","name":"Okehampton - Urlaub in Devon und S\u00fcdwestengland - Urlaub &amp; Reisen","isPartOf":{"@id":"https:\/\/www.urlaubcornwall.de\/blog\/#website"},"datePublished":"2020-04-01T10:27:14+00:00","dateModified":"2024-05-31T11:49:20+00:00","description":"Okehampton ist von der A30 im Zentrum Devons aus problemlos zu erreichen und zum Wanderzentrum der n\u00f6rdlichen Region des Dartmoor Nationalparks geworden. Besuchen Sie in der West Street das Museum zum Leben in Dartmoor und die Ruinen der gr\u00f6\u00dften mittelalterlichen Burg, die in Devon je erbaut wurde und sich au\u00dferhalb der Stadt befindet, das Okehampton Castle.","breadcrumb":{"@id":"https:\/\/www.urlaubcornwall.de\/blog\/okehampton-urlaub-in-devon-und-suedwestengland\/#breadcrumb"},"inLanguage":"en-US","potentialAction":[{"@type":"ReadAction","target":["https:\/\/www.urlaubcornwall.de\/blog\/okehampton-urlaub-in-devon-und-suedwestengland\/"]}]},{"@type":"BreadcrumbList","@id":"https:\/\/www.urlaubcornwall.de\/blog\/okehampton-urlaub-in-devon-und-suedwestengland\/#breadcrumb","itemListElement":[{"@type":"ListItem","position":1,"name":"Home","item":"https:\/\/www.urlaubcornwall.de\/blog\/"},{"@type":"ListItem","position":2,"name":"Okehampton &#8211; Urlaub in Devon und S\u00fcdwestengland"}]}]}},"_links":{"self":[{"href":"https:\/\/www.urlaubcornwall.de\/blog\/wp-json\/wp\/v2\/pages\/39732"}],"collection":[{"href":"https:\/\/www.urlaubcornwall.de\/blog\/wp-json\/wp\/v2\/pages"}],"about":[{"href":"https:\/\/www.urlaubcornwall.de\/blog\/wp-json\/wp\/v2\/types\/page"}],"author":[{"embeddable":true,"href":"https:\/\/www.urlaubcornwall.de\/blog\/wp-json\/wp\/v2\/users\/1"}],"replies":[{"embeddable":true,"href":"https:\/\/www.urlaubcornwall.de\/blog\/wp-json\/wp\/v2\/comments?post=39732"}],"version-history":[{"count":2,"href":"https:\/\/www.urlaubcornwall.de\/blog\/wp-json\/wp\/v2\/pages\/39732\/revisions"}],"predecessor-version":[{"id":51332,"href":"https:\/\/www.urlaubcornwall.de\/blog\/wp-json\/wp\/v2\/pages\/39732\/revisions\/51332"}],"wp:attachment":[{"href":"https:\/\/www.urlaubcornwall.de\/blog\/wp-json\/wp\/v2\/media?parent=39732"}],"curies":[{"name":"wp","href":"https:\/\/api.w.org\/{rel}","templated":true}]}}