{"id":39730,"date":"2020-04-01T10:21:04","date_gmt":"2020-04-01T10:21:04","guid":{"rendered":"https:\/\/www.urlaubcornwall.de\/blog\/?page_id=39730"},"modified":"2024-05-31T11:49:09","modified_gmt":"2024-05-31T11:49:09","slug":"north-bovey-urlaub-in-devon-und-suedwestengland","status":"publish","type":"page","link":"https:\/\/www.urlaubcornwall.de\/blog\/north-bovey-urlaub-in-devon-und-suedwestengland\/","title":{"rendered":"North Bovey &#8211; Urlaub in Devon und S\u00fcdwestengland"},"content":{"rendered":"<p><a href=\"https:\/\/www.urlaubcornwall.de\/blog\/wp-content\/uploads\/2024\/03\/dartmoor.jpg\"><img loading=\"lazy\" src=\"https:\/\/www.urlaubcornwall.de\/blog\/wp-content\/uploads\/2024\/03\/dartmoor.jpg\" alt=\"dartmoor\" width=\"750\" height=\"500\" class=\"alignnone size-full wp-image-47878\" srcset=\"https:\/\/www.urlaubcornwall.de\/blog\/wp-content\/uploads\/2024\/03\/dartmoor.jpg 750w, https:\/\/www.urlaubcornwall.de\/blog\/wp-content\/uploads\/2024\/03\/dartmoor-300x200.jpg 300w\" sizes=\"(max-width: 750px) 100vw, 750px\" \/><\/a><br \/>\nIndem mit Heidekraut bewachsene <a href=\"https:\/\/www.urlaubcornwall.de\/ferienhaeuser-fewos\/eng\/sued-devon\/dartmoor.html\">H\u00fcgel und T\u00e4ler Dartmoors<\/a> die Skyline dominieren, zieht North Bovey Wanderer, Radfahrer und Reiter magnetisch an. Der Begriff malerisch wird North Bovey kaum gerecht; die Dorfgr\u00fcnfl\u00e4che mit seiner traditionellen Pumpe und dem Steinkreuz ist umgeben von reetgedeckten H\u00e4usern des 18. Jahrhunderts.<\/p>\n<p style=\"text-align: center;\"><a class=\"tidycta\" href=\"https:\/\/www.urlaubcornwall.de\/ferienhaeuser-fewos\/eng\/sued-devon\/newton-abbot.html\">Ferienh\u00e4user in North Bovey<\/a><\/p>\n<p>Bei uns finden Sie Ferienh\u00e4user zum Verlieben &#8211; so einfach ist das!  W\u00e4hlen Sie aus \u00fcber 1000 pers\u00f6nlich inspizierten Ferienh\u00e4usern, Cottages &#038; Ferienwohnungen in <a href=\"https:\/\/www.urlaubcornwall.de\/ferienhaeuser\/suedwesten-englands.php\">Devon und S\u00fcdwestengland<\/a>.<\/p>\n","protected":false},"excerpt":{"rendered":"<p>Indem mit Heidekraut bewachsene H\u00fcgel und T\u00e4ler Dartmoors die Skyline dominieren, zieht North Bovey Wanderer, Radfahrer und Reiter magnetisch an. Der Begriff malerisch wird North Bovey kaum gerecht; die Dorfgr\u00fcnfl\u00e4che mit seiner traditionellen Pumpe und dem Steinkreuz ist umgeben von reetgedeckten H\u00e4usern des 18. Jahrhunderts. Ferienh\u00e4user in North Bovey Bei uns finden Sie Ferienh\u00e4user zum [&hellip;]<\/p>\n","protected":false},"author":1,"featured_media":0,"parent":0,"menu_order":0,"comment_status":"closed","ping_status":"closed","template":"single-four.php","meta":[],"acf":[],"yoast_head":"<!-- This site is optimized with the Yoast SEO plugin v19.4 - https:\/\/yoast.com\/wordpress\/plugins\/seo\/ -->\n<title>North Bovey - Urlaub in Devon und S\u00fcdwestengland - Urlaub &amp; Reisen<\/title>\n<meta name=\"description\" content=\"Indem mit Heidekraut bewachsene H\u00fcgel und T\u00e4ler Dartmoors die Skyline dominieren, zieht North Bovey Wanderer, Radfahrer und Reiter magnetisch an. Der Begriff malerisch wird North Bovey kaum gerecht; die Dorfgr\u00fcnfl\u00e4che mit seiner traditionellen Pumpe und dem Steinkreuz ist umgeben von reetgedeckten H\u00e4usern des 18. Jahrhunderts.\" \/>\n<meta name=\"robots\" content=\"index, follow, max-snippet:-1, max-image-preview:large, max-video-preview:-1\" \/>\n<link rel=\"canonical\" href=\"https:\/\/www.urlaubcornwall.de\/blog\/north-bovey-urlaub-in-devon-und-suedwestengland\/\" \/>\n<meta property=\"og:locale\" content=\"en_US\" \/>\n<meta property=\"og:type\" content=\"article\" \/>\n<meta property=\"og:title\" content=\"North Bovey - Urlaub in Devon und S\u00fcdwestengland - Urlaub &amp; Reisen\" \/>\n<meta property=\"og:description\" content=\"Indem mit Heidekraut bewachsene H\u00fcgel und T\u00e4ler Dartmoors die Skyline dominieren, zieht North Bovey Wanderer, Radfahrer und Reiter magnetisch an. Der Begriff malerisch wird North Bovey kaum gerecht; die Dorfgr\u00fcnfl\u00e4che mit seiner traditionellen Pumpe und dem Steinkreuz ist umgeben von reetgedeckten H\u00e4usern des 18. Jahrhunderts.\" \/>\n<meta property=\"og:url\" content=\"https:\/\/www.urlaubcornwall.de\/blog\/north-bovey-urlaub-in-devon-und-suedwestengland\/\" \/>\n<meta property=\"og:site_name\" content=\"Urlaub &amp; Reisen\" \/>\n<meta property=\"article:modified_time\" content=\"2024-05-31T11:49:09+00:00\" \/>\n<meta property=\"og:image\" content=\"https:\/\/www.urlaubcornwall.de\/blog\/wp-content\/uploads\/2024\/03\/dartmoor.jpg\" \/>\n<meta name=\"twitter:card\" content=\"summary\" \/>\n<meta name=\"twitter:label1\" content=\"Est. reading time\" \/>\n\t<meta name=\"twitter:data1\" content=\"1 minute\" \/>\n<script type=\"application\/ld+json\" class=\"yoast-schema-graph\">{\"@context\":\"https:\/\/schema.org\",\"@graph\":[{\"@type\":\"WebSite\",\"@id\":\"https:\/\/www.urlaubcornwall.de\/blog\/#website\",\"url\":\"https:\/\/www.urlaubcornwall.de\/blog\/\",\"name\":\"Urlaub &amp; Reisen\",\"description\":\"Urlaub, Reisen, Cornwall und S\u00fcdengland: eine perfekte Kombination\",\"potentialAction\":[{\"@type\":\"SearchAction\",\"target\":{\"@type\":\"EntryPoint\",\"urlTemplate\":\"https:\/\/www.urlaubcornwall.de\/blog\/?s={search_term_string}\"},\"query-input\":\"required name=search_term_string\"}],\"inLanguage\":\"en-US\"},{\"@type\":\"WebPage\",\"@id\":\"https:\/\/www.urlaubcornwall.de\/blog\/north-bovey-urlaub-in-devon-und-suedwestengland\/\",\"url\":\"https:\/\/www.urlaubcornwall.de\/blog\/north-bovey-urlaub-in-devon-und-suedwestengland\/\",\"name\":\"North Bovey - Urlaub in Devon und S\u00fcdwestengland - Urlaub &amp; Reisen\",\"isPartOf\":{\"@id\":\"https:\/\/www.urlaubcornwall.de\/blog\/#website\"},\"datePublished\":\"2020-04-01T10:21:04+00:00\",\"dateModified\":\"2024-05-31T11:49:09+00:00\",\"description\":\"Indem mit Heidekraut bewachsene H\u00fcgel und T\u00e4ler Dartmoors die Skyline dominieren, zieht North Bovey Wanderer, Radfahrer und Reiter magnetisch an. Der Begriff malerisch wird North Bovey kaum gerecht; die Dorfgr\u00fcnfl\u00e4che mit seiner traditionellen Pumpe und dem Steinkreuz ist umgeben von reetgedeckten H\u00e4usern des 18. Jahrhunderts.\",\"breadcrumb\":{\"@id\":\"https:\/\/www.urlaubcornwall.de\/blog\/north-bovey-urlaub-in-devon-und-suedwestengland\/#breadcrumb\"},\"inLanguage\":\"en-US\",\"potentialAction\":[{\"@type\":\"ReadAction\",\"target\":[\"https:\/\/www.urlaubcornwall.de\/blog\/north-bovey-urlaub-in-devon-und-suedwestengland\/\"]}]},{\"@type\":\"BreadcrumbList\",\"@id\":\"https:\/\/www.urlaubcornwall.de\/blog\/north-bovey-urlaub-in-devon-und-suedwestengland\/#breadcrumb\",\"itemListElement\":[{\"@type\":\"ListItem\",\"position\":1,\"name\":\"Home\",\"item\":\"https:\/\/www.urlaubcornwall.de\/blog\/\"},{\"@type\":\"ListItem\",\"position\":2,\"name\":\"North Bovey &#8211; Urlaub in Devon und S\u00fcdwestengland\"}]}]}<\/script>\n<!-- \/ Yoast SEO plugin. -->","yoast_head_json":{"title":"North Bovey - Urlaub in Devon und S\u00fcdwestengland - Urlaub &amp; Reisen","description":"Indem mit Heidekraut bewachsene H\u00fcgel und T\u00e4ler Dartmoors die Skyline dominieren, zieht North Bovey Wanderer, Radfahrer und Reiter magnetisch an. Der Begriff malerisch wird North Bovey kaum gerecht; die Dorfgr\u00fcnfl\u00e4che mit seiner traditionellen Pumpe und dem Steinkreuz ist umgeben von reetgedeckten H\u00e4usern des 18. Jahrhunderts.","robots":{"index":"index","follow":"follow","max-snippet":"max-snippet:-1","max-image-preview":"max-image-preview:large","max-video-preview":"max-video-preview:-1"},"canonical":"https:\/\/www.urlaubcornwall.de\/blog\/north-bovey-urlaub-in-devon-und-suedwestengland\/","og_locale":"en_US","og_type":"article","og_title":"North Bovey - Urlaub in Devon und S\u00fcdwestengland - Urlaub &amp; Reisen","og_description":"Indem mit Heidekraut bewachsene H\u00fcgel und T\u00e4ler Dartmoors die Skyline dominieren, zieht North Bovey Wanderer, Radfahrer und Reiter magnetisch an. Der Begriff malerisch wird North Bovey kaum gerecht; die Dorfgr\u00fcnfl\u00e4che mit seiner traditionellen Pumpe und dem Steinkreuz ist umgeben von reetgedeckten H\u00e4usern des 18. Jahrhunderts.","og_url":"https:\/\/www.urlaubcornwall.de\/blog\/north-bovey-urlaub-in-devon-und-suedwestengland\/","og_site_name":"Urlaub &amp; Reisen","article_modified_time":"2024-05-31T11:49:09+00:00","og_image":[{"url":"https:\/\/www.urlaubcornwall.de\/blog\/wp-content\/uploads\/2024\/03\/dartmoor.jpg"}],"twitter_card":"summary","twitter_misc":{"Est. reading time":"1 minute"},"schema":{"@context":"https:\/\/schema.org","@graph":[{"@type":"WebSite","@id":"https:\/\/www.urlaubcornwall.de\/blog\/#website","url":"https:\/\/www.urlaubcornwall.de\/blog\/","name":"Urlaub &amp; Reisen","description":"Urlaub, Reisen, Cornwall und S\u00fcdengland: eine perfekte Kombination","potentialAction":[{"@type":"SearchAction","target":{"@type":"EntryPoint","urlTemplate":"https:\/\/www.urlaubcornwall.de\/blog\/?s={search_term_string}"},"query-input":"required name=search_term_string"}],"inLanguage":"en-US"},{"@type":"WebPage","@id":"https:\/\/www.urlaubcornwall.de\/blog\/north-bovey-urlaub-in-devon-und-suedwestengland\/","url":"https:\/\/www.urlaubcornwall.de\/blog\/north-bovey-urlaub-in-devon-und-suedwestengland\/","name":"North Bovey - Urlaub in Devon und S\u00fcdwestengland - Urlaub &amp; Reisen","isPartOf":{"@id":"https:\/\/www.urlaubcornwall.de\/blog\/#website"},"datePublished":"2020-04-01T10:21:04+00:00","dateModified":"2024-05-31T11:49:09+00:00","description":"Indem mit Heidekraut bewachsene H\u00fcgel und T\u00e4ler Dartmoors die Skyline dominieren, zieht North Bovey Wanderer, Radfahrer und Reiter magnetisch an. Der Begriff malerisch wird North Bovey kaum gerecht; die Dorfgr\u00fcnfl\u00e4che mit seiner traditionellen Pumpe und dem Steinkreuz ist umgeben von reetgedeckten H\u00e4usern des 18. Jahrhunderts.","breadcrumb":{"@id":"https:\/\/www.urlaubcornwall.de\/blog\/north-bovey-urlaub-in-devon-und-suedwestengland\/#breadcrumb"},"inLanguage":"en-US","potentialAction":[{"@type":"ReadAction","target":["https:\/\/www.urlaubcornwall.de\/blog\/north-bovey-urlaub-in-devon-und-suedwestengland\/"]}]},{"@type":"BreadcrumbList","@id":"https:\/\/www.urlaubcornwall.de\/blog\/north-bovey-urlaub-in-devon-und-suedwestengland\/#breadcrumb","itemListElement":[{"@type":"ListItem","position":1,"name":"Home","item":"https:\/\/www.urlaubcornwall.de\/blog\/"},{"@type":"ListItem","position":2,"name":"North Bovey &#8211; Urlaub in Devon und S\u00fcdwestengland"}]}]}},"_links":{"self":[{"href":"https:\/\/www.urlaubcornwall.de\/blog\/wp-json\/wp\/v2\/pages\/39730"}],"collection":[{"href":"https:\/\/www.urlaubcornwall.de\/blog\/wp-json\/wp\/v2\/pages"}],"about":[{"href":"https:\/\/www.urlaubcornwall.de\/blog\/wp-json\/wp\/v2\/types\/page"}],"author":[{"embeddable":true,"href":"https:\/\/www.urlaubcornwall.de\/blog\/wp-json\/wp\/v2\/users\/1"}],"replies":[{"embeddable":true,"href":"https:\/\/www.urlaubcornwall.de\/blog\/wp-json\/wp\/v2\/comments?post=39730"}],"version-history":[{"count":2,"href":"https:\/\/www.urlaubcornwall.de\/blog\/wp-json\/wp\/v2\/pages\/39730\/revisions"}],"predecessor-version":[{"id":51331,"href":"https:\/\/www.urlaubcornwall.de\/blog\/wp-json\/wp\/v2\/pages\/39730\/revisions\/51331"}],"wp:attachment":[{"href":"https:\/\/www.urlaubcornwall.de\/blog\/wp-json\/wp\/v2\/media?parent=39730"}],"curies":[{"name":"wp","href":"https:\/\/api.w.org\/{rel}","templated":true}]}}