{"id":39727,"date":"2020-04-01T10:17:16","date_gmt":"2020-04-01T10:17:16","guid":{"rendered":"https:\/\/www.urlaubcornwall.de\/blog\/?page_id=39727"},"modified":"2020-04-01T10:17:16","modified_gmt":"2020-04-01T10:17:16","slug":"newton-ferrers","status":"publish","type":"page","link":"https:\/\/www.urlaubcornwall.de\/blog\/newton-ferrers\/","title":{"rendered":"Newton Ferrers &#8211; Urlaub in Devon und S\u00fcdwestengland"},"content":{"rendered":"<p><img loading=\"lazy\" class=\"aligncenter size-full wp-image-31950\" src=\"https:\/\/www.urlaubcornwall.de\/blog\/wp-content\/uploads\/2018\/01\/ferienhaus_noss_mayo.jpg\" alt=\"ferienhaus_Newton Ferrers \" width=\"749\" height=\"419\"\/><\/p>\n<p>Am Ende eines steilen, engen Weges, der nirgendwo anders als ins Dorf f\u00fchrt, ist Newton Ferrers ein St\u00fcck <a href=\"https:\/\/www.urlaubcornwall.de\/ferienhaeuser-fewos\/eng\/sued-devon\/sued-devon.html\">Devon<\/a>, das nur wenige sehen. Es befindet sich an den Ufern der Yealm M\u00fcndung und ist umgeben von altem Waldgebiet und Bachl\u00e4ufen.<\/p>\n<p style=\"text-align: center;\"><a class=\"tidycta\" href=\"https:\/\/www.urlaubcornwall.de\/ferienhaeuser-fewos\/eng\/sued-devon\/newton-ferrers.html\">Ferienh\u00e4user in Newton Ferrers<\/a><\/p>\n<p>Bei uns finden Sie Ferienh\u00e4user zum Verlieben &#8211; so einfach ist das!  W\u00e4hlen Sie aus \u00fcber 1000 pers\u00f6nlich inspizierten Ferienh\u00e4usern, Cottages &#038; Ferienwohnungen in <a href=\"https:\/\/www.urlaubcornwall.de\/ferienhaeuser\/suedwesten-englands.php\">Devon und S\u00fcdwestengland<\/a>.<\/p>\n","protected":false},"excerpt":{"rendered":"<p>Am Ende eines steilen, engen Weges, der nirgendwo anders als ins Dorf f\u00fchrt, ist Newton Ferrers ein St\u00fcck Devon, das nur wenige sehen. Es befindet sich an den Ufern der Yealm M\u00fcndung und ist umgeben von altem Waldgebiet und Bachl\u00e4ufen. Ferienh\u00e4user in Newton Ferrers Bei uns finden Sie Ferienh\u00e4user zum Verlieben &#8211; so einfach ist [&hellip;]<\/p>\n","protected":false},"author":1,"featured_media":0,"parent":0,"menu_order":0,"comment_status":"closed","ping_status":"closed","template":"single-four.php","meta":[],"acf":[],"yoast_head":"<!-- This site is optimized with the Yoast SEO plugin v19.4 - https:\/\/yoast.com\/wordpress\/plugins\/seo\/ -->\n<title>Newton Ferrers - Urlaub in Devon und S\u00fcdwestengland - Urlaub &amp; Reisen<\/title>\n<meta name=\"description\" content=\"Am Ende eines steilen, engen Weges, der nirgendwo anders als ins Dorf f\u00fchrt, ist Newton Ferrers ein St\u00fcck Devon, das nur wenige sehen. Es befindet sich an den Ufern der Yealm M\u00fcndung und ist umgeben von altem Waldgebiet und Bachl\u00e4ufen.\" \/>\n<meta name=\"robots\" content=\"index, follow, max-snippet:-1, max-image-preview:large, max-video-preview:-1\" \/>\n<link rel=\"canonical\" href=\"https:\/\/www.urlaubcornwall.de\/blog\/newton-ferrers\/\" \/>\n<meta property=\"og:locale\" content=\"en_US\" \/>\n<meta property=\"og:type\" content=\"article\" \/>\n<meta property=\"og:title\" content=\"Newton Ferrers - Urlaub in Devon und S\u00fcdwestengland - Urlaub &amp; Reisen\" \/>\n<meta property=\"og:description\" content=\"Am Ende eines steilen, engen Weges, der nirgendwo anders als ins Dorf f\u00fchrt, ist Newton Ferrers ein St\u00fcck Devon, das nur wenige sehen. Es befindet sich an den Ufern der Yealm M\u00fcndung und ist umgeben von altem Waldgebiet und Bachl\u00e4ufen.\" \/>\n<meta property=\"og:url\" content=\"https:\/\/www.urlaubcornwall.de\/blog\/newton-ferrers\/\" \/>\n<meta property=\"og:site_name\" content=\"Urlaub &amp; Reisen\" \/>\n<meta property=\"og:image\" content=\"https:\/\/www.urlaubcornwall.de\/blog\/wp-content\/uploads\/2018\/01\/ferienhaus_noss_mayo.jpg\" \/>\n<meta name=\"twitter:card\" content=\"summary\" \/>\n<script type=\"application\/ld+json\" class=\"yoast-schema-graph\">{\"@context\":\"https:\/\/schema.org\",\"@graph\":[{\"@type\":\"WebSite\",\"@id\":\"https:\/\/www.urlaubcornwall.de\/blog\/#website\",\"url\":\"https:\/\/www.urlaubcornwall.de\/blog\/\",\"name\":\"Urlaub &amp; Reisen\",\"description\":\"Urlaub, Reisen, Cornwall und S\u00fcdengland: eine perfekte Kombination\",\"potentialAction\":[{\"@type\":\"SearchAction\",\"target\":{\"@type\":\"EntryPoint\",\"urlTemplate\":\"https:\/\/www.urlaubcornwall.de\/blog\/?s={search_term_string}\"},\"query-input\":\"required name=search_term_string\"}],\"inLanguage\":\"en-US\"},{\"@type\":\"WebPage\",\"@id\":\"https:\/\/www.urlaubcornwall.de\/blog\/newton-ferrers\/\",\"url\":\"https:\/\/www.urlaubcornwall.de\/blog\/newton-ferrers\/\",\"name\":\"Newton Ferrers - Urlaub in Devon und S\u00fcdwestengland - Urlaub &amp; Reisen\",\"isPartOf\":{\"@id\":\"https:\/\/www.urlaubcornwall.de\/blog\/#website\"},\"datePublished\":\"2020-04-01T10:17:16+00:00\",\"dateModified\":\"2020-04-01T10:17:16+00:00\",\"description\":\"Am Ende eines steilen, engen Weges, der nirgendwo anders als ins Dorf f\u00fchrt, ist Newton Ferrers ein St\u00fcck Devon, das nur wenige sehen. Es befindet sich an den Ufern der Yealm M\u00fcndung und ist umgeben von altem Waldgebiet und Bachl\u00e4ufen.\",\"breadcrumb\":{\"@id\":\"https:\/\/www.urlaubcornwall.de\/blog\/newton-ferrers\/#breadcrumb\"},\"inLanguage\":\"en-US\",\"potentialAction\":[{\"@type\":\"ReadAction\",\"target\":[\"https:\/\/www.urlaubcornwall.de\/blog\/newton-ferrers\/\"]}]},{\"@type\":\"BreadcrumbList\",\"@id\":\"https:\/\/www.urlaubcornwall.de\/blog\/newton-ferrers\/#breadcrumb\",\"itemListElement\":[{\"@type\":\"ListItem\",\"position\":1,\"name\":\"Home\",\"item\":\"https:\/\/www.urlaubcornwall.de\/blog\/\"},{\"@type\":\"ListItem\",\"position\":2,\"name\":\"Newton Ferrers &#8211; Urlaub in Devon und S\u00fcdwestengland\"}]}]}<\/script>\n<!-- \/ Yoast SEO plugin. -->","yoast_head_json":{"title":"Newton Ferrers - Urlaub in Devon und S\u00fcdwestengland - Urlaub &amp; Reisen","description":"Am Ende eines steilen, engen Weges, der nirgendwo anders als ins Dorf f\u00fchrt, ist Newton Ferrers ein St\u00fcck Devon, das nur wenige sehen. Es befindet sich an den Ufern der Yealm M\u00fcndung und ist umgeben von altem Waldgebiet und Bachl\u00e4ufen.","robots":{"index":"index","follow":"follow","max-snippet":"max-snippet:-1","max-image-preview":"max-image-preview:large","max-video-preview":"max-video-preview:-1"},"canonical":"https:\/\/www.urlaubcornwall.de\/blog\/newton-ferrers\/","og_locale":"en_US","og_type":"article","og_title":"Newton Ferrers - Urlaub in Devon und S\u00fcdwestengland - Urlaub &amp; Reisen","og_description":"Am Ende eines steilen, engen Weges, der nirgendwo anders als ins Dorf f\u00fchrt, ist Newton Ferrers ein St\u00fcck Devon, das nur wenige sehen. Es befindet sich an den Ufern der Yealm M\u00fcndung und ist umgeben von altem Waldgebiet und Bachl\u00e4ufen.","og_url":"https:\/\/www.urlaubcornwall.de\/blog\/newton-ferrers\/","og_site_name":"Urlaub &amp; Reisen","og_image":[{"url":"https:\/\/www.urlaubcornwall.de\/blog\/wp-content\/uploads\/2018\/01\/ferienhaus_noss_mayo.jpg"}],"twitter_card":"summary","schema":{"@context":"https:\/\/schema.org","@graph":[{"@type":"WebSite","@id":"https:\/\/www.urlaubcornwall.de\/blog\/#website","url":"https:\/\/www.urlaubcornwall.de\/blog\/","name":"Urlaub &amp; Reisen","description":"Urlaub, Reisen, Cornwall und S\u00fcdengland: eine perfekte Kombination","potentialAction":[{"@type":"SearchAction","target":{"@type":"EntryPoint","urlTemplate":"https:\/\/www.urlaubcornwall.de\/blog\/?s={search_term_string}"},"query-input":"required name=search_term_string"}],"inLanguage":"en-US"},{"@type":"WebPage","@id":"https:\/\/www.urlaubcornwall.de\/blog\/newton-ferrers\/","url":"https:\/\/www.urlaubcornwall.de\/blog\/newton-ferrers\/","name":"Newton Ferrers - Urlaub in Devon und S\u00fcdwestengland - Urlaub &amp; Reisen","isPartOf":{"@id":"https:\/\/www.urlaubcornwall.de\/blog\/#website"},"datePublished":"2020-04-01T10:17:16+00:00","dateModified":"2020-04-01T10:17:16+00:00","description":"Am Ende eines steilen, engen Weges, der nirgendwo anders als ins Dorf f\u00fchrt, ist Newton Ferrers ein St\u00fcck Devon, das nur wenige sehen. Es befindet sich an den Ufern der Yealm M\u00fcndung und ist umgeben von altem Waldgebiet und Bachl\u00e4ufen.","breadcrumb":{"@id":"https:\/\/www.urlaubcornwall.de\/blog\/newton-ferrers\/#breadcrumb"},"inLanguage":"en-US","potentialAction":[{"@type":"ReadAction","target":["https:\/\/www.urlaubcornwall.de\/blog\/newton-ferrers\/"]}]},{"@type":"BreadcrumbList","@id":"https:\/\/www.urlaubcornwall.de\/blog\/newton-ferrers\/#breadcrumb","itemListElement":[{"@type":"ListItem","position":1,"name":"Home","item":"https:\/\/www.urlaubcornwall.de\/blog\/"},{"@type":"ListItem","position":2,"name":"Newton Ferrers &#8211; Urlaub in Devon und S\u00fcdwestengland"}]}]}},"_links":{"self":[{"href":"https:\/\/www.urlaubcornwall.de\/blog\/wp-json\/wp\/v2\/pages\/39727"}],"collection":[{"href":"https:\/\/www.urlaubcornwall.de\/blog\/wp-json\/wp\/v2\/pages"}],"about":[{"href":"https:\/\/www.urlaubcornwall.de\/blog\/wp-json\/wp\/v2\/types\/page"}],"author":[{"embeddable":true,"href":"https:\/\/www.urlaubcornwall.de\/blog\/wp-json\/wp\/v2\/users\/1"}],"replies":[{"embeddable":true,"href":"https:\/\/www.urlaubcornwall.de\/blog\/wp-json\/wp\/v2\/comments?post=39727"}],"version-history":[{"count":1,"href":"https:\/\/www.urlaubcornwall.de\/blog\/wp-json\/wp\/v2\/pages\/39727\/revisions"}],"predecessor-version":[{"id":39728,"href":"https:\/\/www.urlaubcornwall.de\/blog\/wp-json\/wp\/v2\/pages\/39727\/revisions\/39728"}],"wp:attachment":[{"href":"https:\/\/www.urlaubcornwall.de\/blog\/wp-json\/wp\/v2\/media?parent=39727"}],"curies":[{"name":"wp","href":"https:\/\/api.w.org\/{rel}","templated":true}]}}