{"id":39722,"date":"2020-04-01T09:38:13","date_gmt":"2020-04-01T09:38:13","guid":{"rendered":"https:\/\/www.urlaubcornwall.de\/blog\/?page_id=39722"},"modified":"2024-04-12T10:48:56","modified_gmt":"2024-04-12T10:48:56","slug":"moretonhampstead-urlaub-in-devon-und-suedwestengland","status":"publish","type":"page","link":"https:\/\/www.urlaubcornwall.de\/blog\/moretonhampstead-urlaub-in-devon-und-suedwestengland\/","title":{"rendered":"Moretonhampstead &#8211; Urlaub in Devon und S\u00fcdwestengland"},"content":{"rendered":"<p><img loading=\"lazy\" class=\"aligncenter size-full wp-image-47878\" src=\"https:\/\/www.urlaubcornwall.de\/blog\/wp-content\/uploads\/2024\/03\/dartmoor.jpg\" alt=\"dartmoor\" width=\"750\" height=\"500\" srcset=\"https:\/\/www.urlaubcornwall.de\/blog\/wp-content\/uploads\/2024\/03\/dartmoor.jpg 750w, https:\/\/www.urlaubcornwall.de\/blog\/wp-content\/uploads\/2024\/03\/dartmoor-300x200.jpg 300w\" sizes=\"(max-width: 750px) 100vw, 750px\" \/><\/p>\n<p>Als eines der gro\u00dfartigen Durchgangstore nach <a href=\"https:\/\/www.urlaubcornwall.de\/ferienhaeuser-fewos\/eng\/sued-devon\/dartmoor.html\">Dartmoor<\/a> und eine h\u00fcbsche Marktstadt ist Moretonhampstead umgeben von atemberaubender Landschaft. Wenn Sie erst einmal ersch\u00f6pft sind vom Wandern, Radfahren, Reiten oder Klettern in der Wildheit des Dartmoors werden Sie feststellen, dass Moretonhampstead der perfekte Ort ist, um sich wieder zu erneuern mit gro\u00dfartigen Kneipen- und Cafespeisen.<\/p>\n<p style=\"text-align: center;\"><a class=\"tidycta\" href=\"https:\/\/www.urlaubcornwall.de\/ferienhaeuser-fewos\/eng\/sued-devon\/moretonhampstead.html\">Ferienh\u00e4user in Moretonhampstead<\/a><\/p>\n<p>Bei uns finden Sie Ferienh\u00e4user zum Verlieben &#8211; so einfach ist das!  W\u00e4hlen Sie aus \u00fcber 1000 pers\u00f6nlich inspizierten Ferienh\u00e4usern, Cottages &#038; Ferienwohnungen in <a href=\"https:\/\/www.urlaubcornwall.de\/ferienhaeuser\/suedwesten-englands.php\">Devon und S\u00fcdwestengland<\/a>.<\/p>\n","protected":false},"excerpt":{"rendered":"<p>Als eines der gro\u00dfartigen Durchgangstore nach Dartmoor und eine h\u00fcbsche Marktstadt ist Moretonhampstead umgeben von atemberaubender Landschaft. Wenn Sie erst einmal ersch\u00f6pft sind vom Wandern, Radfahren, Reiten oder Klettern in der Wildheit des Dartmoors werden Sie feststellen, dass Moretonhampstead der perfekte Ort ist, um sich wieder zu erneuern mit gro\u00dfartigen Kneipen- und Cafespeisen. Ferienh\u00e4user in [&hellip;]<\/p>\n","protected":false},"author":1,"featured_media":0,"parent":0,"menu_order":0,"comment_status":"closed","ping_status":"closed","template":"single-four.php","meta":[],"acf":[],"yoast_head":"<!-- This site is optimized with the Yoast SEO plugin v19.4 - https:\/\/yoast.com\/wordpress\/plugins\/seo\/ -->\n<title>Moretonhampstead - Urlaub in Devon und S\u00fcdwestengland - Urlaub &amp; Reisen<\/title>\n<meta name=\"description\" content=\"Als eines der gro\u00dfartigen Durchgangstore nach Dartmoor und eine h\u00fcbsche Marktstadt ist Moretonhampstead umgeben von atemberaubender Landschaft. Wenn Sie erst einmal ersch\u00f6pft sind vom Wandern, Radfahren, Reiten oder Klettern in der Wildheit des Dartmoors werden Sie feststellen, dass Moretonhampstead der perfekte Ort ist, um sich wieder zu erneuern mit gro\u00dfartigen Kneipen- und Cafespeisen.\" \/>\n<meta name=\"robots\" content=\"index, follow, max-snippet:-1, max-image-preview:large, max-video-preview:-1\" \/>\n<link rel=\"canonical\" href=\"https:\/\/www.urlaubcornwall.de\/blog\/moretonhampstead-urlaub-in-devon-und-suedwestengland\/\" \/>\n<meta property=\"og:locale\" content=\"en_US\" \/>\n<meta property=\"og:type\" content=\"article\" \/>\n<meta property=\"og:title\" content=\"Moretonhampstead - Urlaub in Devon und S\u00fcdwestengland - Urlaub &amp; Reisen\" \/>\n<meta property=\"og:description\" content=\"Als eines der gro\u00dfartigen Durchgangstore nach Dartmoor und eine h\u00fcbsche Marktstadt ist Moretonhampstead umgeben von atemberaubender Landschaft. Wenn Sie erst einmal ersch\u00f6pft sind vom Wandern, Radfahren, Reiten oder Klettern in der Wildheit des Dartmoors werden Sie feststellen, dass Moretonhampstead der perfekte Ort ist, um sich wieder zu erneuern mit gro\u00dfartigen Kneipen- und Cafespeisen.\" \/>\n<meta property=\"og:url\" content=\"https:\/\/www.urlaubcornwall.de\/blog\/moretonhampstead-urlaub-in-devon-und-suedwestengland\/\" \/>\n<meta property=\"og:site_name\" content=\"Urlaub &amp; Reisen\" \/>\n<meta property=\"article:modified_time\" content=\"2024-04-12T10:48:56+00:00\" \/>\n<meta property=\"og:image\" content=\"https:\/\/www.urlaubcornwall.de\/blog\/wp-content\/uploads\/2024\/03\/dartmoor.jpg\" \/>\n<meta name=\"twitter:card\" content=\"summary\" \/>\n<meta name=\"twitter:label1\" content=\"Est. reading time\" \/>\n\t<meta name=\"twitter:data1\" content=\"1 minute\" \/>\n<script type=\"application\/ld+json\" class=\"yoast-schema-graph\">{\"@context\":\"https:\/\/schema.org\",\"@graph\":[{\"@type\":\"WebSite\",\"@id\":\"https:\/\/www.urlaubcornwall.de\/blog\/#website\",\"url\":\"https:\/\/www.urlaubcornwall.de\/blog\/\",\"name\":\"Urlaub &amp; Reisen\",\"description\":\"Urlaub, Reisen, Cornwall und S\u00fcdengland: eine perfekte Kombination\",\"potentialAction\":[{\"@type\":\"SearchAction\",\"target\":{\"@type\":\"EntryPoint\",\"urlTemplate\":\"https:\/\/www.urlaubcornwall.de\/blog\/?s={search_term_string}\"},\"query-input\":\"required name=search_term_string\"}],\"inLanguage\":\"en-US\"},{\"@type\":\"WebPage\",\"@id\":\"https:\/\/www.urlaubcornwall.de\/blog\/moretonhampstead-urlaub-in-devon-und-suedwestengland\/\",\"url\":\"https:\/\/www.urlaubcornwall.de\/blog\/moretonhampstead-urlaub-in-devon-und-suedwestengland\/\",\"name\":\"Moretonhampstead - Urlaub in Devon und S\u00fcdwestengland - Urlaub &amp; Reisen\",\"isPartOf\":{\"@id\":\"https:\/\/www.urlaubcornwall.de\/blog\/#website\"},\"datePublished\":\"2020-04-01T09:38:13+00:00\",\"dateModified\":\"2024-04-12T10:48:56+00:00\",\"description\":\"Als eines der gro\u00dfartigen Durchgangstore nach Dartmoor und eine h\u00fcbsche Marktstadt ist Moretonhampstead umgeben von atemberaubender Landschaft. Wenn Sie erst einmal ersch\u00f6pft sind vom Wandern, Radfahren, Reiten oder Klettern in der Wildheit des Dartmoors werden Sie feststellen, dass Moretonhampstead der perfekte Ort ist, um sich wieder zu erneuern mit gro\u00dfartigen Kneipen- und Cafespeisen.\",\"breadcrumb\":{\"@id\":\"https:\/\/www.urlaubcornwall.de\/blog\/moretonhampstead-urlaub-in-devon-und-suedwestengland\/#breadcrumb\"},\"inLanguage\":\"en-US\",\"potentialAction\":[{\"@type\":\"ReadAction\",\"target\":[\"https:\/\/www.urlaubcornwall.de\/blog\/moretonhampstead-urlaub-in-devon-und-suedwestengland\/\"]}]},{\"@type\":\"BreadcrumbList\",\"@id\":\"https:\/\/www.urlaubcornwall.de\/blog\/moretonhampstead-urlaub-in-devon-und-suedwestengland\/#breadcrumb\",\"itemListElement\":[{\"@type\":\"ListItem\",\"position\":1,\"name\":\"Home\",\"item\":\"https:\/\/www.urlaubcornwall.de\/blog\/\"},{\"@type\":\"ListItem\",\"position\":2,\"name\":\"Moretonhampstead &#8211; Urlaub in Devon und S\u00fcdwestengland\"}]}]}<\/script>\n<!-- \/ Yoast SEO plugin. -->","yoast_head_json":{"title":"Moretonhampstead - Urlaub in Devon und S\u00fcdwestengland - Urlaub &amp; Reisen","description":"Als eines der gro\u00dfartigen Durchgangstore nach Dartmoor und eine h\u00fcbsche Marktstadt ist Moretonhampstead umgeben von atemberaubender Landschaft. Wenn Sie erst einmal ersch\u00f6pft sind vom Wandern, Radfahren, Reiten oder Klettern in der Wildheit des Dartmoors werden Sie feststellen, dass Moretonhampstead der perfekte Ort ist, um sich wieder zu erneuern mit gro\u00dfartigen Kneipen- und Cafespeisen.","robots":{"index":"index","follow":"follow","max-snippet":"max-snippet:-1","max-image-preview":"max-image-preview:large","max-video-preview":"max-video-preview:-1"},"canonical":"https:\/\/www.urlaubcornwall.de\/blog\/moretonhampstead-urlaub-in-devon-und-suedwestengland\/","og_locale":"en_US","og_type":"article","og_title":"Moretonhampstead - Urlaub in Devon und S\u00fcdwestengland - Urlaub &amp; Reisen","og_description":"Als eines der gro\u00dfartigen Durchgangstore nach Dartmoor und eine h\u00fcbsche Marktstadt ist Moretonhampstead umgeben von atemberaubender Landschaft. Wenn Sie erst einmal ersch\u00f6pft sind vom Wandern, Radfahren, Reiten oder Klettern in der Wildheit des Dartmoors werden Sie feststellen, dass Moretonhampstead der perfekte Ort ist, um sich wieder zu erneuern mit gro\u00dfartigen Kneipen- und Cafespeisen.","og_url":"https:\/\/www.urlaubcornwall.de\/blog\/moretonhampstead-urlaub-in-devon-und-suedwestengland\/","og_site_name":"Urlaub &amp; Reisen","article_modified_time":"2024-04-12T10:48:56+00:00","og_image":[{"url":"https:\/\/www.urlaubcornwall.de\/blog\/wp-content\/uploads\/2024\/03\/dartmoor.jpg"}],"twitter_card":"summary","twitter_misc":{"Est. reading time":"1 minute"},"schema":{"@context":"https:\/\/schema.org","@graph":[{"@type":"WebSite","@id":"https:\/\/www.urlaubcornwall.de\/blog\/#website","url":"https:\/\/www.urlaubcornwall.de\/blog\/","name":"Urlaub &amp; Reisen","description":"Urlaub, Reisen, Cornwall und S\u00fcdengland: eine perfekte Kombination","potentialAction":[{"@type":"SearchAction","target":{"@type":"EntryPoint","urlTemplate":"https:\/\/www.urlaubcornwall.de\/blog\/?s={search_term_string}"},"query-input":"required name=search_term_string"}],"inLanguage":"en-US"},{"@type":"WebPage","@id":"https:\/\/www.urlaubcornwall.de\/blog\/moretonhampstead-urlaub-in-devon-und-suedwestengland\/","url":"https:\/\/www.urlaubcornwall.de\/blog\/moretonhampstead-urlaub-in-devon-und-suedwestengland\/","name":"Moretonhampstead - Urlaub in Devon und S\u00fcdwestengland - Urlaub &amp; Reisen","isPartOf":{"@id":"https:\/\/www.urlaubcornwall.de\/blog\/#website"},"datePublished":"2020-04-01T09:38:13+00:00","dateModified":"2024-04-12T10:48:56+00:00","description":"Als eines der gro\u00dfartigen Durchgangstore nach Dartmoor und eine h\u00fcbsche Marktstadt ist Moretonhampstead umgeben von atemberaubender Landschaft. Wenn Sie erst einmal ersch\u00f6pft sind vom Wandern, Radfahren, Reiten oder Klettern in der Wildheit des Dartmoors werden Sie feststellen, dass Moretonhampstead der perfekte Ort ist, um sich wieder zu erneuern mit gro\u00dfartigen Kneipen- und Cafespeisen.","breadcrumb":{"@id":"https:\/\/www.urlaubcornwall.de\/blog\/moretonhampstead-urlaub-in-devon-und-suedwestengland\/#breadcrumb"},"inLanguage":"en-US","potentialAction":[{"@type":"ReadAction","target":["https:\/\/www.urlaubcornwall.de\/blog\/moretonhampstead-urlaub-in-devon-und-suedwestengland\/"]}]},{"@type":"BreadcrumbList","@id":"https:\/\/www.urlaubcornwall.de\/blog\/moretonhampstead-urlaub-in-devon-und-suedwestengland\/#breadcrumb","itemListElement":[{"@type":"ListItem","position":1,"name":"Home","item":"https:\/\/www.urlaubcornwall.de\/blog\/"},{"@type":"ListItem","position":2,"name":"Moretonhampstead &#8211; Urlaub in Devon und S\u00fcdwestengland"}]}]}},"_links":{"self":[{"href":"https:\/\/www.urlaubcornwall.de\/blog\/wp-json\/wp\/v2\/pages\/39722"}],"collection":[{"href":"https:\/\/www.urlaubcornwall.de\/blog\/wp-json\/wp\/v2\/pages"}],"about":[{"href":"https:\/\/www.urlaubcornwall.de\/blog\/wp-json\/wp\/v2\/types\/page"}],"author":[{"embeddable":true,"href":"https:\/\/www.urlaubcornwall.de\/blog\/wp-json\/wp\/v2\/users\/1"}],"replies":[{"embeddable":true,"href":"https:\/\/www.urlaubcornwall.de\/blog\/wp-json\/wp\/v2\/comments?post=39722"}],"version-history":[{"count":2,"href":"https:\/\/www.urlaubcornwall.de\/blog\/wp-json\/wp\/v2\/pages\/39722\/revisions"}],"predecessor-version":[{"id":49282,"href":"https:\/\/www.urlaubcornwall.de\/blog\/wp-json\/wp\/v2\/pages\/39722\/revisions\/49282"}],"wp:attachment":[{"href":"https:\/\/www.urlaubcornwall.de\/blog\/wp-json\/wp\/v2\/media?parent=39722"}],"curies":[{"name":"wp","href":"https:\/\/api.w.org\/{rel}","templated":true}]}}