{"id":39716,"date":"2020-04-01T09:33:32","date_gmt":"2020-04-01T09:33:32","guid":{"rendered":"https:\/\/www.urlaubcornwall.de\/blog\/?page_id=39716"},"modified":"2024-04-03T11:57:38","modified_gmt":"2024-04-03T11:57:38","slug":"lynton-urlaub-devon","status":"publish","type":"page","link":"https:\/\/www.urlaubcornwall.de\/blog\/lynton-urlaub-devon\/","title":{"rendered":"Lynton &#8211; Urlaub in Devon und S\u00fcdwestengland"},"content":{"rendered":"<p><img loading=\"lazy\" class=\"aligncenter size-full wp-image-48111\" src=\"https:\/\/www.urlaubcornwall.de\/blog\/wp-content\/uploads\/2024\/03\/lynton-devon.jpg\" alt=\"lynton devon\" width=\"750\" height=\"500\" srcset=\"https:\/\/www.urlaubcornwall.de\/blog\/wp-content\/uploads\/2024\/03\/lynton-devon.jpg 750w, https:\/\/www.urlaubcornwall.de\/blog\/wp-content\/uploads\/2024\/03\/lynton-devon-300x200.jpg 300w\" sizes=\"(max-width: 750px) 100vw, 750px\" \/><\/p>\n<p>Lynton befindet sich auf den Klippen <a href=\"https:\/\/www.urlaubcornwall.de\/ferienhaeuser-fewos\/eng\/nord-devon\/nord-devon.html\">Norddevons<\/a>, zwischen dem Meer und dem <a href=\"https:\/\/www.urlaubcornwall.de\/ferienhaeuser-fewos\/eng\/nord-devon\/exmoor-national-park.html\">Exmoor Nationalpark<\/a>. 150m direkt unter Lynton liegt sein Schwesterndorf Lynmouth. Die beiden werden miteinander verbunden durch eine einzigartige, mit Wasserkraft betriebene Klippenstandseilbahn. Natursch\u00f6nheit finden Sie, wohin Sie den Blick auch gleiten lassen in diesem atemberaubenden Teil Devons. Die K\u00fcste ist herrlich, w\u00e4hrend im Binnenland Exmoors T\u00e4ler, Fl\u00fcsse, Wasserf\u00e4lle und H\u00fcgel eine inspirierende, wilde Landschaft schaffen.<\/p>\n<p style=\"text-align: center;\"><a class=\"tidycta\" href=\"https:\/\/www.urlaubcornwall.de\/ferienhaeuser-fewos\/eng\/nord-devon\/lynton.html\">Ferienh\u00e4user in Lynton<\/a><\/p>\n<p>Bei uns finden Sie Ferienh\u00e4user zum Verlieben &#8211; so einfach ist das!  W\u00e4hlen Sie aus \u00fcber 1000 pers\u00f6nlich inspizierten Ferienh\u00e4usern, Cottages &#038; Ferienwohnungen in <a href=\"https:\/\/www.urlaubcornwall.de\/ferienhaeuser\/suedwesten-englands.php\">Devon und S\u00fcdwestengland<\/a>. <\/p>\n","protected":false},"excerpt":{"rendered":"<p>Lynton befindet sich auf den Klippen Norddevons, zwischen dem Meer und dem Exmoor Nationalpark. 150m direkt unter Lynton liegt sein Schwesterndorf Lynmouth. Die beiden werden miteinander verbunden durch eine einzigartige, mit Wasserkraft betriebene Klippenstandseilbahn. Natursch\u00f6nheit finden Sie, wohin Sie den Blick auch gleiten lassen in diesem atemberaubenden Teil Devons. Die K\u00fcste ist herrlich, w\u00e4hrend im [&hellip;]<\/p>\n","protected":false},"author":1,"featured_media":0,"parent":0,"menu_order":0,"comment_status":"closed","ping_status":"closed","template":"single-four.php","meta":[],"acf":[],"yoast_head":"<!-- This site is optimized with the Yoast SEO plugin v19.4 - https:\/\/yoast.com\/wordpress\/plugins\/seo\/ -->\n<title>Lynton - Urlaub in Devon und S\u00fcdwestengland - Urlaub &amp; Reisen<\/title>\n<meta name=\"description\" content=\"Lynton befindet sich auf den Klippen Norddevons, zwischen dem Meer und dem Exmoor Nationalpark. 150m direkt unter Lynton liegt sein Schwesterndorf Lynmouth. Die beiden werden miteinander verbunden durch eine einzigartige, mit Wasserkraft betriebene Klippenstandseilbahn. Natursch\u00f6nheit finden Sie, wohin Sie den Blick auch gleiten lassen in diesem atemberaubenden Teil Devons. Die K\u00fcste ist herrlich, w\u00e4hrend im Binnenland Exmoors T\u00e4ler, Fl\u00fcsse, Wasserf\u00e4lle und H\u00fcgel eine inspirierende, wilde Landschaft schaffen.\" \/>\n<meta name=\"robots\" content=\"index, follow, max-snippet:-1, max-image-preview:large, max-video-preview:-1\" \/>\n<link rel=\"canonical\" href=\"https:\/\/www.urlaubcornwall.de\/blog\/lynton-urlaub-devon\/\" \/>\n<meta property=\"og:locale\" content=\"en_US\" \/>\n<meta property=\"og:type\" content=\"article\" \/>\n<meta property=\"og:title\" content=\"Lynton - Urlaub in Devon und S\u00fcdwestengland - Urlaub &amp; Reisen\" \/>\n<meta property=\"og:description\" content=\"Lynton befindet sich auf den Klippen Norddevons, zwischen dem Meer und dem Exmoor Nationalpark. 150m direkt unter Lynton liegt sein Schwesterndorf Lynmouth. Die beiden werden miteinander verbunden durch eine einzigartige, mit Wasserkraft betriebene Klippenstandseilbahn. Natursch\u00f6nheit finden Sie, wohin Sie den Blick auch gleiten lassen in diesem atemberaubenden Teil Devons. Die K\u00fcste ist herrlich, w\u00e4hrend im Binnenland Exmoors T\u00e4ler, Fl\u00fcsse, Wasserf\u00e4lle und H\u00fcgel eine inspirierende, wilde Landschaft schaffen.\" \/>\n<meta property=\"og:url\" content=\"https:\/\/www.urlaubcornwall.de\/blog\/lynton-urlaub-devon\/\" \/>\n<meta property=\"og:site_name\" content=\"Urlaub &amp; Reisen\" \/>\n<meta property=\"article:modified_time\" content=\"2024-04-03T11:57:38+00:00\" \/>\n<meta property=\"og:image\" content=\"https:\/\/www.urlaubcornwall.de\/blog\/wp-content\/uploads\/2024\/03\/lynton-devon.jpg\" \/>\n<meta name=\"twitter:card\" content=\"summary\" \/>\n<meta name=\"twitter:label1\" content=\"Est. reading time\" \/>\n\t<meta name=\"twitter:data1\" content=\"1 minute\" \/>\n<script type=\"application\/ld+json\" class=\"yoast-schema-graph\">{\"@context\":\"https:\/\/schema.org\",\"@graph\":[{\"@type\":\"WebSite\",\"@id\":\"https:\/\/www.urlaubcornwall.de\/blog\/#website\",\"url\":\"https:\/\/www.urlaubcornwall.de\/blog\/\",\"name\":\"Urlaub &amp; Reisen\",\"description\":\"Urlaub, Reisen, Cornwall und S\u00fcdengland: eine perfekte Kombination\",\"potentialAction\":[{\"@type\":\"SearchAction\",\"target\":{\"@type\":\"EntryPoint\",\"urlTemplate\":\"https:\/\/www.urlaubcornwall.de\/blog\/?s={search_term_string}\"},\"query-input\":\"required name=search_term_string\"}],\"inLanguage\":\"en-US\"},{\"@type\":\"WebPage\",\"@id\":\"https:\/\/www.urlaubcornwall.de\/blog\/lynton-urlaub-devon\/\",\"url\":\"https:\/\/www.urlaubcornwall.de\/blog\/lynton-urlaub-devon\/\",\"name\":\"Lynton - Urlaub in Devon und S\u00fcdwestengland - Urlaub &amp; Reisen\",\"isPartOf\":{\"@id\":\"https:\/\/www.urlaubcornwall.de\/blog\/#website\"},\"datePublished\":\"2020-04-01T09:33:32+00:00\",\"dateModified\":\"2024-04-03T11:57:38+00:00\",\"description\":\"Lynton befindet sich auf den Klippen Norddevons, zwischen dem Meer und dem Exmoor Nationalpark. 150m direkt unter Lynton liegt sein Schwesterndorf Lynmouth. Die beiden werden miteinander verbunden durch eine einzigartige, mit Wasserkraft betriebene Klippenstandseilbahn. Natursch\u00f6nheit finden Sie, wohin Sie den Blick auch gleiten lassen in diesem atemberaubenden Teil Devons. Die K\u00fcste ist herrlich, w\u00e4hrend im Binnenland Exmoors T\u00e4ler, Fl\u00fcsse, Wasserf\u00e4lle und H\u00fcgel eine inspirierende, wilde Landschaft schaffen.\",\"breadcrumb\":{\"@id\":\"https:\/\/www.urlaubcornwall.de\/blog\/lynton-urlaub-devon\/#breadcrumb\"},\"inLanguage\":\"en-US\",\"potentialAction\":[{\"@type\":\"ReadAction\",\"target\":[\"https:\/\/www.urlaubcornwall.de\/blog\/lynton-urlaub-devon\/\"]}]},{\"@type\":\"BreadcrumbList\",\"@id\":\"https:\/\/www.urlaubcornwall.de\/blog\/lynton-urlaub-devon\/#breadcrumb\",\"itemListElement\":[{\"@type\":\"ListItem\",\"position\":1,\"name\":\"Home\",\"item\":\"https:\/\/www.urlaubcornwall.de\/blog\/\"},{\"@type\":\"ListItem\",\"position\":2,\"name\":\"Lynton &#8211; Urlaub in Devon und S\u00fcdwestengland\"}]}]}<\/script>\n<!-- \/ Yoast SEO plugin. -->","yoast_head_json":{"title":"Lynton - Urlaub in Devon und S\u00fcdwestengland - Urlaub &amp; Reisen","description":"Lynton befindet sich auf den Klippen Norddevons, zwischen dem Meer und dem Exmoor Nationalpark. 150m direkt unter Lynton liegt sein Schwesterndorf Lynmouth. Die beiden werden miteinander verbunden durch eine einzigartige, mit Wasserkraft betriebene Klippenstandseilbahn. Natursch\u00f6nheit finden Sie, wohin Sie den Blick auch gleiten lassen in diesem atemberaubenden Teil Devons. Die K\u00fcste ist herrlich, w\u00e4hrend im Binnenland Exmoors T\u00e4ler, Fl\u00fcsse, Wasserf\u00e4lle und H\u00fcgel eine inspirierende, wilde Landschaft schaffen.","robots":{"index":"index","follow":"follow","max-snippet":"max-snippet:-1","max-image-preview":"max-image-preview:large","max-video-preview":"max-video-preview:-1"},"canonical":"https:\/\/www.urlaubcornwall.de\/blog\/lynton-urlaub-devon\/","og_locale":"en_US","og_type":"article","og_title":"Lynton - Urlaub in Devon und S\u00fcdwestengland - Urlaub &amp; Reisen","og_description":"Lynton befindet sich auf den Klippen Norddevons, zwischen dem Meer und dem Exmoor Nationalpark. 150m direkt unter Lynton liegt sein Schwesterndorf Lynmouth. Die beiden werden miteinander verbunden durch eine einzigartige, mit Wasserkraft betriebene Klippenstandseilbahn. Natursch\u00f6nheit finden Sie, wohin Sie den Blick auch gleiten lassen in diesem atemberaubenden Teil Devons. Die K\u00fcste ist herrlich, w\u00e4hrend im Binnenland Exmoors T\u00e4ler, Fl\u00fcsse, Wasserf\u00e4lle und H\u00fcgel eine inspirierende, wilde Landschaft schaffen.","og_url":"https:\/\/www.urlaubcornwall.de\/blog\/lynton-urlaub-devon\/","og_site_name":"Urlaub &amp; Reisen","article_modified_time":"2024-04-03T11:57:38+00:00","og_image":[{"url":"https:\/\/www.urlaubcornwall.de\/blog\/wp-content\/uploads\/2024\/03\/lynton-devon.jpg"}],"twitter_card":"summary","twitter_misc":{"Est. reading time":"1 minute"},"schema":{"@context":"https:\/\/schema.org","@graph":[{"@type":"WebSite","@id":"https:\/\/www.urlaubcornwall.de\/blog\/#website","url":"https:\/\/www.urlaubcornwall.de\/blog\/","name":"Urlaub &amp; Reisen","description":"Urlaub, Reisen, Cornwall und S\u00fcdengland: eine perfekte Kombination","potentialAction":[{"@type":"SearchAction","target":{"@type":"EntryPoint","urlTemplate":"https:\/\/www.urlaubcornwall.de\/blog\/?s={search_term_string}"},"query-input":"required name=search_term_string"}],"inLanguage":"en-US"},{"@type":"WebPage","@id":"https:\/\/www.urlaubcornwall.de\/blog\/lynton-urlaub-devon\/","url":"https:\/\/www.urlaubcornwall.de\/blog\/lynton-urlaub-devon\/","name":"Lynton - Urlaub in Devon und S\u00fcdwestengland - Urlaub &amp; Reisen","isPartOf":{"@id":"https:\/\/www.urlaubcornwall.de\/blog\/#website"},"datePublished":"2020-04-01T09:33:32+00:00","dateModified":"2024-04-03T11:57:38+00:00","description":"Lynton befindet sich auf den Klippen Norddevons, zwischen dem Meer und dem Exmoor Nationalpark. 150m direkt unter Lynton liegt sein Schwesterndorf Lynmouth. Die beiden werden miteinander verbunden durch eine einzigartige, mit Wasserkraft betriebene Klippenstandseilbahn. Natursch\u00f6nheit finden Sie, wohin Sie den Blick auch gleiten lassen in diesem atemberaubenden Teil Devons. Die K\u00fcste ist herrlich, w\u00e4hrend im Binnenland Exmoors T\u00e4ler, Fl\u00fcsse, Wasserf\u00e4lle und H\u00fcgel eine inspirierende, wilde Landschaft schaffen.","breadcrumb":{"@id":"https:\/\/www.urlaubcornwall.de\/blog\/lynton-urlaub-devon\/#breadcrumb"},"inLanguage":"en-US","potentialAction":[{"@type":"ReadAction","target":["https:\/\/www.urlaubcornwall.de\/blog\/lynton-urlaub-devon\/"]}]},{"@type":"BreadcrumbList","@id":"https:\/\/www.urlaubcornwall.de\/blog\/lynton-urlaub-devon\/#breadcrumb","itemListElement":[{"@type":"ListItem","position":1,"name":"Home","item":"https:\/\/www.urlaubcornwall.de\/blog\/"},{"@type":"ListItem","position":2,"name":"Lynton &#8211; Urlaub in Devon und S\u00fcdwestengland"}]}]}},"_links":{"self":[{"href":"https:\/\/www.urlaubcornwall.de\/blog\/wp-json\/wp\/v2\/pages\/39716"}],"collection":[{"href":"https:\/\/www.urlaubcornwall.de\/blog\/wp-json\/wp\/v2\/pages"}],"about":[{"href":"https:\/\/www.urlaubcornwall.de\/blog\/wp-json\/wp\/v2\/types\/page"}],"author":[{"embeddable":true,"href":"https:\/\/www.urlaubcornwall.de\/blog\/wp-json\/wp\/v2\/users\/1"}],"replies":[{"embeddable":true,"href":"https:\/\/www.urlaubcornwall.de\/blog\/wp-json\/wp\/v2\/comments?post=39716"}],"version-history":[{"count":2,"href":"https:\/\/www.urlaubcornwall.de\/blog\/wp-json\/wp\/v2\/pages\/39716\/revisions"}],"predecessor-version":[{"id":48793,"href":"https:\/\/www.urlaubcornwall.de\/blog\/wp-json\/wp\/v2\/pages\/39716\/revisions\/48793"}],"wp:attachment":[{"href":"https:\/\/www.urlaubcornwall.de\/blog\/wp-json\/wp\/v2\/media?parent=39716"}],"curies":[{"name":"wp","href":"https:\/\/api.w.org\/{rel}","templated":true}]}}