{"id":39707,"date":"2020-03-31T14:44:39","date_gmt":"2020-03-31T14:44:39","guid":{"rendered":"https:\/\/www.urlaubcornwall.de\/blog\/?page_id=39707"},"modified":"2024-04-12T10:50:23","modified_gmt":"2024-04-12T10:50:23","slug":"lifton-urlaub-in-devon-und-suedwestengland","status":"publish","type":"page","link":"https:\/\/www.urlaubcornwall.de\/blog\/lifton-urlaub-in-devon-und-suedwestengland\/","title":{"rendered":"Lifton &#8211; Urlaub in Devon und S\u00fcdwestengland"},"content":{"rendered":"<p><img loading=\"lazy\" class=\"aligncenter size-full wp-image-47879\" src=\"https:\/\/www.urlaubcornwall.de\/blog\/wp-content\/uploads\/2024\/03\/watersmeet-exmoor.jpg\" alt=\"watersmeet exmoor\" width=\"750\" height=\"498\" srcset=\"https:\/\/www.urlaubcornwall.de\/blog\/wp-content\/uploads\/2024\/03\/watersmeet-exmoor.jpg 750w, https:\/\/www.urlaubcornwall.de\/blog\/wp-content\/uploads\/2024\/03\/watersmeet-exmoor-300x199.jpg 300w\" sizes=\"(max-width: 750px) 100vw, 750px\" \/><\/p>\n<p>Lifton ber\u00fchrt fast die Grenze zu <a href=\"https:\/\/www.urlaubcornwall.de\/ferienhaeuser\/cornwall.php\">Cornwall<\/a> und liegt in den Falten der h\u00fcgeligen <a href=\"https:\/\/www.urlaubcornwall.de\/reiseziel\/devon.php\">Landschaft Devons<\/a>. Abgesehen davon, dass Lifton ein kleines Dorf ist, hat es doch zwei Hauptattraktionen aufzuweisen. Die erste, das Fairground Heritage Centre l\u00e4sst eine magische Erkundung historischer Fahrger\u00e4te zu und beinhaltet einige hypnotisierende Beispiele dampfbetriebener Karusselle.<\/p>\n<p style=\"text-align: center;\"><a class=\"tidycta\" href=\"https:\/\/www.urlaubcornwall.de\/ferienhaeuser-fewos\/eng\/devon\/devon.html\">Ferienh\u00e4user in Devon<\/a><\/p>\n<p>Bei uns finden Sie Ferienh\u00e4user zum Verlieben &#8211; so einfach ist das!  W\u00e4hlen Sie aus \u00fcber 1000 pers\u00f6nlich inspizierten Ferienh\u00e4usern, Cottages &#038; Ferienwohnungen in <a href=\"https:\/\/www.urlaubcornwall.de\/ferienhaeuser\/suedwesten-englands.php\">Devon und S\u00fcdwestengland<\/a>. <\/p>\n","protected":false},"excerpt":{"rendered":"<p>Lifton ber\u00fchrt fast die Grenze zu Cornwall und liegt in den Falten der h\u00fcgeligen Landschaft Devons. Abgesehen davon, dass Lifton ein kleines Dorf ist, hat es doch zwei Hauptattraktionen aufzuweisen. Die erste, das Fairground Heritage Centre l\u00e4sst eine magische Erkundung historischer Fahrger\u00e4te zu und beinhaltet einige hypnotisierende Beispiele dampfbetriebener Karusselle. Ferienh\u00e4user in Devon Bei uns [&hellip;]<\/p>\n","protected":false},"author":1,"featured_media":0,"parent":0,"menu_order":0,"comment_status":"closed","ping_status":"closed","template":"single-four.php","meta":[],"acf":[],"yoast_head":"<!-- This site is optimized with the Yoast SEO plugin v19.4 - https:\/\/yoast.com\/wordpress\/plugins\/seo\/ -->\n<title>Lifton - Urlaub in Devon und S\u00fcdwestengland - Urlaub &amp; Reisen<\/title>\n<meta name=\"description\" content=\"Lifton ber\u00fchrt fast die Grenze zu Cornwall und liegt in den Falten der h\u00fcgeligen Landschaft Devons. Abgesehen davon, dass Lifton ein kleines Dorf ist, hat es doch zwei Hauptattraktionen aufzuweisen. Die erste, das Fairground Heritage Centre l\u00e4sst eine magische Erkundung historischer Fahrger\u00e4te zu und beinhaltet einige hypnotisierende Beispiele dampfbetriebener Karusselle.\" \/>\n<meta name=\"robots\" content=\"index, follow, max-snippet:-1, max-image-preview:large, max-video-preview:-1\" \/>\n<link rel=\"canonical\" href=\"https:\/\/www.urlaubcornwall.de\/blog\/lifton-urlaub-in-devon-und-suedwestengland\/\" \/>\n<meta property=\"og:locale\" content=\"en_US\" \/>\n<meta property=\"og:type\" content=\"article\" \/>\n<meta property=\"og:title\" content=\"Lifton - Urlaub in Devon und S\u00fcdwestengland - Urlaub &amp; Reisen\" \/>\n<meta property=\"og:description\" content=\"Lifton ber\u00fchrt fast die Grenze zu Cornwall und liegt in den Falten der h\u00fcgeligen Landschaft Devons. Abgesehen davon, dass Lifton ein kleines Dorf ist, hat es doch zwei Hauptattraktionen aufzuweisen. Die erste, das Fairground Heritage Centre l\u00e4sst eine magische Erkundung historischer Fahrger\u00e4te zu und beinhaltet einige hypnotisierende Beispiele dampfbetriebener Karusselle.\" \/>\n<meta property=\"og:url\" content=\"https:\/\/www.urlaubcornwall.de\/blog\/lifton-urlaub-in-devon-und-suedwestengland\/\" \/>\n<meta property=\"og:site_name\" content=\"Urlaub &amp; Reisen\" \/>\n<meta property=\"article:modified_time\" content=\"2024-04-12T10:50:23+00:00\" \/>\n<meta property=\"og:image\" content=\"https:\/\/www.urlaubcornwall.de\/blog\/wp-content\/uploads\/2024\/03\/watersmeet-exmoor.jpg\" \/>\n<meta name=\"twitter:card\" content=\"summary\" \/>\n<meta name=\"twitter:label1\" content=\"Est. reading time\" \/>\n\t<meta name=\"twitter:data1\" content=\"1 minute\" \/>\n<script type=\"application\/ld+json\" class=\"yoast-schema-graph\">{\"@context\":\"https:\/\/schema.org\",\"@graph\":[{\"@type\":\"WebSite\",\"@id\":\"https:\/\/www.urlaubcornwall.de\/blog\/#website\",\"url\":\"https:\/\/www.urlaubcornwall.de\/blog\/\",\"name\":\"Urlaub &amp; Reisen\",\"description\":\"Urlaub, Reisen, Cornwall und S\u00fcdengland: eine perfekte Kombination\",\"potentialAction\":[{\"@type\":\"SearchAction\",\"target\":{\"@type\":\"EntryPoint\",\"urlTemplate\":\"https:\/\/www.urlaubcornwall.de\/blog\/?s={search_term_string}\"},\"query-input\":\"required name=search_term_string\"}],\"inLanguage\":\"en-US\"},{\"@type\":\"WebPage\",\"@id\":\"https:\/\/www.urlaubcornwall.de\/blog\/lifton-urlaub-in-devon-und-suedwestengland\/\",\"url\":\"https:\/\/www.urlaubcornwall.de\/blog\/lifton-urlaub-in-devon-und-suedwestengland\/\",\"name\":\"Lifton - Urlaub in Devon und S\u00fcdwestengland - Urlaub &amp; Reisen\",\"isPartOf\":{\"@id\":\"https:\/\/www.urlaubcornwall.de\/blog\/#website\"},\"datePublished\":\"2020-03-31T14:44:39+00:00\",\"dateModified\":\"2024-04-12T10:50:23+00:00\",\"description\":\"Lifton ber\u00fchrt fast die Grenze zu Cornwall und liegt in den Falten der h\u00fcgeligen Landschaft Devons. Abgesehen davon, dass Lifton ein kleines Dorf ist, hat es doch zwei Hauptattraktionen aufzuweisen. Die erste, das Fairground Heritage Centre l\u00e4sst eine magische Erkundung historischer Fahrger\u00e4te zu und beinhaltet einige hypnotisierende Beispiele dampfbetriebener Karusselle.\",\"breadcrumb\":{\"@id\":\"https:\/\/www.urlaubcornwall.de\/blog\/lifton-urlaub-in-devon-und-suedwestengland\/#breadcrumb\"},\"inLanguage\":\"en-US\",\"potentialAction\":[{\"@type\":\"ReadAction\",\"target\":[\"https:\/\/www.urlaubcornwall.de\/blog\/lifton-urlaub-in-devon-und-suedwestengland\/\"]}]},{\"@type\":\"BreadcrumbList\",\"@id\":\"https:\/\/www.urlaubcornwall.de\/blog\/lifton-urlaub-in-devon-und-suedwestengland\/#breadcrumb\",\"itemListElement\":[{\"@type\":\"ListItem\",\"position\":1,\"name\":\"Home\",\"item\":\"https:\/\/www.urlaubcornwall.de\/blog\/\"},{\"@type\":\"ListItem\",\"position\":2,\"name\":\"Lifton &#8211; Urlaub in Devon und S\u00fcdwestengland\"}]}]}<\/script>\n<!-- \/ Yoast SEO plugin. -->","yoast_head_json":{"title":"Lifton - Urlaub in Devon und S\u00fcdwestengland - Urlaub &amp; Reisen","description":"Lifton ber\u00fchrt fast die Grenze zu Cornwall und liegt in den Falten der h\u00fcgeligen Landschaft Devons. Abgesehen davon, dass Lifton ein kleines Dorf ist, hat es doch zwei Hauptattraktionen aufzuweisen. Die erste, das Fairground Heritage Centre l\u00e4sst eine magische Erkundung historischer Fahrger\u00e4te zu und beinhaltet einige hypnotisierende Beispiele dampfbetriebener Karusselle.","robots":{"index":"index","follow":"follow","max-snippet":"max-snippet:-1","max-image-preview":"max-image-preview:large","max-video-preview":"max-video-preview:-1"},"canonical":"https:\/\/www.urlaubcornwall.de\/blog\/lifton-urlaub-in-devon-und-suedwestengland\/","og_locale":"en_US","og_type":"article","og_title":"Lifton - Urlaub in Devon und S\u00fcdwestengland - Urlaub &amp; Reisen","og_description":"Lifton ber\u00fchrt fast die Grenze zu Cornwall und liegt in den Falten der h\u00fcgeligen Landschaft Devons. Abgesehen davon, dass Lifton ein kleines Dorf ist, hat es doch zwei Hauptattraktionen aufzuweisen. Die erste, das Fairground Heritage Centre l\u00e4sst eine magische Erkundung historischer Fahrger\u00e4te zu und beinhaltet einige hypnotisierende Beispiele dampfbetriebener Karusselle.","og_url":"https:\/\/www.urlaubcornwall.de\/blog\/lifton-urlaub-in-devon-und-suedwestengland\/","og_site_name":"Urlaub &amp; Reisen","article_modified_time":"2024-04-12T10:50:23+00:00","og_image":[{"url":"https:\/\/www.urlaubcornwall.de\/blog\/wp-content\/uploads\/2024\/03\/watersmeet-exmoor.jpg"}],"twitter_card":"summary","twitter_misc":{"Est. reading time":"1 minute"},"schema":{"@context":"https:\/\/schema.org","@graph":[{"@type":"WebSite","@id":"https:\/\/www.urlaubcornwall.de\/blog\/#website","url":"https:\/\/www.urlaubcornwall.de\/blog\/","name":"Urlaub &amp; Reisen","description":"Urlaub, Reisen, Cornwall und S\u00fcdengland: eine perfekte Kombination","potentialAction":[{"@type":"SearchAction","target":{"@type":"EntryPoint","urlTemplate":"https:\/\/www.urlaubcornwall.de\/blog\/?s={search_term_string}"},"query-input":"required name=search_term_string"}],"inLanguage":"en-US"},{"@type":"WebPage","@id":"https:\/\/www.urlaubcornwall.de\/blog\/lifton-urlaub-in-devon-und-suedwestengland\/","url":"https:\/\/www.urlaubcornwall.de\/blog\/lifton-urlaub-in-devon-und-suedwestengland\/","name":"Lifton - Urlaub in Devon und S\u00fcdwestengland - Urlaub &amp; Reisen","isPartOf":{"@id":"https:\/\/www.urlaubcornwall.de\/blog\/#website"},"datePublished":"2020-03-31T14:44:39+00:00","dateModified":"2024-04-12T10:50:23+00:00","description":"Lifton ber\u00fchrt fast die Grenze zu Cornwall und liegt in den Falten der h\u00fcgeligen Landschaft Devons. Abgesehen davon, dass Lifton ein kleines Dorf ist, hat es doch zwei Hauptattraktionen aufzuweisen. Die erste, das Fairground Heritage Centre l\u00e4sst eine magische Erkundung historischer Fahrger\u00e4te zu und beinhaltet einige hypnotisierende Beispiele dampfbetriebener Karusselle.","breadcrumb":{"@id":"https:\/\/www.urlaubcornwall.de\/blog\/lifton-urlaub-in-devon-und-suedwestengland\/#breadcrumb"},"inLanguage":"en-US","potentialAction":[{"@type":"ReadAction","target":["https:\/\/www.urlaubcornwall.de\/blog\/lifton-urlaub-in-devon-und-suedwestengland\/"]}]},{"@type":"BreadcrumbList","@id":"https:\/\/www.urlaubcornwall.de\/blog\/lifton-urlaub-in-devon-und-suedwestengland\/#breadcrumb","itemListElement":[{"@type":"ListItem","position":1,"name":"Home","item":"https:\/\/www.urlaubcornwall.de\/blog\/"},{"@type":"ListItem","position":2,"name":"Lifton &#8211; Urlaub in Devon und S\u00fcdwestengland"}]}]}},"_links":{"self":[{"href":"https:\/\/www.urlaubcornwall.de\/blog\/wp-json\/wp\/v2\/pages\/39707"}],"collection":[{"href":"https:\/\/www.urlaubcornwall.de\/blog\/wp-json\/wp\/v2\/pages"}],"about":[{"href":"https:\/\/www.urlaubcornwall.de\/blog\/wp-json\/wp\/v2\/types\/page"}],"author":[{"embeddable":true,"href":"https:\/\/www.urlaubcornwall.de\/blog\/wp-json\/wp\/v2\/users\/1"}],"replies":[{"embeddable":true,"href":"https:\/\/www.urlaubcornwall.de\/blog\/wp-json\/wp\/v2\/comments?post=39707"}],"version-history":[{"count":2,"href":"https:\/\/www.urlaubcornwall.de\/blog\/wp-json\/wp\/v2\/pages\/39707\/revisions"}],"predecessor-version":[{"id":49286,"href":"https:\/\/www.urlaubcornwall.de\/blog\/wp-json\/wp\/v2\/pages\/39707\/revisions\/49286"}],"wp:attachment":[{"href":"https:\/\/www.urlaubcornwall.de\/blog\/wp-json\/wp\/v2\/media?parent=39707"}],"curies":[{"name":"wp","href":"https:\/\/api.w.org\/{rel}","templated":true}]}}