{"id":39701,"date":"2020-03-31T14:21:47","date_gmt":"2020-03-31T14:21:47","guid":{"rendered":"https:\/\/www.urlaubcornwall.de\/blog\/?page_id=39701"},"modified":"2020-03-31T14:21:47","modified_gmt":"2020-03-31T14:21:47","slug":"kingsand-urlaub-in-cornwall-und-suedwestengland","status":"publish","type":"page","link":"https:\/\/www.urlaubcornwall.de\/blog\/kingsand-urlaub-in-cornwall-und-suedwestengland\/","title":{"rendered":"Kingsand &#8211; Urlaub in Cornwall und S\u00fcdwestengland"},"content":{"rendered":"<p><img loading=\"lazy\" class=\"aligncenter size-full wp-image-33661\" src=\"https:\/\/www.urlaubcornwall.de\/blog\/wp-content\/uploads\/2018\/04\/Kingsand-Beach.jpg\" alt=\"Kingsand Beach\" width=\"749\" height=\"411\"\/><\/p>\n<p>Gemeinsam mit seinem Zwillingsdorf Cawsand stellt Kingsand ein kleines St\u00fcck Urlaubstraum dar. Viele Fotografen wurden inspiriert von seinen winzigen, verschlungenen Str\u00e4\u00dfchen, einer Kette von drei Str\u00e4nden, die durch Felsen voneinander getrennt sind (ausgezeichnete Felsen-Pools befinden sich hier) und kalendersch\u00f6nen Fischerh\u00e4usern.<\/p>\n<p style=\"text-align: center;\"><a class=\"tidycta\" href=\"https:\/\/www.urlaubcornwall.de\/ferienhaeuser-fewos\/kingsand.html\">Ferienh\u00e4user in Kingsand<\/a><\/p>\n<p>Bei uns finden Sie Ferienh\u00e4user zum Verlieben &#8211; so einfach ist das!  W\u00e4hlen Sie aus \u00fcber 1000 pers\u00f6nlich inspizierten Ferienh\u00e4usern, Cottages &#038; Ferienwohnungen in <a href=\"https:\/\/www.urlaubcornwall.de\/ferienhaeuser\/suedwesten-englands.php\">Devon und S\u00fcdwestengland<\/a>. <\/p>\n","protected":false},"excerpt":{"rendered":"<p>Gemeinsam mit seinem Zwillingsdorf Cawsand stellt Kingsand ein kleines St\u00fcck Urlaubstraum dar. Viele Fotografen wurden inspiriert von seinen winzigen, verschlungenen Str\u00e4\u00dfchen, einer Kette von drei Str\u00e4nden, die durch Felsen voneinander getrennt sind (ausgezeichnete Felsen-Pools befinden sich hier) und kalendersch\u00f6nen Fischerh\u00e4usern. Ferienh\u00e4user in Kingsand Bei uns finden Sie Ferienh\u00e4user zum Verlieben &#8211; so einfach ist das! [&hellip;]<\/p>\n","protected":false},"author":1,"featured_media":0,"parent":0,"menu_order":0,"comment_status":"closed","ping_status":"closed","template":"single-four.php","meta":[],"acf":[],"yoast_head":"<!-- This site is optimized with the Yoast SEO plugin v19.4 - https:\/\/yoast.com\/wordpress\/plugins\/seo\/ -->\n<title>Kingsand - Urlaub in Cornwall und S\u00fcdwestengland - Urlaub &amp; Reisen<\/title>\n<meta name=\"description\" content=\"Gemeinsam mit seinem Zwillingsdorf Cawsand stellt Kingsand ein kleines St\u00fcck Urlaubstraum dar. Viele Fotografen wurden inspiriert von seinen winzigen, verschlungenen Str\u00e4\u00dfchen, einer Kette von drei Str\u00e4nden, die durch Felsen voneinander getrennt sind (ausgezeichnete Felsen-Pools befinden sich hier) und kalendersch\u00f6nen Fischerh\u00e4usern.\" \/>\n<meta name=\"robots\" content=\"index, follow, max-snippet:-1, max-image-preview:large, max-video-preview:-1\" \/>\n<link rel=\"canonical\" href=\"https:\/\/www.urlaubcornwall.de\/blog\/kingsand-urlaub-in-cornwall-und-suedwestengland\/\" \/>\n<meta property=\"og:locale\" content=\"en_US\" \/>\n<meta property=\"og:type\" content=\"article\" \/>\n<meta property=\"og:title\" content=\"Kingsand - Urlaub in Cornwall und S\u00fcdwestengland - Urlaub &amp; Reisen\" \/>\n<meta property=\"og:description\" content=\"Gemeinsam mit seinem Zwillingsdorf Cawsand stellt Kingsand ein kleines St\u00fcck Urlaubstraum dar. Viele Fotografen wurden inspiriert von seinen winzigen, verschlungenen Str\u00e4\u00dfchen, einer Kette von drei Str\u00e4nden, die durch Felsen voneinander getrennt sind (ausgezeichnete Felsen-Pools befinden sich hier) und kalendersch\u00f6nen Fischerh\u00e4usern.\" \/>\n<meta property=\"og:url\" content=\"https:\/\/www.urlaubcornwall.de\/blog\/kingsand-urlaub-in-cornwall-und-suedwestengland\/\" \/>\n<meta property=\"og:site_name\" content=\"Urlaub &amp; Reisen\" \/>\n<meta property=\"og:image\" content=\"https:\/\/www.urlaubcornwall.de\/blog\/wp-content\/uploads\/2018\/04\/Kingsand-Beach.jpg\" \/>\n<meta name=\"twitter:card\" content=\"summary\" \/>\n<script type=\"application\/ld+json\" class=\"yoast-schema-graph\">{\"@context\":\"https:\/\/schema.org\",\"@graph\":[{\"@type\":\"WebSite\",\"@id\":\"https:\/\/www.urlaubcornwall.de\/blog\/#website\",\"url\":\"https:\/\/www.urlaubcornwall.de\/blog\/\",\"name\":\"Urlaub &amp; Reisen\",\"description\":\"Urlaub, Reisen, Cornwall und S\u00fcdengland: eine perfekte Kombination\",\"potentialAction\":[{\"@type\":\"SearchAction\",\"target\":{\"@type\":\"EntryPoint\",\"urlTemplate\":\"https:\/\/www.urlaubcornwall.de\/blog\/?s={search_term_string}\"},\"query-input\":\"required name=search_term_string\"}],\"inLanguage\":\"en-US\"},{\"@type\":\"WebPage\",\"@id\":\"https:\/\/www.urlaubcornwall.de\/blog\/kingsand-urlaub-in-cornwall-und-suedwestengland\/\",\"url\":\"https:\/\/www.urlaubcornwall.de\/blog\/kingsand-urlaub-in-cornwall-und-suedwestengland\/\",\"name\":\"Kingsand - Urlaub in Cornwall und S\u00fcdwestengland - Urlaub &amp; Reisen\",\"isPartOf\":{\"@id\":\"https:\/\/www.urlaubcornwall.de\/blog\/#website\"},\"datePublished\":\"2020-03-31T14:21:47+00:00\",\"dateModified\":\"2020-03-31T14:21:47+00:00\",\"description\":\"Gemeinsam mit seinem Zwillingsdorf Cawsand stellt Kingsand ein kleines St\u00fcck Urlaubstraum dar. Viele Fotografen wurden inspiriert von seinen winzigen, verschlungenen Str\u00e4\u00dfchen, einer Kette von drei Str\u00e4nden, die durch Felsen voneinander getrennt sind (ausgezeichnete Felsen-Pools befinden sich hier) und kalendersch\u00f6nen Fischerh\u00e4usern.\",\"breadcrumb\":{\"@id\":\"https:\/\/www.urlaubcornwall.de\/blog\/kingsand-urlaub-in-cornwall-und-suedwestengland\/#breadcrumb\"},\"inLanguage\":\"en-US\",\"potentialAction\":[{\"@type\":\"ReadAction\",\"target\":[\"https:\/\/www.urlaubcornwall.de\/blog\/kingsand-urlaub-in-cornwall-und-suedwestengland\/\"]}]},{\"@type\":\"BreadcrumbList\",\"@id\":\"https:\/\/www.urlaubcornwall.de\/blog\/kingsand-urlaub-in-cornwall-und-suedwestengland\/#breadcrumb\",\"itemListElement\":[{\"@type\":\"ListItem\",\"position\":1,\"name\":\"Home\",\"item\":\"https:\/\/www.urlaubcornwall.de\/blog\/\"},{\"@type\":\"ListItem\",\"position\":2,\"name\":\"Kingsand &#8211; Urlaub in Cornwall und S\u00fcdwestengland\"}]}]}<\/script>\n<!-- \/ Yoast SEO plugin. -->","yoast_head_json":{"title":"Kingsand - Urlaub in Cornwall und S\u00fcdwestengland - Urlaub &amp; Reisen","description":"Gemeinsam mit seinem Zwillingsdorf Cawsand stellt Kingsand ein kleines St\u00fcck Urlaubstraum dar. Viele Fotografen wurden inspiriert von seinen winzigen, verschlungenen Str\u00e4\u00dfchen, einer Kette von drei Str\u00e4nden, die durch Felsen voneinander getrennt sind (ausgezeichnete Felsen-Pools befinden sich hier) und kalendersch\u00f6nen Fischerh\u00e4usern.","robots":{"index":"index","follow":"follow","max-snippet":"max-snippet:-1","max-image-preview":"max-image-preview:large","max-video-preview":"max-video-preview:-1"},"canonical":"https:\/\/www.urlaubcornwall.de\/blog\/kingsand-urlaub-in-cornwall-und-suedwestengland\/","og_locale":"en_US","og_type":"article","og_title":"Kingsand - Urlaub in Cornwall und S\u00fcdwestengland - Urlaub &amp; Reisen","og_description":"Gemeinsam mit seinem Zwillingsdorf Cawsand stellt Kingsand ein kleines St\u00fcck Urlaubstraum dar. Viele Fotografen wurden inspiriert von seinen winzigen, verschlungenen Str\u00e4\u00dfchen, einer Kette von drei Str\u00e4nden, die durch Felsen voneinander getrennt sind (ausgezeichnete Felsen-Pools befinden sich hier) und kalendersch\u00f6nen Fischerh\u00e4usern.","og_url":"https:\/\/www.urlaubcornwall.de\/blog\/kingsand-urlaub-in-cornwall-und-suedwestengland\/","og_site_name":"Urlaub &amp; Reisen","og_image":[{"url":"https:\/\/www.urlaubcornwall.de\/blog\/wp-content\/uploads\/2018\/04\/Kingsand-Beach.jpg"}],"twitter_card":"summary","schema":{"@context":"https:\/\/schema.org","@graph":[{"@type":"WebSite","@id":"https:\/\/www.urlaubcornwall.de\/blog\/#website","url":"https:\/\/www.urlaubcornwall.de\/blog\/","name":"Urlaub &amp; Reisen","description":"Urlaub, Reisen, Cornwall und S\u00fcdengland: eine perfekte Kombination","potentialAction":[{"@type":"SearchAction","target":{"@type":"EntryPoint","urlTemplate":"https:\/\/www.urlaubcornwall.de\/blog\/?s={search_term_string}"},"query-input":"required name=search_term_string"}],"inLanguage":"en-US"},{"@type":"WebPage","@id":"https:\/\/www.urlaubcornwall.de\/blog\/kingsand-urlaub-in-cornwall-und-suedwestengland\/","url":"https:\/\/www.urlaubcornwall.de\/blog\/kingsand-urlaub-in-cornwall-und-suedwestengland\/","name":"Kingsand - Urlaub in Cornwall und S\u00fcdwestengland - Urlaub &amp; Reisen","isPartOf":{"@id":"https:\/\/www.urlaubcornwall.de\/blog\/#website"},"datePublished":"2020-03-31T14:21:47+00:00","dateModified":"2020-03-31T14:21:47+00:00","description":"Gemeinsam mit seinem Zwillingsdorf Cawsand stellt Kingsand ein kleines St\u00fcck Urlaubstraum dar. Viele Fotografen wurden inspiriert von seinen winzigen, verschlungenen Str\u00e4\u00dfchen, einer Kette von drei Str\u00e4nden, die durch Felsen voneinander getrennt sind (ausgezeichnete Felsen-Pools befinden sich hier) und kalendersch\u00f6nen Fischerh\u00e4usern.","breadcrumb":{"@id":"https:\/\/www.urlaubcornwall.de\/blog\/kingsand-urlaub-in-cornwall-und-suedwestengland\/#breadcrumb"},"inLanguage":"en-US","potentialAction":[{"@type":"ReadAction","target":["https:\/\/www.urlaubcornwall.de\/blog\/kingsand-urlaub-in-cornwall-und-suedwestengland\/"]}]},{"@type":"BreadcrumbList","@id":"https:\/\/www.urlaubcornwall.de\/blog\/kingsand-urlaub-in-cornwall-und-suedwestengland\/#breadcrumb","itemListElement":[{"@type":"ListItem","position":1,"name":"Home","item":"https:\/\/www.urlaubcornwall.de\/blog\/"},{"@type":"ListItem","position":2,"name":"Kingsand &#8211; Urlaub in Cornwall und S\u00fcdwestengland"}]}]}},"_links":{"self":[{"href":"https:\/\/www.urlaubcornwall.de\/blog\/wp-json\/wp\/v2\/pages\/39701"}],"collection":[{"href":"https:\/\/www.urlaubcornwall.de\/blog\/wp-json\/wp\/v2\/pages"}],"about":[{"href":"https:\/\/www.urlaubcornwall.de\/blog\/wp-json\/wp\/v2\/types\/page"}],"author":[{"embeddable":true,"href":"https:\/\/www.urlaubcornwall.de\/blog\/wp-json\/wp\/v2\/users\/1"}],"replies":[{"embeddable":true,"href":"https:\/\/www.urlaubcornwall.de\/blog\/wp-json\/wp\/v2\/comments?post=39701"}],"version-history":[{"count":1,"href":"https:\/\/www.urlaubcornwall.de\/blog\/wp-json\/wp\/v2\/pages\/39701\/revisions"}],"predecessor-version":[{"id":39702,"href":"https:\/\/www.urlaubcornwall.de\/blog\/wp-json\/wp\/v2\/pages\/39701\/revisions\/39702"}],"wp:attachment":[{"href":"https:\/\/www.urlaubcornwall.de\/blog\/wp-json\/wp\/v2\/media?parent=39701"}],"curies":[{"name":"wp","href":"https:\/\/api.w.org\/{rel}","templated":true}]}}