{"id":39696,"date":"2020-03-31T13:35:51","date_gmt":"2020-03-31T13:35:51","guid":{"rendered":"https:\/\/www.urlaubcornwall.de\/blog\/?page_id=39696"},"modified":"2020-03-31T13:35:51","modified_gmt":"2020-03-31T13:35:51","slug":"instow-urlaub-in-devon-und-suedwestengland","status":"publish","type":"page","link":"https:\/\/www.urlaubcornwall.de\/blog\/instow-urlaub-in-devon-und-suedwestengland\/","title":{"rendered":"Instow &#8211; Urlaub in Devon und S\u00fcdwestengland"},"content":{"rendered":"<p><img loading=\"lazy\" class=\"aligncenter size-full wp-image-31617\" src=\"https:\/\/www.urlaubcornwall.de\/blog\/wp-content\/uploads\/2017\/12\/Ferienhaus-am-meer-instow.jpg\" alt=\" meer instow devon\" width=\"749\" height=\"419\"\/><\/p>\n<p>Instow liegt an der Stelle, wo die Fl\u00fcsse Taw und Torridge zusammenflie\u00dfen und ins Meer f\u00fchren und ist ein h\u00fcbsches Dorf am Wasser; perfekt geeignet zum Segeln oder Windsurfen, sowie f\u00fcr Familien, die die gesch\u00fctzten <a href=\"https:\/\/www.urlaubcornwall.de\/ferienhaeuser-fewos\/eng\/devon\/devon-sandstrand.html\">Sandstr\u00e4nde<\/a> nutzen.<\/p>\n<p style=\"text-align: center;\"><a class=\"tidycta\" href=\"https:\/\/www.urlaubcornwall.de\/ferienhaeuser-fewos\/eng\/nord-devon\/instow.html\">Ferienh\u00e4user in Instow<\/a><\/p>\n<p>Bei uns finden Sie Ferienh\u00e4user zum Verlieben &#8211; so einfach ist das!  W\u00e4hlen Sie aus \u00fcber 1000 pers\u00f6nlich inspizierten Ferienh\u00e4usern, Cottages &#038; Ferienwohnungen in <a href=\"https:\/\/www.urlaubcornwall.de\/ferienhaeuser\/suedwesten-englands.php\">Devon und S\u00fcdwestengland<\/a>. <\/p>\n","protected":false},"excerpt":{"rendered":"<p>Instow liegt an der Stelle, wo die Fl\u00fcsse Taw und Torridge zusammenflie\u00dfen und ins Meer f\u00fchren und ist ein h\u00fcbsches Dorf am Wasser; perfekt geeignet zum Segeln oder Windsurfen, sowie f\u00fcr Familien, die die gesch\u00fctzten Sandstr\u00e4nde nutzen. Ferienh\u00e4user in Instow Bei uns finden Sie Ferienh\u00e4user zum Verlieben &#8211; so einfach ist das! W\u00e4hlen Sie aus [&hellip;]<\/p>\n","protected":false},"author":1,"featured_media":0,"parent":0,"menu_order":0,"comment_status":"closed","ping_status":"closed","template":"single-four.php","meta":[],"acf":[],"yoast_head":"<!-- This site is optimized with the Yoast SEO plugin v19.4 - https:\/\/yoast.com\/wordpress\/plugins\/seo\/ -->\n<title>Instow - Urlaub in Devon und S\u00fcdwestengland - Urlaub &amp; Reisen<\/title>\n<meta name=\"description\" content=\"Instow liegt an der Stelle, wo die Fl\u00fcsse Taw und Torridge zusammenflie\u00dfen und ins Meer f\u00fchren und ist ein h\u00fcbsches Dorf am Wasser; perfekt geeignet zum Segeln oder Windsurfen, sowie f\u00fcr Familien, die die gesch\u00fctzten Sandstr\u00e4nde nutzen.\" \/>\n<meta name=\"robots\" content=\"index, follow, max-snippet:-1, max-image-preview:large, max-video-preview:-1\" \/>\n<link rel=\"canonical\" href=\"https:\/\/www.urlaubcornwall.de\/blog\/instow-urlaub-in-devon-und-suedwestengland\/\" \/>\n<meta property=\"og:locale\" content=\"en_US\" \/>\n<meta property=\"og:type\" content=\"article\" \/>\n<meta property=\"og:title\" content=\"Instow - Urlaub in Devon und S\u00fcdwestengland - Urlaub &amp; Reisen\" \/>\n<meta property=\"og:description\" content=\"Instow liegt an der Stelle, wo die Fl\u00fcsse Taw und Torridge zusammenflie\u00dfen und ins Meer f\u00fchren und ist ein h\u00fcbsches Dorf am Wasser; perfekt geeignet zum Segeln oder Windsurfen, sowie f\u00fcr Familien, die die gesch\u00fctzten Sandstr\u00e4nde nutzen.\" \/>\n<meta property=\"og:url\" content=\"https:\/\/www.urlaubcornwall.de\/blog\/instow-urlaub-in-devon-und-suedwestengland\/\" \/>\n<meta property=\"og:site_name\" content=\"Urlaub &amp; Reisen\" \/>\n<meta property=\"og:image\" content=\"https:\/\/www.urlaubcornwall.de\/blog\/wp-content\/uploads\/2017\/12\/Ferienhaus-am-meer-instow.jpg\" \/>\n<meta name=\"twitter:card\" content=\"summary\" \/>\n<script type=\"application\/ld+json\" class=\"yoast-schema-graph\">{\"@context\":\"https:\/\/schema.org\",\"@graph\":[{\"@type\":\"WebSite\",\"@id\":\"https:\/\/www.urlaubcornwall.de\/blog\/#website\",\"url\":\"https:\/\/www.urlaubcornwall.de\/blog\/\",\"name\":\"Urlaub &amp; Reisen\",\"description\":\"Urlaub, Reisen, Cornwall und S\u00fcdengland: eine perfekte Kombination\",\"potentialAction\":[{\"@type\":\"SearchAction\",\"target\":{\"@type\":\"EntryPoint\",\"urlTemplate\":\"https:\/\/www.urlaubcornwall.de\/blog\/?s={search_term_string}\"},\"query-input\":\"required name=search_term_string\"}],\"inLanguage\":\"en-US\"},{\"@type\":\"WebPage\",\"@id\":\"https:\/\/www.urlaubcornwall.de\/blog\/instow-urlaub-in-devon-und-suedwestengland\/\",\"url\":\"https:\/\/www.urlaubcornwall.de\/blog\/instow-urlaub-in-devon-und-suedwestengland\/\",\"name\":\"Instow - Urlaub in Devon und S\u00fcdwestengland - Urlaub &amp; Reisen\",\"isPartOf\":{\"@id\":\"https:\/\/www.urlaubcornwall.de\/blog\/#website\"},\"datePublished\":\"2020-03-31T13:35:51+00:00\",\"dateModified\":\"2020-03-31T13:35:51+00:00\",\"description\":\"Instow liegt an der Stelle, wo die Fl\u00fcsse Taw und Torridge zusammenflie\u00dfen und ins Meer f\u00fchren und ist ein h\u00fcbsches Dorf am Wasser; perfekt geeignet zum Segeln oder Windsurfen, sowie f\u00fcr Familien, die die gesch\u00fctzten Sandstr\u00e4nde nutzen.\",\"breadcrumb\":{\"@id\":\"https:\/\/www.urlaubcornwall.de\/blog\/instow-urlaub-in-devon-und-suedwestengland\/#breadcrumb\"},\"inLanguage\":\"en-US\",\"potentialAction\":[{\"@type\":\"ReadAction\",\"target\":[\"https:\/\/www.urlaubcornwall.de\/blog\/instow-urlaub-in-devon-und-suedwestengland\/\"]}]},{\"@type\":\"BreadcrumbList\",\"@id\":\"https:\/\/www.urlaubcornwall.de\/blog\/instow-urlaub-in-devon-und-suedwestengland\/#breadcrumb\",\"itemListElement\":[{\"@type\":\"ListItem\",\"position\":1,\"name\":\"Home\",\"item\":\"https:\/\/www.urlaubcornwall.de\/blog\/\"},{\"@type\":\"ListItem\",\"position\":2,\"name\":\"Instow &#8211; Urlaub in Devon und S\u00fcdwestengland\"}]}]}<\/script>\n<!-- \/ Yoast SEO plugin. -->","yoast_head_json":{"title":"Instow - Urlaub in Devon und S\u00fcdwestengland - Urlaub &amp; Reisen","description":"Instow liegt an der Stelle, wo die Fl\u00fcsse Taw und Torridge zusammenflie\u00dfen und ins Meer f\u00fchren und ist ein h\u00fcbsches Dorf am Wasser; perfekt geeignet zum Segeln oder Windsurfen, sowie f\u00fcr Familien, die die gesch\u00fctzten Sandstr\u00e4nde nutzen.","robots":{"index":"index","follow":"follow","max-snippet":"max-snippet:-1","max-image-preview":"max-image-preview:large","max-video-preview":"max-video-preview:-1"},"canonical":"https:\/\/www.urlaubcornwall.de\/blog\/instow-urlaub-in-devon-und-suedwestengland\/","og_locale":"en_US","og_type":"article","og_title":"Instow - Urlaub in Devon und S\u00fcdwestengland - Urlaub &amp; Reisen","og_description":"Instow liegt an der Stelle, wo die Fl\u00fcsse Taw und Torridge zusammenflie\u00dfen und ins Meer f\u00fchren und ist ein h\u00fcbsches Dorf am Wasser; perfekt geeignet zum Segeln oder Windsurfen, sowie f\u00fcr Familien, die die gesch\u00fctzten Sandstr\u00e4nde nutzen.","og_url":"https:\/\/www.urlaubcornwall.de\/blog\/instow-urlaub-in-devon-und-suedwestengland\/","og_site_name":"Urlaub &amp; Reisen","og_image":[{"url":"https:\/\/www.urlaubcornwall.de\/blog\/wp-content\/uploads\/2017\/12\/Ferienhaus-am-meer-instow.jpg"}],"twitter_card":"summary","schema":{"@context":"https:\/\/schema.org","@graph":[{"@type":"WebSite","@id":"https:\/\/www.urlaubcornwall.de\/blog\/#website","url":"https:\/\/www.urlaubcornwall.de\/blog\/","name":"Urlaub &amp; Reisen","description":"Urlaub, Reisen, Cornwall und S\u00fcdengland: eine perfekte Kombination","potentialAction":[{"@type":"SearchAction","target":{"@type":"EntryPoint","urlTemplate":"https:\/\/www.urlaubcornwall.de\/blog\/?s={search_term_string}"},"query-input":"required name=search_term_string"}],"inLanguage":"en-US"},{"@type":"WebPage","@id":"https:\/\/www.urlaubcornwall.de\/blog\/instow-urlaub-in-devon-und-suedwestengland\/","url":"https:\/\/www.urlaubcornwall.de\/blog\/instow-urlaub-in-devon-und-suedwestengland\/","name":"Instow - Urlaub in Devon und S\u00fcdwestengland - Urlaub &amp; Reisen","isPartOf":{"@id":"https:\/\/www.urlaubcornwall.de\/blog\/#website"},"datePublished":"2020-03-31T13:35:51+00:00","dateModified":"2020-03-31T13:35:51+00:00","description":"Instow liegt an der Stelle, wo die Fl\u00fcsse Taw und Torridge zusammenflie\u00dfen und ins Meer f\u00fchren und ist ein h\u00fcbsches Dorf am Wasser; perfekt geeignet zum Segeln oder Windsurfen, sowie f\u00fcr Familien, die die gesch\u00fctzten Sandstr\u00e4nde nutzen.","breadcrumb":{"@id":"https:\/\/www.urlaubcornwall.de\/blog\/instow-urlaub-in-devon-und-suedwestengland\/#breadcrumb"},"inLanguage":"en-US","potentialAction":[{"@type":"ReadAction","target":["https:\/\/www.urlaubcornwall.de\/blog\/instow-urlaub-in-devon-und-suedwestengland\/"]}]},{"@type":"BreadcrumbList","@id":"https:\/\/www.urlaubcornwall.de\/blog\/instow-urlaub-in-devon-und-suedwestengland\/#breadcrumb","itemListElement":[{"@type":"ListItem","position":1,"name":"Home","item":"https:\/\/www.urlaubcornwall.de\/blog\/"},{"@type":"ListItem","position":2,"name":"Instow &#8211; Urlaub in Devon und S\u00fcdwestengland"}]}]}},"_links":{"self":[{"href":"https:\/\/www.urlaubcornwall.de\/blog\/wp-json\/wp\/v2\/pages\/39696"}],"collection":[{"href":"https:\/\/www.urlaubcornwall.de\/blog\/wp-json\/wp\/v2\/pages"}],"about":[{"href":"https:\/\/www.urlaubcornwall.de\/blog\/wp-json\/wp\/v2\/types\/page"}],"author":[{"embeddable":true,"href":"https:\/\/www.urlaubcornwall.de\/blog\/wp-json\/wp\/v2\/users\/1"}],"replies":[{"embeddable":true,"href":"https:\/\/www.urlaubcornwall.de\/blog\/wp-json\/wp\/v2\/comments?post=39696"}],"version-history":[{"count":1,"href":"https:\/\/www.urlaubcornwall.de\/blog\/wp-json\/wp\/v2\/pages\/39696\/revisions"}],"predecessor-version":[{"id":39697,"href":"https:\/\/www.urlaubcornwall.de\/blog\/wp-json\/wp\/v2\/pages\/39696\/revisions\/39697"}],"wp:attachment":[{"href":"https:\/\/www.urlaubcornwall.de\/blog\/wp-json\/wp\/v2\/media?parent=39696"}],"curies":[{"name":"wp","href":"https:\/\/api.w.org\/{rel}","templated":true}]}}