{"id":39690,"date":"2020-03-31T13:24:54","date_gmt":"2020-03-31T13:24:54","guid":{"rendered":"https:\/\/www.urlaubcornwall.de\/blog\/?page_id=39690"},"modified":"2020-03-31T13:24:54","modified_gmt":"2020-03-31T13:24:54","slug":"ilfracombe-urlaub-in-devon-und-suedwestengland-am-meer","status":"publish","type":"page","link":"https:\/\/www.urlaubcornwall.de\/blog\/ilfracombe-urlaub-in-devon-und-suedwestengland-am-meer\/","title":{"rendered":"Ilfracombe &#8211; Urlaub in Devon und S\u00fcdwestengland am Meer"},"content":{"rendered":"<p><img loading=\"lazy\" class=\"aligncenter size-full wp-image-31358\" src=\"https:\/\/www.urlaubcornwall.de\/blog\/wp-content\/uploads\/2017\/12\/ferienhaus-am-meer-ilfracombe.jpg\" alt=\"ferienhaus am meer ilfracombe\" width=\"749\" height=\"411\"\/><\/p>\n<p>Zu viktorianischen Zeiten einer der beliebtesten Urlaubsorte am Meer, hat Ilfracombe unl\u00e4ngst so etwas wie eine Wiedergeburt erfahren, indem einige der elegantesten Geb\u00e4ude viktorianischer Architektur restauriert wurden.<\/p>\n<p style=\"text-align: center;\"><a class=\"tidycta\" href=\"https:\/\/www.urlaubcornwall.de\/ferienhaeuser-fewos\/eng\/nord-devon\/ilfracombe.html\">Ferienh\u00e4user in Ifracombe<\/a><\/p>\n<p>Bei uns finden Sie Ferienh\u00e4user zum Verlieben &#8211; so einfach ist das!  W\u00e4hlen Sie aus \u00fcber 1000 pers\u00f6nlich inspizierten Ferienh\u00e4usern, Cottages &#038; Ferienwohnungen in <a href=\"https:\/\/www.urlaubcornwall.de\/ferienhaeuser\/suedwesten-englands.php\">Devon und S\u00fcdwestengland<\/a>.<\/p>\n","protected":false},"excerpt":{"rendered":"<p>Zu viktorianischen Zeiten einer der beliebtesten Urlaubsorte am Meer, hat Ilfracombe unl\u00e4ngst so etwas wie eine Wiedergeburt erfahren, indem einige der elegantesten Geb\u00e4ude viktorianischer Architektur restauriert wurden. Ferienh\u00e4user in Ifracombe Bei uns finden Sie Ferienh\u00e4user zum Verlieben &#8211; so einfach ist das! W\u00e4hlen Sie aus \u00fcber 1000 pers\u00f6nlich inspizierten Ferienh\u00e4usern, Cottages &#038; Ferienwohnungen in Devon [&hellip;]<\/p>\n","protected":false},"author":1,"featured_media":0,"parent":0,"menu_order":0,"comment_status":"closed","ping_status":"closed","template":"single-four.php","meta":[],"acf":[],"yoast_head":"<!-- This site is optimized with the Yoast SEO plugin v19.4 - https:\/\/yoast.com\/wordpress\/plugins\/seo\/ -->\n<title>Ilfracombe - Urlaub in Devon und S\u00fcdwestengland am Meer - Urlaub &amp; Reisen<\/title>\n<meta name=\"description\" content=\"Zu viktorianischen Zeiten einer der beliebtesten Urlaubsorte am Meer, hat Ilfracombe unl\u00e4ngst so etwas wie eine Wiedergeburt erfahren, indem einige der elegantesten Geb\u00e4ude viktorianischer Architektur restauriert wurden.\" \/>\n<meta name=\"robots\" content=\"index, follow, max-snippet:-1, max-image-preview:large, max-video-preview:-1\" \/>\n<link rel=\"canonical\" href=\"https:\/\/www.urlaubcornwall.de\/blog\/ilfracombe-urlaub-in-devon-und-suedwestengland-am-meer\/\" \/>\n<meta property=\"og:locale\" content=\"en_US\" \/>\n<meta property=\"og:type\" content=\"article\" \/>\n<meta property=\"og:title\" content=\"Ilfracombe - Urlaub in Devon und S\u00fcdwestengland am Meer - Urlaub &amp; Reisen\" \/>\n<meta property=\"og:description\" content=\"Zu viktorianischen Zeiten einer der beliebtesten Urlaubsorte am Meer, hat Ilfracombe unl\u00e4ngst so etwas wie eine Wiedergeburt erfahren, indem einige der elegantesten Geb\u00e4ude viktorianischer Architektur restauriert wurden.\" \/>\n<meta property=\"og:url\" content=\"https:\/\/www.urlaubcornwall.de\/blog\/ilfracombe-urlaub-in-devon-und-suedwestengland-am-meer\/\" \/>\n<meta property=\"og:site_name\" content=\"Urlaub &amp; Reisen\" \/>\n<meta property=\"og:image\" content=\"https:\/\/www.urlaubcornwall.de\/blog\/wp-content\/uploads\/2017\/12\/ferienhaus-am-meer-ilfracombe.jpg\" \/>\n<meta name=\"twitter:card\" content=\"summary\" \/>\n<script type=\"application\/ld+json\" class=\"yoast-schema-graph\">{\"@context\":\"https:\/\/schema.org\",\"@graph\":[{\"@type\":\"WebSite\",\"@id\":\"https:\/\/www.urlaubcornwall.de\/blog\/#website\",\"url\":\"https:\/\/www.urlaubcornwall.de\/blog\/\",\"name\":\"Urlaub &amp; Reisen\",\"description\":\"Urlaub, Reisen, Cornwall und S\u00fcdengland: eine perfekte Kombination\",\"potentialAction\":[{\"@type\":\"SearchAction\",\"target\":{\"@type\":\"EntryPoint\",\"urlTemplate\":\"https:\/\/www.urlaubcornwall.de\/blog\/?s={search_term_string}\"},\"query-input\":\"required name=search_term_string\"}],\"inLanguage\":\"en-US\"},{\"@type\":\"WebPage\",\"@id\":\"https:\/\/www.urlaubcornwall.de\/blog\/ilfracombe-urlaub-in-devon-und-suedwestengland-am-meer\/\",\"url\":\"https:\/\/www.urlaubcornwall.de\/blog\/ilfracombe-urlaub-in-devon-und-suedwestengland-am-meer\/\",\"name\":\"Ilfracombe - Urlaub in Devon und S\u00fcdwestengland am Meer - Urlaub &amp; Reisen\",\"isPartOf\":{\"@id\":\"https:\/\/www.urlaubcornwall.de\/blog\/#website\"},\"datePublished\":\"2020-03-31T13:24:54+00:00\",\"dateModified\":\"2020-03-31T13:24:54+00:00\",\"description\":\"Zu viktorianischen Zeiten einer der beliebtesten Urlaubsorte am Meer, hat Ilfracombe unl\u00e4ngst so etwas wie eine Wiedergeburt erfahren, indem einige der elegantesten Geb\u00e4ude viktorianischer Architektur restauriert wurden.\",\"breadcrumb\":{\"@id\":\"https:\/\/www.urlaubcornwall.de\/blog\/ilfracombe-urlaub-in-devon-und-suedwestengland-am-meer\/#breadcrumb\"},\"inLanguage\":\"en-US\",\"potentialAction\":[{\"@type\":\"ReadAction\",\"target\":[\"https:\/\/www.urlaubcornwall.de\/blog\/ilfracombe-urlaub-in-devon-und-suedwestengland-am-meer\/\"]}]},{\"@type\":\"BreadcrumbList\",\"@id\":\"https:\/\/www.urlaubcornwall.de\/blog\/ilfracombe-urlaub-in-devon-und-suedwestengland-am-meer\/#breadcrumb\",\"itemListElement\":[{\"@type\":\"ListItem\",\"position\":1,\"name\":\"Home\",\"item\":\"https:\/\/www.urlaubcornwall.de\/blog\/\"},{\"@type\":\"ListItem\",\"position\":2,\"name\":\"Ilfracombe &#8211; Urlaub in Devon und S\u00fcdwestengland am Meer\"}]}]}<\/script>\n<!-- \/ Yoast SEO plugin. -->","yoast_head_json":{"title":"Ilfracombe - Urlaub in Devon und S\u00fcdwestengland am Meer - Urlaub &amp; Reisen","description":"Zu viktorianischen Zeiten einer der beliebtesten Urlaubsorte am Meer, hat Ilfracombe unl\u00e4ngst so etwas wie eine Wiedergeburt erfahren, indem einige der elegantesten Geb\u00e4ude viktorianischer Architektur restauriert wurden.","robots":{"index":"index","follow":"follow","max-snippet":"max-snippet:-1","max-image-preview":"max-image-preview:large","max-video-preview":"max-video-preview:-1"},"canonical":"https:\/\/www.urlaubcornwall.de\/blog\/ilfracombe-urlaub-in-devon-und-suedwestengland-am-meer\/","og_locale":"en_US","og_type":"article","og_title":"Ilfracombe - Urlaub in Devon und S\u00fcdwestengland am Meer - Urlaub &amp; Reisen","og_description":"Zu viktorianischen Zeiten einer der beliebtesten Urlaubsorte am Meer, hat Ilfracombe unl\u00e4ngst so etwas wie eine Wiedergeburt erfahren, indem einige der elegantesten Geb\u00e4ude viktorianischer Architektur restauriert wurden.","og_url":"https:\/\/www.urlaubcornwall.de\/blog\/ilfracombe-urlaub-in-devon-und-suedwestengland-am-meer\/","og_site_name":"Urlaub &amp; Reisen","og_image":[{"url":"https:\/\/www.urlaubcornwall.de\/blog\/wp-content\/uploads\/2017\/12\/ferienhaus-am-meer-ilfracombe.jpg"}],"twitter_card":"summary","schema":{"@context":"https:\/\/schema.org","@graph":[{"@type":"WebSite","@id":"https:\/\/www.urlaubcornwall.de\/blog\/#website","url":"https:\/\/www.urlaubcornwall.de\/blog\/","name":"Urlaub &amp; Reisen","description":"Urlaub, Reisen, Cornwall und S\u00fcdengland: eine perfekte Kombination","potentialAction":[{"@type":"SearchAction","target":{"@type":"EntryPoint","urlTemplate":"https:\/\/www.urlaubcornwall.de\/blog\/?s={search_term_string}"},"query-input":"required name=search_term_string"}],"inLanguage":"en-US"},{"@type":"WebPage","@id":"https:\/\/www.urlaubcornwall.de\/blog\/ilfracombe-urlaub-in-devon-und-suedwestengland-am-meer\/","url":"https:\/\/www.urlaubcornwall.de\/blog\/ilfracombe-urlaub-in-devon-und-suedwestengland-am-meer\/","name":"Ilfracombe - Urlaub in Devon und S\u00fcdwestengland am Meer - Urlaub &amp; Reisen","isPartOf":{"@id":"https:\/\/www.urlaubcornwall.de\/blog\/#website"},"datePublished":"2020-03-31T13:24:54+00:00","dateModified":"2020-03-31T13:24:54+00:00","description":"Zu viktorianischen Zeiten einer der beliebtesten Urlaubsorte am Meer, hat Ilfracombe unl\u00e4ngst so etwas wie eine Wiedergeburt erfahren, indem einige der elegantesten Geb\u00e4ude viktorianischer Architektur restauriert wurden.","breadcrumb":{"@id":"https:\/\/www.urlaubcornwall.de\/blog\/ilfracombe-urlaub-in-devon-und-suedwestengland-am-meer\/#breadcrumb"},"inLanguage":"en-US","potentialAction":[{"@type":"ReadAction","target":["https:\/\/www.urlaubcornwall.de\/blog\/ilfracombe-urlaub-in-devon-und-suedwestengland-am-meer\/"]}]},{"@type":"BreadcrumbList","@id":"https:\/\/www.urlaubcornwall.de\/blog\/ilfracombe-urlaub-in-devon-und-suedwestengland-am-meer\/#breadcrumb","itemListElement":[{"@type":"ListItem","position":1,"name":"Home","item":"https:\/\/www.urlaubcornwall.de\/blog\/"},{"@type":"ListItem","position":2,"name":"Ilfracombe &#8211; Urlaub in Devon und S\u00fcdwestengland am Meer"}]}]}},"_links":{"self":[{"href":"https:\/\/www.urlaubcornwall.de\/blog\/wp-json\/wp\/v2\/pages\/39690"}],"collection":[{"href":"https:\/\/www.urlaubcornwall.de\/blog\/wp-json\/wp\/v2\/pages"}],"about":[{"href":"https:\/\/www.urlaubcornwall.de\/blog\/wp-json\/wp\/v2\/types\/page"}],"author":[{"embeddable":true,"href":"https:\/\/www.urlaubcornwall.de\/blog\/wp-json\/wp\/v2\/users\/1"}],"replies":[{"embeddable":true,"href":"https:\/\/www.urlaubcornwall.de\/blog\/wp-json\/wp\/v2\/comments?post=39690"}],"version-history":[{"count":1,"href":"https:\/\/www.urlaubcornwall.de\/blog\/wp-json\/wp\/v2\/pages\/39690\/revisions"}],"predecessor-version":[{"id":39691,"href":"https:\/\/www.urlaubcornwall.de\/blog\/wp-json\/wp\/v2\/pages\/39690\/revisions\/39691"}],"wp:attachment":[{"href":"https:\/\/www.urlaubcornwall.de\/blog\/wp-json\/wp\/v2\/media?parent=39690"}],"curies":[{"name":"wp","href":"https:\/\/api.w.org\/{rel}","templated":true}]}}