{"id":39687,"date":"2020-03-31T13:19:29","date_gmt":"2020-03-31T13:19:29","guid":{"rendered":"https:\/\/www.urlaubcornwall.de\/blog\/?page_id=39687"},"modified":"2020-03-31T13:19:29","modified_gmt":"2020-03-31T13:19:29","slug":"honiton-urlaub-in-devon-und-suedwestengland","status":"publish","type":"page","link":"https:\/\/www.urlaubcornwall.de\/blog\/honiton-urlaub-in-devon-und-suedwestengland\/","title":{"rendered":"Honiton &#8211; Urlaub in Devon und S\u00fcdwestengland"},"content":{"rendered":"<p><img loading=\"lazy\" class=\"aligncenter size-full wp-image-39688\" src=\"https:\/\/www.urlaubcornwall.de\/blog\/wp-content\/uploads\/2020\/03\/honiton-urlaub.jpg\" alt=\"honiton urlaub\" width=\"749\" height=\"410\"\/><\/p>\n<p>Einst ber\u00fchmt f\u00fcr die Herstellung von Spitzen und heute bekannt f\u00fcr seinen gesch\u00e4ftigen Antiquit\u00e4tenhandel. Georgianische H\u00e4user umrahmen die Stra\u00dfen und verleihen Honiton eine perfekte Atmosph\u00e4re, um Antiquit\u00e4ten einzukaufen.<\/p>\n<p style=\"text-align: center;\"><a class=\"tidycta\" href=\"https:\/\/www.urlaubcornwall.de\/ferienhaeuser-fewos\/eng\/mitteldevon-und-ostdevon\/honiton.html\">Ferienh\u00e4user in Honiton<\/a><\/p>\n<p>Bei uns finden Sie Ferienh\u00e4user zum Verlieben &#8211; so einfach ist das!  W\u00e4hlen Sie aus \u00fcber 1000 pers\u00f6nlich inspizierten Ferienh\u00e4usern, Cottages &#038; Ferienwohnungen in <a href=\"https:\/\/www.urlaubcornwall.de\/ferienhaeuser\/suedwesten-englands.php\">Devon und S\u00fcdwestengland<\/a>.<\/p>\n","protected":false},"excerpt":{"rendered":"<p>Einst ber\u00fchmt f\u00fcr die Herstellung von Spitzen und heute bekannt f\u00fcr seinen gesch\u00e4ftigen Antiquit\u00e4tenhandel. Georgianische H\u00e4user umrahmen die Stra\u00dfen und verleihen Honiton eine perfekte Atmosph\u00e4re, um Antiquit\u00e4ten einzukaufen. Ferienh\u00e4user in Honiton Bei uns finden Sie Ferienh\u00e4user zum Verlieben &#8211; so einfach ist das! W\u00e4hlen Sie aus \u00fcber 1000 pers\u00f6nlich inspizierten Ferienh\u00e4usern, Cottages &#038; Ferienwohnungen in [&hellip;]<\/p>\n","protected":false},"author":1,"featured_media":0,"parent":0,"menu_order":0,"comment_status":"closed","ping_status":"closed","template":"single-four.php","meta":[],"acf":[],"yoast_head":"<!-- This site is optimized with the Yoast SEO plugin v19.4 - https:\/\/yoast.com\/wordpress\/plugins\/seo\/ -->\n<title>Honiton - Urlaub in Devon und S\u00fcdwestengland - Urlaub &amp; Reisen<\/title>\n<meta name=\"description\" content=\"Einst ber\u00fchmt f\u00fcr die Herstellung von Spitzen und heute bekannt f\u00fcr seinen gesch\u00e4ftigen Antiquit\u00e4tenhandel. Georgianische H\u00e4user umrahmen die Stra\u00dfen und verleihen Honiton eine perfekte Atmosph\u00e4re, um Antiquit\u00e4ten einzukaufen.\" \/>\n<meta name=\"robots\" content=\"index, follow, max-snippet:-1, max-image-preview:large, max-video-preview:-1\" \/>\n<link rel=\"canonical\" href=\"https:\/\/www.urlaubcornwall.de\/blog\/honiton-urlaub-in-devon-und-suedwestengland\/\" \/>\n<meta property=\"og:locale\" content=\"en_US\" \/>\n<meta property=\"og:type\" content=\"article\" \/>\n<meta property=\"og:title\" content=\"Honiton - Urlaub in Devon und S\u00fcdwestengland - Urlaub &amp; Reisen\" \/>\n<meta property=\"og:description\" content=\"Einst ber\u00fchmt f\u00fcr die Herstellung von Spitzen und heute bekannt f\u00fcr seinen gesch\u00e4ftigen Antiquit\u00e4tenhandel. Georgianische H\u00e4user umrahmen die Stra\u00dfen und verleihen Honiton eine perfekte Atmosph\u00e4re, um Antiquit\u00e4ten einzukaufen.\" \/>\n<meta property=\"og:url\" content=\"https:\/\/www.urlaubcornwall.de\/blog\/honiton-urlaub-in-devon-und-suedwestengland\/\" \/>\n<meta property=\"og:site_name\" content=\"Urlaub &amp; Reisen\" \/>\n<meta property=\"og:image\" content=\"https:\/\/www.urlaubcornwall.de\/blog\/wp-content\/uploads\/2020\/03\/honiton-urlaub.jpg\" \/>\n<meta name=\"twitter:card\" content=\"summary\" \/>\n<script type=\"application\/ld+json\" class=\"yoast-schema-graph\">{\"@context\":\"https:\/\/schema.org\",\"@graph\":[{\"@type\":\"WebSite\",\"@id\":\"https:\/\/www.urlaubcornwall.de\/blog\/#website\",\"url\":\"https:\/\/www.urlaubcornwall.de\/blog\/\",\"name\":\"Urlaub &amp; Reisen\",\"description\":\"Urlaub, Reisen, Cornwall und S\u00fcdengland: eine perfekte Kombination\",\"potentialAction\":[{\"@type\":\"SearchAction\",\"target\":{\"@type\":\"EntryPoint\",\"urlTemplate\":\"https:\/\/www.urlaubcornwall.de\/blog\/?s={search_term_string}\"},\"query-input\":\"required name=search_term_string\"}],\"inLanguage\":\"en-US\"},{\"@type\":\"WebPage\",\"@id\":\"https:\/\/www.urlaubcornwall.de\/blog\/honiton-urlaub-in-devon-und-suedwestengland\/\",\"url\":\"https:\/\/www.urlaubcornwall.de\/blog\/honiton-urlaub-in-devon-und-suedwestengland\/\",\"name\":\"Honiton - Urlaub in Devon und S\u00fcdwestengland - Urlaub &amp; Reisen\",\"isPartOf\":{\"@id\":\"https:\/\/www.urlaubcornwall.de\/blog\/#website\"},\"datePublished\":\"2020-03-31T13:19:29+00:00\",\"dateModified\":\"2020-03-31T13:19:29+00:00\",\"description\":\"Einst ber\u00fchmt f\u00fcr die Herstellung von Spitzen und heute bekannt f\u00fcr seinen gesch\u00e4ftigen Antiquit\u00e4tenhandel. Georgianische H\u00e4user umrahmen die Stra\u00dfen und verleihen Honiton eine perfekte Atmosph\u00e4re, um Antiquit\u00e4ten einzukaufen.\",\"breadcrumb\":{\"@id\":\"https:\/\/www.urlaubcornwall.de\/blog\/honiton-urlaub-in-devon-und-suedwestengland\/#breadcrumb\"},\"inLanguage\":\"en-US\",\"potentialAction\":[{\"@type\":\"ReadAction\",\"target\":[\"https:\/\/www.urlaubcornwall.de\/blog\/honiton-urlaub-in-devon-und-suedwestengland\/\"]}]},{\"@type\":\"BreadcrumbList\",\"@id\":\"https:\/\/www.urlaubcornwall.de\/blog\/honiton-urlaub-in-devon-und-suedwestengland\/#breadcrumb\",\"itemListElement\":[{\"@type\":\"ListItem\",\"position\":1,\"name\":\"Home\",\"item\":\"https:\/\/www.urlaubcornwall.de\/blog\/\"},{\"@type\":\"ListItem\",\"position\":2,\"name\":\"Honiton &#8211; Urlaub in Devon und S\u00fcdwestengland\"}]}]}<\/script>\n<!-- \/ Yoast SEO plugin. -->","yoast_head_json":{"title":"Honiton - Urlaub in Devon und S\u00fcdwestengland - Urlaub &amp; Reisen","description":"Einst ber\u00fchmt f\u00fcr die Herstellung von Spitzen und heute bekannt f\u00fcr seinen gesch\u00e4ftigen Antiquit\u00e4tenhandel. Georgianische H\u00e4user umrahmen die Stra\u00dfen und verleihen Honiton eine perfekte Atmosph\u00e4re, um Antiquit\u00e4ten einzukaufen.","robots":{"index":"index","follow":"follow","max-snippet":"max-snippet:-1","max-image-preview":"max-image-preview:large","max-video-preview":"max-video-preview:-1"},"canonical":"https:\/\/www.urlaubcornwall.de\/blog\/honiton-urlaub-in-devon-und-suedwestengland\/","og_locale":"en_US","og_type":"article","og_title":"Honiton - Urlaub in Devon und S\u00fcdwestengland - Urlaub &amp; Reisen","og_description":"Einst ber\u00fchmt f\u00fcr die Herstellung von Spitzen und heute bekannt f\u00fcr seinen gesch\u00e4ftigen Antiquit\u00e4tenhandel. Georgianische H\u00e4user umrahmen die Stra\u00dfen und verleihen Honiton eine perfekte Atmosph\u00e4re, um Antiquit\u00e4ten einzukaufen.","og_url":"https:\/\/www.urlaubcornwall.de\/blog\/honiton-urlaub-in-devon-und-suedwestengland\/","og_site_name":"Urlaub &amp; Reisen","og_image":[{"url":"https:\/\/www.urlaubcornwall.de\/blog\/wp-content\/uploads\/2020\/03\/honiton-urlaub.jpg"}],"twitter_card":"summary","schema":{"@context":"https:\/\/schema.org","@graph":[{"@type":"WebSite","@id":"https:\/\/www.urlaubcornwall.de\/blog\/#website","url":"https:\/\/www.urlaubcornwall.de\/blog\/","name":"Urlaub &amp; Reisen","description":"Urlaub, Reisen, Cornwall und S\u00fcdengland: eine perfekte Kombination","potentialAction":[{"@type":"SearchAction","target":{"@type":"EntryPoint","urlTemplate":"https:\/\/www.urlaubcornwall.de\/blog\/?s={search_term_string}"},"query-input":"required name=search_term_string"}],"inLanguage":"en-US"},{"@type":"WebPage","@id":"https:\/\/www.urlaubcornwall.de\/blog\/honiton-urlaub-in-devon-und-suedwestengland\/","url":"https:\/\/www.urlaubcornwall.de\/blog\/honiton-urlaub-in-devon-und-suedwestengland\/","name":"Honiton - Urlaub in Devon und S\u00fcdwestengland - Urlaub &amp; Reisen","isPartOf":{"@id":"https:\/\/www.urlaubcornwall.de\/blog\/#website"},"datePublished":"2020-03-31T13:19:29+00:00","dateModified":"2020-03-31T13:19:29+00:00","description":"Einst ber\u00fchmt f\u00fcr die Herstellung von Spitzen und heute bekannt f\u00fcr seinen gesch\u00e4ftigen Antiquit\u00e4tenhandel. Georgianische H\u00e4user umrahmen die Stra\u00dfen und verleihen Honiton eine perfekte Atmosph\u00e4re, um Antiquit\u00e4ten einzukaufen.","breadcrumb":{"@id":"https:\/\/www.urlaubcornwall.de\/blog\/honiton-urlaub-in-devon-und-suedwestengland\/#breadcrumb"},"inLanguage":"en-US","potentialAction":[{"@type":"ReadAction","target":["https:\/\/www.urlaubcornwall.de\/blog\/honiton-urlaub-in-devon-und-suedwestengland\/"]}]},{"@type":"BreadcrumbList","@id":"https:\/\/www.urlaubcornwall.de\/blog\/honiton-urlaub-in-devon-und-suedwestengland\/#breadcrumb","itemListElement":[{"@type":"ListItem","position":1,"name":"Home","item":"https:\/\/www.urlaubcornwall.de\/blog\/"},{"@type":"ListItem","position":2,"name":"Honiton &#8211; Urlaub in Devon und S\u00fcdwestengland"}]}]}},"_links":{"self":[{"href":"https:\/\/www.urlaubcornwall.de\/blog\/wp-json\/wp\/v2\/pages\/39687"}],"collection":[{"href":"https:\/\/www.urlaubcornwall.de\/blog\/wp-json\/wp\/v2\/pages"}],"about":[{"href":"https:\/\/www.urlaubcornwall.de\/blog\/wp-json\/wp\/v2\/types\/page"}],"author":[{"embeddable":true,"href":"https:\/\/www.urlaubcornwall.de\/blog\/wp-json\/wp\/v2\/users\/1"}],"replies":[{"embeddable":true,"href":"https:\/\/www.urlaubcornwall.de\/blog\/wp-json\/wp\/v2\/comments?post=39687"}],"version-history":[{"count":1,"href":"https:\/\/www.urlaubcornwall.de\/blog\/wp-json\/wp\/v2\/pages\/39687\/revisions"}],"predecessor-version":[{"id":39689,"href":"https:\/\/www.urlaubcornwall.de\/blog\/wp-json\/wp\/v2\/pages\/39687\/revisions\/39689"}],"wp:attachment":[{"href":"https:\/\/www.urlaubcornwall.de\/blog\/wp-json\/wp\/v2\/media?parent=39687"}],"curies":[{"name":"wp","href":"https:\/\/api.w.org\/{rel}","templated":true}]}}